{"id":5953,"date":"2018-02-25T10:24:57","date_gmt":"2018-02-25T10:24:57","guid":{"rendered":"https:\/\/toprisesafety.com\/product\/pu-coated-anti-cutting-safety-gloves\/"},"modified":"2025-04-14T05:09:00","modified_gmt":"2025-04-14T05:09:00","slug":"pu-coated-anti-cutting-safety-gloves","status":"publish","type":"product","link":"https:\/\/toprisesafety.com\/pt\/produto\/pu-coated-anti-cutting-safety-gloves\/","title":{"rendered":"Luvas de seguran\u00e7a de PU anticorte"},"content":{"rendered":"<p><strong><span style=\"font-size: 140%;\">Luvas de seguran\u00e7a de PU anticorte<\/span><\/strong><\/p>\n<p>As luvas anticorte s\u00e3o aquelas projetadas para proteger as m\u00e3os do usu\u00e1rio contra cortes ao trabalhar com ferramentas afiadas. Elas podem ser divididas em luvas de malha met\u00e1lica, luvas de corte e costura e luvas de malha sem costura.<span style=\"color: #555555; font-size: 14.4px;\">A prote\u00e7\u00e3o contra cortes \u00e9 fornecida por materiais de alto desempenho, como\u00a0<\/span><a style=\"color: #555555; font-size: 14.4px;\" title=\"Para aramida\">Para aramida<\/a><span style=\"color: #555555; font-size: 14.4px;\">\u00a0(<\/span><a style=\"color: #555555; font-size: 14.4px;\" title=\"Twaron\">Twaron<\/a><span style=\"color: #555555; font-size: 14.4px;\">,\u00a0<\/span><a style=\"color: #555555; font-size: 14.4px;\" title=\"Kevlar\">Kelvar<\/a><span style=\"color: #555555; font-size: 14.4px;\">), HPPE ou fibra de a\u00e7o e\u00a0<\/span><a style=\"color: #555555; font-size: 14.4px;\" title=\"Fibra de vidro\">fibra de vidro<\/a><span style=\"color: #555555; font-size: 14.4px;\">\u00a0fios. Em geral, as luvas s\u00e3o revestidas com espuma s\u00f3lida ou espumada\u00a0<\/span><a style=\"color: #555555; font-size: 14.4px;\" title=\"L\u00e1tex\">L\u00e1tex<\/a><span style=\"color: #555555; font-size: 14.4px;\">,\u00a0<\/span><a style=\"color: #555555; font-size: 14.4px;\" title=\"Nitrilo\">Nitrilo<\/a><span style=\"color: #555555; font-size: 14.4px;\">\u00a0ou\u00a0<\/span><a style=\"color: #555555; font-size: 14.4px;\" title=\"Poliuretano\">Poliuretano<\/a><span style=\"color: #555555; font-size: 14.4px;\">.<\/span><span style=\"color: #555555; font-size: 14.4px;\">Feito de material de qualidade premium resistente a cortes. Material de poliuretano ecol\u00f3gico Heather Grey HPPE, com alto desempenho de polietileno, que o torna respir\u00e1vel, altamente el\u00e1stico, leve e confort\u00e1vel.<\/span><\/p>\n<h2><strong>Especifica\u00e7\u00e3o das luvas de seguran\u00e7a de PU anticorte\u00a0<\/strong><\/h2>\n<ul>\n<li style=\"list-style-type: none;\">\n<ul>\n<li>HPPE de 13Gauge com revestimento de PU<\/li>\n<\/ul>\n<\/li>\n<\/ul>\n<ul>\n<li style=\"list-style-type: none;\">\n<ul>\n<li>Anti-corte grau 3 ou 5<\/li>\n<\/ul>\n<\/li>\n<\/ul>\n<ul>\n<li style=\"list-style-type: none;\">\n<ul>\n<li>Padr\u00e3o de qualidade: CE EN388 (5\u00ba grau)<\/li>\n<\/ul>\n<\/li>\n<\/ul>\n<ul>\n<li style=\"list-style-type: none;\">\n<ul>\n<li>Uma luva flex\u00edvel e leve que oferece prote\u00e7\u00e3o eficaz contra cortes e \u00e9 muito resistente \u00e0 abras\u00e3o<\/li>\n<\/ul>\n<\/li>\n<\/ul>\n<ul>\n<li style=\"list-style-type: none;\">\n<ul>\n<li data-spm-anchor-id=\"a2700.details.pronpeci14.i1.7aba2adfJgcbBm\">Protege a m\u00e3o contra \u00f3leos e abras\u00e3o, mantendo-se el\u00e1stica e respir\u00e1vel<\/li>\n<\/ul>\n<\/li>\n<\/ul>\n<ul>\n<li style=\"list-style-type: none;\">\n<ul>\n<li>Dorso da m\u00e3o respir\u00e1vel para reduzir a transpira\u00e7\u00e3o<\/li>\n<\/ul>\n<\/li>\n<\/ul>\n<table>\n<tbody>\n<tr>\n<td width=\"189\">N\u00ba do art.<\/td>\n<td width=\"341\">PUA-02<\/td>\n<\/tr>\n<tr>\n<td width=\"189\">Material<\/td>\n<td width=\"341\">HPPE + revestimento de PU<\/td>\n<\/tr>\n<tr>\n<td width=\"189\">Grau anticorte<\/td>\n<td width=\"341\">\u00a03a ou 5a s\u00e9rie<\/td>\n<\/tr>\n<tr>\n<td width=\"189\">Tamanho<\/td>\n<td width=\"341\">9&#8243;,9.5&#8243;,10&#8243;,10.5&#8243;,11&#8243;<\/td>\n<\/tr>\n<tr>\n<td width=\"189\">Estilo<\/td>\n<td width=\"341\">Pulso de malha el\u00e1stica para uso confort\u00e1vel<\/td>\n<\/tr>\n<tr>\n<td width=\"189\">Padr\u00e3o de qualidade<\/td>\n<td width=\"341\">CE EN388<\/td>\n<\/tr>\n<tr>\n<td width=\"189\">Embalagem<\/td>\n<td width=\"341\">12PR\/DOZ, 10DOZ\/CTN<\/td>\n<\/tr>\n<\/tbody>\n<\/table>\n<p>A TOPRISE oferece suporte a v\u00e1rios estilos de personaliza\u00e7\u00e3o de luvas mergulhadas em PU; clique para <a href=\"https:\/\/toprisesafety.com\/pt\/categoria-produto\/personal-protective-equipment\/hand-protection\/pu-gloves\/\">veja mais estilos de luvas com revestimento de PU.<\/a><\/p>\n<p>Se voc\u00ea n\u00e3o encontrar as luvas revestidas de PU necess\u00e1rias, <a href=\"https:\/\/toprisesafety.com\/pt\/contact-us\/\">Entre em contato conosco<\/a>Oferecemos suporte \u00e0 personaliza\u00e7\u00e3o especial.<\/p>","protected":false},"excerpt":{"rendered":"<p>N\u00ba do art.: PUA-02<\/p>\n<p>Material: HPPE + PU revestido<\/p>\n<p>N\u00edvel: 3\/5\u00aa s\u00e9rie anti-corte<\/p>\n<p>Tamanho: 9\u2033,9.5\u2033, 10\u2033, 10.5\u2033, 11\u2033<\/p>\n<p>Padr\u00e3o de qualidade: CE EN388<\/p>\n<p>MOQ: 500DOZ<\/p>","protected":false},"featured_media":5954,"template":"","meta":{"_acf_changed":false},"product_brand":[],"product_cat":[345,347],"product_tag":[224],"class_list":{"0":"post-5953","1":"product","2":"type-product","3":"status-publish","4":"has-post-thumbnail","6":"product_cat-hand-protection","7":"product_cat-pu-gloves","8":"product_tag-anti-cut-pu-safety-gloves","10":"first","11":"instock","12":"product-type-simple"},"acf":[],"_links":{"self":[{"href":"https:\/\/toprisesafety.com\/pt\/wp-json\/wp\/v2\/product\/5953"}],"collection":[{"href":"https:\/\/toprisesafety.com\/pt\/wp-json\/wp\/v2\/product"}],"about":[{"href":"https:\/\/toprisesafety.com\/pt\/wp-json\/wp\/v2\/types\/product"}],"wp:featuredmedia":[{"embeddable":true,"href":"https:\/\/toprisesafety.com\/pt\/wp-json\/wp\/v2\/media\/5954"}],"wp:attachment":[{"href":"https:\/\/toprisesafety.com\/pt\/wp-json\/wp\/v2\/media?parent=5953"}],"wp:term":[{"taxonomy":"product_brand","embeddable":true,"href":"https:\/\/toprisesafety.com\/pt\/wp-json\/wp\/v2\/product_brand?post=5953"},{"taxonomy":"product_cat","embeddable":true,"href":"https:\/\/toprisesafety.com\/pt\/wp-json\/wp\/v2\/product_cat?post=5953"},{"taxonomy":"product_tag","embeddable":true,"href":"https:\/\/toprisesafety.com\/pt\/wp-json\/wp\/v2\/product_tag?post=5953"}],"curies":[{"name":"wp","href":"https:\/\/api.w.org\/{rel}","templated":true}]}}