{"id":5951,"date":"2018-02-25T10:38:20","date_gmt":"2018-02-25T10:38:20","guid":{"rendered":"https:\/\/toprisesafety.com\/product\/drill-cotton-gloves-pvc-dotted-cotton-gloves\/"},"modified":"2025-04-14T04:12:19","modified_gmt":"2025-04-14T04:12:19","slug":"drill-cotton-gloves-pvc-dotted-cotton-gloves","status":"publish","type":"product","link":"https:\/\/toprisesafety.com\/pt\/produto\/drill-cotton-gloves-pvc-dotted-cotton-gloves\/","title":{"rendered":"Luvas de algod\u00e3o para perfura\u00e7\u00e3o Luvas de algod\u00e3o pontilhado em PVC"},"content":{"rendered":"<p><strong><span style=\"font-size: 140%;\">Luvas de algod\u00e3o para perfura\u00e7\u00e3o Luvas de algod\u00e3o pontilhado em PVC <\/span><\/strong><\/p>\n<ul>\n<li style=\"list-style-type: none;\">\n<ul>\n<li><span data-spm-anchor-id=\"a2700.details.pronpeci14.i1.177c609d5bK7bu\">100% Luvas de malha de algod\u00e3o com pontos de perfura\u00e7\u00e3o em PVD.<\/span><\/li>\n<\/ul>\n<\/li>\n<\/ul>\n<ul>\n<li style=\"list-style-type: none;\">\n<ul>\n<li>Material: 6OZ\/8OZ\/10OZ\/12OZ<\/li>\n<\/ul>\n<\/li>\n<\/ul>\n<ul>\n<li style=\"list-style-type: none;\">\n<ul>\n<li>Peso: 50-90G\/PR<\/li>\n<\/ul>\n<\/li>\n<\/ul>\n<ul>\n<li style=\"list-style-type: none;\">\n<ul>\n<li>Dispon\u00edvel com impress\u00e3o e rotulagem personalizadas pelo cliente.<\/li>\n<\/ul>\n<\/li>\n<\/ul>\n<ul>\n<li style=\"list-style-type: none;\">\n<ul>\n<li>Aplica\u00e7\u00e3o: constru\u00e7\u00e3o, jardinagem, transporte, manuten\u00e7\u00e3o, trabalho industrial, trabalho dom\u00e9stico, trabalho agr\u00edcola etc.<\/li>\n<\/ul>\n<\/li>\n<\/ul>\n<ul>\n<li style=\"list-style-type: none;\">\n<ul>\n<li>Embalagem: saco pl\u00e1stico, cart\u00e3o de cabe\u00e7alho, etc., de acordo com a exig\u00eancia do cliente<\/li>\n<\/ul>\n<\/li>\n<\/ul>\n<ul>\n<li style=\"list-style-type: none;\">\n<ul>\n<li>Logotipo: etiqueta com o logotipo do cliente dispon\u00edvel<\/li>\n<\/ul>\n<\/li>\n<\/ul>\n<ul>\n<li style=\"list-style-type: none;\">\n<ul>\n<li>Pontos de PVC para antiderrapante e antiabras\u00e3o<\/li>\n<\/ul>\n<\/li>\n<\/ul>\n<ul>\n<li style=\"list-style-type: none;\">\n<ul>\n<li>Polegar em forma de asa, polegar reto para escolha<\/li>\n<\/ul>\n<\/li>\n<\/ul>\n<ul>\n<li style=\"list-style-type: none;\">\n<ul>\n<li>Malha branca ou malha vermelha para escolha<\/li>\n<\/ul>\n<\/li>\n<\/ul>\n<ul>\n<li style=\"list-style-type: none;\">\n<ul>\n<li>Tric\u00f4 respir\u00e1vel e sem costura, excelente ader\u00eancia em ambientes levemente \u00famidos<\/li>\n<\/ul>\n<\/li>\n<\/ul>\n<h2><strong>Luvas de algod\u00e3o para perfura\u00e7\u00e3o Especifica\u00e7\u00e3o das luvas de algod\u00e3o pontilhado de PVC:<\/strong><\/h2>\n<table>\n<tbody>\n<tr>\n<td width=\"189\">N\u00ba do art.<\/td>\n<td width=\"341\">CG01<\/td>\n<\/tr>\n<tr>\n<td width=\"189\">Material<\/td>\n<td width=\"341\">Poli\u00e9ster\/algod\u00e3o, algod\u00e3o ,6OZ-12OZ<\/td>\n<\/tr>\n<tr>\n<td width=\"189\">Peso<\/td>\n<td width=\"341\">50-90G\/PR<\/td>\n<\/tr>\n<tr>\n<td width=\"189\">Tamanho<\/td>\n<td width=\"341\">10\",10.5\",11\"<\/td>\n<\/tr>\n<tr>\n<td width=\"189\">Cor do pulso de malha<\/td>\n<td width=\"341\">Branco ou vermelho<\/td>\n<\/tr>\n<tr>\n<td width=\"189\">Logotipo<\/td>\n<td width=\"341\">Costura de etiquetas<\/td>\n<\/tr>\n<tr>\n<td width=\"189\">Embalagem<\/td>\n<td width=\"341\">Saco pl\u00e1stico, cart\u00e3o de cabe\u00e7alho, etc. 12PR\/DOZ, 25DOZ\/CTN<\/td>\n<\/tr>\n<\/tbody>\n<\/table>\n<p>A TOPRISE oferece suporte a v\u00e1rios estilos de personaliza\u00e7\u00e3o de luvas de fio de algod\u00e3o; clique para <a href=\"https:\/\/toprisesafety.com\/pt\/categoria-produto\/personal-protective-equipment\/hand-protection\/cotton-gloves\/\">veja mais estilos de luvas de fio de algod\u00e3o.<\/a><\/p>\n<p>Se voc\u00ea n\u00e3o encontrar as luvas de fio de algod\u00e3o necess\u00e1rias, <a href=\"https:\/\/toprisesafety.com\/pt\/contact-us\/\">Entre em contato conosco<\/a>Oferecemos suporte \u00e0 personaliza\u00e7\u00e3o especial.<\/p>","protected":false},"excerpt":{"rendered":"<p>N\u00ba do art.: CG01<\/p>\n<p>Material: Poli\u00e9ster\/algod\u00e3o, algod\u00e3o<\/p>\n<p>Peso: 50-90g\/PR<\/p>\n<p>MOQ: 500DOZ 6000PARES<\/p>","protected":false},"featured_media":5949,"template":"","meta":{"_acf_changed":false},"product_brand":[],"product_cat":[346,345],"product_tag":[222],"class_list":{"0":"post-5951","1":"product","2":"type-product","3":"status-publish","4":"has-post-thumbnail","6":"product_cat-cotton-gloves","7":"product_cat-hand-protection","8":"product_tag-drill-cotton-gloves-pvc-dotted-cotton-gloves","10":"first","11":"instock","12":"product-type-simple"},"acf":[],"_links":{"self":[{"href":"https:\/\/toprisesafety.com\/pt\/wp-json\/wp\/v2\/product\/5951"}],"collection":[{"href":"https:\/\/toprisesafety.com\/pt\/wp-json\/wp\/v2\/product"}],"about":[{"href":"https:\/\/toprisesafety.com\/pt\/wp-json\/wp\/v2\/types\/product"}],"wp:featuredmedia":[{"embeddable":true,"href":"https:\/\/toprisesafety.com\/pt\/wp-json\/wp\/v2\/media\/5949"}],"wp:attachment":[{"href":"https:\/\/toprisesafety.com\/pt\/wp-json\/wp\/v2\/media?parent=5951"}],"wp:term":[{"taxonomy":"product_brand","embeddable":true,"href":"https:\/\/toprisesafety.com\/pt\/wp-json\/wp\/v2\/product_brand?post=5951"},{"taxonomy":"product_cat","embeddable":true,"href":"https:\/\/toprisesafety.com\/pt\/wp-json\/wp\/v2\/product_cat?post=5951"},{"taxonomy":"product_tag","embeddable":true,"href":"https:\/\/toprisesafety.com\/pt\/wp-json\/wp\/v2\/product_tag?post=5951"}],"curies":[{"name":"wp","href":"https:\/\/api.w.org\/{rel}","templated":true}]}}