{"id":5941,"date":"2018-02-26T01:11:41","date_gmt":"2018-02-26T01:11:41","guid":{"rendered":"https:\/\/toprisesafety.com\/product\/wellington-boot-pvc-boots-rubber-boots\/"},"modified":"2025-03-17T04:43:13","modified_gmt":"2025-03-17T04:43:13","slug":"wellington-boot-pvc-boots-rubber-boots","status":"publish","type":"product","link":"https:\/\/toprisesafety.com\/pt\/produto\/wellington-boot-pvc-boots-rubber-boots\/","title":{"rendered":"Botas Wellington Botas de PVC Botas de borracha CE EN347"},"content":{"rendered":"<p><strong><span style=\"font-size: 140%;\"> Botas Wellington Botas de PVC Botas de borracha CE EN347\u00a0<\/span><\/strong><\/p>\n<ul>\n<li style=\"list-style-type: none;\">\n<ul>\n<li>As botas Wellington t\u00eam dois tipos principais: Port\u00e1teis e para servi\u00e7os pesados (somente com biqueira de a\u00e7o ou com biqueira de a\u00e7o e sola intermedi\u00e1ria de a\u00e7o)<\/li>\n<\/ul>\n<\/li>\n<\/ul>\n<ul>\n<li style=\"list-style-type: none;\">\n<ul>\n<li>Resistente a gordura e \u00f3leo animal e \u00e1cidos\/alcalinos, antiest\u00e1tico, \u00e0 prova d'\u00e1gua e antiderrapante;<\/li>\n<\/ul>\n<\/li>\n<\/ul>\n<ul>\n<li style=\"list-style-type: none;\">\n<ul>\n<li><span data-spm-anchor-id=\"a2700.details.pronpeci14.i2.36104feedpxvle\">Alta resist\u00eancia a mudan\u00e7as bruscas de temperatura ambiental com uma faixa de opera\u00e7\u00e3o de -20<\/span>\u2103~50\u2103.<\/li>\n<\/ul>\n<\/li>\n<\/ul>\n<ul>\n<li style=\"list-style-type: none;\">\n<ul>\n<li>Aplica\u00e7\u00f5es: ind\u00fastria, minera\u00e7\u00e3o, constru\u00e7\u00e3o, campo petrol\u00edfero, agricultura, agropecu\u00e1ria, f\u00e1brica de produtos qu\u00edmicos, uso habitual contra \u00e1gua durante dias chuvosos etc.<\/li>\n<\/ul>\n<\/li>\n<\/ul>\n<h2><strong>Wellington boots PVC boots rubber boots CE EN347 specifications:<\/strong><\/h2>\n<table>\n<tbody>\n<tr>\n<td width=\"284\">N\u00ba do art.<\/td>\n<td width=\"284\">RB01<\/td>\n<\/tr>\n<tr>\n<td width=\"284\">Material<\/td>\n<td width=\"284\">PVC + forro de tecido de f\u00e1cil secagem<\/td>\n<\/tr>\n<tr>\n<td width=\"284\">Tamanho<\/td>\n<td width=\"284\">EUR: 38-47 (US\/UK: 4-13)<\/td>\n<\/tr>\n<tr>\n<td width=\"284\">Cor<\/td>\n<td width=\"284\">Preto, verde, amarelo, branco etc.<\/td>\n<\/tr>\n<tr>\n<td width=\"284\">Padr\u00e3o de qualidade<\/td>\n<td width=\"284\">CE EN 20347<\/td>\n<\/tr>\n<tr>\n<td width=\"284\">Embalagem<\/td>\n<td width=\"284\">1PR\/saco pl\u00e1stico, 10PRS\/CTN<\/td>\n<\/tr>\n<tr>\n<td width=\"284\">Tamanho da caixa<\/td>\n<td width=\"284\">50*30*44CM<\/td>\n<\/tr>\n<tr>\n<td width=\"284\">N\/G.W<\/td>\n<td width=\"284\">16\/17KGS<\/td>\n<\/tr>\n<\/tbody>\n<\/table>\n<p>A TOPRISE oferece suporte a v\u00e1rios estilos de personaliza\u00e7\u00e3o de botas de pvc e botas de borracha; clique para <a href=\"https:\/\/toprisesafety.com\/pt\/categoria-produto\/personal-protective-equipment\/foot-protection\/pvc-boots\/\">Veja mais estilos de botas de pvc e botas de borracha.<\/a><\/p>\n<p>Se voc\u00ea n\u00e3o encontrar as botas de pvc e as botas de borracha de que precisa <a href=\"https:\/\/toprisesafety.com\/pt\/contact-us\/\">Entre em contato conosco<\/a>Oferecemos suporte \u00e0 personaliza\u00e7\u00e3o especial.<\/p>\n<p>&nbsp;<\/p>\n<table>\n<tbody>\n<tr>\n<td colspan=\"11\" width=\"649\">&nbsp;<\/p>\n<p style=\"text-align: center;\"><strong><b>RB01 Portable wellington boots size chart<\/b><\/strong><\/p>\n<p>&nbsp;<\/td>\n<\/tr>\n<tr>\n<td width=\"75\">Tamanho<\/td>\n<td width=\"51\">38(4)<\/td>\n<td width=\"51\">39(5)<\/td>\n<td width=\"51\">40(6)<\/td>\n<td width=\"51\">41(7)<\/td>\n<td width=\"51\">42(8)<\/td>\n<td width=\"51\">43(9)<\/td>\n<td width=\"65\">44(10)<\/td>\n<td width=\"63\">45(11)<\/td>\n<td width=\"62\">46(12)<\/td>\n<td width=\"73\">47(13)<\/td>\n<\/tr>\n<tr>\n<td width=\"75\">Weight kg<\/td>\n<td width=\"51\">1.38<\/td>\n<td width=\"51\">1.4<\/td>\n<td width=\"51\">1.45<\/td>\n<td width=\"51\">1.55<\/td>\n<td width=\"51\">1.6<\/td>\n<td width=\"51\">1.65<\/td>\n<td width=\"65\">1.7<\/td>\n<td width=\"63\">1.75<\/td>\n<td width=\"62\">1.8<\/td>\n<td width=\"73\">1.85<\/td>\n<\/tr>\n<tr>\n<td width=\"75\">Sole length cm<\/td>\n<td width=\"51\">25<\/td>\n<td width=\"51\">25.5<\/td>\n<td width=\"51\">26<\/td>\n<td width=\"51\">26.5<\/td>\n<td width=\"51\">27<\/td>\n<td width=\"51\">27.5<\/td>\n<td width=\"65\">28<\/td>\n<td width=\"63\">28.5<\/td>\n<td width=\"62\">29<\/td>\n<td width=\"73\">29.5<\/td>\n<\/tr>\n<tr>\n<td width=\"75\">Shoes height mm<\/td>\n<td width=\"51\">368<\/td>\n<td width=\"51\">370<\/td>\n<td width=\"51\">375<\/td>\n<td width=\"51\">380<\/td>\n<td width=\"51\">385<\/td>\n<td width=\"51\">390<\/td>\n<td width=\"65\">395<\/td>\n<td width=\"63\">400<\/td>\n<td width=\"62\">405<\/td>\n<td width=\"73\">410<\/td>\n<\/tr>\n<tr>\n<td width=\"75\">Shoes drum circumference\uff08mm\uff09<\/td>\n<td width=\"51\">445<\/td>\n<td width=\"51\">450<\/td>\n<td width=\"51\">455<\/td>\n<td width=\"51\">460<\/td>\n<td width=\"51\">465<\/td>\n<td width=\"51\">470<\/td>\n<td width=\"65\">475<\/td>\n<td width=\"63\">480<\/td>\n<td width=\"62\">485<\/td>\n<td width=\"73\">490<\/td>\n<\/tr>\n<\/tbody>\n<\/table>","protected":false},"excerpt":{"rendered":"<p>Art No.: RB01<\/p>\n<p>Size: EUR: 38-47 (US\/UK: 4-13)<\/p>\n<p>Material: PVC + forro de tecido de f\u00e1cil secagem<\/p>\n<p>Cor: preto, verde, amarelo, branco etc.<\/p>\n<p>MOQ: 500PRS; cor especial: 2000PAIRS<\/p>","protected":false},"featured_media":5942,"template":"","meta":{"_acf_changed":false},"product_brand":[],"product_cat":[342,344],"product_tag":[216,217],"class_list":{"0":"post-5941","1":"product","2":"type-product","3":"status-publish","4":"has-post-thumbnail","6":"product_cat-foot-protection","7":"product_cat-pvc-boots","8":"product_tag-pvc-boots-rubber-boots","9":"product_tag-wellington-boots","11":"first","12":"instock","13":"product-type-simple"},"acf":[],"_links":{"self":[{"href":"https:\/\/toprisesafety.com\/pt\/wp-json\/wp\/v2\/product\/5941"}],"collection":[{"href":"https:\/\/toprisesafety.com\/pt\/wp-json\/wp\/v2\/product"}],"about":[{"href":"https:\/\/toprisesafety.com\/pt\/wp-json\/wp\/v2\/types\/product"}],"wp:featuredmedia":[{"embeddable":true,"href":"https:\/\/toprisesafety.com\/pt\/wp-json\/wp\/v2\/media\/5942"}],"wp:attachment":[{"href":"https:\/\/toprisesafety.com\/pt\/wp-json\/wp\/v2\/media?parent=5941"}],"wp:term":[{"taxonomy":"product_brand","embeddable":true,"href":"https:\/\/toprisesafety.com\/pt\/wp-json\/wp\/v2\/product_brand?post=5941"},{"taxonomy":"product_cat","embeddable":true,"href":"https:\/\/toprisesafety.com\/pt\/wp-json\/wp\/v2\/product_cat?post=5941"},{"taxonomy":"product_tag","embeddable":true,"href":"https:\/\/toprisesafety.com\/pt\/wp-json\/wp\/v2\/product_tag?post=5941"}],"curies":[{"name":"wp","href":"https:\/\/api.w.org\/{rel}","templated":true}]}}