{"id":5935,"date":"2018-02-26T01:41:02","date_gmt":"2018-02-26T01:41:02","guid":{"rendered":"https:\/\/toprisesafety.com\/product\/rubber-boots-wellington-boots-pvc-boots-ce-en347\/"},"modified":"2025-03-17T04:42:06","modified_gmt":"2025-03-17T04:42:06","slug":"rubber-boots-wellington-boots-pvc-boots-ce-en347","status":"publish","type":"product","link":"https:\/\/toprisesafety.com\/pt\/produto\/rubber-boots-wellington-boots-pvc-boots-ce-en347\/","title":{"rendered":"Botas de borracha botas wellington botas de PVC botas CE EN347"},"content":{"rendered":"<p><strong><span style=\"font-size: 140%;\">Botas de borracha botas wellington botas de PVC botas CE EN347<\/span><\/strong><\/p>\n<ul>\n<li style=\"list-style-type: none;\">\n<ul>\n<li>As botas Wellington t\u00eam dois tipos principais: Port\u00e1teis e para servi\u00e7os pesados (somente com biqueira de a\u00e7o ou com biqueira de a\u00e7o e sola intermedi\u00e1ria de a\u00e7o)<\/li>\n<\/ul>\n<\/li>\n<\/ul>\n<ul>\n<li style=\"list-style-type: none;\">\n<ul>\n<li>Resistente a gordura e \u00f3leo animal e \u00e1cidos\/alcalinos, antiest\u00e1tico, \u00e0 prova d'\u00e1gua e antiderrapante;<\/li>\n<\/ul>\n<\/li>\n<\/ul>\n<ul>\n<li style=\"list-style-type: none;\">\n<ul>\n<li><span data-spm-anchor-id=\"a2700.details.pronpeci14.i2.36104feedpxvle\">Alta resist\u00eancia a mudan\u00e7as bruscas de temperatura ambiental com uma faixa de opera\u00e7\u00e3o de -20<\/span>\u2103~50\u2103.<\/li>\n<\/ul>\n<\/li>\n<\/ul>\n<ul>\n<li style=\"list-style-type: none;\">\n<ul>\n<li>Aplica\u00e7\u00f5es: ind\u00fastria, minera\u00e7\u00e3o, constru\u00e7\u00e3o, campo petrol\u00edfero, agricultura, agropecu\u00e1ria, f\u00e1brica de produtos qu\u00edmicos, uso habitual contra \u00e1gua durante dias chuvosos etc.<\/li>\n<\/ul>\n<\/li>\n<\/ul>\n<h2><strong>Botas de borracha wellington boots Botas de PVC Especifica\u00e7\u00e3o CE EN347 :<\/strong><\/h2>\n<table>\n<tbody>\n<tr>\n<td width=\"284\">N\u00ba do art.<\/td>\n<td width=\"284\">RB02<\/td>\n<\/tr>\n<tr>\n<td width=\"284\">Estilo<\/td>\n<td width=\"284\">Botas port\u00e1teis<\/td>\n<\/tr>\n<tr>\n<td width=\"284\">Material<\/td>\n<td width=\"284\">PVC + forro de tecido de f\u00e1cil secagem<\/td>\n<\/tr>\n<tr>\n<td width=\"284\">Tamanho<\/td>\n<td width=\"284\">EUR: 40-46 (US\/UK: 7-12)<\/td>\n<\/tr>\n<tr>\n<td width=\"284\">Cor<\/td>\n<td width=\"284\">Preto, verde, amarelo, branco etc.<\/td>\n<\/tr>\n<tr>\n<td width=\"284\">Padr\u00e3o de qualidade<\/td>\n<td width=\"284\">CE EN 20347<\/td>\n<\/tr>\n<tr>\n<td width=\"284\">Embalagem<\/td>\n<td width=\"284\">1PR\/saco pl\u00e1stico, 10PRS\/CTN<\/td>\n<\/tr>\n<tr>\n<td width=\"284\">Tamanho da caixa<\/td>\n<td width=\"284\">50*30*44CM<\/td>\n<\/tr>\n<tr>\n<td width=\"284\">N\/G.W<\/td>\n<td width=\"284\">16\/17KGS<\/td>\n<\/tr>\n<\/tbody>\n<\/table>\n<p>A TOPRISE oferece suporte a v\u00e1rios estilos de personaliza\u00e7\u00e3o de botas de pvc e botas de borracha; clique para <a href=\"https:\/\/toprisesafety.com\/pt\/categoria-produto\/personal-protective-equipment\/foot-protection\/pvc-boots\/\">Veja mais estilos de botas de pvc e botas de borracha.<\/a><\/p>\n<p>Se voc\u00ea n\u00e3o encontrar as botas de pvc e as botas de borracha de que precisa <a href=\"https:\/\/toprisesafety.com\/pt\/contact-us\/\">Entre em contato conosco<\/a>Oferecemos suporte \u00e0 personaliza\u00e7\u00e3o especial.<\/p>\n<p>&nbsp;<\/p>\n<table>\n<tbody>\n<tr>\n<td colspan=\"8\" width=\"568\">&nbsp;<\/p>\n<p style=\"text-align: center;\"><strong>Tabela de tamanhos de botas de borracha port\u00e1teis<\/strong><\/p>\n<p>&nbsp;<\/td>\n<\/tr>\n<tr>\n<td width=\"101\">Tamanho<\/td>\n<td width=\"51\">40(6)<\/td>\n<td width=\"60\">41(7)<\/td>\n<td width=\"71\">42(8)<\/td>\n<td width=\"71\">43(9)<\/td>\n<td width=\"71\">44(10)<\/td>\n<td width=\"71\">45(11)<\/td>\n<td width=\"71\">46(12)<\/td>\n<\/tr>\n<tr>\n<td width=\"101\">Peso\/ kg<\/td>\n<td width=\"51\">1.38<\/td>\n<td width=\"60\">1.41<\/td>\n<td width=\"71\">1.44<\/td>\n<td width=\"71\">1.5<\/td>\n<td width=\"71\">1.53<\/td>\n<td width=\"71\">1.6<\/td>\n<td width=\"71\">1.65<\/td>\n<\/tr>\n<tr>\n<td width=\"101\">Comprimento da sapata\/mm<\/td>\n<td width=\"51\">265<\/td>\n<td width=\"60\">274<\/td>\n<td width=\"71\">277<\/td>\n<td width=\"71\">283<\/td>\n<td width=\"71\">289<\/td>\n<td width=\"71\">296<\/td>\n<td width=\"71\">302<\/td>\n<\/tr>\n<tr>\n<td width=\"101\">Altura das botas\/mm<\/td>\n<td width=\"51\">375<\/td>\n<td width=\"60\">380<\/td>\n<td width=\"71\">382<\/td>\n<td width=\"71\">385<\/td>\n<td width=\"71\">388<\/td>\n<td width=\"71\">390<\/td>\n<td width=\"71\">393<\/td>\n<\/tr>\n<tr>\n<td width=\"101\">Circunfer\u00eancia do tambor da bota<\/td>\n<td width=\"51\">216<\/td>\n<td width=\"60\">219<\/td>\n<td width=\"71\">222<\/td>\n<td width=\"71\">225<\/td>\n<td width=\"71\">228<\/td>\n<td width=\"71\">232<\/td>\n<td width=\"71\">235<\/td>\n<\/tr>\n<\/tbody>\n<\/table>","protected":false},"excerpt":{"rendered":"<p>N\u00ba do art.: RB02<\/p>\n<p>Tamanho: EUR: 40-46 (US\/UK: 6-12)<\/p>\n<p>Material: PVC + forro de tecido de f\u00e1cil secagem<\/p>\n<p>Cor: preto, verde, amarelo, branco etc.<\/p>\n<p>MOQ: 500PRS; cor especial: 2000PAIRS<\/p>","protected":false},"featured_media":5936,"template":"","meta":{"_acf_changed":false},"product_brand":[],"product_cat":[342,344],"product_tag":[215],"class_list":{"0":"post-5935","1":"product","2":"type-product","3":"status-publish","4":"has-post-thumbnail","6":"product_cat-foot-protection","7":"product_cat-pvc-boots","8":"product_tag-rubber-boots-portable-pvc-boots-wellington-boots","10":"first","11":"instock","12":"product-type-simple"},"acf":[],"_links":{"self":[{"href":"https:\/\/toprisesafety.com\/pt\/wp-json\/wp\/v2\/product\/5935"}],"collection":[{"href":"https:\/\/toprisesafety.com\/pt\/wp-json\/wp\/v2\/product"}],"about":[{"href":"https:\/\/toprisesafety.com\/pt\/wp-json\/wp\/v2\/types\/product"}],"wp:featuredmedia":[{"embeddable":true,"href":"https:\/\/toprisesafety.com\/pt\/wp-json\/wp\/v2\/media\/5936"}],"wp:attachment":[{"href":"https:\/\/toprisesafety.com\/pt\/wp-json\/wp\/v2\/media?parent=5935"}],"wp:term":[{"taxonomy":"product_brand","embeddable":true,"href":"https:\/\/toprisesafety.com\/pt\/wp-json\/wp\/v2\/product_brand?post=5935"},{"taxonomy":"product_cat","embeddable":true,"href":"https:\/\/toprisesafety.com\/pt\/wp-json\/wp\/v2\/product_cat?post=5935"},{"taxonomy":"product_tag","embeddable":true,"href":"https:\/\/toprisesafety.com\/pt\/wp-json\/wp\/v2\/product_tag?post=5935"}],"curies":[{"name":"wp","href":"https:\/\/api.w.org\/{rel}","templated":true}]}}