{"id":5926,"date":"2018-02-26T02:30:50","date_gmt":"2018-02-26T02:30:50","guid":{"rendered":"https:\/\/toprisesafety.com\/product\/rubber-boots-heavy-duty-gum-boots-pvc-boots-ce-en-20345\/"},"modified":"2025-03-17T04:40:53","modified_gmt":"2025-03-17T04:40:53","slug":"rubber-boots-heavy-duty-gum-boots-pvc-boots-ce-en-20345","status":"publish","type":"product","link":"https:\/\/toprisesafety.com\/pt\/produto\/rubber-boots-heavy-duty-gum-boots-pvc-boots-ce-en-20345\/","title":{"rendered":"Botas de borracha Botas de goma para servi\u00e7os pesados Botas de PVC CE EN 20345"},"content":{"rendered":"<p><strong><span style=\"font-size: 140%;\">Botas de borracha Botas de goma para servi\u00e7os pesados Botas de PVC CE EN 20345<\/span><\/strong><\/p>\n<ul>\n<li style=\"list-style-type: none;\">\n<ul>\n<li>As botas de borracha t\u00eam dois tipos principais: Port\u00e1teis e para servi\u00e7os pesados (somente com biqueira de a\u00e7o ou com biqueira de a\u00e7o e sola intermedi\u00e1ria de a\u00e7o)<\/li>\n<\/ul>\n<\/li>\n<\/ul>\n<ul>\n<li style=\"list-style-type: none;\">\n<ul>\n<li>Resistente a gordura e \u00f3leo animal e \u00e1cidos\/alcalinos, antiest\u00e1tico, \u00e0 prova d'\u00e1gua e antiderrapante;<\/li>\n<\/ul>\n<\/li>\n<\/ul>\n<ul>\n<li style=\"list-style-type: none;\">\n<ul>\n<li><span data-spm-anchor-id=\"a2700.details.pronpeci14.i2.36104feedpxvle\">Alta resist\u00eancia a mudan\u00e7as bruscas de temperatura ambiental com uma faixa de opera\u00e7\u00e3o de -20<\/span>\u2103~50\u2103.<\/li>\n<\/ul>\n<\/li>\n<\/ul>\n<ul>\n<li style=\"list-style-type: none;\">\n<ul>\n<li>Aplica\u00e7\u00f5es: ind\u00fastria, minera\u00e7\u00e3o, constru\u00e7\u00e3o, campo petrol\u00edfero, agricultura, agropecu\u00e1ria, f\u00e1brica de produtos qu\u00edmicos, uso habitual contra \u00e1gua durante dias chuvosos etc.<\/li>\n<\/ul>\n<\/li>\n<\/ul>\n<h2>Botas de borracha Botas de goma para servi\u00e7os pesados Botas de PVC CE EN 20345<\/h2>\n<table>\n<tbody>\n<tr>\n<td width=\"284\">N\u00ba do art.<\/td>\n<td width=\"284\">RB04<\/td>\n<\/tr>\n<tr>\n<td width=\"284\">Estilo<\/td>\n<td width=\"284\">Botas de borracha para trabalho pesado<\/td>\n<\/tr>\n<tr>\n<td width=\"284\">Material<\/td>\n<td width=\"284\">PVC + forro de tecido de f\u00e1cil secagem<\/td>\n<\/tr>\n<tr>\n<td width=\"284\">Recurso<\/td>\n<td width=\"284\">Biqueira de a\u00e7o 200J, sola intermedi\u00e1ria de a\u00e7o para escolha<\/td>\n<\/tr>\n<tr>\n<td width=\"284\">Tamanho<\/td>\n<td width=\"284\">EUR: 37-47<\/td>\n<\/tr>\n<tr>\n<td width=\"284\">Cor<\/td>\n<td width=\"284\">Preto, verde, amarelo, branco etc.<\/td>\n<\/tr>\n<tr>\n<td width=\"284\">Padr\u00e3o de qualidade<\/td>\n<td width=\"284\">CE EN 20345<\/td>\n<\/tr>\n<tr>\n<td width=\"284\">Embalagem<\/td>\n<td width=\"284\">1PR\/saco pl\u00e1stico, 10PRS\/CTN<\/td>\n<\/tr>\n<tr>\n<td width=\"284\">Tamanho da caixa<\/td>\n<td width=\"284\">41*42*51CM<\/td>\n<\/tr>\n<tr>\n<td width=\"284\">N\/G.W<\/td>\n<td width=\"284\">20\/21KGS<\/td>\n<\/tr>\n<\/tbody>\n<\/table>\n<p>A TOPRISE oferece suporte a v\u00e1rios estilos de personaliza\u00e7\u00e3o de botas de pvc e botas de borracha; clique para <a href=\"https:\/\/toprisesafety.com\/pt\/categoria-produto\/personal-protective-equipment\/foot-protection\/pvc-boots\/\">Veja mais estilos de botas de pvc e botas de borracha.<\/a><\/p>\n<p>Se voc\u00ea n\u00e3o encontrar as botas de pvc e as botas de borracha de que precisa <a href=\"https:\/\/toprisesafety.com\/pt\/contact-us\/\">Entre em contato conosco<\/a>Oferecemos suporte \u00e0 personaliza\u00e7\u00e3o especial.<\/p>\n<p>&nbsp;<\/p>\n<table width=\"889\">\n<tbody>\n<tr>\n<td style=\"font-weight: 400; text-align: center;\" colspan=\"6\" width=\"806\"><strong>Tabela de tamanhos de botas de borracha para servi\u00e7os pesados\u00a0<\/strong><\/td>\n<\/tr>\n<tr>\n<td style=\"font-weight: 400;\" width=\"115\">Tamanho<\/td>\n<td style=\"font-weight: 400;\" width=\"151\">Altura (cm)<\/td>\n<td style=\"font-weight: 400;\" width=\"138\">Espessura superior (mm)<\/td>\n<td style=\"font-weight: 400;\" width=\"115\">Peso (g)<\/td>\n<td style=\"font-weight: 400;\" width=\"172\">Comprimento do solado \uff08cm\uff09<\/td>\n<td style=\"font-weight: 400;\" width=\"198\">Largura do solado (cm)<\/td>\n<\/tr>\n<tr>\n<td style=\"font-weight: 400;\" width=\"115\">4(37)<\/td>\n<td style=\"font-weight: 400;\" width=\"151\">38.4<\/td>\n<td style=\"font-weight: 400;\" width=\"138\">4-2.5<\/td>\n<td style=\"font-weight: 400;\" width=\"115\">1836<\/td>\n<td style=\"font-weight: 400;\" width=\"172\">24.8<\/td>\n<td style=\"font-weight: 400;\" width=\"198\">9<\/td>\n<\/tr>\n<tr>\n<td style=\"font-weight: 400;\" width=\"115\">5(38)<\/td>\n<td style=\"font-weight: 400;\" width=\"151\">38.6<\/td>\n<td style=\"font-weight: 400;\" width=\"138\">4-2.5<\/td>\n<td style=\"font-weight: 400;\" width=\"115\">1860<\/td>\n<td style=\"font-weight: 400;\" width=\"172\">25.4<\/td>\n<td style=\"font-weight: 400;\" width=\"198\">9.2<\/td>\n<\/tr>\n<tr>\n<td style=\"font-weight: 400;\" width=\"115\">6(39)<\/td>\n<td style=\"font-weight: 400;\" width=\"151\">38.7<\/td>\n<td style=\"font-weight: 400;\" width=\"138\">4-2.5<\/td>\n<td style=\"font-weight: 400;\" width=\"115\">1878<\/td>\n<td style=\"font-weight: 400;\" width=\"172\">26.6<\/td>\n<td style=\"font-weight: 400;\" width=\"198\">9.4<\/td>\n<\/tr>\n<tr>\n<td style=\"font-weight: 400;\" width=\"115\">7(40)<\/td>\n<td style=\"font-weight: 400;\" width=\"151\">39.1<\/td>\n<td style=\"font-weight: 400;\" width=\"138\">4-2.5<\/td>\n<td style=\"font-weight: 400;\" width=\"115\">1908<\/td>\n<td style=\"font-weight: 400;\" width=\"172\">27.2<\/td>\n<td style=\"font-weight: 400;\" width=\"198\">9.5<\/td>\n<\/tr>\n<tr>\n<td style=\"font-weight: 400;\" width=\"115\">8(41)<\/td>\n<td style=\"font-weight: 400;\" width=\"151\">39.4<\/td>\n<td style=\"font-weight: 400;\" width=\"138\">4-2.5<\/td>\n<td style=\"font-weight: 400;\" width=\"115\">2000<\/td>\n<td style=\"font-weight: 400;\" width=\"172\">28.2<\/td>\n<td style=\"font-weight: 400;\" width=\"198\">9.6<\/td>\n<\/tr>\n<tr>\n<td style=\"font-weight: 400;\" width=\"115\">9(42)<\/td>\n<td style=\"font-weight: 400;\" width=\"151\">39.7<\/td>\n<td style=\"font-weight: 400;\" width=\"138\">4-2.5<\/td>\n<td style=\"font-weight: 400;\" width=\"115\">2115<\/td>\n<td style=\"font-weight: 400;\" width=\"172\">28.6<\/td>\n<td style=\"font-weight: 400;\" width=\"198\">9.8<\/td>\n<\/tr>\n<tr>\n<td style=\"font-weight: 400;\" width=\"115\">10(43)<\/td>\n<td style=\"font-weight: 400;\" width=\"151\">40<\/td>\n<td style=\"font-weight: 400;\" width=\"138\">4-2.5<\/td>\n<td style=\"font-weight: 400;\" width=\"115\">2235<\/td>\n<td style=\"font-weight: 400;\" width=\"172\">29.6<\/td>\n<td style=\"font-weight: 400;\" width=\"198\">10.1<\/td>\n<\/tr>\n<tr>\n<td style=\"font-weight: 400;\" width=\"115\">11(44)<\/td>\n<td style=\"font-weight: 400;\" width=\"151\">40.2<\/td>\n<td style=\"font-weight: 400;\" width=\"138\">4-2.5<\/td>\n<td style=\"font-weight: 400;\" width=\"115\">2386<\/td>\n<td style=\"font-weight: 400;\" width=\"172\">30.2<\/td>\n<td style=\"font-weight: 400;\" width=\"198\">10.2<\/td>\n<\/tr>\n<tr>\n<td style=\"font-weight: 400;\" width=\"115\">12(45)<\/td>\n<td style=\"font-weight: 400;\" width=\"151\">40.5<\/td>\n<td style=\"font-weight: 400;\" width=\"138\">4-2.5<\/td>\n<td style=\"font-weight: 400;\" width=\"115\">2439<\/td>\n<td style=\"font-weight: 400;\" width=\"172\">31<\/td>\n<td style=\"font-weight: 400;\" width=\"198\">10.4<\/td>\n<\/tr>\n<tr>\n<td style=\"font-weight: 400;\" width=\"115\">13(46)<\/td>\n<td style=\"font-weight: 400;\" width=\"151\">40.8<\/td>\n<td style=\"font-weight: 400;\" width=\"138\">4-2.5<\/td>\n<td style=\"font-weight: 400;\" width=\"115\">2493<\/td>\n<td style=\"font-weight: 400;\" width=\"172\">31.8<\/td>\n<td style=\"font-weight: 400;\" width=\"198\">10.6<\/td>\n<\/tr>\n<tr>\n<td style=\"font-weight: 400;\" width=\"115\">13(47)<\/td>\n<td style=\"font-weight: 400;\" width=\"151\">41.2<\/td>\n<td style=\"font-weight: 400;\" width=\"138\">4-2.5<\/td>\n<td style=\"font-weight: 400;\" width=\"115\">2554<\/td>\n<td style=\"font-weight: 400;\" width=\"172\">32.3<\/td>\n<td style=\"font-weight: 400;\" width=\"198\">10.8<\/td>\n<\/tr>\n<\/tbody>\n<\/table>","protected":false},"excerpt":{"rendered":"<p>N\u00ba do art.: RB04<\/p>\n<p>Tamanho: EUR: 37-47<\/p>\n<p>Material: PVC + forro de tecido de f\u00e1cil secagem<\/p>\n<p>Cor: preto, verde, amarelo, branco etc.<\/p>\n<p>MOQ: 500PRS; cor especial: 2000PAIRS<\/p>","protected":false},"featured_media":5927,"template":"","meta":{"_acf_changed":false},"product_brand":[],"product_cat":[342,344],"product_tag":[213],"class_list":{"0":"post-5926","1":"product","2":"type-product","3":"status-publish","4":"has-post-thumbnail","6":"product_cat-foot-protection","7":"product_cat-pvc-boots","8":"product_tag-rubber-boots-heavy-duty-gum-boots-pvc-boots-ce-en20345","10":"first","11":"instock","12":"product-type-simple"},"acf":[],"_links":{"self":[{"href":"https:\/\/toprisesafety.com\/pt\/wp-json\/wp\/v2\/product\/5926"}],"collection":[{"href":"https:\/\/toprisesafety.com\/pt\/wp-json\/wp\/v2\/product"}],"about":[{"href":"https:\/\/toprisesafety.com\/pt\/wp-json\/wp\/v2\/types\/product"}],"wp:featuredmedia":[{"embeddable":true,"href":"https:\/\/toprisesafety.com\/pt\/wp-json\/wp\/v2\/media\/5927"}],"wp:attachment":[{"href":"https:\/\/toprisesafety.com\/pt\/wp-json\/wp\/v2\/media?parent=5926"}],"wp:term":[{"taxonomy":"product_brand","embeddable":true,"href":"https:\/\/toprisesafety.com\/pt\/wp-json\/wp\/v2\/product_brand?post=5926"},{"taxonomy":"product_cat","embeddable":true,"href":"https:\/\/toprisesafety.com\/pt\/wp-json\/wp\/v2\/product_cat?post=5926"},{"taxonomy":"product_tag","embeddable":true,"href":"https:\/\/toprisesafety.com\/pt\/wp-json\/wp\/v2\/product_tag?post=5926"}],"curies":[{"name":"wp","href":"https:\/\/api.w.org\/{rel}","templated":true}]}}