{"id":5924,"date":"2018-02-26T02:43:46","date_gmt":"2018-02-26T02:43:46","guid":{"rendered":"https:\/\/toprisesafety.com\/product\/new-gum-boots-rubber-boots-ce-en20345\/"},"modified":"2025-03-17T04:40:07","modified_gmt":"2025-03-17T04:40:07","slug":"new-gum-boots-rubber-boots-ce-en20345","status":"publish","type":"product","link":"https:\/\/toprisesafety.com\/pt\/produto\/new-gum-boots-rubber-boots-ce-en20345\/","title":{"rendered":"Novas botas de borracha com goma CE EN20345"},"content":{"rendered":"<p><strong><span style=\"font-size: 140%;\">Novas botas de borracha com goma CE EN20345<\/span><\/strong><\/p>\n<ul>\n<li style=\"list-style-type: none;\">\n<ul>\n<li>As botas de borracha t\u00eam dois tipos principais: Port\u00e1teis e para servi\u00e7os pesados (somente com biqueira de a\u00e7o ou com biqueira de a\u00e7o e sola intermedi\u00e1ria de a\u00e7o)<\/li>\n<\/ul>\n<\/li>\n<\/ul>\n<ul>\n<li style=\"list-style-type: none;\">\n<ul>\n<li>Resistente a gordura e \u00f3leo animal e \u00e1cidos\/alcalinos, antiest\u00e1tico, \u00e0 prova d'\u00e1gua e antiderrapante;<\/li>\n<\/ul>\n<\/li>\n<\/ul>\n<ul>\n<li style=\"list-style-type: none;\">\n<ul>\n<li><span data-spm-anchor-id=\"a2700.details.pronpeci14.i2.36104feedpxvle\">Alta resist\u00eancia a mudan\u00e7as bruscas de temperatura ambiental com uma faixa de opera\u00e7\u00e3o de -20<\/span>\u2103~50\u2103.<\/li>\n<\/ul>\n<\/li>\n<\/ul>\n<ul>\n<li style=\"list-style-type: none;\">\n<ul>\n<li>Aplica\u00e7\u00f5es: ind\u00fastria, minera\u00e7\u00e3o, constru\u00e7\u00e3o, campo petrol\u00edfero, agricultura, agropecu\u00e1ria, f\u00e1brica de produtos qu\u00edmicos, uso habitual contra \u00e1gua durante dias chuvosos etc.<\/li>\n<\/ul>\n<\/li>\n<\/ul>\n<h2><strong>New gum boots rubber boots CE EN 20345<\/strong><\/h2>\n<table>\n<tbody>\n<tr>\n<td width=\"284\">N\u00ba do art.<\/td>\n<td width=\"284\">RB05<\/td>\n<\/tr>\n<tr>\n<td width=\"284\">Estilo<\/td>\n<td width=\"284\">Botas de borracha para trabalho pesado<\/td>\n<\/tr>\n<tr>\n<td width=\"284\">Material<\/td>\n<td width=\"284\">PVC + forro de tecido de f\u00e1cil secagem<\/td>\n<\/tr>\n<tr>\n<td width=\"284\">Recurso<\/td>\n<td width=\"284\">Biqueira de a\u00e7o 200J, sola intermedi\u00e1ria de a\u00e7o para escolha<\/td>\n<\/tr>\n<tr>\n<td width=\"284\">Tamanho<\/td>\n<td width=\"284\">EUR: 38-46<\/td>\n<\/tr>\n<tr>\n<td width=\"284\">Cor<\/td>\n<td width=\"284\">Preto, verde, amarelo, branco etc.<\/td>\n<\/tr>\n<tr>\n<td width=\"284\">Padr\u00e3o de qualidade<\/td>\n<td width=\"284\">CE EN 20345<\/td>\n<\/tr>\n<tr>\n<td width=\"284\">Embalagem<\/td>\n<td width=\"284\">1PR\/saco pl\u00e1stico, 10PRS\/CTN<\/td>\n<\/tr>\n<tr>\n<td width=\"284\">Tamanho da caixa<\/td>\n<td width=\"284\">46*46*44CM<\/td>\n<\/tr>\n<tr>\n<td width=\"284\">N\/G.W<\/td>\n<td width=\"284\">22\/23KGS<\/td>\n<\/tr>\n<\/tbody>\n<\/table>\n<p>A TOPRISE oferece suporte a v\u00e1rios estilos de personaliza\u00e7\u00e3o de botas de pvc e botas de borracha; clique para <a href=\"https:\/\/toprisesafety.com\/pt\/categoria-produto\/personal-protective-equipment\/foot-protection\/pvc-boots\/\">Veja mais estilos de botas de pvc e botas de borracha.<\/a><\/p>\n<p>Se voc\u00ea n\u00e3o encontrar as botas de pvc e as botas de borracha de que precisa <a href=\"https:\/\/toprisesafety.com\/pt\/contact-us\/\">Entre em contato conosco<\/a>Oferecemos suporte \u00e0 personaliza\u00e7\u00e3o especial.<\/p>","protected":false},"excerpt":{"rendered":"<p>Art No.: RB05<\/p>\n<p>Tamanho: EUR: 38-46<\/p>\n<p>Material: PVC + forro de tecido de f\u00e1cil secagem<\/p>\n<p>Cor: preto, verde, amarelo, branco etc.<\/p>\n<p>MOQ: 500PRS; cor especial: 2000PAIRS<\/p>","protected":false},"featured_media":5925,"template":"","meta":{"_acf_changed":false},"product_brand":[],"product_cat":[342,344],"product_tag":[212],"class_list":{"0":"post-5924","1":"product","2":"type-product","3":"status-publish","4":"has-post-thumbnail","6":"product_cat-foot-protection","7":"product_cat-pvc-boots","8":"product_tag-new-gum-boots-ce-en20345-rubber-boots","10":"first","11":"instock","12":"product-type-simple"},"acf":[],"_links":{"self":[{"href":"https:\/\/toprisesafety.com\/pt\/wp-json\/wp\/v2\/product\/5924"}],"collection":[{"href":"https:\/\/toprisesafety.com\/pt\/wp-json\/wp\/v2\/product"}],"about":[{"href":"https:\/\/toprisesafety.com\/pt\/wp-json\/wp\/v2\/types\/product"}],"wp:featuredmedia":[{"embeddable":true,"href":"https:\/\/toprisesafety.com\/pt\/wp-json\/wp\/v2\/media\/5925"}],"wp:attachment":[{"href":"https:\/\/toprisesafety.com\/pt\/wp-json\/wp\/v2\/media?parent=5924"}],"wp:term":[{"taxonomy":"product_brand","embeddable":true,"href":"https:\/\/toprisesafety.com\/pt\/wp-json\/wp\/v2\/product_brand?post=5924"},{"taxonomy":"product_cat","embeddable":true,"href":"https:\/\/toprisesafety.com\/pt\/wp-json\/wp\/v2\/product_cat?post=5924"},{"taxonomy":"product_tag","embeddable":true,"href":"https:\/\/toprisesafety.com\/pt\/wp-json\/wp\/v2\/product_tag?post=5924"}],"curies":[{"name":"wp","href":"https:\/\/api.w.org\/{rel}","templated":true}]}}