{"id":5922,"date":"2018-02-26T03:19:36","date_gmt":"2018-02-26T03:19:36","guid":{"rendered":"https:\/\/toprisesafety.com\/product\/buffalo-safety-shoes-ce-standard\/"},"modified":"2025-03-11T08:07:44","modified_gmt":"2025-03-11T08:07:44","slug":"buffalo-safety-shoes-ce-standard","status":"publish","type":"product","link":"https:\/\/toprisesafety.com\/pt\/produto\/buffalo-safety-shoes-ce-standard\/","title":{"rendered":"Cal\u00e7ados de seguran\u00e7a Buffalo padr\u00e3o CE"},"content":{"rendered":"<p><span style=\"font-size: 140%;\">Cal\u00e7ados de seguran\u00e7a Buffalo padr\u00e3o CE<\/span><\/p>\n<ul>\n<li style=\"list-style-type: none;\">\n<ul>\n<li>Parte superior em couro de b\u00fafalo genu\u00edno para maior durabilidade e capacidade de respira\u00e7\u00e3o.<\/li>\n<\/ul>\n<\/li>\n<\/ul>\n<ul>\n<li style=\"list-style-type: none;\">\n<ul>\n<li data-spm-anchor-id=\"a2700.details.pronpeci14.i1.57387f9eZgw8D0\">Sola de inje\u00e7\u00e3o de PU extra leve e antiderrapante.<\/li>\n<\/ul>\n<\/li>\n<\/ul>\n<ul>\n<li style=\"list-style-type: none;\">\n<ul>\n<li>Costura lateral refor\u00e7ada adicional para excelente ader\u00eancia.<\/li>\n<\/ul>\n<\/li>\n<\/ul>\n<ul>\n<li style=\"list-style-type: none;\">\n<ul>\n<li>Forro extra macio para maior conforto e excelente absor\u00e7\u00e3o do suor.<\/li>\n<\/ul>\n<\/li>\n<\/ul>\n<ul>\n<li style=\"list-style-type: none;\">\n<ul>\n<li>Biqueira de a\u00e7o resistente \u00e0 corros\u00e3o, em conformidade com os padr\u00f5es de seguran\u00e7a europeus (CE EN345) para prote\u00e7\u00e3o contra impactos de 200 joules.<\/li>\n<\/ul>\n<\/li>\n<\/ul>\n<ul>\n<li style=\"list-style-type: none;\">\n<ul>\n<li>Sola intermedi\u00e1ria de a\u00e7o (opcional) em conformidade com os padr\u00f5es de seguran\u00e7a europeus (CE EN345) para resist\u00eancia \u00e0 penetra\u00e7\u00e3o de, no m\u00ednimo, 1.100 Newton.<\/li>\n<\/ul>\n<\/li>\n<\/ul>\n<ul>\n<li style=\"list-style-type: none;\">\n<ul>\n<li>Padr\u00e3o de sola antiderrapante, diel\u00e9trico, antiest\u00e1tico, resistente ao calor, resistente a \u00f3leo\/\u00e1cido\/\u00e1lcali opcional<\/li>\n<\/ul>\n<\/li>\n<\/ul>\n<ul>\n<li style=\"list-style-type: none;\">\n<ul>\n<li>Aplicativo:\u00a0<span data-spm-anchor-id=\"a2700.details.pronpeci14.i1.1a0c748bDlCqVn\">ind\u00fastria de energia el\u00e9trica, fundi\u00e7\u00e3o, constru\u00e7\u00e3o, fabrica\u00e7\u00e3o de autom\u00f3veis, fornecimento de energia, minera\u00e7\u00e3o, jardinagem, qu\u00edmica, log\u00edstica, a\u00e7o e ind\u00fastria pesada semelhante etc.\u00a0<\/span><\/li>\n<\/ul>\n<\/li>\n<\/ul>\n<ul>\n<li style=\"list-style-type: none;\">\n<ul>\n<li>\u00c0 prova de perfura\u00e7\u00f5es, antiest\u00e1tico, antiderrapante<\/li>\n<\/ul>\n<\/li>\n<\/ul>\n<ul>\n<li style=\"list-style-type: none;\">\n<ul>\n<li>Diferentes n\u00edveis de qualidade CE para escolha<\/li>\n<\/ul>\n<\/li>\n<\/ul>\n<table>\n<tbody>\n<tr>\n<td width=\"112\"><strong><b>St<\/b><\/strong><strong><b>padr\u00f5es<\/b><\/strong><\/td>\n<td width=\"158\"><strong><b>Interno<\/b><\/strong><\/td>\n<td width=\"288\"><strong><b>Fun\u00e7\u00e3o<\/b><\/strong><\/td>\n<\/tr>\n<tr>\n<td width=\"112\">SB<\/td>\n<td width=\"158\">Biqueira de a\u00e7o<\/td>\n<td width=\"288\">Anti-choque, resistente a \u00f3leo e \u00e1cido<\/td>\n<\/tr>\n<tr>\n<td width=\"112\">SBP<\/td>\n<td width=\"158\">Biqueira de a\u00e7o e placa de a\u00e7o<\/td>\n<td width=\"288\">Antiesmagamento, antifuro, resistente a choques, resistente a \u00f3leos e \u00e1cidos<\/td>\n<\/tr>\n<tr>\n<td width=\"112\">S1<\/td>\n<td width=\"158\">Biqueira de a\u00e7o<\/td>\n<td width=\"288\">Anti-esmagamento, antiest\u00e1tico, resistente a choques, resistente a \u00f3leos e \u00e1cidos<\/td>\n<\/tr>\n<tr>\n<td width=\"112\">S1P<\/td>\n<td width=\"158\">Biqueira de a\u00e7o e placa de a\u00e7o<\/td>\n<td width=\"288\">Antiesmagamento, antifuro, antiest\u00e1tico, resistente a choques, resistente a \u00f3leos e \u00e1cidos<\/td>\n<\/tr>\n<tr>\n<td width=\"112\">S2<\/td>\n<td width=\"158\">Biqueira de a\u00e7o<\/td>\n<td width=\"288\">\u00c0 prova d'\u00e1gua, antiesmagamento, antiest\u00e1tico, resistente a choques, resistente a \u00f3leos e \u00e1cidos<\/td>\n<\/tr>\n<tr>\n<td width=\"112\">S3<\/td>\n<td width=\"158\">Biqueira de a\u00e7o e placa de a\u00e7o<\/td>\n<td width=\"288\">\u00c0 prova d'\u00e1gua, antiesmagamento, antifuro, antiest\u00e1tico, resistente a choques, resistente a \u00f3leos e \u00e1cidos<\/td>\n<\/tr>\n<\/tbody>\n<\/table>\n<p>O TOPRISE oferece suporte a v\u00e1rios estilos de personaliza\u00e7\u00e3o de cal\u00e7ados de seguran\u00e7a; clique para ver <a href=\"https:\/\/toprisesafety.com\/pt\/categoria-produto\/personal-protective-equipment\/foot-protection\/safety-shoes\/\">mais estilos de cal\u00e7ados de seguran\u00e7a<\/a>.<\/p>\n<p>Se n\u00e3o encontrar o cal\u00e7ado de seguran\u00e7a de que precisa, entre em contato conosco; oferecemos suporte para personaliza\u00e7\u00e3o especial.<\/p>\n<h2><strong>Cal\u00e7ados de seguran\u00e7a Buffalo com especifica\u00e7\u00e3o padr\u00e3o CE:\u00a0<\/strong><\/h2>\n<table>\n<tbody>\n<tr>\n<td width=\"284\">N\u00ba do art.<\/td>\n<td width=\"284\">SPU01<\/td>\n<\/tr>\n<tr>\n<td width=\"284\">Material<\/td>\n<td width=\"284\">Couro de b\u00fafalo, sola de PU, forro de tecido<\/td>\n<\/tr>\n<tr>\n<td width=\"284\">Oficina<\/td>\n<td width=\"284\">Inje\u00e7\u00e3o de PU<\/td>\n<\/tr>\n<tr>\n<td width=\"284\">Tamanho<\/td>\n<td width=\"284\">37-47<\/td>\n<\/tr>\n<tr>\n<td width=\"284\">N\u00edvel de qualidade<\/td>\n<td width=\"284\">SB, SBP, S1, S2, S3<\/td>\n<\/tr>\n<tr>\n<td width=\"284\">Padr\u00e3o de qualidade<\/td>\n<td width=\"284\">CE EN 20345<\/td>\n<\/tr>\n<tr>\n<td width=\"284\">Logotipo<\/td>\n<td width=\"284\">O logotipo do cliente est\u00e1 dispon\u00edvel<\/td>\n<\/tr>\n<tr>\n<td width=\"284\">Embalagem<\/td>\n<td width=\"284\">1PR\/caixa colorida, 10PRS\/CTN<\/td>\n<\/tr>\n<\/tbody>\n<\/table>\n<p><img fetchpriority=\"high\" decoding=\"async\" class=\"alignnone size-full wp-image-930\" src=\"https:\/\/toprisesafety.com\/wp-content\/uploads\/2024\/08\/safety-shoes-structure.jpg\" alt=\"\" width=\"757\" height=\"627\" \/><\/p>","protected":false},"excerpt":{"rendered":"<p>N\u00ba do art.: SPU01<\/p>\n<p>Tamanho: 37-47<\/p>\n<p>Material: Couro de b\u00fafalo + sola de PU + forro de tecido<\/p>\n<p>Acabamento: Solado com inje\u00e7\u00e3o de PU<\/p>\n<p>MOQ: 500PRS<\/p>","protected":false},"featured_media":5923,"template":"","meta":{"_acf_changed":false},"product_brand":[],"product_cat":[342,343],"product_tag":[210],"class_list":{"0":"post-5922","1":"product","2":"type-product","3":"status-publish","4":"has-post-thumbnail","6":"product_cat-foot-protection","7":"product_cat-safety-shoes","8":"product_tag-buffalo-safety-shoes","10":"first","11":"instock","12":"product-type-simple"},"acf":[],"_links":{"self":[{"href":"https:\/\/toprisesafety.com\/pt\/wp-json\/wp\/v2\/product\/5922"}],"collection":[{"href":"https:\/\/toprisesafety.com\/pt\/wp-json\/wp\/v2\/product"}],"about":[{"href":"https:\/\/toprisesafety.com\/pt\/wp-json\/wp\/v2\/types\/product"}],"wp:featuredmedia":[{"embeddable":true,"href":"https:\/\/toprisesafety.com\/pt\/wp-json\/wp\/v2\/media\/5923"}],"wp:attachment":[{"href":"https:\/\/toprisesafety.com\/pt\/wp-json\/wp\/v2\/media?parent=5922"}],"wp:term":[{"taxonomy":"product_brand","embeddable":true,"href":"https:\/\/toprisesafety.com\/pt\/wp-json\/wp\/v2\/product_brand?post=5922"},{"taxonomy":"product_cat","embeddable":true,"href":"https:\/\/toprisesafety.com\/pt\/wp-json\/wp\/v2\/product_cat?post=5922"},{"taxonomy":"product_tag","embeddable":true,"href":"https:\/\/toprisesafety.com\/pt\/wp-json\/wp\/v2\/product_tag?post=5922"}],"curies":[{"name":"wp","href":"https:\/\/api.w.org\/{rel}","templated":true}]}}