{"id":5905,"date":"2018-02-26T05:10:53","date_gmt":"2018-02-26T05:10:53","guid":{"rendered":"https:\/\/toprisesafety.com\/product\/cheap-reflective-running-vest\/"},"modified":"2025-05-06T07:45:11","modified_gmt":"2025-05-06T07:45:11","slug":"cheap-reflective-running-vest","status":"publish","type":"product","link":"https:\/\/toprisesafety.com\/pt\/produto\/cheap-reflective-running-vest\/","title":{"rendered":"Colete refletivo de corrida barato"},"content":{"rendered":"<p><strong><span style=\"font-size: 140%;\">Cheap reflective running\u00a0vest <\/span><\/strong><\/p>\n<ul>\n<li style=\"list-style-type: none;\">\n<ul>\n<li>Colete de seguran\u00e7a com fita refletiva e destinado a proteger a seguran\u00e7a de trabalhadores da constru\u00e7\u00e3o civil, trabalhadores de minera\u00e7\u00e3o, trabalhadores de petr\u00f3leo e g\u00e1s, trabalhadores industriais, corredores, pedestres, ve\u00edculos n\u00e3o motorizados etc.<\/li>\n<\/ul>\n<\/li>\n<\/ul>\n<ul>\n<li style=\"list-style-type: none;\">\n<ul>\n<li>As pessoas que usam colete de seguran\u00e7a podem ser facilmente encontradas, pois o material do colete \u00e9 fluorescente e, \u00e0 noite, as pessoas que usam colete de seguran\u00e7a podem ser facilmente vistas, pois o colete com fita refletiva sob a luz ser\u00e1 refletido.<\/li>\n<\/ul>\n<\/li>\n<\/ul>\n<ul>\n<li style=\"list-style-type: none;\">\n<ul>\n<li>Adequado para visibilidade diurna e noturna para proteger bem a seguran\u00e7a das pessoas.<\/li>\n<\/ul>\n<\/li>\n<\/ul>\n<ul>\n<li style=\"list-style-type: none;\">\n<ul>\n<li>O principal material do colete de seguran\u00e7a \u00e9 o tecido de tric\u00f4 ou de malha.<\/li>\n<\/ul>\n<\/li>\n<\/ul>\n<ul>\n<li style=\"list-style-type: none;\">\n<ul>\n<li>Temos fita refletiva de alta visibilidade Classe 2 de qualidade padr\u00e3o e fita refletiva normal e fita refletiva de alta qualidade da 3M etc.<\/li>\n<\/ul>\n<\/li>\n<\/ul>\n<ul>\n<li style=\"list-style-type: none;\">\n<ul>\n<li>\u00c1rea de aplica\u00e7\u00e3o:<\/li>\n<\/ul>\n<\/li>\n<\/ul>\n<ul>\n<li style=\"list-style-type: none;\">\n<ul>\n<li>motociclismo<\/li>\n<\/ul>\n<\/li>\n<\/ul>\n<ul>\n<li style=\"list-style-type: none;\">\n<ul>\n<li>em execu\u00e7\u00e3o<\/li>\n<\/ul>\n<\/li>\n<\/ul>\n<ul>\n<li style=\"list-style-type: none;\">\n<ul>\n<li>Equita\u00e7\u00e3o<\/li>\n<\/ul>\n<\/li>\n<\/ul>\n<ul>\n<li style=\"list-style-type: none;\">\n<ul>\n<li>equita\u00e7\u00e3o ao ar livre<\/li>\n<\/ul>\n<\/li>\n<\/ul>\n<ul>\n<li style=\"list-style-type: none;\">\n<ul>\n<li>Passeio com c\u00e3es<\/li>\n<\/ul>\n<\/li>\n<\/ul>\n<ul>\n<li style=\"list-style-type: none;\">\n<ul>\n<li>constru\u00e7\u00e3o<\/li>\n<\/ul>\n<\/li>\n<\/ul>\n<ul>\n<li style=\"list-style-type: none;\">\n<ul>\n<li>minera\u00e7\u00e3o<\/li>\n<\/ul>\n<\/li>\n<\/ul>\n<ul>\n<li style=\"list-style-type: none;\">\n<ul>\n<li>inspetor<\/li>\n<\/ul>\n<\/li>\n<\/ul>\n<ul>\n<li style=\"list-style-type: none;\">\n<ul>\n<li>pol\u00edcia de tr\u00e2nsito<\/li>\n<\/ul>\n<\/li>\n<\/ul>\n<ul>\n<li style=\"list-style-type: none;\">\n<ul>\n<li>seguran\u00e7a<\/li>\n<\/ul>\n<\/li>\n<\/ul>\n<ul>\n<li style=\"list-style-type: none;\">\n<ul>\n<li>floresta<\/li>\n<\/ul>\n<\/li>\n<\/ul>\n<ul>\n<li style=\"list-style-type: none;\">\n<ul>\n<li>railway<\/li>\n<\/ul>\n<\/li>\n<\/ul>\n<h2><strong>Cheap reflective running vest specification:<\/strong><\/h2>\n<table>\n<tbody>\n<tr>\n<td width=\"284\">N\u00ba do art.<\/td>\n<td width=\"332\">SV04<\/td>\n<\/tr>\n<tr>\n<td width=\"284\">Material do tecido<\/td>\n<td width=\"332\">100%polyester knitting fluorescent fabric<\/td>\n<\/tr>\n<tr>\n<td width=\"284\">Fita refletiva<\/td>\n<td width=\"332\">Visibilidade normal, alta visibilidade<\/td>\n<\/tr>\n<tr>\n<td width=\"284\">Material de fita refletiva<\/td>\n<td width=\"332\">Silver T\/C tape, 2 CM &#8220;X&#8221; and back &#8220;-&#8221; normal reflective tape.<\/td>\n<\/tr>\n<tr>\n<td width=\"284\">Peso do material<\/td>\n<td width=\"332\">50 G\/ SQM<\/td>\n<\/tr>\n<tr>\n<td width=\"284\">Cor<\/td>\n<td width=\"332\">Amarelo fluorescente, verde fluorescente, vermelho alaranjado<\/td>\n<\/tr>\n<tr>\n<td width=\"284\">Mosca superior<\/td>\n<td width=\"332\">N\u00c3O<\/td>\n<\/tr>\n<tr>\n<td width=\"284\">Padr\u00e3o de qualidade<\/td>\n<td width=\"332\">N\u00c3O<\/td>\n<\/tr>\n<tr>\n<td width=\"284\">Logotipo<\/td>\n<td width=\"332\">A impress\u00e3o do logotipo do cliente ou a etiqueta com o logotipo est\u00e3o dispon\u00edveis<\/td>\n<\/tr>\n<tr>\n<td width=\"284\">MOQ<\/td>\n<td width=\"332\">2000PCS<\/td>\n<\/tr>\n<tr>\n<td width=\"284\">Embalagem<\/td>\n<td width=\"332\">1PC\/OPP, 200PC\/CTN, special packing according customer\u2019s requirement<\/td>\n<\/tr>\n<\/tbody>\n<\/table>\n<p>O TOPRISE oferece suporte a v\u00e1rios estilos de personaliza\u00e7\u00e3o de coletes de seguran\u00e7a; clique para <a href=\"https:\/\/toprisesafety.com\/pt\/categoria-produto\/road-safety-products\/warning-wear\/warning-vest-sun-shade\/\">veja mais estilos de coletes de seguran\u00e7a.<\/a><\/p>\n<p>Se voc\u00ea n\u00e3o encontrar os coletes de seguran\u00e7a necess\u00e1rios,<a href=\"https:\/\/toprisesafety.com\/pt\/contact-us\/\"> Entre em contato conosco;<\/a> Oferecemos suporte \u00e0 personaliza\u00e7\u00e3o especial.<\/p>","protected":false},"excerpt":{"rendered":"<p>Art No.: SV04<\/p>\n<p>Material: 100% poli\u00e9ster<\/p>\n<p>Tamanho: S-XXXL<\/p>\n<p>Cor: amarelo fluorescente\/verde\/vermelho alaranjado<\/p>\n<p>Impress\u00e3o do logotipo: dispon\u00edvel<\/p>\n<p>MOQ: 1000PCS<\/p>","protected":false},"featured_media":5906,"template":"","meta":{"_acf_changed":false},"product_brand":[],"product_cat":[325,341],"product_tag":[198,199],"class_list":{"0":"post-5905","1":"product","2":"type-product","3":"status-publish","4":"has-post-thumbnail","6":"product_cat-road-safety-products","7":"product_cat-warning-vest-sun-shade","8":"product_tag-cheap-reflective-running-vest","9":"product_tag-cheap-reflective-safety-vest","11":"first","12":"instock","13":"product-type-simple"},"acf":[],"_links":{"self":[{"href":"https:\/\/toprisesafety.com\/pt\/wp-json\/wp\/v2\/product\/5905"}],"collection":[{"href":"https:\/\/toprisesafety.com\/pt\/wp-json\/wp\/v2\/product"}],"about":[{"href":"https:\/\/toprisesafety.com\/pt\/wp-json\/wp\/v2\/types\/product"}],"wp:featuredmedia":[{"embeddable":true,"href":"https:\/\/toprisesafety.com\/pt\/wp-json\/wp\/v2\/media\/5906"}],"wp:attachment":[{"href":"https:\/\/toprisesafety.com\/pt\/wp-json\/wp\/v2\/media?parent=5905"}],"wp:term":[{"taxonomy":"product_brand","embeddable":true,"href":"https:\/\/toprisesafety.com\/pt\/wp-json\/wp\/v2\/product_brand?post=5905"},{"taxonomy":"product_cat","embeddable":true,"href":"https:\/\/toprisesafety.com\/pt\/wp-json\/wp\/v2\/product_cat?post=5905"},{"taxonomy":"product_tag","embeddable":true,"href":"https:\/\/toprisesafety.com\/pt\/wp-json\/wp\/v2\/product_tag?post=5905"}],"curies":[{"name":"wp","href":"https:\/\/api.w.org\/{rel}","templated":true}]}}