{"id":5901,"date":"2018-02-26T05:37:10","date_gmt":"2018-02-26T05:37:10","guid":{"rendered":"https:\/\/toprisesafety.com\/product\/led-police-warning-vest\/"},"modified":"2025-05-06T07:44:22","modified_gmt":"2025-05-06T07:44:22","slug":"led-police-warning-vest","status":"publish","type":"product","link":"https:\/\/toprisesafety.com\/pt\/produto\/led-police-warning-vest\/","title":{"rendered":"Colete de aviso policial de LED"},"content":{"rendered":"<p><strong><span style=\"font-size: 140%;\">Colete de aviso policial de LED <\/span><\/strong><\/p>\n<ul>\n<li style=\"list-style-type: none;\">\n<ul>\n<li>O colete de seguran\u00e7a com fita refletiva destina-se a proteger a seguran\u00e7a de trabalhadores da constru\u00e7\u00e3o civil, trabalhadores de minera\u00e7\u00e3o, trabalhadores de petr\u00f3leo e g\u00e1s, trabalhadores industriais, corredores, pedestres, ve\u00edculos n\u00e3o motorizados etc. As pessoas que usam colete de seguran\u00e7a podem ser facilmente encontradas, pois o material do colete \u00e9 fluorescente. E, \u00e0 noite, as pessoas que usam colete de seguran\u00e7a podem ser facilmente vistas, pois o colete com fita refletiva sob a luz ser\u00e1 refletido. Portanto, o colete de seguran\u00e7a \u00e9 adequado para visibilidade diurna e noturna, protegendo bem a seguran\u00e7a das pessoas.<\/li>\n<\/ul>\n<\/li>\n<\/ul>\n<ul>\n<li style=\"list-style-type: none;\">\n<ul>\n<li>O material principal do colete de seguran\u00e7a \u00e9 tecido de tric\u00f4 ou malha. Possui fita refletiva de alta visibilidade de qualidade padr\u00e3o Classe 2 e fita refletiva normal e fita refletiva de alta qualidade da 3M etc.<\/li>\n<\/ul>\n<\/li>\n<\/ul>\n<ul>\n<li style=\"list-style-type: none;\">\n<ul>\n<li>\u00c1rea de aplica\u00e7\u00e3o: motociclismo, corrida, cavalgadas, passeios ao ar livre, passeios com c\u00e3es, constru\u00e7\u00e3o, minera\u00e7\u00e3o, agrimensor, pol\u00edcia de tr\u00e2nsito, seguran\u00e7a, florestas, ferrovias etc.<\/li>\n<\/ul>\n<\/li>\n<\/ul>\n<h2><strong>Especifica\u00e7\u00f5es do colete de alerta policial de LED:<\/strong><\/h2>\n<table>\n<tbody>\n<tr>\n<td width=\"284\">N\u00ba do art.<\/td>\n<td width=\"332\">SV06<\/td>\n<\/tr>\n<tr>\n<td width=\"284\">Material do tecido<\/td>\n<td width=\"332\">100% Poli\u00e9ster, tecido de malha<\/td>\n<\/tr>\n<tr>\n<td width=\"284\">Fita refletiva<\/td>\n<td width=\"332\">Alta visibilidade<\/td>\n<\/tr>\n<tr>\n<td width=\"284\">Material de fita refletiva<\/td>\n<td width=\"332\">Treli\u00e7a de PVC<\/td>\n<\/tr>\n<tr>\n<td width=\"284\">Peso do material<\/td>\n<td width=\"332\">80G\/SQM<\/td>\n<\/tr>\n<tr>\n<td width=\"284\">Cor<\/td>\n<td width=\"332\">Preto<\/td>\n<\/tr>\n<tr>\n<td width=\"284\">Mosca superior<\/td>\n<td width=\"332\">Velcro<\/td>\n<\/tr>\n<tr>\n<td width=\"284\">LED<\/td>\n<td width=\"332\">16 PE\u00c7AS<\/td>\n<\/tr>\n<tr>\n<td width=\"284\">Logotipo<\/td>\n<td width=\"332\">A impress\u00e3o ou a etiqueta com logotipo no pesco\u00e7o est\u00e1 dispon\u00edvel<\/td>\n<\/tr>\n<tr>\n<td width=\"284\">MOQ<\/td>\n<td width=\"332\">1000 PE\u00c7AS<\/td>\n<\/tr>\n<tr>\n<td width=\"284\">Embalagem<\/td>\n<td width=\"332\">1PC\/OPP, 100PC\/CTN, embalagem especial de acordo com a exig\u00eancia do cliente<\/td>\n<\/tr>\n<\/tbody>\n<\/table>\n<p>O TOPRISE oferece suporte a v\u00e1rios estilos de personaliza\u00e7\u00e3o de coletes de seguran\u00e7a; clique para <a href=\"https:\/\/toprisesafety.com\/pt\/categoria-produto\/road-safety-products\/warning-wear\/warning-vest-sun-shade\/\">veja mais estilos de coletes de seguran\u00e7a.<\/a><\/p>\n<p>Se voc\u00ea n\u00e3o encontrar os coletes de seguran\u00e7a necess\u00e1rios,<a href=\"https:\/\/toprisesafety.com\/pt\/contact-us\/\"> Entre em contato conosco;<\/a> Oferecemos suporte \u00e0 personaliza\u00e7\u00e3o especial.<\/p>","protected":false},"excerpt":{"rendered":"<p>N\u00ba do art.: SV06<\/p>\n<p>Material: 100% poli\u00e9ster<\/p>\n<p>Tamanho: S-XXXL<\/p>\n<p>Cor: amarelo fluorescente\/verde\/vermelho alaranjado<\/p>\n<p>Impress\u00e3o do logotipo: dispon\u00edvel<\/p>\n<p>MOQ: 1000PCS<\/p>","protected":false},"featured_media":5902,"template":"","meta":{"_acf_changed":false},"product_brand":[],"product_cat":[325,341],"product_tag":[196],"class_list":{"0":"post-5901","1":"product","2":"type-product","3":"status-publish","4":"has-post-thumbnail","6":"product_cat-road-safety-products","7":"product_cat-warning-vest-sun-shade","8":"product_tag-led-police-warning-vest","10":"first","11":"instock","12":"product-type-simple"},"acf":[],"_links":{"self":[{"href":"https:\/\/toprisesafety.com\/pt\/wp-json\/wp\/v2\/product\/5901"}],"collection":[{"href":"https:\/\/toprisesafety.com\/pt\/wp-json\/wp\/v2\/product"}],"about":[{"href":"https:\/\/toprisesafety.com\/pt\/wp-json\/wp\/v2\/types\/product"}],"wp:featuredmedia":[{"embeddable":true,"href":"https:\/\/toprisesafety.com\/pt\/wp-json\/wp\/v2\/media\/5902"}],"wp:attachment":[{"href":"https:\/\/toprisesafety.com\/pt\/wp-json\/wp\/v2\/media?parent=5901"}],"wp:term":[{"taxonomy":"product_brand","embeddable":true,"href":"https:\/\/toprisesafety.com\/pt\/wp-json\/wp\/v2\/product_brand?post=5901"},{"taxonomy":"product_cat","embeddable":true,"href":"https:\/\/toprisesafety.com\/pt\/wp-json\/wp\/v2\/product_cat?post=5901"},{"taxonomy":"product_tag","embeddable":true,"href":"https:\/\/toprisesafety.com\/pt\/wp-json\/wp\/v2\/product_tag?post=5901"}],"curies":[{"name":"wp","href":"https:\/\/api.w.org\/{rel}","templated":true}]}}