{"id":5891,"date":"2018-02-26T06:23:31","date_gmt":"2018-02-26T06:23:31","guid":{"rendered":"https:\/\/toprisesafety.com\/product\/reflective-t-shirt\/"},"modified":"2025-05-06T08:05:34","modified_gmt":"2025-05-06T08:05:34","slug":"reflective-t-shirt","status":"publish","type":"product","link":"https:\/\/toprisesafety.com\/pt\/produto\/reflective-t-shirt\/","title":{"rendered":"Camiseta refletiva"},"content":{"rendered":"<p><strong><span style=\"font-size: 140%;\">Camiseta refletiva <\/span><\/strong><\/p>\n<ul>\n<li style=\"list-style-type: none;\">\n<ul>\n<li>Camiseta refletiva com fita refletiva e destinada \u00e0 prote\u00e7\u00e3o da seguran\u00e7a de trabalhadores da constru\u00e7\u00e3o civil, trabalhadores de minera\u00e7\u00e3o, trabalhadores do setor de petr\u00f3leo e g\u00e1s, trabalhadores industriais, corredores, pedestres, ve\u00edculos n\u00e3o motorizados etc. As pessoas que a usam podem ser facilmente encontradas porque o material da camiseta \u00e9 fluorescente. E, \u00e0 noite, as pessoas que usam camisetas refletivas podem ser facilmente vistas porque o colete com fita refletiva sob a luz ser\u00e1 refletido. Portanto, ele \u00e9 adequado para visibilidade diurna e noturna para proteger bem a seguran\u00e7a das pessoas.<\/li>\n<\/ul>\n<\/li>\n<\/ul>\n<ul>\n<li style=\"list-style-type: none;\">\n<ul>\n<li>O material principal \u00e9 o tecido de tric\u00f4. Temos fita refletiva de alta visibilidade, fita refletiva normal e fita refletiva de alta qualidade da 3M etc.<\/li>\n<\/ul>\n<\/li>\n<\/ul>\n<ul>\n<li style=\"list-style-type: none;\">\n<ul>\n<li>\u00c1rea de aplica\u00e7\u00e3o: motociclismo, corrida, cavalgadas, passeios ao ar livre, passeios com c\u00e3es, constru\u00e7\u00e3o, minera\u00e7\u00e3o, agrimensor, pol\u00edcia de tr\u00e2nsito, seguran\u00e7a, florestas, ferrovias etc.<\/li>\n<\/ul>\n<\/li>\n<\/ul>\n<h2><strong>Especifica\u00e7\u00e3o da camiseta refletiva:<\/strong><\/h2>\n<table>\n<tbody>\n<tr>\n<td width=\"284\">N\u00ba do art.<\/td>\n<td width=\"332\">RT01<\/td>\n<\/tr>\n<tr>\n<td width=\"284\">Material do tecido<\/td>\n<td width=\"332\">100%tecido de poli\u00e9ster ou poli\/algod\u00e3o ou 100% algod\u00e3o<\/td>\n<\/tr>\n<tr>\n<td width=\"284\">Fita refletiva<\/td>\n<td width=\"332\">Visibilidade normal, alta visibilidade<\/td>\n<\/tr>\n<tr>\n<td width=\"284\">Material de fita refletiva<\/td>\n<td width=\"332\">Fita T\/C prateada ou fita 3M<\/td>\n<\/tr>\n<tr>\n<td width=\"284\">Peso do material<\/td>\n<td width=\"332\">160G\/M\u00b2-240G\/M\u00b2<\/td>\n<\/tr>\n<tr>\n<td width=\"284\">Cor<\/td>\n<td width=\"332\">Amarelo fluorescente, verde fluorescente, vermelho alaranjado<\/td>\n<\/tr>\n<tr>\n<td width=\"284\">Pesco\u00e7o<\/td>\n<td width=\"332\">Gola redonda<\/td>\n<\/tr>\n<tr>\n<td width=\"284\">Logotipo<\/td>\n<td width=\"332\">Impress\u00e3o do logotipo do cliente, bordado ou etiqueta com o logotipo est\u00e3o dispon\u00edveis<\/td>\n<\/tr>\n<tr>\n<td width=\"284\">MOQ<\/td>\n<td width=\"332\">1000 PE\u00c7AS<\/td>\n<\/tr>\n<tr>\n<td width=\"284\">Embalagem<\/td>\n<td width=\"332\">1PC\/OPP, 50PC\/CTN, embalagem especial de acordo com a exig\u00eancia do cliente<\/td>\n<\/tr>\n<\/tbody>\n<\/table>\n<p>A TOPRISE oferece suporte a v\u00e1rios estilos de jaquetas de seguran\u00e7a, camisetas refletivas e personaliza\u00e7\u00e3o de capuzes de seguran\u00e7a; clique para <a href=\"https:\/\/toprisesafety.com\/pt\/categoria-produto\/road-safety-products\/warning-wear\/warning-jacket-t-shirt-hoodie\/\">veja mais estilos de roupas de trabalho de seguran\u00e7a.<\/a><\/p>\n<p>Se n\u00e3o encontrar o vestu\u00e1rio de trabalho de seguran\u00e7a exigido, como coletes de seguran\u00e7a, camisetas refletivas, capuzes de seguran\u00e7a, etc., n\u00e3o se preocupe, <a href=\"https:\/\/toprisesafety.com\/pt\/contact-us\/\">Entre em contato conosco;<\/a> Oferecemos suporte \u00e0 personaliza\u00e7\u00e3o especial.<\/p>","protected":false},"excerpt":{"rendered":"<p>N\u00ba do art.: RT01<\/p>\n<p>Material: 100%poli\u00e9ster, T\/C, 100%al\u00e3o<\/p>\n<p>Tamanho: S-XXXL<\/p>\n<p>Cor: amarelo fluorescente\/verde\/vermelho alaranjado<\/p>\n<p>Impress\u00e3o do logotipo: dispon\u00edvel<\/p>\n<p>MOQ: 1000PCS<\/p>","protected":false},"featured_media":5892,"template":"","meta":{"_acf_changed":false},"product_brand":[],"product_cat":[325,339,338],"product_tag":[190],"class_list":{"0":"post-5891","1":"product","2":"type-product","3":"status-publish","4":"has-post-thumbnail","6":"product_cat-road-safety-products","7":"product_cat-warning-jacket-t-shirt-hoodie","8":"product_cat-warning-wear","9":"product_tag-reflective-t-shirt","11":"first","12":"instock","13":"product-type-simple"},"acf":[],"_links":{"self":[{"href":"https:\/\/toprisesafety.com\/pt\/wp-json\/wp\/v2\/product\/5891"}],"collection":[{"href":"https:\/\/toprisesafety.com\/pt\/wp-json\/wp\/v2\/product"}],"about":[{"href":"https:\/\/toprisesafety.com\/pt\/wp-json\/wp\/v2\/types\/product"}],"wp:featuredmedia":[{"embeddable":true,"href":"https:\/\/toprisesafety.com\/pt\/wp-json\/wp\/v2\/media\/5892"}],"wp:attachment":[{"href":"https:\/\/toprisesafety.com\/pt\/wp-json\/wp\/v2\/media?parent=5891"}],"wp:term":[{"taxonomy":"product_brand","embeddable":true,"href":"https:\/\/toprisesafety.com\/pt\/wp-json\/wp\/v2\/product_brand?post=5891"},{"taxonomy":"product_cat","embeddable":true,"href":"https:\/\/toprisesafety.com\/pt\/wp-json\/wp\/v2\/product_cat?post=5891"},{"taxonomy":"product_tag","embeddable":true,"href":"https:\/\/toprisesafety.com\/pt\/wp-json\/wp\/v2\/product_tag?post=5891"}],"curies":[{"name":"wp","href":"https:\/\/api.w.org\/{rel}","templated":true}]}}