{"id":5870,"date":"2018-02-26T08:27:49","date_gmt":"2018-02-26T08:27:49","guid":{"rendered":"https:\/\/toprisesafety.com\/product\/solar-barricade-lamps\/"},"modified":"2025-05-12T03:10:10","modified_gmt":"2025-05-12T03:10:10","slug":"solar-barricade-lamps","status":"publish","type":"product","link":"https:\/\/toprisesafety.com\/pt\/produto\/solar-barricade-lamps\/","title":{"rendered":"L\u00e2mpadas solares de barricada L\u00e2mpadas de advert\u00eancia"},"content":{"rendered":"<p><strong><span style=\"font-size: 140%;\">L\u00e2mpadas solares de barricada L\u00e2mpadas de advert\u00eancia<\/span><\/strong><\/p>\n<ul>\n<li style=\"list-style-type: none;\">\n<ul>\n<li data-spm-anchor-id=\"a2700.details.pronpeci14.i0.542c14dfQkSbXz\">L\u00e2mpadas intermitentes de barreira de tr\u00e1fego que v\u00eam com\u00a0<a data-log-q=\"photosensor\" data-log-le=\"auto\">fotossensor\u00a0<\/a>para acender a luz quando escurecer. Essas luzes de barricada est\u00e3o dispon\u00edveis com l\u00e2mpadas de LED.<\/li>\n<\/ul>\n<\/li>\n<\/ul>\n<ul>\n<li style=\"list-style-type: none;\">\n<ul>\n<li data-spm-anchor-id=\"a2700.details.pronpeci14.i1.355140edZSoxmt\">Comumente usado para chamar a aten\u00e7\u00e3o dos motoristas para a constru\u00e7\u00e3o e reparos de estradas, fechamento de estradas, desvios e similares. Essa luz bruxuleante pode ser colocada em cima de barricadas, barreiras, cones, barris, postes e similares.<\/li>\n<\/ul>\n<\/li>\n<\/ul>\n<ul>\n<li style=\"list-style-type: none;\">\n<ul>\n<li>Normalmente, incluem uma base dimensionada para conter baterias, uma tampa na parte superior da base contendo v\u00e1rios componentes el\u00e9tricos e uma fonte de luz montada sobre a tampa dentro de uma lente de difus\u00e3o para ampliar o feixe da fonte de luz.<\/li>\n<\/ul>\n<\/li>\n<\/ul>\n<ul>\n<li style=\"list-style-type: none;\">\n<ul>\n<li>Reflete a luz automaticamente \u00e0 noite<\/li>\n<\/ul>\n<\/li>\n<\/ul>\n<ul>\n<li style=\"list-style-type: none;\">\n<ul>\n<li>Use o material de pp com alta resist\u00eancia anticolis\u00e3o, \u00e9 dur\u00e1vel e tem alta dura\u00e7\u00e3o da bateria<\/li>\n<\/ul>\n<\/li>\n<\/ul>\n<ul>\n<li style=\"list-style-type: none;\">\n<ul>\n<li data-spm-anchor-id=\"a2700.details.pronpeci14.i0.2ff22282p9ZhMX\">Design \u00e0 prova d'\u00e1gua, pode funcionar mesmo com chuva<\/li>\n<\/ul>\n<\/li>\n<\/ul>\n<h2><strong>L\u00e2mpadas solares de barricada l\u00e2mpadas de advert\u00eancia especifica\u00e7\u00e3o:<\/strong><\/h2>\n<table>\n<tbody>\n<tr>\n<td width=\"284\">N\u00ba do art.<\/td>\n<td width=\"284\">WL03<\/td>\n<\/tr>\n<tr>\n<td width=\"284\">Material<\/td>\n<td width=\"284\">Lente de 7\" e corpo de PP<\/td>\n<\/tr>\n<tr>\n<td width=\"284\">Fonte de luz<\/td>\n<td width=\"284\">2 LEDs de alto brilho<\/td>\n<\/tr>\n<tr>\n<td width=\"284\">Frequ\u00eancia do flash<\/td>\n<td width=\"284\">65+\/-10\/min<\/td>\n<\/tr>\n<tr>\n<td width=\"284\">Cor clara<\/td>\n<td width=\"284\">Vermelho ou amarelo<\/td>\n<\/tr>\n<tr>\n<td width=\"284\">Painel solar<\/td>\n<td width=\"284\">C\u00e9lula solar de silicone de alta qualidade<\/td>\n<\/tr>\n<tr>\n<td width=\"284\">Pot\u00eancia<\/td>\n<td width=\"284\">Bateria AA Mn-Fe recarreg\u00e1vel de 3,2 V de 0,4 W<\/td>\n<\/tr>\n<tr>\n<td width=\"284\">Fun\u00e7\u00e3o<\/td>\n<td width=\"284\">Flash e fechamento e tamb\u00e9m escolha brilho longo e flash<\/td>\n<\/tr>\n<tr>\n<td width=\"284\">Suporte de metal<\/td>\n<td width=\"284\">Sim<\/td>\n<\/tr>\n<\/tbody>\n<\/table>\n<p><img fetchpriority=\"high\" decoding=\"async\" class=\"alignnone size-full wp-image-977\" src=\"https:\/\/toprisesafety.com\/wp-content\/uploads\/2024\/08\/solar-warning-lamp_\u526f\u672c.jpg\" alt=\"\" width=\"500\" height=\"500\" \/><\/p>\n<p><img decoding=\"async\" class=\"alignnone size-full wp-image-975\" src=\"https:\/\/toprisesafety.com\/wp-content\/uploads\/2024\/08\/how-to-use.jpg\" alt=\"\" width=\"500\" height=\"400\" \/><\/p>\n<p><img decoding=\"async\" class=\"alignnone size-full wp-image-976\" src=\"https:\/\/toprisesafety.com\/wp-content\/uploads\/2024\/08\/application-of-warning-lights.jpg\" alt=\"\" width=\"500\" height=\"600\" \/><\/p>\n<p>O TOPRISE oferece suporte a v\u00e1rios estilos de personaliza\u00e7\u00e3o de l\u00e2mpadas de advert\u00eancia; clique para <a href=\"https:\/\/toprisesafety.com\/pt\/categoria-produto\/road-safety-products\/warning-lamp\/\">veja mais estilos de l\u00e2mpadas de advert\u00eancia.<\/a><\/p>\n<p>Se voc\u00ea n\u00e3o encontrar a l\u00e2mpada de advert\u00eancia necess\u00e1ria,<a href=\"https:\/\/toprisesafety.com\/pt\/contact-us\/\"> Entre em contato conosco;<\/a> Oferecemos suporte \u00e0 personaliza\u00e7\u00e3o especial.<\/p>","protected":false},"excerpt":{"rendered":"<p>N\u00ba do art.: WL03<\/p>\n<p>Cor: vermelho, amarelo ou azul<\/p>\n<p>Alimenta\u00e7\u00e3o: bateria AA Mn-Fe de 3,2 V recarreg\u00e1vel de 0,4 W<\/p>\n<p>Suporte de metal: Sim<\/p>\n<p>MOQ: 500PCS<\/p>","protected":false},"featured_media":5874,"template":"","meta":{"_acf_changed":false},"product_brand":[],"product_cat":[325,337],"product_tag":[178],"class_list":{"0":"post-5870","1":"product","2":"type-product","3":"status-publish","4":"has-post-thumbnail","6":"product_cat-road-safety-products","7":"product_cat-warning-lamp","8":"product_tag-solar-barricade-lamps-road-block-lamps","10":"first","11":"instock","12":"product-type-simple"},"acf":[],"_links":{"self":[{"href":"https:\/\/toprisesafety.com\/pt\/wp-json\/wp\/v2\/product\/5870"}],"collection":[{"href":"https:\/\/toprisesafety.com\/pt\/wp-json\/wp\/v2\/product"}],"about":[{"href":"https:\/\/toprisesafety.com\/pt\/wp-json\/wp\/v2\/types\/product"}],"wp:featuredmedia":[{"embeddable":true,"href":"https:\/\/toprisesafety.com\/pt\/wp-json\/wp\/v2\/media\/5874"}],"wp:attachment":[{"href":"https:\/\/toprisesafety.com\/pt\/wp-json\/wp\/v2\/media?parent=5870"}],"wp:term":[{"taxonomy":"product_brand","embeddable":true,"href":"https:\/\/toprisesafety.com\/pt\/wp-json\/wp\/v2\/product_brand?post=5870"},{"taxonomy":"product_cat","embeddable":true,"href":"https:\/\/toprisesafety.com\/pt\/wp-json\/wp\/v2\/product_cat?post=5870"},{"taxonomy":"product_tag","embeddable":true,"href":"https:\/\/toprisesafety.com\/pt\/wp-json\/wp\/v2\/product_tag?post=5870"}],"curies":[{"name":"wp","href":"https:\/\/api.w.org\/{rel}","templated":true}]}}