{"id":5865,"date":"2018-02-26T09:18:57","date_gmt":"2018-02-26T09:18:57","guid":{"rendered":"https:\/\/toprisesafety.com\/product\/pe-traffic-cone\/"},"modified":"2024-11-11T07:54:41","modified_gmt":"2024-11-11T07:54:41","slug":"pe-traffic-cone","status":"publish","type":"product","link":"https:\/\/toprisesafety.com\/pt\/produto\/pe-traffic-cone\/","title":{"rendered":"Cone de tr\u00e2nsito PE"},"content":{"rendered":"<p><strong>Cone de tr\u00e2nsito PE<\/strong><br \/>\nOs cones de tr\u00e2nsito s\u00e3o usados como barreiras nas estradas e indicadores de \u00e1reas proibidas<br \/>\nUsado para \u00e1reas de risco, utilit\u00e1rio para trabalhos em estradas, canteiros de obras, estacionamentos e \u00e1reas em geral que precisam de controle<br \/>\n<strong>Caracter\u00edsticas:<\/strong><\/p>\n<ul>\n<li style=\"list-style-type: none;\">\n<ul>\n<li>Misturado com pigmento de alta qualidade e aditivo anti-UV.<\/li>\n<\/ul>\n<\/li>\n<\/ul>\n<ul>\n<li style=\"list-style-type: none;\">\n<ul>\n<li>\u00c9 \u00e0 prova de sol, \u00e0 prova d'\u00e1gua, resistente ao calor, resistente ao frio, n\u00e3o emba\u00e7a, n\u00e3o perde a cor, etc.<\/li>\n<\/ul>\n<\/li>\n<\/ul>\n<ul>\n<li style=\"list-style-type: none;\">\n<ul>\n<li>A cor vermelha do cone e a manga refletiva branca s\u00e3o muito chamativas.<\/li>\n<\/ul>\n<\/li>\n<\/ul>\n<ul>\n<li style=\"list-style-type: none;\">\n<ul>\n<li>\u00c0 noite, ele pode refletir a luz ofuscante e fazer com que o motorista veja claramente.<\/li>\n<\/ul>\n<\/li>\n<\/ul>\n<ul>\n<li style=\"list-style-type: none;\">\n<ul>\n<li>\u00c9 usado no cruzamento de estradas, manuten\u00e7\u00e3o de rodovias, hot\u00e9is, bairros residenciais, zonas perigosas, canteiros de obras e assim por diante.<\/li>\n<\/ul>\n<\/li>\n<\/ul>\n<h2><strong>Especifica\u00e7\u00f5es do cone de tr\u00e2nsito PE:<\/strong><\/h2>\n<table>\n<tbody>\n<tr>\n<td width=\"142\">N\u00ba do art.<\/td>\n<td width=\"142\">TC01-50<\/td>\n<td width=\"142\">TC01-75<\/td>\n<td width=\"142\">TC01-100<\/td>\n<\/tr>\n<tr>\n<td width=\"142\">Altura<\/td>\n<td width=\"142\">50CM<\/td>\n<td width=\"142\">75CM<\/td>\n<td width=\"142\">100CM<\/td>\n<\/tr>\n<tr>\n<td width=\"142\">Tamanho da base<\/td>\n<td width=\"142\">30*30CM<\/td>\n<td width=\"142\">38*38CM<\/td>\n<td width=\"142\">49*49CM<\/td>\n<\/tr>\n<tr>\n<td width=\"142\">Peso<\/td>\n<td width=\"142\">1.5KGS<\/td>\n<td width=\"142\">2.5KGS<\/td>\n<td width=\"142\">5KGS<\/td>\n<\/tr>\n<tr>\n<td width=\"142\">Tamanho da fita refletiva<\/td>\n<td width=\"142\">11CM uma barra<\/td>\n<td width=\"142\">22CM uma barra<\/td>\n<td width=\"142\">32CM uma barra<\/td>\n<\/tr>\n<tr>\n<td width=\"142\">Embalagem<\/td>\n<td width=\"142\">20 PE\u00c7AS\/SACO DE KIT<\/td>\n<td width=\"142\">10 PE\u00c7AS\/SACO DE KIT<\/td>\n<td width=\"142\">5 PE\u00c7AS\/SACO DE KIT<\/td>\n<\/tr>\n<\/tbody>\n<\/table>","protected":false},"excerpt":{"rendered":"<p>N\u00ba do art.: TC01-50\/75\/100<\/p>\n<p>Tamanho: 50CM\/75CM\/100CM<\/p>\n<p>Cor: topo vermelho, base preta<\/p>\n<p>MOQ:500PCS<\/p>","protected":false},"featured_media":5866,"template":"","meta":{"_acf_changed":false},"product_brand":[],"product_cat":[325],"product_tag":[175],"class_list":{"0":"post-5865","1":"product","2":"type-product","3":"status-publish","4":"has-post-thumbnail","6":"product_cat-road-safety-products","7":"product_tag-pe-traffic-cone","9":"first","10":"instock","11":"product-type-simple"},"acf":[],"_links":{"self":[{"href":"https:\/\/toprisesafety.com\/pt\/wp-json\/wp\/v2\/product\/5865"}],"collection":[{"href":"https:\/\/toprisesafety.com\/pt\/wp-json\/wp\/v2\/product"}],"about":[{"href":"https:\/\/toprisesafety.com\/pt\/wp-json\/wp\/v2\/types\/product"}],"wp:featuredmedia":[{"embeddable":true,"href":"https:\/\/toprisesafety.com\/pt\/wp-json\/wp\/v2\/media\/5866"}],"wp:attachment":[{"href":"https:\/\/toprisesafety.com\/pt\/wp-json\/wp\/v2\/media?parent=5865"}],"wp:term":[{"taxonomy":"product_brand","embeddable":true,"href":"https:\/\/toprisesafety.com\/pt\/wp-json\/wp\/v2\/product_brand?post=5865"},{"taxonomy":"product_cat","embeddable":true,"href":"https:\/\/toprisesafety.com\/pt\/wp-json\/wp\/v2\/product_cat?post=5865"},{"taxonomy":"product_tag","embeddable":true,"href":"https:\/\/toprisesafety.com\/pt\/wp-json\/wp\/v2\/product_tag?post=5865"}],"curies":[{"name":"wp","href":"https:\/\/api.w.org\/{rel}","templated":true}]}}