{"id":5861,"date":"2018-02-26T09:55:22","date_gmt":"2018-02-26T09:55:22","guid":{"rendered":"https:\/\/toprisesafety.com\/product\/cheap-pvc-traffic-cone-safety-cones\/"},"modified":"2024-11-11T07:54:19","modified_gmt":"2024-11-11T07:54:19","slug":"cheap-pvc-traffic-cone-safety-cones","status":"publish","type":"product","link":"https:\/\/toprisesafety.com\/pt\/produto\/cheap-pvc-traffic-cone-safety-cones\/","title":{"rendered":"Cones de seguran\u00e7a de PVC baratos para cones de tr\u00e2nsito"},"content":{"rendered":"<p><strong>Cone de tr\u00e1fego de PVC barato<\/strong><br \/>\nO cone de tr\u00e2nsito de PVC vermelho pode ser torcido e pressionado em 180 graus. Ele tamb\u00e9m pode se reintegrar quando a parte superior toca o ch\u00e3o, com alta flexibilidade contra o atropelamento e o impacto dos carros. Devido \u00e0 sua boa resist\u00eancia a intemp\u00e9ries, n\u00e3o se deforma em altas temperaturas de 65\u00b0C e n\u00e3o enlouquece em baixas temperaturas de -30\u00b0C. Altamente refletivo, com bons efeitos de advert\u00eancia tanto de dia quanto de noite, anti-UV, resistente ao envelhecimento e dur\u00e1vel. Esse cone de tr\u00e2nsito tem um perfil de corpo largo para maior estabilidade. O cone \u00e9 moldado por inje\u00e7\u00e3o com base preta. Dirija para a estrada, separando a fun\u00e7\u00e3o de advert\u00eancia.<br \/>\n<strong>Caracter\u00edsticas:\u00a0<\/strong><\/p>\n<ul>\n<li style=\"list-style-type: none;\">\n<ul>\n<li>Feito de material de PVC de alta qualidade<\/li>\n<\/ul>\n<\/li>\n<\/ul>\n<ul>\n<li style=\"list-style-type: none;\">\n<ul>\n<li>\u00c9 \u00e0 prova de sol, \u00e0 prova d'\u00e1gua, resistente ao calor, resistente ao frio, n\u00e3o emba\u00e7a, n\u00e3o perde a cor, etc.<\/li>\n<\/ul>\n<\/li>\n<\/ul>\n<ul>\n<li style=\"list-style-type: none;\">\n<ul>\n<li>A cor vermelha do cone e a manga refletiva branca s\u00e3o muito chamativas.<\/li>\n<\/ul>\n<\/li>\n<\/ul>\n<ul>\n<li style=\"list-style-type: none;\">\n<ul>\n<li>\u00c0 noite, ele pode refletir a luz ofuscante e fazer com que o motorista veja claramente.<\/li>\n<\/ul>\n<\/li>\n<\/ul>\n<ul>\n<li style=\"list-style-type: none;\">\n<ul>\n<li>\u00c9 usado no cruzamento de estradas, manuten\u00e7\u00e3o de rodovias, hot\u00e9is, bairros residenciais, zonas perigosas, canteiros de obras e assim por diante.<\/li>\n<\/ul>\n<\/li>\n<\/ul>\n<h2><strong>Especifica\u00e7\u00e3o do cone de tr\u00e1fego de PVC barato:\u00a0<\/strong><\/h2>\n<table>\n<tbody>\n<tr>\n<td width=\"94\">N\u00ba do art.<\/td>\n<td width=\"136\">TC03-45<\/td>\n<td width=\"151\">TC04-70<\/td>\n<td width=\"139\">TC05-90<\/td>\n<\/tr>\n<tr>\n<td width=\"94\">Altura<\/td>\n<td width=\"136\">45CM<\/td>\n<td width=\"151\">70CM<\/td>\n<td width=\"139\">90CM<\/td>\n<\/tr>\n<tr>\n<td width=\"94\">Tamanho da base<\/td>\n<td width=\"136\">28*28CM<\/td>\n<td width=\"151\">36*36CM<\/td>\n<td width=\"139\">36*36CM<\/td>\n<\/tr>\n<tr>\n<td width=\"94\">Peso<\/td>\n<td width=\"136\">1.6KGS<\/td>\n<td width=\"151\">2.3KGS<\/td>\n<td width=\"139\">4,1 KGS<\/td>\n<\/tr>\n<tr>\n<td width=\"94\">Tamanho da fita refletiva<\/td>\n<td width=\"136\">10CM uma barra<\/td>\n<td width=\"151\">15CM uma barra<\/td>\n<td width=\"139\">10+15CM duas barras<\/td>\n<\/tr>\n<tr>\n<td width=\"94\">Embalagem<\/td>\n<td width=\"136\">20 PE\u00c7AS\/SACO DE KIT<\/td>\n<td width=\"151\">10 PE\u00c7AS\/SACO DE KIT<\/td>\n<td width=\"139\">5 PE\u00c7AS\/SACO DE KIT<\/td>\n<\/tr>\n<\/tbody>\n<\/table>","protected":false},"excerpt":{"rendered":"<p>N\u00ba do art.: TC03-45\/70\/90<\/p>\n<p>Tamanho: 45CM\/70CM\/90CM<\/p>\n<p>Cor: topo vermelho, base preta<\/p>\n<p>MOQ:500PCS<\/p>","protected":false},"featured_media":5862,"template":"","meta":{"_acf_changed":false},"product_brand":[],"product_cat":[325],"product_tag":[173],"class_list":{"0":"post-5861","1":"product","2":"type-product","3":"status-publish","4":"has-post-thumbnail","6":"product_cat-road-safety-products","7":"product_tag-cheap-red-pvc-traffic-cone","9":"first","10":"instock","11":"product-type-simple"},"acf":[],"_links":{"self":[{"href":"https:\/\/toprisesafety.com\/pt\/wp-json\/wp\/v2\/product\/5861"}],"collection":[{"href":"https:\/\/toprisesafety.com\/pt\/wp-json\/wp\/v2\/product"}],"about":[{"href":"https:\/\/toprisesafety.com\/pt\/wp-json\/wp\/v2\/types\/product"}],"wp:featuredmedia":[{"embeddable":true,"href":"https:\/\/toprisesafety.com\/pt\/wp-json\/wp\/v2\/media\/5862"}],"wp:attachment":[{"href":"https:\/\/toprisesafety.com\/pt\/wp-json\/wp\/v2\/media?parent=5861"}],"wp:term":[{"taxonomy":"product_brand","embeddable":true,"href":"https:\/\/toprisesafety.com\/pt\/wp-json\/wp\/v2\/product_brand?post=5861"},{"taxonomy":"product_cat","embeddable":true,"href":"https:\/\/toprisesafety.com\/pt\/wp-json\/wp\/v2\/product_cat?post=5861"},{"taxonomy":"product_tag","embeddable":true,"href":"https:\/\/toprisesafety.com\/pt\/wp-json\/wp\/v2\/product_tag?post=5861"}],"curies":[{"name":"wp","href":"https:\/\/api.w.org\/{rel}","templated":true}]}}