{"id":5859,"date":"2018-02-28T02:43:02","date_gmt":"2018-02-28T02:43:02","guid":{"rendered":"https:\/\/toprisesafety.com\/product\/pe-warning-tape\/"},"modified":"2024-11-11T07:54:08","modified_gmt":"2024-11-11T07:54:08","slug":"pe-warning-tape","status":"publish","type":"product","link":"https:\/\/toprisesafety.com\/pt\/produto\/pe-warning-tape\/","title":{"rendered":"Fita de advert\u00eancia PE"},"content":{"rendered":"<p><strong>Fita de advert\u00eancia PE<\/strong><\/p>\n<ul>\n<li style=\"list-style-type: none;\">\n<ul>\n<li>Safety First: desempenha um papel fundamental nas \u00e1reas de seguran\u00e7a<\/li>\n<\/ul>\n<\/li>\n<\/ul>\n<ul>\n<li style=\"list-style-type: none;\">\n<ul>\n<li>Alta visibilidade ao entrar em uma \u00e1rea de risco.<\/li>\n<\/ul>\n<\/li>\n<\/ul>\n<ul>\n<li style=\"list-style-type: none;\">\n<ul>\n<li>Resistente a rasgos e f\u00e1cil de usar: feito de polietileno, que \u00e9 muito dur\u00e1vel, perfeito para \u00e1reas perigosas.<\/li>\n<\/ul>\n<\/li>\n<\/ul>\n<ul>\n<li style=\"list-style-type: none;\">\n<ul>\n<li data-spm-anchor-id=\"a2700.details.pronpeci14.i0.41a8396ajqw88n\">Aplica\u00e7\u00e3o: alertas de seguran\u00e7a, alertas de tr\u00e1fego, sinaliza\u00e7\u00e3o de estradas, grades de prote\u00e7\u00e3o de constru\u00e7\u00e3o, segrega\u00e7\u00e3o de cenas de crimes, isolamento de emerg\u00eancia e quarentena para outras ocasi\u00f5es especiais, etc.<\/li>\n<\/ul>\n<\/li>\n<\/ul>\n<ul>\n<li style=\"list-style-type: none;\">\n<ul>\n<li data-spm-anchor-id=\"a2700.details.pronpeci14.i0.41a8396ajqw88n\">Amplamente utilizado nos setores de petr\u00f3leo\/g\u00e1s, telecomunica\u00e7\u00f5es, petroqu\u00edmica, \u00e1gua e esgoto e na instala\u00e7\u00e3o de tubula\u00e7\u00f5es n\u00e3o met\u00e1licas. Ele foi projetado para ser enterrado acima do utilit\u00e1rio no momento da instala\u00e7\u00e3o do utilit\u00e1rio.<\/li>\n<\/ul>\n<\/li>\n<\/ul>\n<ul>\n<li style=\"list-style-type: none;\">\n<ul>\n<li data-spm-anchor-id=\"a2700.details.pronpeci14.i0.41a8396ajqw88n\">Resiste \u00e0 umidade, \u00e0 corros\u00e3o e \u00e0s varia\u00e7\u00f5es de temperatura<\/li>\n<\/ul>\n<\/li>\n<\/ul>\n<h2><strong>Especifica\u00e7\u00f5es da fita de advert\u00eancia PE:<\/strong><\/h2>\n<table>\n<tbody>\n<tr>\n<td width=\"284\">N\u00ba do art.<\/td>\n<td width=\"284\">WT01<\/td>\n<\/tr>\n<tr>\n<td width=\"284\">Material<\/td>\n<td width=\"284\">PEBD<\/td>\n<\/tr>\n<tr>\n<td width=\"284\">Espessura<\/td>\n<td width=\"284\">30 m\u00edcrons-150 m\u00edcrons (0,03 mm-0,15 mm) ou personalizado<\/td>\n<\/tr>\n<tr>\n<td width=\"284\">Comprimento<\/td>\n<td width=\"284\">100M-600M ou personalizado<\/td>\n<\/tr>\n<tr>\n<td width=\"284\">Cor<\/td>\n<td width=\"284\">Vermelho\/branco, amarelo\/preto ou personalizado<\/td>\n<\/tr>\n<tr>\n<td width=\"284\">Impress\u00e3o de logotipo<\/td>\n<td width=\"284\">Dispon\u00edvel<\/td>\n<\/tr>\n<\/tbody>\n<\/table>\n<p>&nbsp;<\/p>","protected":false},"excerpt":{"rendered":"<p>N\u00ba do art.: WT01<\/p>\n<p>Espessura: 30 m\u00edcron-150 m\u00edcron (0,03 mm-0,15 mm) ou personalizado<\/p>\n<p>Comprimento: 100-600M ou personalizado<\/p>\n<p>MOQ: 500-1000 ROLOS<\/p>","protected":false},"featured_media":5860,"template":"","meta":{"_acf_changed":false},"product_brand":[],"product_cat":[336,325],"product_tag":[171],"class_list":{"0":"post-5859","1":"product","2":"type-product","3":"status-publish","4":"has-post-thumbnail","6":"product_cat-pe-warning-tape-detectable-underground-warning-tape","7":"product_cat-road-safety-products","8":"product_tag-pe-warning-tape","10":"first","11":"instock","12":"product-type-simple"},"acf":[],"_links":{"self":[{"href":"https:\/\/toprisesafety.com\/pt\/wp-json\/wp\/v2\/product\/5859"}],"collection":[{"href":"https:\/\/toprisesafety.com\/pt\/wp-json\/wp\/v2\/product"}],"about":[{"href":"https:\/\/toprisesafety.com\/pt\/wp-json\/wp\/v2\/types\/product"}],"wp:featuredmedia":[{"embeddable":true,"href":"https:\/\/toprisesafety.com\/pt\/wp-json\/wp\/v2\/media\/5860"}],"wp:attachment":[{"href":"https:\/\/toprisesafety.com\/pt\/wp-json\/wp\/v2\/media?parent=5859"}],"wp:term":[{"taxonomy":"product_brand","embeddable":true,"href":"https:\/\/toprisesafety.com\/pt\/wp-json\/wp\/v2\/product_brand?post=5859"},{"taxonomy":"product_cat","embeddable":true,"href":"https:\/\/toprisesafety.com\/pt\/wp-json\/wp\/v2\/product_cat?post=5859"},{"taxonomy":"product_tag","embeddable":true,"href":"https:\/\/toprisesafety.com\/pt\/wp-json\/wp\/v2\/product_tag?post=5859"}],"curies":[{"name":"wp","href":"https:\/\/api.w.org\/{rel}","templated":true}]}}