{"id":5852,"date":"2018-02-28T03:47:32","date_gmt":"2018-02-28T03:47:32","guid":{"rendered":"https:\/\/toprisesafety.com\/product\/underground-detectable-warning-tape\/"},"modified":"2025-05-07T07:53:48","modified_gmt":"2025-05-07T07:53:48","slug":"underground-detectable-warning-tape","status":"publish","type":"product","link":"https:\/\/toprisesafety.com\/pt\/produto\/underground-detectable-warning-tape\/","title":{"rendered":"Fita de advert\u00eancia detect\u00e1vel no subsolo"},"content":{"rendered":"<p><strong>Fita de advert\u00eancia detect\u00e1vel no subsolo <\/strong><\/p>\n<ul>\n<li style=\"list-style-type: none;\">\n<ul>\n<li>Mainly used to mark on the underground pipe, such as water pipe, gas pipe, telephone cable liner, fiber cable etc. It will be helpful to prevent damage when digging.<\/li>\n<\/ul>\n<\/li>\n<\/ul>\n<ul>\n<li style=\"list-style-type: none;\">\n<ul>\n<li>Resiste \u00e0 umidade, \u00e0 corros\u00e3o e \u00e0s varia\u00e7\u00f5es de temperatura<\/li>\n<\/ul>\n<\/li>\n<\/ul>\n<ul>\n<li style=\"list-style-type: none;\">\n<ul>\n<li><span data-spm-anchor-id=\"a2700.details.pronpeci14.i0.6dd45dc6lOYHod\">High strength and durable and detectable\u00a0<\/span><\/li>\n<\/ul>\n<\/li>\n<\/ul>\n<ul>\n<li style=\"list-style-type: none;\">\n<ul>\n<li>Bright color<\/li>\n<\/ul>\n<\/li>\n<\/ul>\n<ul>\n<li style=\"list-style-type: none;\">\n<ul>\n<li>Made from thin sheets of bi-oriented polypropylene (PE\/ AL FOIL\/ OPP)<\/li>\n<\/ul>\n<\/li>\n<\/ul>\n<ul>\n<li style=\"list-style-type: none;\">\n<ul>\n<li>Prevent the dangers of digging into buried water and sewer pipes which causes service interruptions.<\/li>\n<\/ul>\n<\/li>\n<\/ul>\n<ul>\n<li style=\"list-style-type: none;\">\n<ul>\n<li>Superior tensile strength and puncture resistance making.<\/li>\n<\/ul>\n<\/li>\n<\/ul>\n<ul>\n<li style=\"list-style-type: none;\">\n<ul>\n<li>Protect pipes for years from accidental digging.<\/li>\n<\/ul>\n<\/li>\n<\/ul>\n<ul>\n<li style=\"list-style-type: none;\">\n<ul>\n<li>Customer&#8217;s printing such as company name, logo, phone no. etc.are available<\/li>\n<\/ul>\n<\/li>\n<\/ul>\n<h2><strong>Underground detectable warning tape specification:<\/strong><\/h2>\n<table>\n<tbody>\n<tr>\n<td width=\"284\">N\u00ba do art.<\/td>\n<td width=\"284\">AWT04<\/td>\n<\/tr>\n<tr>\n<td width=\"284\">Material<\/td>\n<td width=\"284\">OPP\/AL\/PE<\/td>\n<\/tr>\n<tr>\n<td width=\"284\">Espessura<\/td>\n<td width=\"284\">100mic~300mic\u00a0(0.1mm-0.3mm)<\/td>\n<\/tr>\n<tr>\n<td width=\"284\">Largura<\/td>\n<td width=\"284\">5CM, 7.5CM, 10CM, 15CM, 30CM etc.<\/td>\n<\/tr>\n<tr>\n<td width=\"284\">Comprimento<\/td>\n<td width=\"284\">100,200,300,500M or customized<\/td>\n<\/tr>\n<tr>\n<td width=\"284\">Cor<\/td>\n<td width=\"284\">Blue, Red, Green,etc.<\/td>\n<\/tr>\n<tr>\n<td width=\"284\">Logotipo<\/td>\n<td width=\"284\">Normalmente, uma cor. No m\u00e1ximo 4 cores para o logotipo do cliente, incluindo nome, tel, etc.<\/td>\n<\/tr>\n<\/tbody>\n<\/table>","protected":false},"excerpt":{"rendered":"<p>Art No.: AWT04<\/p>\n<p>Thickness: 100mic~300mic\u00a0(0.1mm-0.3mm)<\/p>\n<p>Width:\u00a05CM, 7.5CM, 10CM, 15CM, 30CM etc.<\/p>\n<p>Length: 100,200,300,500M or customized<\/p>\n<p>MOQ: 500-1000 ROLLS<\/p>","protected":false},"featured_media":5853,"template":"","meta":{"_acf_changed":false},"product_brand":[],"product_cat":[336,325],"product_tag":[166,167],"class_list":{"0":"post-5852","1":"product","2":"type-product","3":"status-publish","4":"has-post-thumbnail","6":"product_cat-pe-warning-tape-detectable-underground-warning-tape","7":"product_cat-road-safety-products","8":"product_tag-detectable-warning-tape","9":"product_tag-underground-detectable-warning-tape","11":"first","12":"instock","13":"product-type-simple"},"acf":[],"_links":{"self":[{"href":"https:\/\/toprisesafety.com\/pt\/wp-json\/wp\/v2\/product\/5852"}],"collection":[{"href":"https:\/\/toprisesafety.com\/pt\/wp-json\/wp\/v2\/product"}],"about":[{"href":"https:\/\/toprisesafety.com\/pt\/wp-json\/wp\/v2\/types\/product"}],"wp:featuredmedia":[{"embeddable":true,"href":"https:\/\/toprisesafety.com\/pt\/wp-json\/wp\/v2\/media\/5853"}],"wp:attachment":[{"href":"https:\/\/toprisesafety.com\/pt\/wp-json\/wp\/v2\/media?parent=5852"}],"wp:term":[{"taxonomy":"product_brand","embeddable":true,"href":"https:\/\/toprisesafety.com\/pt\/wp-json\/wp\/v2\/product_brand?post=5852"},{"taxonomy":"product_cat","embeddable":true,"href":"https:\/\/toprisesafety.com\/pt\/wp-json\/wp\/v2\/product_cat?post=5852"},{"taxonomy":"product_tag","embeddable":true,"href":"https:\/\/toprisesafety.com\/pt\/wp-json\/wp\/v2\/product_tag?post=5852"}],"curies":[{"name":"wp","href":"https:\/\/api.w.org\/{rel}","templated":true}]}}