{"id":5850,"date":"2018-02-28T04:08:59","date_gmt":"2018-02-28T04:08:59","guid":{"rendered":"https:\/\/toprisesafety.com\/product\/pe-safety-fence-snow-fence\/"},"modified":"2024-11-11T07:53:29","modified_gmt":"2024-11-11T07:53:29","slug":"pe-safety-fence-snow-fence","status":"publish","type":"product","link":"https:\/\/toprisesafety.com\/pt\/produto\/pe-safety-fence-snow-fence\/","title":{"rendered":"Cerca de seguran\u00e7a PE para neve"},"content":{"rendered":"<p><strong>Cerca de seguran\u00e7a PE para neve\u00a0<\/strong><\/p>\n<ul>\n<li style=\"list-style-type: none;\">\n<ul>\n<li><span data-spm-anchor-id=\"a2700.details.pronpeci14.i1.7c144d05IYczvs\">A cerca de seguran\u00e7a tamb\u00e9m \u00e9 chamada de malha de barreira de advert\u00eancia e cerca de neve. <\/span><\/li>\n<\/ul>\n<\/li>\n<\/ul>\n<ul>\n<li style=\"list-style-type: none;\">\n<ul>\n<li><span data-spm-anchor-id=\"a2700.details.pronpeci14.i1.7c144d05IYczvs\">A cor principal \u00e9 laranja, projetada para alertar.<\/span><\/li>\n<\/ul>\n<\/li>\n<\/ul>\n<ul>\n<li style=\"list-style-type: none;\">\n<ul>\n<li>A tela de barreira laranja \u00e9 uma tela de pl\u00e1stico de polipropileno extrudado para cercar canteiros de obras, locais de constru\u00e7\u00e3o, \u00e1reas de eventos esportivos e para controle geral de multid\u00f5es e pedestres.<\/li>\n<\/ul>\n<\/li>\n<\/ul>\n<ul>\n<li style=\"list-style-type: none;\">\n<ul>\n<li>\u00c9 feito de material LDPE com UV, principalmente em orif\u00edcios retangulares e ovais.<\/li>\n<\/ul>\n<\/li>\n<\/ul>\n<ul>\n<li style=\"list-style-type: none;\">\n<ul>\n<li>H\u00e1 uma cor laranja brilhante e de alta visibilidade para o m\u00e1ximo de aviso.<\/li>\n<\/ul>\n<\/li>\n<\/ul>\n<h2><strong>Especifica\u00e7\u00e3o da cerca de seguran\u00e7a de PE para neve:<\/strong><\/h2>\n<table>\n<tbody>\n<tr>\n<td width=\"284\">N\u00ba do art.<\/td>\n<td width=\"284\">SF100<\/td>\n<\/tr>\n<tr>\n<td width=\"284\">Material<\/td>\n<td width=\"284\">PEBD<\/td>\n<\/tr>\n<tr>\n<td width=\"284\">Cor<\/td>\n<td width=\"284\">Laranja<\/td>\n<\/tr>\n<tr>\n<td width=\"284\">Peso<\/td>\n<td width=\"284\">56G\/SQM, 70G\/SQM, 100G\/SQM ou personalizado<\/td>\n<\/tr>\n<tr>\n<td width=\"284\">Largura<\/td>\n<td width=\"284\">1M, 1,2M, 1,5M, 1,8M ou personalizado<\/td>\n<\/tr>\n<tr>\n<td width=\"284\">Metros<\/td>\n<td width=\"284\">30M, 50M ou personalizado<\/td>\n<\/tr>\n<tr>\n<td width=\"284\">Embalagem<\/td>\n<td width=\"284\">Cada rolo em um saco pl\u00e1stico transparente<\/td>\n<\/tr>\n<tr>\n<td width=\"284\">Logotipo<\/td>\n<td width=\"284\">Papel colorido, adesivo etc. Est\u00e1 dispon\u00edvel<\/td>\n<\/tr>\n<\/tbody>\n<\/table>","protected":false},"excerpt":{"rendered":"<p>N\u00ba art. SF100<\/p>\n<p>Material: PEBD<\/p>\n<p>Tamanho: Personalizado<\/p>\n<p>Peso: 56G\/70G\/100G ou personalizado<\/p>\n<p>Cor: laranja<\/p>\n<p>MOQ: 500ROLLS<\/p>","protected":false},"featured_media":5851,"template":"","meta":{"_acf_changed":false},"product_brand":[],"product_cat":[325,334],"product_tag":[163,164],"class_list":{"0":"post-5850","1":"product","2":"type-product","3":"status-publish","4":"has-post-thumbnail","6":"product_cat-road-safety-products","7":"product_cat-safety-fence","8":"product_tag-pe-safety-fence","9":"product_tag-snow-fence","11":"first","12":"instock","13":"product-type-simple"},"acf":[],"_links":{"self":[{"href":"https:\/\/toprisesafety.com\/pt\/wp-json\/wp\/v2\/product\/5850"}],"collection":[{"href":"https:\/\/toprisesafety.com\/pt\/wp-json\/wp\/v2\/product"}],"about":[{"href":"https:\/\/toprisesafety.com\/pt\/wp-json\/wp\/v2\/types\/product"}],"wp:featuredmedia":[{"embeddable":true,"href":"https:\/\/toprisesafety.com\/pt\/wp-json\/wp\/v2\/media\/5851"}],"wp:attachment":[{"href":"https:\/\/toprisesafety.com\/pt\/wp-json\/wp\/v2\/media?parent=5850"}],"wp:term":[{"taxonomy":"product_brand","embeddable":true,"href":"https:\/\/toprisesafety.com\/pt\/wp-json\/wp\/v2\/product_brand?post=5850"},{"taxonomy":"product_cat","embeddable":true,"href":"https:\/\/toprisesafety.com\/pt\/wp-json\/wp\/v2\/product_cat?post=5850"},{"taxonomy":"product_tag","embeddable":true,"href":"https:\/\/toprisesafety.com\/pt\/wp-json\/wp\/v2\/product_tag?post=5850"}],"curies":[{"name":"wp","href":"https:\/\/api.w.org\/{rel}","templated":true}]}}