{"id":5848,"date":"2018-02-28T04:26:35","date_gmt":"2018-02-28T04:26:35","guid":{"rendered":"https:\/\/toprisesafety.com\/product\/work-coverall\/"},"modified":"2025-03-24T08:10:36","modified_gmt":"2025-03-24T08:10:36","slug":"work-coverall","status":"publish","type":"product","link":"https:\/\/toprisesafety.com\/pt\/produto\/work-coverall\/","title":{"rendered":"Macac\u00e3o de trabalho"},"content":{"rendered":"<p><strong>Macac\u00e3o de trabalho<\/strong><\/p>\n<ul>\n<li style=\"list-style-type: none;\">\n<ul>\n<li>Work Coverall which is used in a variety of works is made of high performance protective safety\u00a0textile with\u00a0the most advanced technology. They are comfortable to wear and reliable to protect you from dangerous industrial.<\/li>\n<\/ul>\n<\/li>\n<\/ul>\n<ul>\n<li style=\"list-style-type: none;\">\n<ul>\n<li>Add high visibility reflective tape as customer&#8217;s requirement.<\/li>\n<\/ul>\n<\/li>\n<\/ul>\n<ul>\n<li style=\"list-style-type: none;\">\n<ul>\n<li>We can according customer&#8217;s own design to make it.<\/li>\n<\/ul>\n<\/li>\n<\/ul>\n<ul>\n<li style=\"list-style-type: none;\">\n<ul>\n<li>Different material, customer size, customer logo, different color. customer design, washable.<\/li>\n<\/ul>\n<\/li>\n<\/ul>\n<ul>\n<li style=\"list-style-type: none;\">\n<ul>\n<li>Other fire-resistant material, anti-static material etc. we can according customer&#8217;s requirement.<\/li>\n<\/ul>\n<\/li>\n<\/ul>\n<ul>\n<li style=\"list-style-type: none;\">\n<ul>\n<li>Pocket design. Elastic waistline.ball pen pocket design.<\/li>\n<\/ul>\n<\/li>\n<\/ul>\n<ul>\n<li style=\"list-style-type: none;\">\n<ul>\n<li>Color fastened high quality material. Pre-shrink can be.<\/li>\n<\/ul>\n<\/li>\n<\/ul>\n<h2><strong>Work coverall specification:\u00a0<\/strong><\/h2>\n<table>\n<tbody>\n<tr>\n<td width=\"284\">N\u00ba do art.<\/td>\n<td width=\"284\">WC01<\/td>\n<\/tr>\n<tr>\n<td width=\"284\">Material<\/td>\n<td width=\"284\">100%cotton, T\/C 65\/35, T\/C 80\/20, 100%polyester<\/td>\n<\/tr>\n<tr>\n<td width=\"284\">Peso<\/td>\n<td width=\"284\">160\/180\/230G\/SQM or customized<\/td>\n<\/tr>\n<tr>\n<td width=\"284\">Cor<\/td>\n<td width=\"284\">Orange, green ,blue ,navy blue etc.<\/td>\n<\/tr>\n<tr>\n<td width=\"284\">Tamanho<\/td>\n<td width=\"284\">S-XXXL<\/td>\n<\/tr>\n<tr>\n<td width=\"284\">Logotipo<\/td>\n<td width=\"284\">Printing or embroidery<\/td>\n<\/tr>\n<\/tbody>\n<\/table>\n<p>A TOPRISE oferece suporte a v\u00e1rios estilos de personaliza\u00e7\u00e3o de roupas de trabalho; clique para<a href=\"https:\/\/toprisesafety.com\/pt\/categoria-produto\/personal-protective-equipment\/work-wear\/\"> veja mais estilos de roupas de trabalho.<\/a><\/p>\n<p>O NINGBO TOPRISE suporta a personaliza\u00e7\u00e3o de diferentes tecidos e estilos. Ele tamb\u00e9m oferece suporte \u00e0 personaliza\u00e7\u00e3o de pequenos lotes para atender \u00e0s necessidades de diferentes clientes.\u00a0<a href=\"https:\/\/toprisesafety.com\/pt\/contact-us\/\">Sinta-se \u00e0 vontade para entrar em contato conosco para personaliza\u00e7\u00e3o<\/a>.<\/p>\n<p>&nbsp;<\/p>","protected":false},"excerpt":{"rendered":"<p>Art No. WC01<\/p>\n<p>Material: 100%Cotton, T\/C 80\/20, T\/C 65\/35, 100%Polyester<\/p>\n<p>Weight: 160\/180\/230G\/SQM\u00a0 or customized<\/p>\n<p>Color: Orange, green, navy blue etc.<\/p>\n<p>Tamanho: S-XXXL<\/p>","protected":false},"featured_media":5846,"template":"","meta":{"_acf_changed":false},"product_brand":[],"product_cat":[330],"product_tag":[161],"class_list":{"0":"post-5848","1":"product","2":"type-product","3":"status-publish","4":"has-post-thumbnail","6":"product_cat-work-wear","7":"product_tag-work-coverall","9":"first","10":"instock","11":"product-type-simple"},"acf":[],"_links":{"self":[{"href":"https:\/\/toprisesafety.com\/pt\/wp-json\/wp\/v2\/product\/5848","targetHints":{"allow":["GET"]}}],"collection":[{"href":"https:\/\/toprisesafety.com\/pt\/wp-json\/wp\/v2\/product"}],"about":[{"href":"https:\/\/toprisesafety.com\/pt\/wp-json\/wp\/v2\/types\/product"}],"wp:featuredmedia":[{"embeddable":true,"href":"https:\/\/toprisesafety.com\/pt\/wp-json\/wp\/v2\/media\/5846"}],"wp:attachment":[{"href":"https:\/\/toprisesafety.com\/pt\/wp-json\/wp\/v2\/media?parent=5848"}],"wp:term":[{"taxonomy":"product_brand","embeddable":true,"href":"https:\/\/toprisesafety.com\/pt\/wp-json\/wp\/v2\/product_brand?post=5848"},{"taxonomy":"product_cat","embeddable":true,"href":"https:\/\/toprisesafety.com\/pt\/wp-json\/wp\/v2\/product_cat?post=5848"},{"taxonomy":"product_tag","embeddable":true,"href":"https:\/\/toprisesafety.com\/pt\/wp-json\/wp\/v2\/product_tag?post=5848"}],"curies":[{"name":"wp","href":"https:\/\/api.w.org\/{rel}","templated":true}]}}