{"id":5843,"date":"2018-02-28T05:01:27","date_gmt":"2018-02-28T05:01:27","guid":{"rendered":"https:\/\/toprisesafety.com\/product\/rain-suit-rubberized-rain-suit\/"},"modified":"2025-03-25T04:46:19","modified_gmt":"2025-03-25T04:46:19","slug":"rain-suit-rubberized-rain-suit","status":"publish","type":"product","link":"https:\/\/toprisesafety.com\/pt\/produto\/rain-suit-rubberized-rain-suit\/","title":{"rendered":"Roupa de chuva roupa de chuva emborrachada"},"content":{"rendered":"<p data-spm-anchor-id=\"a2700.details.pronpeci14.i1.65616b4csaT9Dx\"><strong>Roupa de chuva roupa de chuva emborrachada <\/strong><\/p>\n<ul>\n<li style=\"list-style-type: none;\">\n<ul>\n<li data-spm-anchor-id=\"a2700.details.pronpeci14.i1.65616b4csaT9Dx\">Poli\u00e9ster de alta resist\u00eancia com material revestido de PVC.<\/li>\n<\/ul>\n<\/li>\n<\/ul>\n<ul>\n<li style=\"list-style-type: none;\">\n<ul>\n<li data-spm-anchor-id=\"a2700.details.pronpeci14.i1.65616b4csaT9Dx\">100%\u00c0 prova d'\u00e1gua. \u00c0 prova de vento<\/li>\n<\/ul>\n<\/li>\n<\/ul>\n<ul>\n<li style=\"list-style-type: none;\">\n<ul>\n<li>Rainwear resists abrasion tears and provides solid protection from a variety of industrial compounds, acids and oils<\/li>\n<\/ul>\n<\/li>\n<\/ul>\n<ul>\n<li style=\"list-style-type: none;\">\n<ul>\n<li data-spm-anchor-id=\"a2700.details.pronpeci14.i0.65616b4csaT9Dx\">Feitos com mangas raglan, os ternos de duas pe\u00e7as consistem em palet\u00f3 e cal\u00e7a.<\/li>\n<\/ul>\n<\/li>\n<\/ul>\n<ul>\n<li style=\"list-style-type: none;\">\n<ul>\n<li data-spm-anchor-id=\"a2700.details.pronpeci14.i0.65616b4csaT9Dx\">Aplica\u00e7\u00e3o: equita\u00e7\u00e3o, constru\u00e7\u00e3o, minera\u00e7\u00e3o, pesca etc.<\/li>\n<\/ul>\n<\/li>\n<\/ul>\n<h2><strong>Rain suit rubberized rain suit specification:<\/strong><\/h2>\n<table>\n<tbody>\n<tr>\n<td width=\"284\">N\u00ba do art.<\/td>\n<td width=\"284\">RS170<\/td>\n<\/tr>\n<tr>\n<td width=\"284\">Material<\/td>\n<td width=\"284\">100% poli\u00e9ster com revestimento de pvc. Espessura de 0,18 mm, 0,2 mm etc.<\/td>\n<\/tr>\n<tr>\n<td width=\"284\">Tamanho<\/td>\n<td width=\"284\">S-XXXL<\/td>\n<\/tr>\n<tr>\n<td width=\"284\">Design<\/td>\n<td width=\"284\">Two pockets on jacket, 2 slants pockets on pant<\/td>\n<\/tr>\n<tr>\n<td width=\"284\">Fita refletiva<\/td>\n<td width=\"284\">De acordo com a exig\u00eancia do cliente para adicionar<\/td>\n<\/tr>\n<tr>\n<td width=\"284\">Cor<\/td>\n<td width=\"284\">Azul-marinho, preto, amarelo etc.<\/td>\n<\/tr>\n<tr>\n<td width=\"284\">Logotipo<\/td>\n<td width=\"284\">Etiqueta de pesco\u00e7o ou impress\u00e3o<\/td>\n<\/tr>\n<tr>\n<td width=\"284\">Embalagem<\/td>\n<td width=\"284\">1SET per same material bag<\/td>\n<\/tr>\n<\/tbody>\n<\/table>\n<p>A TOPRISE oferece suporte a v\u00e1rios estilos de personaliza\u00e7\u00e3o de roupas de chuva; clique para <a href=\"https:\/\/toprisesafety.com\/pt\/categoria-produto\/personal-protective-equipment\/rain-wear\/\">veja mais estilos de roupas de chuva.<\/a><\/p>\n<p>Se voc\u00ea n\u00e3o encontrar a roupa de chuva necess\u00e1ria, <a href=\"https:\/\/toprisesafety.com\/pt\/contact-us\/\">Entre em contato conosco<\/a>Oferecemos suporte \u00e0 personaliza\u00e7\u00e3o especial.<\/p>","protected":false},"excerpt":{"rendered":"<p>Art No.: RS170<\/p>\n<p>Material: poli\u00e9ster com revestimento de PVC<\/p>\n<p>Cor: azul-marinho, verde, amarelo etc.<\/p>\n<p>Tamanho: S-XXXL<\/p>","protected":false},"featured_media":5844,"template":"","meta":{"_acf_changed":false},"product_brand":[],"product_cat":[321],"product_tag":[154],"class_list":{"0":"post-5843","1":"product","2":"type-product","3":"status-publish","4":"has-post-thumbnail","6":"product_cat-rain-wear","7":"product_tag-rubberized-rain-suit","9":"first","10":"instock","11":"product-type-simple"},"acf":[],"_links":{"self":[{"href":"https:\/\/toprisesafety.com\/pt\/wp-json\/wp\/v2\/product\/5843"}],"collection":[{"href":"https:\/\/toprisesafety.com\/pt\/wp-json\/wp\/v2\/product"}],"about":[{"href":"https:\/\/toprisesafety.com\/pt\/wp-json\/wp\/v2\/types\/product"}],"wp:featuredmedia":[{"embeddable":true,"href":"https:\/\/toprisesafety.com\/pt\/wp-json\/wp\/v2\/media\/5844"}],"wp:attachment":[{"href":"https:\/\/toprisesafety.com\/pt\/wp-json\/wp\/v2\/media?parent=5843"}],"wp:term":[{"taxonomy":"product_brand","embeddable":true,"href":"https:\/\/toprisesafety.com\/pt\/wp-json\/wp\/v2\/product_brand?post=5843"},{"taxonomy":"product_cat","embeddable":true,"href":"https:\/\/toprisesafety.com\/pt\/wp-json\/wp\/v2\/product_cat?post=5843"},{"taxonomy":"product_tag","embeddable":true,"href":"https:\/\/toprisesafety.com\/pt\/wp-json\/wp\/v2\/product_tag?post=5843"}],"curies":[{"name":"wp","href":"https:\/\/api.w.org\/{rel}","templated":true}]}}