{"id":5838,"date":"2018-02-28T09:24:23","date_gmt":"2018-02-28T09:24:23","guid":{"rendered":"https:\/\/toprisesafety.com\/product\/pvc-rain-suit-pvc-polyester-pvc-rain-suit-pvc-polyester-rain-suit\/"},"modified":"2025-03-25T04:45:33","modified_gmt":"2025-03-25T04:45:33","slug":"heavy-duty-pvc-rain-suit","status":"publish","type":"product","link":"https:\/\/toprisesafety.com\/pt\/produto\/heavy-duty-pvc-rain-suit\/","title":{"rendered":"Fato de chuva em PVC resistente"},"content":{"rendered":"<p><strong>Fato de chuva de PVC para servi\u00e7os pesados Fato de chuva de PVC\/POLYESTER\/PVC Fato de chuva de PVC\/POLYESTER <\/strong><\/p>\n<ul>\n<li style=\"list-style-type: none;\">\n<ul>\n<li data-spm-anchor-id=\"a2700.details.pronpeci14.i1.65616b4csaT9Dx\">Material de PVC\/Poli\u00e9ster\/PVC ou PVC\/Poli\u00e9ster de alta resist\u00eancia<\/li>\n<\/ul>\n<\/li>\n<\/ul>\n<ul>\n<li style=\"list-style-type: none;\">\n<ul>\n<li data-spm-anchor-id=\"a2700.details.pronpeci14.i1.65616b4csaT9Dx\">Acabamento selado a quente<\/li>\n<\/ul>\n<\/li>\n<\/ul>\n<ul>\n<li style=\"list-style-type: none;\">\n<ul>\n<li data-spm-anchor-id=\"a2700.details.pronpeci14.i1.65616b4csaT9Dx\">Servi\u00e7o pesado<\/li>\n<\/ul>\n<\/li>\n<\/ul>\n<ul>\n<li style=\"list-style-type: none;\">\n<ul>\n<li data-spm-anchor-id=\"a2700.details.pronpeci14.i1.65616b4csaT9Dx\">100%\u00c0 prova d'\u00e1gua. \u00c0 prova de vento<\/li>\n<\/ul>\n<\/li>\n<\/ul>\n<ul>\n<li style=\"list-style-type: none;\">\n<ul>\n<li>O Rain wear resiste a rasgos por abras\u00e3o e oferece prote\u00e7\u00e3o s\u00f3lida contra uma variedade de compostos industriais, \u00e1cidos e \u00f3leos<\/li>\n<\/ul>\n<\/li>\n<\/ul>\n<ul>\n<li style=\"list-style-type: none;\">\n<ul>\n<li data-spm-anchor-id=\"a2700.details.pronpeci14.i0.65616b4csaT9Dx\">Feitos com mangas raglan, os ternos de duas pe\u00e7as consistem em palet\u00f3 e cal\u00e7a.<\/li>\n<\/ul>\n<\/li>\n<\/ul>\n<ul>\n<li style=\"list-style-type: none;\">\n<ul>\n<li data-spm-anchor-id=\"a2700.details.pronpeci14.i0.65616b4csaT9Dx\">Aplica\u00e7\u00e3o: equita\u00e7\u00e3o, constru\u00e7\u00e3o, minera\u00e7\u00e3o, pesca etc.<\/li>\n<\/ul>\n<\/li>\n<\/ul>\n<h2><strong>Fato de chuva de PVC para servi\u00e7os pesados Fato de chuva de PVC\/POLYESTER\/PVC Especifica\u00e7\u00e3o do fato de chuva de PVC\/POLYESTER:<\/strong><\/h2>\n<table>\n<tbody>\n<tr>\n<td width=\"284\">N\u00ba do art.<\/td>\n<td width=\"284\">RSP01<\/td>\n<\/tr>\n<tr>\n<td width=\"284\">Material<\/td>\n<td width=\"284\">PVC\/Poli\u00e9ster\/PVC, PVC\/Poli\u00e9ster .<\/td>\n<\/tr>\n<tr>\n<td width=\"284\">Tamanho<\/td>\n<td width=\"284\">S-XXXL<\/td>\n<\/tr>\n<tr>\n<td width=\"284\">Design<\/td>\n<td width=\"284\">Dois bolsos na jaqueta e dois bolsos inclinados na cal\u00e7a.<\/td>\n<\/tr>\n<tr>\n<td width=\"284\">Fita refletiva<\/td>\n<td width=\"284\">De acordo com a exig\u00eancia do cliente para adicionar<\/td>\n<\/tr>\n<tr>\n<td width=\"284\">Cor<\/td>\n<td width=\"284\">Azul-marinho, verde, amarelo etc.<\/td>\n<\/tr>\n<tr>\n<td width=\"284\">Logotipo<\/td>\n<td width=\"284\">Etiqueta de pesco\u00e7o ou impress\u00e3o<\/td>\n<\/tr>\n<tr>\n<td width=\"284\">Embalagem<\/td>\n<td width=\"284\">1 conjunto\/saco de polietileno<\/td>\n<\/tr>\n<\/tbody>\n<\/table>\n<p>A TOPRISE oferece suporte a v\u00e1rios estilos de personaliza\u00e7\u00e3o de roupas de chuva; clique para <a href=\"https:\/\/toprisesafety.com\/pt\/categoria-produto\/personal-protective-equipment\/rain-wear\/\">veja mais estilos de roupas de chuva.<\/a><\/p>\n<p>Se voc\u00ea n\u00e3o encontrar a roupa de chuva necess\u00e1ria, <a href=\"https:\/\/toprisesafety.com\/pt\/contact-us\/\">Entre em contato conosco<\/a>Oferecemos suporte \u00e0 personaliza\u00e7\u00e3o especial.<\/p>","protected":false},"excerpt":{"rendered":"<p>N\u00ba do art.: RSP01<\/p>\n<p>Material: PVC\/Poli\u00e9ster\/PVC, PVC\/Poli\u00e9ster.<\/p>\n<p>Cor: azul-marinho, verde, amarelo etc.<\/p>\n<p>Tamanho: S-XXXL<\/p>","protected":false},"featured_media":5839,"template":"","meta":{"_acf_changed":false},"product_brand":[],"product_cat":[321],"product_tag":[151,372],"class_list":{"0":"post-5838","1":"product","2":"type-product","3":"status-publish","4":"has-post-thumbnail","6":"product_cat-rain-wear","7":"product_tag-heavy-duty-pvc-rain-suit","8":"product_tag-pvc-raincoat","10":"first","11":"instock","12":"product-type-simple"},"acf":[],"_links":{"self":[{"href":"https:\/\/toprisesafety.com\/pt\/wp-json\/wp\/v2\/product\/5838"}],"collection":[{"href":"https:\/\/toprisesafety.com\/pt\/wp-json\/wp\/v2\/product"}],"about":[{"href":"https:\/\/toprisesafety.com\/pt\/wp-json\/wp\/v2\/types\/product"}],"wp:featuredmedia":[{"embeddable":true,"href":"https:\/\/toprisesafety.com\/pt\/wp-json\/wp\/v2\/media\/5839"}],"wp:attachment":[{"href":"https:\/\/toprisesafety.com\/pt\/wp-json\/wp\/v2\/media?parent=5838"}],"wp:term":[{"taxonomy":"product_brand","embeddable":true,"href":"https:\/\/toprisesafety.com\/pt\/wp-json\/wp\/v2\/product_brand?post=5838"},{"taxonomy":"product_cat","embeddable":true,"href":"https:\/\/toprisesafety.com\/pt\/wp-json\/wp\/v2\/product_cat?post=5838"},{"taxonomy":"product_tag","embeddable":true,"href":"https:\/\/toprisesafety.com\/pt\/wp-json\/wp\/v2\/product_tag?post=5838"}],"curies":[{"name":"wp","href":"https:\/\/api.w.org\/{rel}","templated":true}]}}