{"id":5832,"date":"2018-02-28T10:01:34","date_gmt":"2018-02-28T10:01:34","guid":{"rendered":"https:\/\/toprisesafety.com\/product\/back-support-belt\/"},"modified":"2025-04-14T06:35:59","modified_gmt":"2025-04-14T06:35:59","slug":"back-support-belt","status":"publish","type":"product","link":"https:\/\/toprisesafety.com\/pt\/produto\/back-support-belt\/","title":{"rendered":"Cinto de apoio para as costas"},"content":{"rendered":"<p><strong>Cinto de apoio para as costas<\/strong><\/p>\n<ul>\n<li style=\"list-style-type: none;\">\n<ul>\n<li><span data-spm-anchor-id=\"a2700.details.pronpeci14.i1.6d4a2325ESIc0m\">Alta elasticidade, melhor para sustentar a cintura e proteger a parte principal de sua cintura.<\/span><\/li>\n<\/ul>\n<\/li>\n<\/ul>\n<ul>\n<li style=\"list-style-type: none;\">\n<ul>\n<li>Postura correta: mantenha sua coluna alinhada e ereta o tempo todo.<\/li>\n<\/ul>\n<\/li>\n<\/ul>\n<ul>\n<li style=\"list-style-type: none;\">\n<ul>\n<li>Alivia a dor nas costas e mant\u00e9m a linha natural da v\u00e9rtebra lombar.<\/li>\n<\/ul>\n<\/li>\n<\/ul>\n<ul>\n<li style=\"list-style-type: none;\">\n<ul>\n<li><span data-spm-anchor-id=\"a2700.details.pronpeci14.i0.6d4a2325ESIc0m\">Fornece calor, suporte e compress\u00e3o para a regi\u00e3o lombar e melhora a flexibilidade.<\/span><\/li>\n<\/ul>\n<\/li>\n<\/ul>\n<ul>\n<li style=\"list-style-type: none;\">\n<ul>\n<li>Proporciona al\u00edvio confort\u00e1vel da dor lombar<\/li>\n<\/ul>\n<\/li>\n<\/ul>\n<ul>\n<li style=\"list-style-type: none;\">\n<ul>\n<li><span data-spm-anchor-id=\"a2700.details.pronpeci14.i0.5a21f461KRmQxt\">O Copper Back Belt \u00e9 um cintur\u00e3o de compress\u00e3o de desempenho que ajuda a aliviar a dor nas costas, a rigidez e a compress\u00e3o, fornecendo suporte di\u00e1rio.<\/span><\/li>\n<\/ul>\n<\/li>\n<\/ul>\n<ul>\n<li style=\"list-style-type: none;\">\n<ul>\n<li><span data-spm-anchor-id=\"a2700.details.pronpeci14.i1.5a21f461KRmQxt\">Ele \u00e9 usado ao redor da cintura. Esse cinto funciona comprimindo os m\u00fasculos para deix\u00e1-lo mais confort\u00e1vel e evitar mais les\u00f5es.<\/span><\/li>\n<\/ul>\n<\/li>\n<\/ul>\n<ul>\n<li style=\"list-style-type: none;\">\n<ul>\n<li>Suporte para as costas com suporte de barra PP.<\/li>\n<\/ul>\n<\/li>\n<\/ul>\n<ul>\n<li style=\"list-style-type: none;\">\n<ul>\n<li>Apoia e ajuda a fortalecer as costas e a corrigir a postura<\/li>\n<\/ul>\n<\/li>\n<\/ul>\n<ul>\n<li style=\"list-style-type: none;\">\n<ul>\n<li>Adequado para uso durante a recupera\u00e7\u00e3o de les\u00f5es<\/li>\n<\/ul>\n<\/li>\n<\/ul>\n<ul>\n<li style=\"list-style-type: none;\">\n<ul>\n<li>Pode ser apertado e afrouxado adequadamente<\/li>\n<\/ul>\n<\/li>\n<\/ul>\n<ul>\n<li style=\"list-style-type: none;\">\n<ul>\n<li>Ajuda a evitar les\u00f5es durante o levantamento de peso<\/li>\n<\/ul>\n<\/li>\n<\/ul>\n<ul>\n<li style=\"list-style-type: none;\">\n<ul>\n<li>Projetado para atletas profissionais de basquete, trabalhadores da constru\u00e7\u00e3o civil, jardineiros, trabalhadores rurais etc.<\/li>\n<\/ul>\n<\/li>\n<\/ul>\n<h2><strong>Especifica\u00e7\u00e3o do cinto de apoio para as costas:\u00a0<\/strong><\/h2>\n<table>\n<tbody>\n<tr>\n<td width=\"284\">ART NO.<\/td>\n<td width=\"284\">BS01<\/td>\n<\/tr>\n<tr>\n<td width=\"284\">Material<\/td>\n<td width=\"284\">El\u00e1stico, fivela, gancho e argola<\/td>\n<\/tr>\n<tr>\n<td width=\"284\">Cor<\/td>\n<td width=\"284\">Preto<\/td>\n<\/tr>\n<tr>\n<td width=\"284\">Tamanho<\/td>\n<td width=\"284\">S:28-32\u201d;M:32-38\u201d;L:38-46\u201d;XL:46-56\u201d; XXL:56-62\u201d;XXXL:62-68\u201d<\/td>\n<\/tr>\n<tr>\n<td width=\"284\">Logotipo do cliente<\/td>\n<td width=\"284\">Dispon\u00edvel<\/td>\n<\/tr>\n<tr>\n<td width=\"284\">Embalagem<\/td>\n<td width=\"284\">Caixa colorida, blister, cart\u00e3o de identifica\u00e7\u00e3o etc.<\/td>\n<\/tr>\n<\/tbody>\n<\/table>\n<p>O TOPRISE oferece suporte a v\u00e1rios estilos de personaliza\u00e7\u00e3o do cinto de suporte para as costas no trabalho; clique para <a href=\"https:\/\/toprisesafety.com\/pt\/categoria-produto\/personal-protective-equipment\/back-support-belt\/\">veja mais estilos de cintos de apoio para as costas.<\/a><\/p>\n<p>Se voc\u00ea n\u00e3o encontrar o cinto de suporte para as costas necess\u00e1rio para o trabalho, <a href=\"https:\/\/toprisesafety.com\/pt\/contact-us\/\">Entre em contato conosco<\/a>Oferecemos suporte \u00e0 personaliza\u00e7\u00e3o especial.<\/p>","protected":false},"excerpt":{"rendered":"<p>N\u00ba do art.: BS01<\/p>\n<p>Material: el\u00e1stico, fivela, gancho e argola<\/p>\n<p>Cor: preto<\/p>\n<p>Tamanho: S-XXXL<\/p>\n<p>MOQ: 1008PCS<\/p>","protected":false},"featured_media":5833,"template":"","meta":{"_acf_changed":false},"product_brand":[],"product_cat":[328],"product_tag":[146],"class_list":{"0":"post-5832","1":"product","2":"type-product","3":"status-publish","4":"has-post-thumbnail","6":"product_cat-back-support-belt","7":"product_tag-back-support-belt","9":"first","10":"instock","11":"product-type-simple"},"acf":[],"_links":{"self":[{"href":"https:\/\/toprisesafety.com\/pt\/wp-json\/wp\/v2\/product\/5832"}],"collection":[{"href":"https:\/\/toprisesafety.com\/pt\/wp-json\/wp\/v2\/product"}],"about":[{"href":"https:\/\/toprisesafety.com\/pt\/wp-json\/wp\/v2\/types\/product"}],"wp:featuredmedia":[{"embeddable":true,"href":"https:\/\/toprisesafety.com\/pt\/wp-json\/wp\/v2\/media\/5833"}],"wp:attachment":[{"href":"https:\/\/toprisesafety.com\/pt\/wp-json\/wp\/v2\/media?parent=5832"}],"wp:term":[{"taxonomy":"product_brand","embeddable":true,"href":"https:\/\/toprisesafety.com\/pt\/wp-json\/wp\/v2\/product_brand?post=5832"},{"taxonomy":"product_cat","embeddable":true,"href":"https:\/\/toprisesafety.com\/pt\/wp-json\/wp\/v2\/product_cat?post=5832"},{"taxonomy":"product_tag","embeddable":true,"href":"https:\/\/toprisesafety.com\/pt\/wp-json\/wp\/v2\/product_tag?post=5832"}],"curies":[{"name":"wp","href":"https:\/\/api.w.org\/{rel}","templated":true}]}}