{"id":5821,"date":"2018-02-28T11:37:50","date_gmt":"2018-02-28T11:37:50","guid":{"rendered":"https:\/\/toprisesafety.com\/product\/new-full-body-safety-harness\/"},"modified":"2025-04-15T06:12:41","modified_gmt":"2025-04-15T06:12:41","slug":"new-full-body-safety-harness","status":"publish","type":"product","link":"https:\/\/toprisesafety.com\/pt\/produto\/new-full-body-safety-harness\/","title":{"rendered":"Novo arn\u00eas de seguran\u00e7a de corpo inteiro"},"content":{"rendered":"<p><strong>Novo arn\u00eas de seguran\u00e7a de corpo inteiro<\/strong><\/p>\n<ul>\n<li style=\"list-style-type: none;\">\n<ul>\n<li>A s\u00e9rie de arn\u00eas de corpo inteiro \u00e9 feita de pe\u00e7as de cinta de poli\u00e9ster ou cinta de PP costuradas e conectadas por fivelas de metal. Essa configura\u00e7\u00e3o garante total seguran\u00e7a e conforto no trabalho<\/li>\n<\/ul>\n<\/li>\n<\/ul>\n<ul>\n<li style=\"list-style-type: none;\">\n<ul>\n<li>Liga de a\u00e7o, encaixe met\u00e1lico cromado<\/li>\n<\/ul>\n<\/li>\n<\/ul>\n<ul>\n<li style=\"list-style-type: none;\">\n<ul>\n<li>Amplamente usado para preven\u00e7\u00e3o de quedas, resgate, posicionamento de trabalho, trabalhos de acesso por corda, trabalho a\u00e9reo, prote\u00e7\u00e3o de constru\u00e7\u00e3o etc.<\/li>\n<\/ul>\n<\/li>\n<\/ul>\n<ul>\n<li style=\"list-style-type: none;\">\n<ul>\n<li><span data-spm-anchor-id=\"a2700.details.pronpeci14.i1.880c15bbTJGkIC\">Acess\u00edvel e f\u00e1cil de usar.<\/span><\/li>\n<\/ul>\n<\/li>\n<\/ul>\n<p><strong>Use o cinto de seguran\u00e7a corretamente para garantir a seguran\u00e7a:<\/strong><\/p>\n<ul>\n<li style=\"list-style-type: none;\">\n<ul>\n<li>Todas as correias est\u00e3o ajustadas corretamente (nem muito frouxas nem muito apertadas).<\/li>\n<\/ul>\n<\/li>\n<\/ul>\n<ul>\n<li style=\"list-style-type: none;\">\n<ul>\n<li>A fivela de fixa\u00e7\u00e3o das costas est\u00e1 posicionada corretamente no n\u00edvel das omoplatas.<\/li>\n<\/ul>\n<\/li>\n<\/ul>\n<ul>\n<li style=\"list-style-type: none;\">\n<ul>\n<li>A cinta peitoral frontal est\u00e1 posicionada corretamente no meio do peito.<\/li>\n<\/ul>\n<\/li>\n<\/ul>\n<ul>\n<li style=\"list-style-type: none;\">\n<ul>\n<li data-spm-anchor-id=\"a2700.details.pronpeci14.i3.27ca6304wHDyks\">As extremidades de todas as correias devem ser presas por presilhas de pl\u00e1stico.<\/li>\n<\/ul>\n<\/li>\n<\/ul>\n<h2><strong>Novas especifica\u00e7\u00f5es do arn\u00eas de seguran\u00e7a de corpo inteiro:\u00a0<\/strong><\/h2>\n<table>\n<tbody>\n<tr>\n<td width=\"284\">Art NO.<\/td>\n<td width=\"284\">SH03<\/td>\n<\/tr>\n<tr>\n<td width=\"284\">Material da cinta<\/td>\n<td width=\"284\">Poli\u00e9ster<\/td>\n<\/tr>\n<tr>\n<td width=\"284\">Tamanho da cinta<\/td>\n<td width=\"284\">4,5 CM<\/td>\n<\/tr>\n<tr>\n<td width=\"284\">Cor<\/td>\n<td width=\"284\">Vermelho\/azul<\/td>\n<\/tr>\n<tr>\n<td width=\"284\">Estrutura<\/td>\n<td width=\"284\">1 Ponto de fixa\u00e7\u00e3o traseiro com 4 pontos ajust\u00e1veis. Com cinto macio para posi\u00e7\u00e3o de trabalho, 2 pontos de argola em D<\/td>\n<\/tr>\n<tr>\n<td width=\"284\">Acess\u00f3rios met\u00e1licos<\/td>\n<td width=\"284\">Liga de a\u00e7o, liga de a\u00e7o, zincado<\/td>\n<\/tr>\n<tr>\n<td width=\"284\">Embalagem<\/td>\n<td width=\"284\">1 unidade\/caixa colorida ou saco de tecido n\u00e3o tecido preto, 10 unidades\/CTN<\/td>\n<\/tr>\n<\/tbody>\n<\/table>\n<p>O TOPRISE oferece suporte a v\u00e1rios estilos de personaliza\u00e7\u00e3o do cinto de seguran\u00e7a; clique para <a href=\"https:\/\/toprisesafety.com\/pt\/categoria-produto\/personal-protective-equipment\/safety-harness\/\">veja mais estilos de chicotes de seguran\u00e7a.<\/a><\/p>\n<p>Se voc\u00ea n\u00e3o encontrar os chicotes de seguran\u00e7a necess\u00e1rios, <a href=\"https:\/\/toprisesafety.com\/pt\/contact-us\/\">Entre em contato conosco<\/a>Oferecemos suporte \u00e0 personaliza\u00e7\u00e3o especial.<\/p>","protected":false},"excerpt":{"rendered":"<p>N\u00ba do art.: SH03<\/p>\n<p>Cor: vermelho\/azul<\/p>\n<p>MOQ: 500PCS<\/p>","protected":false},"featured_media":5822,"template":"","meta":{"_acf_changed":false},"product_brand":[],"product_cat":[327],"product_tag":[141],"class_list":{"0":"post-5821","1":"product","2":"type-product","3":"status-publish","4":"has-post-thumbnail","6":"product_cat-safety-harness","7":"product_tag-new-full-body-safety-harness","9":"first","10":"instock","11":"product-type-simple"},"acf":[],"_links":{"self":[{"href":"https:\/\/toprisesafety.com\/pt\/wp-json\/wp\/v2\/product\/5821"}],"collection":[{"href":"https:\/\/toprisesafety.com\/pt\/wp-json\/wp\/v2\/product"}],"about":[{"href":"https:\/\/toprisesafety.com\/pt\/wp-json\/wp\/v2\/types\/product"}],"wp:featuredmedia":[{"embeddable":true,"href":"https:\/\/toprisesafety.com\/pt\/wp-json\/wp\/v2\/media\/5822"}],"wp:attachment":[{"href":"https:\/\/toprisesafety.com\/pt\/wp-json\/wp\/v2\/media?parent=5821"}],"wp:term":[{"taxonomy":"product_brand","embeddable":true,"href":"https:\/\/toprisesafety.com\/pt\/wp-json\/wp\/v2\/product_brand?post=5821"},{"taxonomy":"product_cat","embeddable":true,"href":"https:\/\/toprisesafety.com\/pt\/wp-json\/wp\/v2\/product_cat?post=5821"},{"taxonomy":"product_tag","embeddable":true,"href":"https:\/\/toprisesafety.com\/pt\/wp-json\/wp\/v2\/product_tag?post=5821"}],"curies":[{"name":"wp","href":"https:\/\/api.w.org\/{rel}","templated":true}]}}