{"id":5811,"date":"2018-02-28T12:31:38","date_gmt":"2018-02-28T12:31:38","guid":{"rendered":"https:\/\/toprisesafety.com\/product\/energy-absorbed-double-hook-safety-rope\/"},"modified":"2025-04-15T06:09:24","modified_gmt":"2025-04-15T06:09:24","slug":"energy-absorbed-double-hook-safety-rope","status":"publish","type":"product","link":"https:\/\/toprisesafety.com\/pt\/produto\/energy-absorbed-double-hook-safety-rope\/","title":{"rendered":"Corda de seguran\u00e7a de gancho duplo com absor\u00e7\u00e3o de energia"},"content":{"rendered":"<p><strong>Corda de seguran\u00e7a de gancho duplo com absor\u00e7\u00e3o de energia <\/strong><\/p>\n<ul>\n<li style=\"list-style-type: none;\">\n<ul>\n<li>A s\u00e9rie de arn\u00eas de corpo inteiro \u00e9 feita de pe\u00e7as de cinta de poli\u00e9ster ou cinta de PP costuradas e conectadas por fivelas de metal. Essa configura\u00e7\u00e3o garante total seguran\u00e7a e conforto no trabalho<\/li>\n<\/ul>\n<\/li>\n<\/ul>\n<ul>\n<li style=\"list-style-type: none;\">\n<ul>\n<li>Liga de a\u00e7o, encaixe met\u00e1lico cromado<\/li>\n<\/ul>\n<\/li>\n<\/ul>\n<ul>\n<li style=\"list-style-type: none;\">\n<ul>\n<li>Amplamente usado para preven\u00e7\u00e3o de quedas, resgate, posicionamento de trabalho, trabalhos de acesso por corda, trabalho a\u00e9reo, prote\u00e7\u00e3o de constru\u00e7\u00e3o etc.<\/li>\n<\/ul>\n<\/li>\n<\/ul>\n<ul>\n<li style=\"list-style-type: none;\">\n<ul>\n<li><span data-spm-anchor-id=\"a2700.details.pronpeci14.i1.880c15bbTJGkIC\">Acess\u00edvel e f\u00e1cil de usar.<\/span><\/li>\n<\/ul>\n<\/li>\n<\/ul>\n<p><strong>Use o cinto de seguran\u00e7a corretamente para garantir a seguran\u00e7a:<\/strong><\/p>\n<ul>\n<li style=\"list-style-type: none;\">\n<ul>\n<li>Todas as correias est\u00e3o ajustadas corretamente (nem muito frouxas nem muito apertadas).<\/li>\n<\/ul>\n<\/li>\n<\/ul>\n<ul>\n<li style=\"list-style-type: none;\">\n<ul>\n<li>A fivela de fixa\u00e7\u00e3o das costas est\u00e1 posicionada corretamente no n\u00edvel das omoplatas.<\/li>\n<\/ul>\n<\/li>\n<\/ul>\n<ul>\n<li style=\"list-style-type: none;\">\n<ul>\n<li>A cinta peitoral frontal est\u00e1 posicionada corretamente no meio do peito.<\/li>\n<\/ul>\n<\/li>\n<\/ul>\n<ul>\n<li style=\"list-style-type: none;\">\n<ul>\n<li data-spm-anchor-id=\"a2700.details.pronpeci14.i3.27ca6304wHDyks\">As extremidades de todas as correias devem ser presas por presilhas de pl\u00e1stico.<\/li>\n<\/ul>\n<\/li>\n<\/ul>\n<h2><strong>Especifica\u00e7\u00f5es da corda de seguran\u00e7a de gancho duplo com absor\u00e7\u00e3o de energia:<\/strong><\/h2>\n<table>\n<tbody>\n<tr>\n<td width=\"284\">Art NO.<\/td>\n<td width=\"284\">SR05<\/td>\n<\/tr>\n<tr>\n<td width=\"284\">Material<\/td>\n<td width=\"284\">Poli\u00e9ster<\/td>\n<\/tr>\n<tr>\n<td width=\"284\">Largura da cinta da corda de seguran\u00e7a<\/td>\n<td width=\"284\">45 mm<\/td>\n<\/tr>\n<tr>\n<td width=\"284\">Comprimento do cabo de seguran\u00e7a<\/td>\n<td width=\"284\">150 mm<\/td>\n<\/tr>\n<tr>\n<td width=\"284\">Bolsa de absor\u00e7\u00e3o de energia integrada<\/td>\n<td width=\"284\">Sim<\/td>\n<\/tr>\n<tr>\n<td width=\"284\">Cor<\/td>\n<td width=\"284\">Branco<\/td>\n<\/tr>\n<tr>\n<td width=\"284\">Estrutura<\/td>\n<td width=\"284\">*2 ganchos de encaixe forjados, tamanho grande. Mosquet\u00e3o de seguran\u00e7a \u00fanico. Acess\u00f3rios met\u00e1licos: liga de a\u00e7o, cromado.<\/td>\n<\/tr>\n<tr>\n<td width=\"284\">Embalagem<\/td>\n<td width=\"284\">Caixa colorida<\/td>\n<\/tr>\n<\/tbody>\n<\/table>\n<p>O TOPRISE oferece suporte a v\u00e1rios estilos de personaliza\u00e7\u00e3o do cinto de seguran\u00e7a; clique para <a href=\"https:\/\/toprisesafety.com\/pt\/categoria-produto\/personal-protective-equipment\/safety-harness\/\">veja mais estilos de chicotes de seguran\u00e7a.<\/a><\/p>\n<p>Se voc\u00ea n\u00e3o encontrar os chicotes de seguran\u00e7a necess\u00e1rios, <a href=\"https:\/\/toprisesafety.com\/pt\/contact-us\/\">Entre em contato conosco<\/a>Oferecemos suporte \u00e0 personaliza\u00e7\u00e3o especial.<\/p>","protected":false},"excerpt":{"rendered":"<p>N\u00ba do art.: SR05<\/p>\n<p>Cor: laranja<\/p>\n<p>MOQ: 500PCS<\/p>","protected":false},"featured_media":5812,"template":"","meta":{"_acf_changed":false},"product_brand":[],"product_cat":[320,327],"product_tag":[135],"class_list":{"0":"post-5811","1":"product","2":"type-product","3":"status-publish","4":"has-post-thumbnail","6":"product_cat-personal-protective-equipment","7":"product_cat-safety-harness","8":"product_tag-energy-absorbed-double-hook-safety-rope","10":"first","11":"instock","12":"product-type-simple"},"acf":[],"_links":{"self":[{"href":"https:\/\/toprisesafety.com\/pt\/wp-json\/wp\/v2\/product\/5811"}],"collection":[{"href":"https:\/\/toprisesafety.com\/pt\/wp-json\/wp\/v2\/product"}],"about":[{"href":"https:\/\/toprisesafety.com\/pt\/wp-json\/wp\/v2\/types\/product"}],"wp:featuredmedia":[{"embeddable":true,"href":"https:\/\/toprisesafety.com\/pt\/wp-json\/wp\/v2\/media\/5812"}],"wp:attachment":[{"href":"https:\/\/toprisesafety.com\/pt\/wp-json\/wp\/v2\/media?parent=5811"}],"wp:term":[{"taxonomy":"product_brand","embeddable":true,"href":"https:\/\/toprisesafety.com\/pt\/wp-json\/wp\/v2\/product_brand?post=5811"},{"taxonomy":"product_cat","embeddable":true,"href":"https:\/\/toprisesafety.com\/pt\/wp-json\/wp\/v2\/product_cat?post=5811"},{"taxonomy":"product_tag","embeddable":true,"href":"https:\/\/toprisesafety.com\/pt\/wp-json\/wp\/v2\/product_tag?post=5811"}],"curies":[{"name":"wp","href":"https:\/\/api.w.org\/{rel}","templated":true}]}}