{"id":5809,"date":"2018-02-28T12:53:57","date_gmt":"2018-02-28T12:53:57","guid":{"rendered":"https:\/\/toprisesafety.com\/product\/safety-car-reflective-warning-triangle\/"},"modified":"2024-11-11T07:49:18","modified_gmt":"2024-11-11T07:49:18","slug":"safety-car-reflective-warning-triangle","status":"publish","type":"product","link":"https:\/\/toprisesafety.com\/pt\/produto\/safety-car-reflective-warning-triangle\/","title":{"rendered":"Tri\u00e2ngulo de advert\u00eancia refletivo para carros de seguran\u00e7a"},"content":{"rendered":"<p><strong>Tri\u00e2ngulo de advert\u00eancia refletivo para carros de seguran\u00e7a <\/strong><\/p>\n<p>O tri\u00e2ngulo de advert\u00eancia refletivo de seguran\u00e7a rodovi\u00e1ria para carros, caminh\u00f5es e \u00f4nibus deve fazer parte do kit de seguran\u00e7a de todos os ve\u00edculos. Em caso de pane ou emerg\u00eancia, mantenha voc\u00ea e seu ve\u00edculo em seguran\u00e7a, ficando vis\u00edvel para os motoristas que v\u00eam em sentido contr\u00e1rio. Equipado com 12 LEDs vermelhos intermitentes e uma superf\u00edcie refletiva, esse tri\u00e2ngulo de tr\u00e2nsito proporciona visibilidade extra. O tri\u00e2ngulo foi projetado com tr\u00eas \u00edm\u00e3s para facilitar a montagem em um ve\u00edculo e tr\u00eas ilh\u00f3s para pendurar.<\/p>\n<h2><strong>Especifica\u00e7\u00e3o do tri\u00e2ngulo de advert\u00eancia refletivo do safety car:<\/strong><\/h2>\n<table>\n<tbody>\n<tr>\n<td width=\"284\">N\u00ba do art.<\/td>\n<td width=\"284\">WT010<\/td>\n<\/tr>\n<tr>\n<td width=\"284\">Material<\/td>\n<td width=\"284\">GPPS+HIPS<\/td>\n<\/tr>\n<tr>\n<td width=\"284\">Tamanho<\/td>\n<td width=\"284\">43*43*43cm<\/td>\n<\/tr>\n<tr>\n<td width=\"284\">Peso<\/td>\n<td width=\"284\">325G\/PC<\/td>\n<\/tr>\n<tr>\n<td width=\"284\">Embalagem<\/td>\n<td width=\"284\">Caixa pl\u00e1stica vermelha<\/td>\n<\/tr>\n<tr>\n<td width=\"284\">Padr\u00e3o de qualidade<\/td>\n<td width=\"284\">R27 Certificado E-MARK<\/td>\n<\/tr>\n<\/tbody>\n<\/table>\n<ul class=\"a-unordered-list a-vertical a-spacing-mini\">\n<li class=\"a-spacing-mini\"><span class=\"a-list-item\">Os tri\u00e2ngulos de seguran\u00e7a \u00e0 beira da estrada ajudam voc\u00ea a permanecer vis\u00edvel quando for parado ou sofrer uma pane durante o dia\/noite, com neblina, chuva e neve.<\/span><\/li>\n<li class=\"a-spacing-mini\"><span class=\"a-list-item\">Cada tri\u00e2ngulo de seguran\u00e7a automotivo tem p\u00e9s de borracha sobre pernas de metal. Esses p\u00e9s mant\u00eam o Tri\u00e2ngulo Refletivo para Carros firme em caso de ventos fortes ou em superf\u00edcies irregulares.<\/span><\/li>\n<li class=\"a-spacing-mini\"><span class=\"a-list-item\">Indicador de aviso de emerg\u00eancia diurno\/noturno: Os refletores de tri\u00e2ngulo de emerg\u00eancia \u00e0 beira da estrada s\u00e3o projetados com acr\u00edlico refletivo vermelho para visibilidade noturna e pl\u00e1stico laranja vivo para uso diurno. Observa\u00e7\u00e3o: apenas um lado de cada tri\u00e2ngulo de advert\u00eancia \u00e9 refletivo.<\/span><\/li>\n<\/ul>","protected":false},"excerpt":{"rendered":"<p>N\u00ba art. WT010<\/p>\n<p>Tamanho: 43*43*43CM<\/p>\n<p>Peso: 325G\/PC<\/p>\n<p>Embalagem: Caixa pl\u00e1stica com blister vermelho<\/p>","protected":false},"featured_media":5810,"template":"","meta":{"_acf_changed":false},"product_brand":[],"product_cat":[325,326],"product_tag":[133],"class_list":{"0":"post-5809","1":"product","2":"type-product","3":"status-publish","4":"has-post-thumbnail","6":"product_cat-road-safety-products","7":"product_cat-warning-triangle","8":"product_tag-warning-triangle","10":"first","11":"instock","12":"product-type-simple"},"acf":[],"_links":{"self":[{"href":"https:\/\/toprisesafety.com\/pt\/wp-json\/wp\/v2\/product\/5809"}],"collection":[{"href":"https:\/\/toprisesafety.com\/pt\/wp-json\/wp\/v2\/product"}],"about":[{"href":"https:\/\/toprisesafety.com\/pt\/wp-json\/wp\/v2\/types\/product"}],"wp:featuredmedia":[{"embeddable":true,"href":"https:\/\/toprisesafety.com\/pt\/wp-json\/wp\/v2\/media\/5810"}],"wp:attachment":[{"href":"https:\/\/toprisesafety.com\/pt\/wp-json\/wp\/v2\/media?parent=5809"}],"wp:term":[{"taxonomy":"product_brand","embeddable":true,"href":"https:\/\/toprisesafety.com\/pt\/wp-json\/wp\/v2\/product_brand?post=5809"},{"taxonomy":"product_cat","embeddable":true,"href":"https:\/\/toprisesafety.com\/pt\/wp-json\/wp\/v2\/product_cat?post=5809"},{"taxonomy":"product_tag","embeddable":true,"href":"https:\/\/toprisesafety.com\/pt\/wp-json\/wp\/v2\/product_tag?post=5809"}],"curies":[{"name":"wp","href":"https:\/\/api.w.org\/{rel}","templated":true}]}}