{"id":5807,"date":"2018-03-16T10:21:20","date_gmt":"2018-03-16T10:21:20","guid":{"rendered":"https:\/\/toprisesafety.com\/product\/adult-eva-rain-coat\/"},"modified":"2025-03-25T04:44:47","modified_gmt":"2025-03-25T04:44:47","slug":"adult-eva-rain-coat","status":"publish","type":"product","link":"https:\/\/toprisesafety.com\/pt\/produto\/adult-eva-rain-coat\/","title":{"rendered":"Capa de chuva EVA para adultos"},"content":{"rendered":"<p><span style=\"font-size: 140%;\">Capa de chuva EVA para adultos<\/span><\/p>\n<p><strong>Caracter\u00edsticas: \u00a0<\/strong><\/p>\n<ul>\n<li><span data-spm-anchor-id=\"a2700.details.pronpeci14.i3.215e2b92hSw0yH\">Costuras soldadas eletronicamente<\/span><\/li>\n<li>N\u00e3o t\u00f3xico, ecol\u00f3gico e sem cheiro<\/li>\n<li>Usado para emerg\u00eancias, passeios ao ar livre, festivais<\/li>\n<li>F\u00e1cil de transportar Leve<\/li>\n<li>Confort\u00e1vel de usar e seguro para o corpo humano<\/li>\n<li><span data-spm-anchor-id=\"a2700.details.pronpeci14.i2.215e2b92hSw0yH\">Capuz com cord\u00e3o de ajuste<\/span><\/li>\n<li>Diferentes cores brilhantes para escolha<\/li>\n<li>Imperme\u00e1vel, respir\u00e1vel, \u00e0 prova de \u00f3leo, resist\u00eancia a \u00e1cidos e \u00e1lcalis, resist\u00eancia ao envelhecimento<\/li>\n<li>Suave e rom\u00e2ntico<\/li>\n<li>Suporte ao projeto do pr\u00f3prio cliente<\/li>\n<li>Logotipo do cliente ou neutro<\/li>\n<li>Embalagem usual: saco opp ou saco de casaco do mesmo material etc.<\/li>\n<\/ul>\n<h4><strong>Capa de chuva EVA para adultos<\/strong><\/h4>\n<table>\n<tbody>\n<tr>\n<td width=\"284\">Material<\/td>\n<td width=\"284\">1001TP3Novo material EVA<\/td>\n<\/tr>\n<tr>\n<td width=\"284\">Espessura dispon\u00edvel<\/td>\n<td width=\"284\">Espessura de 0,13 mm a 0,18 mm<\/td>\n<\/tr>\n<tr>\n<td width=\"284\">Cor<\/td>\n<td width=\"284\">Branco, rosa, amarelo, verde, azul, roxo etc.<\/td>\n<\/tr>\n<tr>\n<td width=\"284\">Tamanho<\/td>\n<td width=\"284\">S-XXXL ou personalizado<\/td>\n<\/tr>\n<tr>\n<td width=\"284\">Marca<\/td>\n<td width=\"284\">Toprise ou personalizado<\/td>\n<\/tr>\n<tr>\n<td width=\"284\">Impress\u00e3o de logotipo<\/td>\n<td width=\"284\">Dispon\u00edvel<\/td>\n<\/tr>\n<tr>\n<td width=\"284\">Temporada dispon\u00edvel<\/td>\n<td width=\"284\">Primavera, ver\u00e3o, outono, inverno<\/td>\n<\/tr>\n<tr>\n<td width=\"284\">Navio Workman<\/td>\n<td width=\"284\">Selado a quente<\/td>\n<\/tr>\n<\/tbody>\n<\/table>\n<p><strong>Capa de chuva de PVC para escolha<\/strong><\/p>\n<figure id=\"attachment_1344\" class=\"wp-caption alignnone\" style=\"width: 500px;\" aria-describedby=\"caption-attachment-1344\"><a href=\"https:\/\/toprisesafety.com\/pt\/produto\/adult-pvc-rain-coat\/\"><img fetchpriority=\"high\" decoding=\"async\" class=\"size-full wp-image-1344\" src=\"https:\/\/toprisesafety.com\/wp-content\/uploads\/2024\/08\/RPVC.jpg\" alt=\"Adult PVC rain coat\" width=\"500\" height=\"500\" \/><\/a><figcaption id=\"caption-attachment-1344\" class=\"wp-caption-text\">Capa de chuva de PVC para adultos<\/p>\n<p>A TOPRISE oferece suporte a v\u00e1rios estilos de personaliza\u00e7\u00e3o de roupas de chuva; clique para <a href=\"https:\/\/toprisesafety.com\/pt\/categoria-produto\/personal-protective-equipment\/rain-wear\/\">veja mais estilos de roupas de chuva.<\/a><\/p>\n<p>Se voc\u00ea n\u00e3o encontrar a roupa de chuva necess\u00e1ria, <a href=\"https:\/\/toprisesafety.com\/pt\/contact-us\/\">Entre em contato conosco<\/a>Oferecemos suporte \u00e0 personaliza\u00e7\u00e3o especial.<\/p>\n<\/figcaption><\/figure>","protected":false},"excerpt":{"rendered":"<p><span style=\"font-size: 140%;\">Capa de chuva EVA para adultos<\/span><\/p>\n<p>&nbsp;<\/p>","protected":false},"featured_media":5804,"template":"","meta":{"_acf_changed":false},"product_brand":[],"product_cat":[321],"product_tag":[130],"class_list":{"0":"post-5807","1":"product","2":"type-product","3":"status-publish","4":"has-post-thumbnail","6":"product_cat-rain-wear","7":"product_tag-adult-eva-rain-coat","9":"first","10":"instock","11":"product-type-simple"},"acf":[],"_links":{"self":[{"href":"https:\/\/toprisesafety.com\/pt\/wp-json\/wp\/v2\/product\/5807"}],"collection":[{"href":"https:\/\/toprisesafety.com\/pt\/wp-json\/wp\/v2\/product"}],"about":[{"href":"https:\/\/toprisesafety.com\/pt\/wp-json\/wp\/v2\/types\/product"}],"wp:featuredmedia":[{"embeddable":true,"href":"https:\/\/toprisesafety.com\/pt\/wp-json\/wp\/v2\/media\/5804"}],"wp:attachment":[{"href":"https:\/\/toprisesafety.com\/pt\/wp-json\/wp\/v2\/media?parent=5807"}],"wp:term":[{"taxonomy":"product_brand","embeddable":true,"href":"https:\/\/toprisesafety.com\/pt\/wp-json\/wp\/v2\/product_brand?post=5807"},{"taxonomy":"product_cat","embeddable":true,"href":"https:\/\/toprisesafety.com\/pt\/wp-json\/wp\/v2\/product_cat?post=5807"},{"taxonomy":"product_tag","embeddable":true,"href":"https:\/\/toprisesafety.com\/pt\/wp-json\/wp\/v2\/product_tag?post=5807"}],"curies":[{"name":"wp","href":"https:\/\/api.w.org\/{rel}","templated":true}]}}