{"id":5798,"date":"2021-07-29T03:47:57","date_gmt":"2021-07-29T03:47:57","guid":{"rendered":"https:\/\/toprisesafety.com\/product\/reflective-raincoat\/"},"modified":"2025-03-25T04:42:25","modified_gmt":"2025-03-25T04:42:25","slug":"reflective-raincoat","status":"publish","type":"product","link":"https:\/\/toprisesafety.com\/pt\/produto\/reflective-raincoat\/","title":{"rendered":"Capas de chuva refletivas"},"content":{"rendered":"<p><strong>Capas de chuva refletivas <\/strong><\/p><p class=\"wp-block-site-tagline\">A TOPRISE \u00e9 uma das l\u00edderes em produtos de seguran\u00e7a rodovi\u00e1ria, \u00e1rvores e plantas artificiais, produtos PET, fornecedores de produtos para atividades ao ar livre e fabricantes de EPI na China desde 2009. Fornecemos nossos produtos em todo o mundo. Temos o compromisso de ajudar nossos clientes a resolver seus problemas.<\/p><ul class=\"wp-block-list\">\r\n<li>Feito de oxford 150D de alta resist\u00eancia com 0,22 mm de espessura e material revestido de PVC.<\/li>\r\n<li>Respir\u00e1vel, de toque macio, \u00e0 prova de vento, \u00e0 prova d'\u00e1gua, de secagem r\u00e1pida e port\u00e1til. Adequada para todas as esta\u00e7\u00f5es. Essa capa de chuva longa pode lhe oferecer a melhor prote\u00e7\u00e3o quando h\u00e1 chuva forte ou ventos fortes.<\/li>\r\n<li>Fitas refletivas seguras na frente e atr\u00e1s dessa capa de chuva \u00e0 prova d'\u00e1gua podem servir como um lembrete dos ve\u00edculos que passam e mant\u00ea-lo seguro \u00e0 noite. \u00c9 uma escolha inteligente manter um poncho de chuva na mochila\/casa\/escrit\u00f3rio\/carro para emerg\u00eancias.<\/li>\r\n<li>O Rain wear resiste a rasgos por abras\u00e3o e oferece prote\u00e7\u00e3o s\u00f3lida contra uma variedade de compostos industriais, \u00e1cidos e \u00f3leos<\/li>\r\n<li>Feitos com mangas raglan, os ternos de duas pe\u00e7as consistem em palet\u00f3 e cal\u00e7a.<\/li>\r\n<li>Aplica\u00e7\u00e3o: equita\u00e7\u00e3o, constru\u00e7\u00e3o, minera\u00e7\u00e3o, pesca etc.<\/li>\r\n<li>Essa capa de chuva longa n\u00e3o inclui cal\u00e7as de chuva! Jaqueta longa na altura do joelho, com capuz e cord\u00e3o ajust\u00e1vel. Limpe com um pano, secagem natural ao ar<\/li>\r\n<li>Embalagem de saco opp de uma unidade<\/li>\r\n<li>Oferecemos suporte ao logotipo personalizado com MOQ 100 PCS<\/li>\r\n<\/ul><p>Art NO. RC172 capas de chuva refletivas<\/p><figure class=\"wp-block-table\">\r\n<table>\r\n<tbody>\r\n<tr>\r\n<td>N\u00ba do art.<\/td>\r\n<td>RC172 Capas de chuva refletivas<\/td>\r\n<\/tr>\r\n<tr>\r\n<td>Material<\/td>\r\n<td>Oxford 150D com revestimento de PVC, espessura de 0,22 mm.<\/td>\r\n<\/tr>\r\n<tr>\r\n<td>Tamanho<\/td>\r\n<td>S-XXXXL ou personalizado<\/td>\r\n<\/tr>\r\n<tr>\r\n<td>Design<\/td>\r\n<td>Casaco com dois bolsos e aba<\/td>\r\n<\/tr>\r\n<tr>\r\n<td>Fita refletiva<\/td>\r\n<td>De acordo com a exig\u00eancia do cliente para adicionar<\/td>\r\n<\/tr>\r\n<tr>\r\n<td>Cor<\/td>\r\n<td>Preto<\/td>\r\n<\/tr>\r\n<tr>\r\n<td>Logotipo<\/td>\r\n<td>Etiqueta de pesco\u00e7o ou impress\u00e3o<\/td>\r\n<\/tr>\r\n<tr>\r\n<td>Embalagem<\/td>\r\n<td>1PC por embalagem de saco opp<\/td>\r\n<\/tr>\r\n<\/tbody>\r\n<\/table>\r\n<\/figure><p class=\"wp-block-site-tagline\">A TOPRISE \u00e9 uma das l\u00edderes em produtos de seguran\u00e7a rodovi\u00e1ria, \u00e1rvores e plantas artificiais, produtos PET, fornecedores de produtos para atividades ao ar livre e fabricantes de EPI na China desde 2009. Fornecemos nossos produtos em todo o mundo. Temos o compromisso de ajudar nossos clientes a resolver seus problemas.<\/p><div class=\"wp-block-group\"><div class=\"wp-block-group__inner-container is-layout-flow wp-block-group-is-layout-flow\"><figure class=\"wp-block-image size-full is-resized is-style-default\"><img fetchpriority=\"high\" decoding=\"async\" class=\"wp-image-1443\" src=\"https:\/\/toprisesafety.com\/wp-content\/uploads\/2024\/08\/2021-07-29_131303-1.png\" alt=\"\" width=\"837\" height=\"1053\" \/><\/figure>\r\n\r\n<figure class=\"wp-block-image size-full\"><img decoding=\"async\" class=\"wp-image-1445\" src=\"https:\/\/toprisesafety.com\/wp-content\/uploads\/2024\/08\/2021-07-29_131444.png\" alt=\"\" \/><\/figure>\r\n\r\n<figure class=\"wp-block-image size-full is-resized\"><img decoding=\"async\" class=\"wp-image-1446\" src=\"https:\/\/toprisesafety.com\/wp-content\/uploads\/2024\/08\/WORKMANSHIP.png\" alt=\"\" width=\"841\" height=\"529\" \/>\r\n<figcaption><strong>TOPRISE<\/strong> <strong>OFICINA DE CAPAS DE CHUVA<\/strong><\/figcaption>\r\n<\/figure><\/div><\/div><p>A TOPRISE oferece suporte a v\u00e1rios estilos de personaliza\u00e7\u00e3o de roupas de chuva; clique para <a href=\"https:\/\/toprisesafety.com\/pt\/categoria-produto\/personal-protective-equipment\/rain-wear\/\">veja mais estilos de roupas de chuva.<\/a><\/p>\r\n<p>Se voc\u00ea n\u00e3o encontrar a roupa de chuva necess\u00e1ria, <a href=\"https:\/\/toprisesafety.com\/pt\/contact-us\/\">Entre em contato conosco<\/a>Oferecemos suporte \u00e0 personaliza\u00e7\u00e3o especial.<\/p>","protected":false},"excerpt":{"rendered":"<p style=\"text-align: left;\"><strong>Capas de chuva refletivas Capa de chuva emborrachada<\/strong><\/p>\n<p>Capas de chuva refletivas\u00a0<\/p>\n<p>ART NO.RC172<\/p>\n<p>Material: oxford 150 D com revestimento de PVC, espessura de 0,22 mm\u00a0<\/p>\n<p>Tamanho: S- XXXXL ou personalizado<\/p>\n<p>MOQ: 100 PCS<\/p>\n<p>Suporte a logotipo e design personalizados\u00a0<\/p>\n<p>&nbsp;<\/p>","protected":false},"featured_media":5802,"template":"","meta":{"_acf_changed":false},"product_brand":[],"product_cat":[320,321],"product_tag":[121],"class_list":{"0":"post-5798","1":"product","2":"type-product","3":"status-publish","4":"has-post-thumbnail","6":"product_cat-personal-protective-equipment","7":"product_cat-rain-wear","8":"product_tag-reflective-raincoat","10":"first","11":"instock","12":"product-type-simple"},"acf":[],"_links":{"self":[{"href":"https:\/\/toprisesafety.com\/pt\/wp-json\/wp\/v2\/product\/5798"}],"collection":[{"href":"https:\/\/toprisesafety.com\/pt\/wp-json\/wp\/v2\/product"}],"about":[{"href":"https:\/\/toprisesafety.com\/pt\/wp-json\/wp\/v2\/types\/product"}],"wp:featuredmedia":[{"embeddable":true,"href":"https:\/\/toprisesafety.com\/pt\/wp-json\/wp\/v2\/media\/5802"}],"wp:attachment":[{"href":"https:\/\/toprisesafety.com\/pt\/wp-json\/wp\/v2\/media?parent=5798"}],"wp:term":[{"taxonomy":"product_brand","embeddable":true,"href":"https:\/\/toprisesafety.com\/pt\/wp-json\/wp\/v2\/product_brand?post=5798"},{"taxonomy":"product_cat","embeddable":true,"href":"https:\/\/toprisesafety.com\/pt\/wp-json\/wp\/v2\/product_cat?post=5798"},{"taxonomy":"product_tag","embeddable":true,"href":"https:\/\/toprisesafety.com\/pt\/wp-json\/wp\/v2\/product_tag?post=5798"}],"curies":[{"name":"wp","href":"https:\/\/api.w.org\/{rel}","templated":true}]}}