{"id":29079,"date":"2026-04-17T07:52:50","date_gmt":"2026-04-17T07:52:50","guid":{"rendered":"https:\/\/toprisesafety.com\/?post_type=product&#038;p=29079"},"modified":"2026-04-29T00:36:42","modified_gmt":"2026-04-29T00:36:42","slug":"hi-vis-waterproof-fleece-hoodie","status":"publish","type":"product","link":"https:\/\/toprisesafety.com\/pt\/produto\/hi-vis-waterproof-fleece-hoodie\/","title":{"rendered":"Hi-vis Waterproof Fleece Hoodie"},"content":{"rendered":"<h1>Hi-vis Waterproof Fleece Hoodie<\/h1>\n<h2><strong><b>Why Choose Hi-vis Waterproof Fleece Hoodie<\/b><\/strong><strong><b>?<\/b><\/strong><\/h2>\n<ul>\n<li data-section-id=\"1swngr7\" data-start=\"71\" data-end=\"169\">Made from 360gsm bonded polar fleece waterproof fabric for warmth, comfort, and durability<\/li>\n<li data-section-id=\"1xc39fs\" data-start=\"170\" data-end=\"253\">Waterproof outer layer helps keep you dry in light rain and damp conditions<\/li>\n<li data-section-id=\"16pvgl4\" data-start=\"254\" data-end=\"331\">Soft fleece inner layer provides excellent insulation in cold weather<\/li>\n<li data-section-id=\"13cc0vh\" data-start=\"332\" data-end=\"412\">High-visibility design improves safety in low-light working environments<\/li>\n<li data-section-id=\"370969\" data-start=\"413\" data-end=\"478\">Reflective tape enhances visibility for day and night use<\/li>\n<li data-section-id=\"10qk3he\" data-start=\"479\" data-end=\"541\">Durable construction stands up to demanding daily work<\/li>\n<li data-section-id=\"134reen\" data-start=\"542\" data-end=\"597\">Comfortable fit allows easy movement on the job<\/li>\n<li data-section-id=\"1d8wymi\" data-start=\"598\" data-end=\"667\">Modern two-tone style gives a professional and practical look<\/li>\n<li data-section-id=\"opvpiq\" data-start=\"668\" data-end=\"753\">Suitable for construction, roadwork, logistics, warehousing, and outdoor jobs<\/li>\n<li data-section-id=\"ewwam9\" data-start=\"754\" data-end=\"838\">Ideal for workers who need weather protection, visibility, and all-day comfort<\/li>\n<\/ul>\n<h2><strong><b>Hi-vis Waterproof Fleece Hoodie<\/b><\/strong> Specifications<\/h2>\n<table>\n<tbody>\n<tr>\n<td width=\"284\">ART NO.<\/td>\n<td width=\"284\">FH07<\/td>\n<\/tr>\n<tr>\n<td width=\"284\">Material do tecido<\/td>\n<td width=\"284\">360 grams of composite fleece waterproof fabric or customized<\/td>\n<\/tr>\n<tr>\n<td width=\"284\">Fita refletiva<\/td>\n<td width=\"284\">Fita refletiva de alta visibilidade de 5 cm<\/td>\n<\/tr>\n<tr>\n<td width=\"284\">Cor<\/td>\n<td width=\"284\">Fluorescent green+black\/orange-red+black \/navy blue +black or customized<\/td>\n<\/tr>\n<tr>\n<td width=\"284\">Logotipo<\/td>\n<td width=\"284\">Impress\u00e3o do logotipo do cliente, bordado ou etiqueta com o logotipo est\u00e3o dispon\u00edveis<\/td>\n<\/tr>\n<tr>\n<td width=\"284\">MOQ<\/td>\n<td width=\"284\">500 UNIDADES<\/td>\n<\/tr>\n<tr>\n<td width=\"284\">Embalagem<\/td>\n<td width=\"284\">1PC\/OPP, 50PC\/CTN, embalagem especial de acordo com a exig\u00eancia do cliente<\/td>\n<\/tr>\n<\/tbody>\n<\/table>\n<h2><strong><b>Hi-vis Waterproof Fleece Hoodie Applications<\/b><\/strong><\/h2>\n<ul>\n<li data-section-id=\"cqagq8\" data-start=\"397\" data-end=\"432\">Construction and building sites<\/li>\n<li data-section-id=\"sqaljt\" data-start=\"433\" data-end=\"471\">Road safety and traffic management<\/li>\n<li data-section-id=\"353stc\" data-start=\"472\" data-end=\"514\">Railway and infrastructure maintenance<\/li>\n<li data-section-id=\"1aqrauq\" data-start=\"515\" data-end=\"567\">Warehousing, logistics, and distribution centers<\/li>\n<li data-section-id=\"1g79gv5\" data-start=\"568\" data-end=\"616\">Trucking, transport, and delivery operations<\/li>\n<li data-section-id=\"pagdog\" data-start=\"617\" data-end=\"665\">Utility, maintenance, and field service work<\/li>\n<li data-section-id=\"in4wbl\" data-start=\"666\" data-end=\"708\">Municipal engineering and public works<\/li>\n<li data-section-id=\"tdkpbj\" data-start=\"709\" data-end=\"751\">Security, patrol, and site supervision<\/li>\n<li data-section-id=\"vsx72a\" data-start=\"752\" data-end=\"797\">Manufacturing and industrial environments<\/li>\n<li data-section-id=\"p1yhj3\" data-start=\"798\" data-end=\"848\">General outdoor work in cold or wet conditions<\/li>\n<\/ul>\n<h2><strong><b>Hi-vis Waterproof Fleece Hoodie <\/b><\/strong>Op\u00e7\u00f5es de personaliza\u00e7\u00e3o<\/h2>\n<p data-start=\"3836\" data-end=\"3957\" data-rm-block-id=\"block-51\">We provide flexible OEM and ODM support to help customers create workwear that fit their brand and market needs.<\/p>\n<p data-start=\"3959\" data-end=\"3989\" data-rm-block-id=\"block-52\">Customization options include:<\/p>\n<ul data-start=\"3991\" data-end=\"4119\">\n<li data-section-id=\"1p02nh1\" data-start=\"3991\" data-end=\"4010\" data-rm-block-id=\"block-53\">Custom colors<\/li>\n<li data-section-id=\"19tqh9p\" data-start=\"4011\" data-end=\"4029\" data-rm-block-id=\"block-54\">Custom sizes<\/li>\n<li data-section-id=\"183974i\" data-start=\"4030\" data-end=\"4049\" data-rm-block-id=\"block-55\">Impress\u00e3o de logotipo<\/li>\n<li data-section-id=\"1dpim47\" data-start=\"4050\" data-end=\"4071\" data-rm-block-id=\"block-56\">Logo embroidery<\/li>\n<li data-section-id=\"164heat\" data-start=\"4072\" data-end=\"4096\" data-rm-block-id=\"block-57\">Custom logo labels<\/li>\n<li data-section-id=\"2c45g\" data-start=\"4097\" data-end=\"4119\" data-rm-block-id=\"block-58\">Custom packaging<\/li>\n<\/ul>\n<h2 data-section-id=\"nspewr\" data-start=\"4312\" data-end=\"4340\" data-rm-block-id=\"block-61\">Why Choose Ningbo Toprise as per the hi-vis waterproof fleece hoodie manufacturer?<\/h2>\n<ul>\n<li data-section-id=\"7980s0\" data-start=\"1160\" data-end=\"1217\">Experienced in manufacturing high-visibility workwear<\/li>\n<li data-section-id=\"chuyw6\" data-start=\"1218\" data-end=\"1251\">OEM and ODM service available<\/li>\n<li data-section-id=\"mwuyqq\" data-start=\"1252\" data-end=\"1294\">Custom fabric colors to fit your brand<\/li>\n<li data-section-id=\"1759cf7\" data-start=\"1295\" data-end=\"1340\">Custom sizes for different market demands<\/li>\n<li data-section-id=\"mannr7\" data-start=\"1341\" data-end=\"1383\">Logo printing and embroidery supported<\/li>\n<li data-section-id=\"1bxc4xj\" data-start=\"1384\" data-end=\"1424\">Custom packaging solutions available<\/li>\n<li data-section-id=\"1ykgak7\" data-start=\"1425\" data-end=\"1479\">Strict quality control from production to shipment<\/li>\n<li data-section-id=\"hi2j3r\" data-start=\"1480\" data-end=\"1530\">Durable materials for long-lasting performance<\/li>\n<li data-section-id=\"q7lenn\" data-start=\"1531\" data-end=\"1569\">Competitive factory-direct pricing<\/li>\n<li data-section-id=\"uclqtk\" data-start=\"1570\" data-end=\"1616\">Reliable lead time and bulk order capacity<\/li>\n<li data-section-id=\"1oo78lu\" data-start=\"1617\" data-end=\"1666\">Professional export service and fast response<\/li>\n<li data-section-id=\"3ub802\" data-start=\"1667\" data-end=\"1697\">MOQ starts from 500 pieces<\/li>\n<li data-section-id=\"3ub802\" data-start=\"1667\" data-end=\"1697\">Door to door service<\/li>\n<\/ul>\n<h2 data-start=\"67\" data-end=\"74\"><strong data-start=\"67\" data-end=\"74\">PERGUNTAS FREQUENTES<\/strong><\/h2>\n<p data-start=\"76\" data-end=\"305\"><strong data-start=\"76\" data-end=\"146\">1. What material is used for this hi-vis waterproof fleece hoodie?<\/strong><br data-start=\"146\" data-end=\"149\" \/>This hoodie is made from 360gsm bonded polar fleece waterproof fabric, offering warmth, comfort, and reliable protection in cold and wet working conditions.<\/p>\n<p data-start=\"307\" data-end=\"543\"><strong data-start=\"307\" data-end=\"355\">2. Is this hoodie suitable for outdoor work?<\/strong><br data-start=\"355\" data-end=\"358\" \/>Yes. It is designed for outdoor working environments such as construction sites, roadwork, logistics, transportation, and other jobs that require both visibility and weather protection.<\/p>\n<p data-start=\"545\" data-end=\"677\"><strong data-start=\"545\" data-end=\"585\">3. Can I customize the fabric color?<\/strong><br data-start=\"585\" data-end=\"588\" \/>Yes. We support fabric color customization based on your branding or market requirements.<\/p>\n<p data-start=\"679\" data-end=\"803\"><strong data-start=\"679\" data-end=\"719\">4. Do you offer custom logo service?<\/strong><br data-start=\"719\" data-end=\"722\" \/>Yes. Custom logo service is available, including printing and embroidery options.<\/p>\n<p data-start=\"805\" data-end=\"928\"><strong data-start=\"805\" data-end=\"838\">5. Can I customize the sizes?<\/strong><br data-start=\"838\" data-end=\"841\" \/>Yes. We support size customization to meet different market demands and customer needs.<\/p>\n<p data-start=\"930\" data-end=\"1076\"><strong data-start=\"930\" data-end=\"969\">6. Do you provide custom packaging?<\/strong><br data-start=\"969\" data-end=\"972\" \/>Yes. We offer packaging customization to help improve your brand presentation and shipment requirements.<\/p>\n<p data-start=\"1078\" data-end=\"1181\"><strong data-start=\"1078\" data-end=\"1120\">7. What is the minimum order quantity?<\/strong><br data-start=\"1120\" data-end=\"1123\" \/>The minimum order quantity for this product is 500 pieces.<\/p>\n<p data-start=\"1183\" data-end=\"1309\"><strong data-start=\"1183\" data-end=\"1222\">8. Is OEM or ODM service available?<\/strong><br data-start=\"1222\" data-end=\"1225\" \/>Yes. Ningbo Toprise provides both OEM and ODM services for hi-vis workwear products.<\/p>\n<p data-start=\"1311\" data-end=\"1506\"><strong data-start=\"1311\" data-end=\"1344\">9. How can I get a quotation?<\/strong><br data-start=\"1344\" data-end=\"1347\" \/>You can contact us directly with your quantity, customization requirements, logo details, and packaging needs. We will provide a quotation as soon as possible.<\/p>\n<p data-start=\"1508\" data-end=\"1655\"><strong data-start=\"1508\" data-end=\"1557\">10. Can I request a sample before bulk order?<\/strong><br data-start=\"1557\" data-end=\"1560\" \/>Yes. Sample service can be arranged before mass production for quality and design confirmation.<\/p>\n<h2 data-start=\"1508\" data-end=\"1655\"><strong data-start=\"1999\" data-end=\"2063\">Need Custom Hi-vis Waterproof Fleece Hoodies for Your Brand?<\/strong><\/h2>\n<p data-start=\"1508\" data-end=\"1655\">Work with <a href=\"https:\/\/toprisesafety.com\/pt\/contact-us\/\">Ningbo Toprise<\/a> for quality manufacturing, flexible customization, and dependable bulk supply. Send us your requirements today and get your quotation now.<\/p>\n<p>&nbsp;<\/p>","protected":false},"excerpt":{"rendered":"<p>Art No.: FH07<\/p>\n<p>Material: Waterproof Fleece Hoodie<\/p>\n<p>Tamanhos: S-XXXL ou personalizado<\/p>\n<p>Fita refletiva: 5 cm de fita refletiva de alta visibilidade<\/p>\n<p>Cor: amarelo fluorescente + preto \/ laranja-vermelho + preto ou personalizado<\/p>\n<p>Impress\u00e3o do logotipo: dispon\u00edvel<\/p>\n<p>MOQ: 500PCS<\/p>","protected":false},"featured_media":29092,"template":"","meta":{"_acf_changed":false},"product_brand":[],"product_cat":[1261,338],"product_tag":[],"class_list":{"0":"post-29079","1":"product","2":"type-product","3":"status-publish","4":"has-post-thumbnail","6":"product_cat-custom-hi-vis-hoodie-manufacturer","7":"product_cat-warning-wear","9":"first","10":"instock","11":"shipping-taxable","12":"product-type-simple"},"acf":[],"_links":{"self":[{"href":"https:\/\/toprisesafety.com\/pt\/wp-json\/wp\/v2\/product\/29079","targetHints":{"allow":["GET"]}}],"collection":[{"href":"https:\/\/toprisesafety.com\/pt\/wp-json\/wp\/v2\/product"}],"about":[{"href":"https:\/\/toprisesafety.com\/pt\/wp-json\/wp\/v2\/types\/product"}],"wp:featuredmedia":[{"embeddable":true,"href":"https:\/\/toprisesafety.com\/pt\/wp-json\/wp\/v2\/media\/29092"}],"wp:attachment":[{"href":"https:\/\/toprisesafety.com\/pt\/wp-json\/wp\/v2\/media?parent=29079"}],"wp:term":[{"taxonomy":"product_brand","embeddable":true,"href":"https:\/\/toprisesafety.com\/pt\/wp-json\/wp\/v2\/product_brand?post=29079"},{"taxonomy":"product_cat","embeddable":true,"href":"https:\/\/toprisesafety.com\/pt\/wp-json\/wp\/v2\/product_cat?post=29079"},{"taxonomy":"product_tag","embeddable":true,"href":"https:\/\/toprisesafety.com\/pt\/wp-json\/wp\/v2\/product_tag?post=29079"}],"curies":[{"name":"wp","href":"https:\/\/api.w.org\/{rel}","templated":true}]}}