{"id":14284,"date":"2025-08-04T10:26:23","date_gmt":"2025-08-04T10:26:23","guid":{"rendered":"https:\/\/toprisesafety.com\/?post_type=product&#038;p=14284"},"modified":"2025-08-04T10:46:39","modified_gmt":"2025-08-04T10:46:39","slug":"led-sensory-game-table","status":"publish","type":"product","link":"https:\/\/toprisesafety.com\/pt\/produto\/led-sensory-game-table\/","title":{"rendered":"Mesa de jogos sensoriais de LED"},"content":{"rendered":"<h1>Mesa de jogos sensoriais de LED<\/h1>\n<p><a href=\"https:\/\/youtu.be\/FzeSUb_2BsU\" target=\"_blank\" rel=\"noopener\">Check out the video of LED sensory game table.\u00a0<\/a><\/p>\n<p><strong><b>LED Interactive Whac-A-Mole Game Table<\/b><\/strong><\/p>\n<p><strong><b>Light Rhythm - Desafio inteligente<\/b><\/strong><\/p>\n<p>Mesa de jogo Whac-A-Mole interativa de LED - inaugurando uma nova era de entretenimento familiar<\/p>\n<p>Tecnologia \u00d7 Divers\u00e3o \u00d7 Treinamento de reflexos<br \/>\nEsse brinquedo inovador combina perfeitamente o entretenimento interativo com o desenvolvimento cognitivo, oferecendo, em \u00faltima an\u00e1lise, emo\u00e7\u00e3o ininterrupta para usu\u00e1rios de todas as idades.<\/p>\n<h2><strong><b>\ud83d\ude80 Core Experience\u2014Three Progressive Game Modes-<\/b><\/strong><\/h2>\n<h2>Mesa de jogos sensoriais de LED<\/h2>\n<p>Novice Trial \u00b7 Single-Light Pursuit<\/p>\n<p>Para come\u00e7ar, o jogo \u00e9 iniciado com uma explos\u00e3o de m\u00fasica energ\u00e9tica e uma luz que pisca aleatoriamente.<\/p>\n<p>- Um toque r\u00e1pido apaga a luz, seguido de um feedback de \u00e1udio satisfat\u00f3rio.<\/p>\n<p data-start=\"405\" data-end=\"484\">\u2022 With just 30 strikes, you\u2019ll activate your neural response and build rhythm<\/p>\n<p>Twin Stars \u00b7 Race Against Time<\/p>\n<p>Em seguida, o sistema atualiza automaticamente para o modo de luz dupla, com batidas intensificadas.<br \/>\n- Nesse modo, a coordena\u00e7\u00e3o \u00e9 fundamental - toque em ambas as luzes em sincronia para ouvir o toque de vit\u00f3ria.<br \/>\n- Al\u00e9m disso, a realiza\u00e7\u00e3o de 30 combos precisos aprimora significativamente seus reflexos multitarefa.<\/p>\n<p>Triad Matrix \u00b7 Ultimate Frenzy<\/p>\n<p>Por fim, tr\u00eas luzes piscam em padr\u00f5es triangulares aleat\u00f3rios, acompanhadas de EDM de alta energia.<br \/>\n- Enquanto isso, o ritmo se acelera, testando sua velocidade e concentra\u00e7\u00e3o.<br \/>\n- Quando voc\u00ea vence 30 rodadas, o sistema \u00e9 reiniciado, oferecendo assim um desafio cont\u00ednuo.<\/p>\n<p><strong><b>\ud83c\udf1f Premium Features That Set Us Apart \ud83c\udf1f<\/b><\/strong><\/p>\n<h1>Mesa de jogos sensoriais de LED<\/h1>\n<h3><strong><b>\u2705 Immersive Sensory Experience<\/b><\/strong><\/h3>\n<p>- Em primeiro lugar, o conjunto completo de LEDs RGB (DC5V 8W) proporciona efeitos de ilumina\u00e7\u00e3o v\u00edvidos.<br \/>\n- Al\u00e9m disso, o sistema de som personalizado inclui tr\u00eas faixas BGM com uma c\u00e2mara est\u00e9reo de 3W para aumentar a imers\u00e3o.<br \/>\n- O mais importante \u00e9 que nossos sensores capacitivos ultrassens\u00edveis reagem em apenas 0,1 segundo.<\/p>\n<h3><strong><b>\u2705 Thoughtful Level Progression<\/b><\/strong><\/h3>\n<p>- Para garantir uma curva de aprendizado suave, o desafio aumenta gradualmente de luzes simples para triplas.<br \/>\n- Notavelmente, o sistema \u00e9 reiniciado ap\u00f3s 90 toques bem-sucedidos para um envolvimento ininterrupto.<br \/>\n- Al\u00e9m disso, as mudan\u00e7as de frequ\u00eancia nas luzes treinam sutilmente a velocidade de rea\u00e7\u00e3o e a tomada de decis\u00f5es.<\/p>\n<h3><strong><b>\u2705 Superior Design &amp; Construction<\/b><\/strong><\/h3>\n<table>\n<tbody>\n<tr>\n<td width=\"288\">Componente<\/td>\n<td width=\"288\">Tecnologia<\/td>\n<td width=\"288\">Benef\u00edcio<\/td>\n<\/tr>\n<tr>\n<td width=\"288\">Superf\u00edcie do jogo<\/td>\n<td width=\"288\">Polietileno importado<\/td>\n<td width=\"288\">Dur\u00e1vel e resistente a arranh\u00f5es<\/td>\n<\/tr>\n<tr>\n<td width=\"288\">Sistema de energia<\/td>\n<td width=\"288\">Bateria de l\u00edtio de 2200 mAh + USB-C<\/td>\n<td width=\"288\">Longo tempo de reprodu\u00e7\u00e3o e recarga r\u00e1pida<\/td>\n<\/tr>\n<tr>\n<td width=\"288\">Frame Design<\/td>\n<td width=\"288\">Base dobr\u00e1vel (HJ6503C)<\/td>\n<td width=\"288\">Switches between desk and floor use in 3 seconds<\/td>\n<\/tr>\n<\/tbody>\n<\/table>\n<p><strong><b>\ud83c\udfaf Built for Every Scenario-<\/b><\/strong><\/p>\n<h1>Mesa de jogos sensoriais de LED<\/h1>\n<p>N\u00e3o importa se voc\u00ea est\u00e1 buscando a uni\u00e3o da fam\u00edlia, a divers\u00e3o em uma festa ou um r\u00e1pido est\u00edmulo mental, esta mesa se encaixa perfeitamente:<br \/>\n- Por exemplo, a brincadeira entre pais e filhos \u00e9 ideal para crian\u00e7as com mais de 3 anos, ajudando a desenvolver o foco e a resili\u00eancia por meio do rastreamento de luz.<br \/>\n- Em ambientes sociais, as transi\u00e7\u00f5es autom\u00e1ticas de m\u00fasica energizam instantaneamente a atmosfera.<br \/>\n- Em um n\u00edvel cognitivo, os desafios de tr\u00eas n\u00edveis estimulam os reflexos e retardam a fadiga mental.<br \/>\n- Al\u00e9m disso, uma pausa de 10 minutos no escrit\u00f3rio com a mesa oferece um al\u00edvio eficaz do estresse.<\/p>\n<h2><strong><b>Por que nos escolher?<\/b><\/strong><\/h2>\n<p>&#8211; Specifications You Can Trust<br \/>\n\u25b6\ufe0f Floor: 45\u00d745\u00d740cm \/ Tabletop: 45\u00d745\u00d75cm<br \/>\n\u25b6\ufe0f Built with military-grade sensors for precise responsiveness<br \/>\n\u25b6\ufe0f Over 500 stable battery recharge cycles ensure long-term use<\/p>\n<p>&#8211; Safety Meets Performance<br \/>\n\u25b6\ufe0f For added safety, the rounded edges prevent accidental injuries.<br \/>\n\u25b6\ufe0f Additionally, the flame-retardant housing ensures peace of mind during intense sessions<\/p>\n<h2><strong><b>\ud83d\udd25 Ready to Master Light-Speed Reflexes?<\/b><\/strong><\/h2>\n<p>All things considered, the LED Interactive Table is more than a toy\u2014it\u2019s your reflex dojo, fun center, and training hub all in one.<\/p>\n<p><a href=\"https:\/\/toprisesafety.com\/pt\/contact-us\/\">Entre em contato com a Ningbo Toprise<\/a> for LED Sensory Game Tables.<\/p>\n<p>&nbsp;<\/p>","protected":false},"excerpt":{"rendered":"<p>Art No. LT01<\/p>\n<p>Material: Imported Polyethylene<\/p>\n<p>MOQ: 30 PCS<\/p>","protected":false},"featured_media":14288,"template":"","meta":{"_acf_changed":false},"product_brand":[],"product_cat":[407],"product_tag":[409,410,408],"class_list":{"0":"post-14284","1":"product","2":"type-product","3":"status-publish","4":"has-post-thumbnail","6":"product_cat-led-products","7":"product_tag-interaction-light-tray","8":"product_tag-led-sensor-hamster-picking-game-table","9":"product_tag-led-sensory-game-table","11":"first","12":"instock","13":"shipping-taxable","14":"product-type-simple"},"acf":[],"_links":{"self":[{"href":"https:\/\/toprisesafety.com\/pt\/wp-json\/wp\/v2\/product\/14284"}],"collection":[{"href":"https:\/\/toprisesafety.com\/pt\/wp-json\/wp\/v2\/product"}],"about":[{"href":"https:\/\/toprisesafety.com\/pt\/wp-json\/wp\/v2\/types\/product"}],"wp:featuredmedia":[{"embeddable":true,"href":"https:\/\/toprisesafety.com\/pt\/wp-json\/wp\/v2\/media\/14288"}],"wp:attachment":[{"href":"https:\/\/toprisesafety.com\/pt\/wp-json\/wp\/v2\/media?parent=14284"}],"wp:term":[{"taxonomy":"product_brand","embeddable":true,"href":"https:\/\/toprisesafety.com\/pt\/wp-json\/wp\/v2\/product_brand?post=14284"},{"taxonomy":"product_cat","embeddable":true,"href":"https:\/\/toprisesafety.com\/pt\/wp-json\/wp\/v2\/product_cat?post=14284"},{"taxonomy":"product_tag","embeddable":true,"href":"https:\/\/toprisesafety.com\/pt\/wp-json\/wp\/v2\/product_tag?post=14284"}],"curies":[{"name":"wp","href":"https:\/\/api.w.org\/{rel}","templated":true}]}}