{"id":14083,"date":"2025-07-28T05:08:04","date_gmt":"2025-07-28T05:08:04","guid":{"rendered":"https:\/\/toprisesafety.com\/?post_type=product&#038;p=14083"},"modified":"2025-07-28T07:04:21","modified_gmt":"2025-07-28T07:04:21","slug":"motorized-aluminum-louvered-pergola","status":"publish","type":"product","link":"https:\/\/toprisesafety.com\/pt\/produto\/motorized-aluminum-louvered-pergola\/","title":{"rendered":"P\u00e9rgola de alum\u00ednio com persiana motorizada"},"content":{"rendered":"<h1><strong><b>P\u00e9rgola de alum\u00ednio com persiana motorizada<\/b><\/strong><\/h1>\n<p>A Motorized Aluminum Louvered Pergola \u00e9 um sistema moderno de sombreamento externo projetado para conforto e estilo em qualquer clima. Feita de alum\u00ednio revestido com p\u00f3 de alta qualidade, ela apresenta persianas ajust\u00e1veis que giram com um controle remoto para deixar entrar a luz do sol ou bloquear a chuva. Ideal para p\u00e1tios, jardins, restaurantes e espa\u00e7os comerciais, essa p\u00e9rgula combina durabilidade, eleg\u00e2ncia e funcionalidade inteligente. Ela oferece excelente prote\u00e7\u00e3o contra o sol, o vento e a chuva, melhorando sua experi\u00eancia de vida ao ar livre durante todo o ano. Telas laterais, ilumina\u00e7\u00e3o e sistemas de aquecimento opcionais tamb\u00e9m est\u00e3o dispon\u00edveis para personaliza\u00e7\u00e3o total.<\/p>\n<table>\n<tbody>\n<tr>\n<td width=\"78\"><strong><b>Modelo do produto<\/b><\/strong><\/td>\n<td width=\"125\"><strong><b>HR-147<\/b><\/strong><\/td>\n<td width=\"152\"><strong><b>HR-163<\/b><\/strong><\/td>\n<td width=\"128\"><strong><b>HR-175<\/b><\/strong><\/td>\n<td width=\"138\"><strong><b>HR-180<\/b><\/strong><\/td>\n<td width=\"131\"><strong><b>HR-220<\/b><\/strong><\/td>\n<\/tr>\n<tr>\n<td width=\"78\">Foto.<\/td>\n<td width=\"125\"><img decoding=\"async\" class=\"alignnone size-full wp-image-14084\" src=\"https:\/\/toprisesafety.com\/wp-content\/uploads\/2025\/07\/\u56fe\u72471.png\" alt=\"\" width=\"120\" height=\"96\" \/><\/td>\n<td width=\"152\"><img decoding=\"async\" class=\"alignnone size-full wp-image-14085\" src=\"https:\/\/toprisesafety.com\/wp-content\/uploads\/2025\/07\/\u56fe\u72472.png\" alt=\"\" width=\"125\" height=\"93\" \/><\/td>\n<td width=\"128\"><img decoding=\"async\" class=\"alignnone size-full wp-image-14086\" src=\"https:\/\/toprisesafety.com\/wp-content\/uploads\/2025\/07\/\u56fe\u72473.png\" alt=\"\" width=\"124\" height=\"93\" \/><\/td>\n<td width=\"138\"><img loading=\"lazy\" decoding=\"async\" class=\"alignnone size-full wp-image-14087\" src=\"https:\/\/toprisesafety.com\/wp-content\/uploads\/2025\/07\/\u56fe\u72474.png\" alt=\"\" width=\"122\" height=\"87\" \/><\/td>\n<td width=\"131\"><img loading=\"lazy\" decoding=\"async\" class=\"alignnone size-full wp-image-14088\" src=\"https:\/\/toprisesafety.com\/wp-content\/uploads\/2025\/07\/\u56fe\u72475.png\" alt=\"\" width=\"124\" height=\"90\" \/><\/td>\n<\/tr>\n<tr>\n<td width=\"78\">Pilares opcionais<\/td>\n<td colspan=\"2\" width=\"277\">120 mm, 150 mm, 180 mm<\/td>\n<td colspan=\"3\" width=\"398\">150 mm, 180 mm<\/td>\n<\/tr>\n<tr>\n<td width=\"78\">Vigas opcionais<\/td>\n<td colspan=\"2\" width=\"277\">Viga integrada de 152 mm, viga bipartida de 175 mm<\/td>\n<td colspan=\"2\" width=\"267\">Viga bipartida de 175 mm<\/td>\n<td width=\"131\">Viga bipartida de 280 mm<\/td>\n<\/tr>\n<tr>\n<td width=\"78\">L\u00e2minas opcionais<\/td>\n<td width=\"125\">147 persiana de camada \u00fanica, 147 persiana de camada dupla<\/td>\n<td width=\"152\">163 persiana dupla plana, 163 persiana dupla inclinada, 163 persiana trapezoidal de camada \u00fanica<\/td>\n<td width=\"128\">175 persianas<\/td>\n<td width=\"138\">181 persiana<\/td>\n<td width=\"131\">220 persianas<\/td>\n<\/tr>\n<\/tbody>\n<\/table>\n<p>P\u00e9rgola de alum\u00ednio com persiana motorizada<\/p>\n<h2 data-start=\"122\" data-end=\"224\"><img loading=\"lazy\" decoding=\"async\" class=\"alignnone size-medium wp-image-14093\" src=\"https:\/\/toprisesafety.com\/wp-content\/uploads\/2025\/07\/Motorized-Aluminum-Louvered-Pergola-1-1-300x300.jpg\" alt=\"\" width=\"300\" height=\"300\" srcset=\"https:\/\/toprisesafety.com\/wp-content\/uploads\/2025\/07\/Motorized-Aluminum-Louvered-Pergola-1-1-300x300.jpg 300w, https:\/\/toprisesafety.com\/wp-content\/uploads\/2025\/07\/Motorized-Aluminum-Louvered-Pergola-1-1-1024x1024.jpg 1024w, https:\/\/toprisesafety.com\/wp-content\/uploads\/2025\/07\/Motorized-Aluminum-Louvered-Pergola-1-1-150x150.jpg 150w, https:\/\/toprisesafety.com\/wp-content\/uploads\/2025\/07\/Motorized-Aluminum-Louvered-Pergola-1-1-768x768.jpg 768w, https:\/\/toprisesafety.com\/wp-content\/uploads\/2025\/07\/Motorized-Aluminum-Louvered-Pergola-1-1-1536x1536.jpg 1536w, https:\/\/toprisesafety.com\/wp-content\/uploads\/2025\/07\/Motorized-Aluminum-Louvered-Pergola-1-1-2048x2048.jpg 2048w, https:\/\/toprisesafety.com\/wp-content\/uploads\/2025\/07\/Motorized-Aluminum-Louvered-Pergola-1-1-600x600.jpg 600w, https:\/\/toprisesafety.com\/wp-content\/uploads\/2025\/07\/Motorized-Aluminum-Louvered-Pergola-1-1-100x100.jpg 100w\" sizes=\"(max-width: 300px) 100vw, 300px\" \/><img loading=\"lazy\" decoding=\"async\" class=\"alignnone size-medium wp-image-14094\" src=\"https:\/\/toprisesafety.com\/wp-content\/uploads\/2025\/07\/Motorized-Aluminum-Louvered-Pergola-4-300x300.jpg\" alt=\"\" width=\"300\" height=\"300\" srcset=\"https:\/\/toprisesafety.com\/wp-content\/uploads\/2025\/07\/Motorized-Aluminum-Louvered-Pergola-4-300x300.jpg 300w, https:\/\/toprisesafety.com\/wp-content\/uploads\/2025\/07\/Motorized-Aluminum-Louvered-Pergola-4-1024x1024.jpg 1024w, https:\/\/toprisesafety.com\/wp-content\/uploads\/2025\/07\/Motorized-Aluminum-Louvered-Pergola-4-150x150.jpg 150w, https:\/\/toprisesafety.com\/wp-content\/uploads\/2025\/07\/Motorized-Aluminum-Louvered-Pergola-4-768x768.jpg 768w, https:\/\/toprisesafety.com\/wp-content\/uploads\/2025\/07\/Motorized-Aluminum-Louvered-Pergola-4-1536x1536.jpg 1536w, https:\/\/toprisesafety.com\/wp-content\/uploads\/2025\/07\/Motorized-Aluminum-Louvered-Pergola-4-2048x2048.jpg 2048w, https:\/\/toprisesafety.com\/wp-content\/uploads\/2025\/07\/Motorized-Aluminum-Louvered-Pergola-4-600x600.jpg 600w, https:\/\/toprisesafety.com\/wp-content\/uploads\/2025\/07\/Motorized-Aluminum-Louvered-Pergola-4-100x100.jpg 100w\" sizes=\"(max-width: 300px) 100vw, 300px\" \/><\/h2>\n<h2 data-start=\"122\" data-end=\"224\">Por que escolher <strong data-start=\"139\" data-end=\"157\">Ningbo Toprise<\/strong> como seu fabricante de p\u00e9rgulas na China?<\/h2>\n<ul data-start=\"226\" data-end=\"1210\">\n<li data-start=\"226\" data-end=\"332\">\n<p data-start=\"228\" data-end=\"332\">\u2705 <strong data-start=\"230\" data-end=\"264\">Mais de 15 anos de experi\u00eancia em exporta\u00e7\u00e3o<\/strong><br data-start=\"264\" data-end=\"267\" \/>Fornecedor confi\u00e1vel de sistemas de sombreamento externo para clientes globais.<\/p>\n<\/li>\n<li data-start=\"334\" data-end=\"441\">\n<p data-start=\"336\" data-end=\"441\">\u2705 <strong data-start=\"338\" data-end=\"363\">Fornecimento direto da f\u00e1brica<\/strong><br data-start=\"363\" data-end=\"366\" \/>Pre\u00e7os competitivos, prazo de entrega r\u00e1pido e rigoroso controle de qualidade interno.<\/p>\n<\/li>\n<li data-start=\"443\" data-end=\"544\">\n<p data-start=\"445\" data-end=\"544\">\u2705 <strong data-start=\"447\" data-end=\"468\">Materiais dur\u00e1veis<\/strong><br data-start=\"468\" data-end=\"471\" \/>Alum\u00ednio revestido com p\u00f3 de alta qualidade para resist\u00eancia a intemp\u00e9ries e longevidade.<\/p>\n<\/li>\n<li data-start=\"546\" data-end=\"652\">\n<p data-start=\"548\" data-end=\"652\">\u2705 <strong data-start=\"550\" data-end=\"576\">Sistema motorizado inteligente<\/strong><br data-start=\"576\" data-end=\"579\" \/>Persianas com controle remoto para ajuste perfeito da luz e do fluxo de ar.<\/p>\n<\/li>\n<li data-start=\"654\" data-end=\"764\">\n<p data-start=\"656\" data-end=\"764\">\u2705 <strong data-start=\"658\" data-end=\"689\">Estilos e tamanhos personaliz\u00e1veis<\/strong><br data-start=\"689\" data-end=\"692\" \/>Suporte para <strong data-start=\"706\" data-end=\"740\">Projetos e dimens\u00f5es especiais<\/strong> com base nas necessidades do projeto.<\/p>\n<\/li>\n<li data-start=\"766\" data-end=\"883\">\n<p data-start=\"768\" data-end=\"883\">\u2705 <strong data-start=\"770\" data-end=\"805\">Solu\u00e7\u00f5es de instala\u00e7\u00e3o flex\u00edveis<\/strong><br data-start=\"805\" data-end=\"808\" \/>Compat\u00edvel com <strong data-start=\"826\" data-end=\"871\">montado na parede, independente ou integrado<\/strong> estruturas.<\/p>\n<\/li>\n<li data-start=\"885\" data-end=\"982\">\n<p data-start=\"887\" data-end=\"982\">\u2705 <strong data-start=\"889\" data-end=\"917\">Op\u00e7\u00f5es adicionais dispon\u00edveis<\/strong><br data-start=\"917\" data-end=\"920\" \/>Ilumina\u00e7\u00e3o, telas laterais, sistemas de aquecimento, drenagem e muito mais.<\/p>\n<\/li>\n<li data-start=\"984\" data-end=\"1097\">\n<p data-start=\"986\" data-end=\"1097\">\u2705 <strong data-start=\"988\" data-end=\"1025\">O design moderno encontra a funcionalidade<\/strong><br data-start=\"1025\" data-end=\"1028\" \/>Adequado para aplica\u00e7\u00f5es residenciais, comerciais e de hospitalidade.<\/p>\n<\/li>\n<li data-start=\"1099\" data-end=\"1210\">\n<p data-start=\"1101\" data-end=\"1210\">\u2705 <strong data-start=\"1103\" data-end=\"1145\">Remessa porta a porta e suporte \u00e0 exporta\u00e7\u00e3o<\/strong><br data-start=\"1145\" data-end=\"1148\" \/>Documenta\u00e7\u00e3o completa e assist\u00eancia log\u00edstica para facilitar a importa\u00e7\u00e3o.<\/p>\n<\/li>\n<\/ul>\n<p><a href=\"https:\/\/toprisesafety.com\/pt\/contact-us\/\">Entre em contato com a Ningbo Toprise agora<\/a> para personalizar seu pr\u00f3prio projeto de p\u00e9rgola com persiana de alum\u00ednio motorizada. Se tiver alguma d\u00favida sobre a p\u00e9rgola, entre em contato com a Ningbo Toprise tamb\u00e9m.<\/p>\n<p>&nbsp;<\/p>","protected":false},"excerpt":{"rendered":"<p>N\u00ba do art.: HR147\/163\/175\/180\/220<\/p>\n<p>Material: Alum\u00ednio<\/p>\n<p>Grelhas opcionais: Suporte<\/p>\n<p>Faixas de luzes LED: suporte para escolha<\/p>\n<p>Tamanho personalizado: Suporte<\/p>\n<p>Design especial: Suporte<\/p>","protected":false},"featured_media":14089,"template":"","meta":{"_acf_changed":false},"product_brand":[],"product_cat":[403],"product_tag":[],"class_list":{"0":"post-14083","1":"product","2":"type-product","3":"status-publish","4":"has-post-thumbnail","6":"product_cat-motorized-aluminum-louvered-pergola","8":"first","9":"instock","10":"shipping-taxable","11":"product-type-simple"},"acf":[],"_links":{"self":[{"href":"https:\/\/toprisesafety.com\/pt\/wp-json\/wp\/v2\/product\/14083","targetHints":{"allow":["GET"]}}],"collection":[{"href":"https:\/\/toprisesafety.com\/pt\/wp-json\/wp\/v2\/product"}],"about":[{"href":"https:\/\/toprisesafety.com\/pt\/wp-json\/wp\/v2\/types\/product"}],"wp:featuredmedia":[{"embeddable":true,"href":"https:\/\/toprisesafety.com\/pt\/wp-json\/wp\/v2\/media\/14089"}],"wp:attachment":[{"href":"https:\/\/toprisesafety.com\/pt\/wp-json\/wp\/v2\/media?parent=14083"}],"wp:term":[{"taxonomy":"product_brand","embeddable":true,"href":"https:\/\/toprisesafety.com\/pt\/wp-json\/wp\/v2\/product_brand?post=14083"},{"taxonomy":"product_cat","embeddable":true,"href":"https:\/\/toprisesafety.com\/pt\/wp-json\/wp\/v2\/product_cat?post=14083"},{"taxonomy":"product_tag","embeddable":true,"href":"https:\/\/toprisesafety.com\/pt\/wp-json\/wp\/v2\/product_tag?post=14083"}],"curies":[{"name":"wp","href":"https:\/\/api.w.org\/{rel}","templated":true}]}}