{"id":14052,"date":"2025-07-23T06:58:25","date_gmt":"2025-07-23T06:58:25","guid":{"rendered":"https:\/\/toprisesafety.com\/?post_type=product&#038;p=14052"},"modified":"2025-07-23T06:58:36","modified_gmt":"2025-07-23T06:58:36","slug":"fiberglass-fire-retardant-tarp","status":"publish","type":"product","link":"https:\/\/toprisesafety.com\/pt\/produto\/fiberglass-fire-retardant-tarp\/","title":{"rendered":"Lona de fibra de vidro retardante de fogo"},"content":{"rendered":"<h1>Lona de fibra de vidro resistente ao fogo<\/h1>\n<h2 data-start=\"106\" data-end=\"149\">\u2705 <strong data-start=\"112\" data-end=\"149\">O que \u00e9 lona retardante de fogo de fibra de vidro?<\/strong><\/h2>\n<p data-start=\"151\" data-end=\"572\"><strong data-start=\"151\" data-end=\"179\">Lona de fibra de vidro resistente ao fogo<\/strong>\u00a0\u00e9 um tecido composto de alto desempenho feito pelo revestimento de malha de fibra de vidro com cloreto de polivinila (PVC). Essa estrutura combina a resist\u00eancia ao calor e a for\u00e7a da fibra de vidro com a flexibilidade, a impermeabiliza\u00e7\u00e3o e a resist\u00eancia qu\u00edmica do PVC. O resultado \u00e9 uma lona que pode suportar temperaturas extremas, fogo e ambientes industriais adversos, mantendo a durabilidade e a estabilidade.<\/p>\n<hr data-start=\"574\" data-end=\"577\" \/>\n<h2 data-start=\"579\" data-end=\"630\">\ud83d\udccc <strong data-start=\"586\" data-end=\"630\">Aplica\u00e7\u00f5es da lona retardante de fogo de fibra de vidro<\/strong><\/h2>\n<ol data-start=\"632\" data-end=\"1673\">\n<li data-start=\"632\" data-end=\"792\">\n<p data-start=\"635\" data-end=\"792\"><strong data-start=\"635\" data-end=\"682\">Cortinas de soldagem e barreiras de prote\u00e7\u00e3o contra inc\u00eandio<\/strong><br data-start=\"682\" data-end=\"685\" \/>Ideal para proteger o equipamento e o pessoal de fa\u00edscas, respingos e calor em \u00e1reas de soldagem e corte.<\/p>\n<\/li>\n<li data-start=\"794\" data-end=\"926\">\n<p data-start=\"797\" data-end=\"926\"><strong data-start=\"797\" data-end=\"834\">Coberturas de isolamento t\u00e9rmico industrial<\/strong><br data-start=\"834\" data-end=\"837\" \/>Usado para envolver tubos, dutos, caldeiras ou m\u00e1quinas que operam sob altas temperaturas.<\/p>\n<\/li>\n<li data-start=\"928\" data-end=\"1088\">\n<p data-start=\"931\" data-end=\"1088\"><strong data-start=\"931\" data-end=\"963\">Barreiras de seguran\u00e7a para constru\u00e7\u00e3o<\/strong><br data-start=\"963\" data-end=\"966\" \/>Instalado em locais de constru\u00e7\u00e3o onde a resist\u00eancia ao fogo e a for\u00e7a s\u00e3o essenciais, especialmente em arranha-c\u00e9us ou \u00e1reas confinadas.<\/p>\n<\/li>\n<li data-start=\"1090\" data-end=\"1216\">\n<p data-start=\"1093\" data-end=\"1216\"><strong data-start=\"1093\" data-end=\"1126\">Instala\u00e7\u00f5es el\u00e9tricas e de energia<\/strong><br data-start=\"1126\" data-end=\"1129\" \/>Serve como mantas de isolamento ou coberturas protetoras em subesta\u00e7\u00f5es e usinas de energia.<\/p>\n<\/li>\n<li data-start=\"1218\" data-end=\"1386\">\n<p data-start=\"1221\" data-end=\"1386\"><strong data-start=\"1221\" data-end=\"1264\">Materiais para tendas e abrigos resistentes ao fogo<\/strong><br data-start=\"1264\" data-end=\"1267\" \/>Utilizado em abrigos de emerg\u00eancia, aplica\u00e7\u00f5es militares ou zonas perigosas que exigem retardamento de chamas e durabilidade.<\/p>\n<\/li>\n<li data-start=\"1388\" data-end=\"1520\">\n<p data-start=\"1391\" data-end=\"1520\"><strong data-start=\"1391\" data-end=\"1419\">Coberturas para equipamentos externos<\/strong><br data-start=\"1419\" data-end=\"1422\" \/>Protege equipamentos industriais, ve\u00edculos e materiais expostos a calor, produtos qu\u00edmicos e intemp\u00e9ries.<\/p>\n<\/li>\n<li data-start=\"1522\" data-end=\"1673\">\n<p data-start=\"1525\" data-end=\"1673\"><strong data-start=\"1525\" data-end=\"1562\">Particionamento de laborat\u00f3rio e planta qu\u00edmica<\/strong><br data-start=\"1562\" data-end=\"1565\" \/>Funciona como divis\u00f3ria ou cortina em laborat\u00f3rios qu\u00edmicos ou f\u00e1bricas onde a exposi\u00e7\u00e3o a subst\u00e2ncias corrosivas \u00e9 comum.<\/p>\n<\/li>\n<\/ol>\n<h2><\/h2>\n<div style=\"width: 720px;\" class=\"wp-video\"><!--[if lt IE 9]><script>document.createElement('video');<\/script><![endif]-->\n<video class=\"wp-video-shortcode\" id=\"video-14052-1\" width=\"720\" height=\"1280\" preload=\"metadata\" controls=\"controls\"><source type=\"video\/mp4\" src=\"https:\/\/toprisesafety.com\/wp-content\/uploads\/2025\/07\/SOwm63sYTPjXschDzwH.mp4?_=1\" \/><a href=\"https:\/\/toprisesafety.com\/wp-content\/uploads\/2025\/07\/SOwm63sYTPjXschDzwH.mp4\">https:\/\/toprisesafety.com\/wp-content\/uploads\/2025\/07\/SOwm63sYTPjXschDzwH.mp4<\/a><\/video><\/div>\n<h2><strong><b>Lona retardante de fogo de fibra de vidro <\/b><\/strong><strong><b>Especifica\u00e7\u00f5es do material<\/b><\/strong><\/h2>\n<table>\n<tbody>\n<tr>\n<td width=\"210\">Peso (g\/m\u00b2)<\/td>\n<td width=\"192\">Espessura<\/td>\n<td width=\"192\">Cores dispon\u00edveis<\/td>\n<\/tr>\n<tr>\n<td width=\"210\">400<\/td>\n<td width=\"192\">0,23-0,25 mm<\/td>\n<td width=\"192\">Verde<\/td>\n<\/tr>\n<\/tbody>\n<\/table>\n<h2><strong><b>\u00a0<\/b><\/strong><\/h2>\n<h2><strong><b>Lona retardante de fogo de fibra de vidro <\/b><\/strong><strong><b>Tabela de refer\u00eancia de tamanho padr\u00e3o e real (m)<\/b><\/strong><\/h2>\n<p>&nbsp;<\/p>\n<table>\n<tbody>\n<tr>\n<td width=\"96\">Tamanho padr\u00e3o<\/td>\n<td width=\"96\">Tamanho real<\/td>\n<td width=\"96\">Tamanho padr\u00e3o<\/td>\n<td width=\"96\">Tamanho real<\/td>\n<td width=\"96\">Tamanho padr\u00e3o<\/td>\n<td width=\"96\">Tamanho real<\/td>\n<\/tr>\n<tr>\n<td width=\"96\">1,5x2m<\/td>\n<td width=\"96\">1.35\u00d71.85m<\/td>\n<td width=\"96\">3x6m<\/td>\n<td width=\"96\">2.85\u00d75.8m<\/td>\n<td width=\"96\">6x6m<\/td>\n<td width=\"96\">5.75\u00d75.8m<\/td>\n<\/tr>\n<tr>\n<td width=\"96\">1.5\u00d72.5m<\/td>\n<td width=\"96\">1.35\u00d72.35m<\/td>\n<td width=\"96\">4,5x4m<\/td>\n<td width=\"96\">4.25\u00d73.8m<\/td>\n<td width=\"96\">6x8m<\/td>\n<td width=\"96\">5.75\u00d77.8m<\/td>\n<\/tr>\n<tr>\n<td width=\"96\">1,5x3m<\/td>\n<td width=\"96\">1.35\u00d72.85m<\/td>\n<td width=\"96\">4,5x5m<\/td>\n<td width=\"96\">4.25\u00d74.8m<\/td>\n<td width=\"96\">6x10m<\/td>\n<td width=\"96\">5.75\u00d79.8m<\/td>\n<\/tr>\n<tr>\n<td width=\"96\">1,5x4m<\/td>\n<td width=\"96\">1.35\u00d73.85m<\/td>\n<td width=\"96\">4,5x6m<\/td>\n<td width=\"96\">4.25\u00d75.8m<\/td>\n<td width=\"96\">7,5x10m<\/td>\n<td width=\"96\">7.2\u00d79.8m<\/td>\n<\/tr>\n<tr>\n<td width=\"96\">2x3m<\/td>\n<td width=\"96\">1.85\u00d72.85m<\/td>\n<td width=\"96\">4,5x7m<\/td>\n<td width=\"96\">4.25\u00d76.8m<\/td>\n<td width=\"96\">7,5x12m<\/td>\n<td width=\"96\">7.2\u00d711.7m<\/td>\n<\/tr>\n<tr>\n<td width=\"96\">3x3m<\/td>\n<td width=\"96\">2.85\u00d72.85m<\/td>\n<td width=\"96\">4,5x10m<\/td>\n<td width=\"96\">4.25\u00d79.8m<\/td>\n<td width=\"96\">9x12m<\/td>\n<td width=\"96\">8.7\u00d711.7m<\/td>\n<\/tr>\n<tr>\n<td width=\"96\">3x4m<\/td>\n<td width=\"96\">2.85\u00d73.85m<\/td>\n<td width=\"96\">5.8\u00d74.8m<\/td>\n<td width=\"96\"><\/td>\n<td width=\"96\">12x10m<\/td>\n<td width=\"96\">11.55\u00d79.7m<\/td>\n<\/tr>\n<tr>\n<td width=\"96\">3x5m<\/td>\n<td width=\"96\">2.8\u00d74.8m<\/td>\n<td width=\"96\">6x5m<\/td>\n<td width=\"96\"><\/td>\n<td width=\"96\">12x12m<\/td>\n<td width=\"96\">11.55\u00d711.7m<\/td>\n<\/tr>\n<\/tbody>\n<\/table>\n<p>Se voc\u00ea tiver requisitos especiais de tamanho e design, <a href=\"https:\/\/toprisesafety.com\/pt\/contact-us\/\">Entre em contato conosco<\/a> livremente.<\/p>\n<p>Podemos produzir a lona especialmente.<\/p>","protected":false},"excerpt":{"rendered":"<p><strong><b>N\u00ba do art.<\/b><\/strong>: FPT03<\/p>\n<p><strong><b>Material<\/b><\/strong>: Fibra de vidro PVC<\/p>\n<p><strong><b>Cor<\/b><\/strong>: Verde<\/p>\n<p><strong><b>Peso<\/b><\/strong>: 400 g\/m\u00b2.<\/p>\n<p><strong><b>Espessura: 0,23-0,25<\/b><\/strong>\u00a0mm<\/p>\n<p><strong><b>Tamanho<\/b><\/strong>: veja a folha de tamanho abaixo ou conforme a exig\u00eancia do cliente<\/p>","protected":false},"featured_media":14054,"template":"","meta":{"_acf_changed":false},"product_brand":[],"product_cat":[319],"product_tag":[],"class_list":{"0":"post-14052","1":"product","2":"type-product","3":"status-publish","4":"has-post-thumbnail","6":"product_cat-tarpaulin","8":"first","9":"instock","10":"shipping-taxable","11":"product-type-simple"},"acf":[],"_links":{"self":[{"href":"https:\/\/toprisesafety.com\/pt\/wp-json\/wp\/v2\/product\/14052"}],"collection":[{"href":"https:\/\/toprisesafety.com\/pt\/wp-json\/wp\/v2\/product"}],"about":[{"href":"https:\/\/toprisesafety.com\/pt\/wp-json\/wp\/v2\/types\/product"}],"wp:featuredmedia":[{"embeddable":true,"href":"https:\/\/toprisesafety.com\/pt\/wp-json\/wp\/v2\/media\/14054"}],"wp:attachment":[{"href":"https:\/\/toprisesafety.com\/pt\/wp-json\/wp\/v2\/media?parent=14052"}],"wp:term":[{"taxonomy":"product_brand","embeddable":true,"href":"https:\/\/toprisesafety.com\/pt\/wp-json\/wp\/v2\/product_brand?post=14052"},{"taxonomy":"product_cat","embeddable":true,"href":"https:\/\/toprisesafety.com\/pt\/wp-json\/wp\/v2\/product_cat?post=14052"},{"taxonomy":"product_tag","embeddable":true,"href":"https:\/\/toprisesafety.com\/pt\/wp-json\/wp\/v2\/product_tag?post=14052"}],"curies":[{"name":"wp","href":"https:\/\/api.w.org\/{rel}","templated":true}]}}