{"id":14032,"date":"2025-07-23T05:06:57","date_gmt":"2025-07-23T05:06:57","guid":{"rendered":"https:\/\/toprisesafety.com\/?post_type=product&#038;p=14032"},"modified":"2025-07-23T05:06:58","modified_gmt":"2025-07-23T05:06:58","slug":"pvc-tarpaulin","status":"publish","type":"product","link":"https:\/\/toprisesafety.com\/pt\/produto\/pvc-tarpaulin\/","title":{"rendered":"Lona de PVC"},"content":{"rendered":"<h1 data-start=\"109\" data-end=\"434\">Lona de PVC<\/h1>\n<p data-start=\"109\" data-end=\"434\"><strong data-start=\"109\" data-end=\"135\">O que \u00e9 lona de PVC?<\/strong><br data-start=\"135\" data-end=\"138\" \/>A lona de PVC \u00e9 um tecido dur\u00e1vel e \u00e0 prova d'\u00e1gua fabricado pelo revestimento de tecido de poli\u00e9ster com cloreto de polivinila (PVC). \u00c9 conhecida por sua alta resist\u00eancia, flexibilidade, resist\u00eancia aos raios UV e desempenho duradouro, o que a torna ideal para coberturas externas, lonas de caminh\u00e3o, tendas, toldos e aplica\u00e7\u00f5es industriais.<\/p>\n<hr data-start=\"436\" data-end=\"439\" \/>\n<h3 data-start=\"441\" data-end=\"461\">Principais recursos:<\/h3>\n<ul data-start=\"462\" data-end=\"656\">\n<li data-start=\"462\" data-end=\"496\">\n<p data-start=\"464\" data-end=\"496\">\u00c0 prova d'\u00e1gua e resistente \u00e0s intemp\u00e9ries<\/p>\n<\/li>\n<li data-start=\"497\" data-end=\"525\">\n<p data-start=\"499\" data-end=\"525\">Resistente a rasgos e dur\u00e1vel<\/p>\n<\/li>\n<li data-start=\"526\" data-end=\"551\">\n<p data-start=\"528\" data-end=\"551\">Resistente a UV e mofo<\/p>\n<\/li>\n<li data-start=\"552\" data-end=\"595\">\n<p data-start=\"554\" data-end=\"595\">Dispon\u00edvel em v\u00e1rios pesos e cores<\/p>\n<\/li>\n<li data-start=\"596\" data-end=\"656\">\n<p data-start=\"598\" data-end=\"656\">Adequado para soldagem, costura ou processamento de alta frequ\u00eancia<\/p>\n<\/li>\n<\/ul>\n<h2><strong><b>Lona de PVC <\/b><\/strong><strong><b>Especifica\u00e7\u00f5es do material<\/b><\/strong><\/h2>\n<table>\n<tbody>\n<tr>\n<td width=\"210\">Peso (g)<\/td>\n<td width=\"192\">Espessura (seda)<\/td>\n<td width=\"192\">Cores dispon\u00edveis<\/td>\n<\/tr>\n<tr>\n<td width=\"210\">420<\/td>\n<td width=\"192\">32<\/td>\n<td width=\"192\">Azul, vermelho, cinza, verde fruta, verde ex\u00e9rcito<\/td>\n<\/tr>\n<tr>\n<td width=\"210\">500<\/td>\n<td width=\"192\">39<\/td>\n<td width=\"192\">Azul, vermelho, cinza, branco, preto, laranja, verde fruta, verde ma\u00e7\u00e3<\/td>\n<\/tr>\n<tr>\n<td width=\"210\">600<\/td>\n<td width=\"192\">47<\/td>\n<td width=\"192\">Azul, vermelho, cinza, branco, amarelo, verde fruta, verde ma\u00e7\u00e3<\/td>\n<\/tr>\n<tr>\n<td width=\"210\">750<\/td>\n<td width=\"192\">57<\/td>\n<td width=\"192\">Azul, vermelho, branco, verde-ma\u00e7\u00e3<\/td>\n<\/tr>\n<tr>\n<td width=\"210\">900<\/td>\n<td width=\"192\">72<\/td>\n<td width=\"192\">Branco, verde-ma\u00e7\u00e3<\/td>\n<\/tr>\n<\/tbody>\n<\/table>\n<h2><strong><b>Lona de PVC <\/b><\/strong><strong><b>Tabela de refer\u00eancia de tamanho padr\u00e3o e real (m)<\/b><\/strong><\/h2>\n<table>\n<tbody>\n<tr>\n<td width=\"96\">Tamanho padr\u00e3o<\/td>\n<td width=\"96\">Tamanho real<\/td>\n<td width=\"96\">Tamanho padr\u00e3o<\/td>\n<td width=\"96\">Tamanho real<\/td>\n<td width=\"96\">Tamanho padr\u00e3o<\/td>\n<td width=\"96\">Tamanho real<\/td>\n<\/tr>\n<tr>\n<td width=\"96\">1,5x2m<\/td>\n<td width=\"96\">1.35\u00d71.85m<\/td>\n<td width=\"96\">3x6m<\/td>\n<td width=\"96\">2.85\u00d75.8m<\/td>\n<td width=\"96\">6x6m<\/td>\n<td width=\"96\">5.75\u00d75.8m<\/td>\n<\/tr>\n<tr>\n<td width=\"96\">1.5\u00d72.5m<\/td>\n<td width=\"96\">1.35\u00d72.35m<\/td>\n<td width=\"96\">4,5x4m<\/td>\n<td width=\"96\">4.25\u00d73.8m<\/td>\n<td width=\"96\">6x8m<\/td>\n<td width=\"96\">5.75\u00d77.8m<\/td>\n<\/tr>\n<tr>\n<td width=\"96\">1,5x3m<\/td>\n<td width=\"96\">1.35\u00d72.85m<\/td>\n<td width=\"96\">4,5x5m<\/td>\n<td width=\"96\">4.25\u00d74.8m<\/td>\n<td width=\"96\">6x10m<\/td>\n<td width=\"96\">5.75\u00d79.8m<\/td>\n<\/tr>\n<tr>\n<td width=\"96\">1,5x4m<\/td>\n<td width=\"96\">1.35\u00d73.85m<\/td>\n<td width=\"96\">4,5x6m<\/td>\n<td width=\"96\">4.25\u00d75.8m<\/td>\n<td width=\"96\">7,5x10m<\/td>\n<td width=\"96\">7.2\u00d79.8m<\/td>\n<\/tr>\n<tr>\n<td width=\"96\">2x3m<\/td>\n<td width=\"96\">1.85\u00d72.85m<\/td>\n<td width=\"96\">4,5x7m<\/td>\n<td width=\"96\">4.25\u00d76.8m<\/td>\n<td width=\"96\">7,5x12m<\/td>\n<td width=\"96\">7.2\u00d711.7m<\/td>\n<\/tr>\n<tr>\n<td width=\"96\">3x3m<\/td>\n<td width=\"96\">2.85\u00d72.85m<\/td>\n<td width=\"96\">4,5x10m<\/td>\n<td width=\"96\">4.25\u00d79.8m<\/td>\n<td width=\"96\">9x12m<\/td>\n<td width=\"96\">8.7\u00d711.7m<\/td>\n<\/tr>\n<tr>\n<td width=\"96\">3x4m<\/td>\n<td width=\"96\">2.85\u00d73.85m<\/td>\n<td width=\"96\">5.8\u00d74.8m<\/td>\n<td width=\"96\">&nbsp;<\/td>\n<td width=\"96\">12x10m<\/td>\n<td width=\"96\">11.55\u00d79.7m<\/td>\n<\/tr>\n<tr>\n<td width=\"96\">3x5m<\/td>\n<td width=\"96\">2.8\u00d74.8m<\/td>\n<td width=\"96\">6x5m<\/td>\n<td width=\"96\">&nbsp;<\/td>\n<td width=\"96\">12x12m<\/td>\n<td width=\"96\">11.55\u00d711.7m<\/td>\n<\/tr>\n<\/tbody>\n<\/table>\n<p data-pm-slice=\"1 1 []\">A NINGBO TOPRISE oferece op\u00e7\u00f5es de personaliza\u00e7\u00e3o para lonas de PVC em termos de cor e tamanho.<\/p>\n<p data-pm-slice=\"1 1 []\">E tamb\u00e9m oferecemos servi\u00e7os de personaliza\u00e7\u00e3o para pe\u00e7as com formatos especiais.<\/p>\n<p data-pm-slice=\"1 1 []\">Se voc\u00ea tiver algum requisito de personaliza\u00e7\u00e3o, sinta-se \u00e0 vontade para<a href=\"https:\/\/toprisesafety.com\/pt\/contact-us\/\"> Entre em contato conosco<\/a> a qualquer momento.<\/p>\n<p data-pm-slice=\"1 1 []\">","protected":false},"excerpt":{"rendered":"<p><strong><b>N\u00ba do art.<\/b><\/strong>: PVCT01<\/p>\n<p><strong><b>Material<\/b><\/strong>: PVC<\/p>\n<p><strong><b>Peso<\/b><\/strong>\u00a0: 420\/500\/600\/750\/900G\/SQM<\/p>\n<p><strong><b>Espessura : <\/b><\/strong>0.32\/0.39\/0.47\/0.57\/0.72MM<\/p>\n<p><strong><b>Tamanho<\/b><\/strong>: veja a folha de tamanho abaixo ou conforme a exig\u00eancia do cliente<\/p>\n<p><strong><b>Cor<\/b><\/strong>: claro<\/p>","protected":false},"featured_media":14035,"template":"","meta":{"_acf_changed":false},"product_brand":[],"product_cat":[319],"product_tag":[],"class_list":{"0":"post-14032","1":"product","2":"type-product","3":"status-publish","4":"has-post-thumbnail","6":"product_cat-tarpaulin","8":"first","9":"instock","10":"shipping-taxable","11":"product-type-simple"},"acf":[],"_links":{"self":[{"href":"https:\/\/toprisesafety.com\/pt\/wp-json\/wp\/v2\/product\/14032"}],"collection":[{"href":"https:\/\/toprisesafety.com\/pt\/wp-json\/wp\/v2\/product"}],"about":[{"href":"https:\/\/toprisesafety.com\/pt\/wp-json\/wp\/v2\/types\/product"}],"wp:featuredmedia":[{"embeddable":true,"href":"https:\/\/toprisesafety.com\/pt\/wp-json\/wp\/v2\/media\/14035"}],"wp:attachment":[{"href":"https:\/\/toprisesafety.com\/pt\/wp-json\/wp\/v2\/media?parent=14032"}],"wp:term":[{"taxonomy":"product_brand","embeddable":true,"href":"https:\/\/toprisesafety.com\/pt\/wp-json\/wp\/v2\/product_brand?post=14032"},{"taxonomy":"product_cat","embeddable":true,"href":"https:\/\/toprisesafety.com\/pt\/wp-json\/wp\/v2\/product_cat?post=14032"},{"taxonomy":"product_tag","embeddable":true,"href":"https:\/\/toprisesafety.com\/pt\/wp-json\/wp\/v2\/product_tag?post=14032"}],"curies":[{"name":"wp","href":"https:\/\/api.w.org\/{rel}","templated":true}]}}