{"id":14008,"date":"2025-07-22T08:24:42","date_gmt":"2025-07-22T08:24:42","guid":{"rendered":"https:\/\/toprisesafety.com\/?post_type=product&#038;p=14008"},"modified":"2025-07-22T08:45:03","modified_gmt":"2025-07-22T08:45:03","slug":"transparent-pe-tarpaulin","status":"publish","type":"product","link":"https:\/\/toprisesafety.com\/pt\/produto\/transparent-pe-tarpaulin\/","title":{"rendered":"Lona de PE transparente"},"content":{"rendered":"<h1>Lona de PE transparente<\/h1>\n<p><strong><b>Transparente<\/b><\/strong><strong><b>\u00a0Lona de PE <\/b><\/strong><strong><b>Especifica\u00e7\u00e3o<\/b><\/strong><\/p>\n<table>\n<tbody>\n<tr>\n<td width=\"288\"><strong><b>Nome<\/b><\/strong><\/td>\n<td width=\"288\">Capa de chuva transparente<\/td>\n<\/tr>\n<tr>\n<td width=\"288\"><strong><b>Cor<\/b><\/strong><\/td>\n<td width=\"288\">Branco transparente<\/td>\n<\/tr>\n<tr>\n<td width=\"288\"><strong><b>Material<\/b><\/strong><\/td>\n<td width=\"288\">Principalmente filme pl\u00e1stico PE + borda de tecido revestido<\/td>\n<\/tr>\n<tr>\n<td width=\"288\"><strong><b>Tamanho<\/b><\/strong><\/td>\n<td width=\"288\">Tamanho do estoque + tamanho personalizado<\/td>\n<\/tr>\n<tr>\n<td width=\"288\"><strong><b>Espessura <\/b><\/strong><\/td>\n<td width=\"288\">0,08 mm, 0,10 mm<\/td>\n<\/tr>\n<tr>\n<td width=\"288\"><strong><b>\u00c1rea<\/b><\/strong><\/td>\n<td width=\"288\">Personaliz\u00e1vel<\/td>\n<\/tr>\n<tr>\n<td width=\"288\"><strong><b>Recursos<\/b><\/strong><\/td>\n<td width=\"288\">Boa transmiss\u00e3o de luz, ecologicamente correto e inodoro, \u00e0 prova de vento e chuva, e preserva\u00e7\u00e3o do calor e da umidade<\/td>\n<\/tr>\n<\/tbody>\n<\/table>\n<h2><strong><b>Formas<\/b><\/strong><\/h2>\n<p>Forma regular: Fornecer tamanho<\/p>\n<p>Forma especial: Fornecer desenho<\/p>\n<h2><strong><b>Tamanhos dos produtos<\/b><\/strong><\/h2>\n<table>\n<tbody>\n<tr>\n<td width=\"96\"><strong><b>Tamanho<\/b><\/strong><\/td>\n<td width=\"96\"><strong><b>Tamanho real<\/b><\/strong><\/td>\n<td width=\"96\"><strong><b>Tamanho<\/b><\/strong><\/td>\n<td width=\"96\"><strong><b>Tamanho real<\/b><\/strong><\/td>\n<td width=\"96\"><strong><b>Tamanho<\/b><\/strong><\/td>\n<td width=\"96\"><strong><b>Tamanho real<\/b><\/strong><\/td>\n<\/tr>\n<tr>\n<td width=\"96\">2x2m<\/td>\n<td width=\"96\">1.9\u00d71.9m<\/td>\n<td width=\"96\">4x6m<\/td>\n<td width=\"96\">3.8\u00d75.8m<\/td>\n<td width=\"96\">6x7m<\/td>\n<td width=\"96\">5.8\u00d76.8m<\/td>\n<\/tr>\n<tr>\n<td width=\"96\">2x3m<\/td>\n<td width=\"96\">1.9\u00d72.9m<\/td>\n<td width=\"96\">4x8m<\/td>\n<td width=\"96\">3.8\u00d77.8m<\/td>\n<td width=\"96\">6x8m<\/td>\n<td width=\"96\">5.8\u00d77.8m<\/td>\n<\/tr>\n<tr>\n<td width=\"96\">3x3m<\/td>\n<td width=\"96\">2.8\u00d72.8m<\/td>\n<td width=\"96\">5x5m<\/td>\n<td width=\"96\">4.8\u00d74.8m<\/td>\n<td width=\"96\">6x10m<\/td>\n<td width=\"96\">5.8\u00d79.8m<\/td>\n<\/tr>\n<tr>\n<td width=\"96\">3x4m<\/td>\n<td width=\"96\">2.8\u00d73.8m<\/td>\n<td width=\"96\">5x6m<\/td>\n<td width=\"96\">4.8\u00d75.8m<\/td>\n<td width=\"96\">6x12m<\/td>\n<td width=\"96\">5.8\u00d711.7m<\/td>\n<\/tr>\n<tr>\n<td width=\"96\">3x5m<\/td>\n<td width=\"96\">2.8\u00d74.8m<\/td>\n<td width=\"96\">5x7m<\/td>\n<td width=\"96\">4.8\u00d76.8m<\/td>\n<td width=\"96\">7x8m<\/td>\n<td width=\"96\">6.7\u00d77.7m<\/td>\n<\/tr>\n<tr>\n<td width=\"96\">3x6m<\/td>\n<td width=\"96\">2.8\u00d75.8m<\/td>\n<td width=\"96\">5x8m<\/td>\n<td width=\"96\">4.8\u00d77.8m<\/td>\n<td width=\"96\">8x10m<\/td>\n<td width=\"96\">7.7\u00d79.7m<\/td>\n<\/tr>\n<tr>\n<td width=\"96\">4x4m<\/td>\n<td width=\"96\">3.8\u00d73.8m<\/td>\n<td width=\"96\">5x10m<\/td>\n<td width=\"96\">4.8\u00d79.8m<\/td>\n<td width=\"96\">10x20m<\/td>\n<td width=\"96\">9.6\u00d719.7m<\/td>\n<\/tr>\n<tr>\n<td width=\"96\">4x5m<\/td>\n<td width=\"96\">3.8\u00d74.8m<\/td>\n<td width=\"96\">6x6m<\/td>\n<td width=\"96\">5.8\u00d75.8m<\/td>\n<td width=\"96\"><\/td>\n<td width=\"96\"><\/td>\n<\/tr>\n<\/tbody>\n<\/table>\n<h2 data-start=\"58\" data-end=\"110\">\ud83c\udf1f <strong data-start=\"65\" data-end=\"110\">Aplica\u00e7\u00f5es da lona de PE transparente:<\/strong><\/h2>\n<ol data-start=\"112\" data-end=\"1164\">\n<li data-start=\"112\" data-end=\"235\">\n<p data-start=\"115\" data-end=\"235\"><strong data-start=\"115\" data-end=\"138\">Cobertura de estufas<\/strong><br data-start=\"138\" data-end=\"141\" \/>Ideal para o crescimento de plantas com bom isolamento, transmiss\u00e3o de luz e prote\u00e7\u00e3o \u00e0 prova d'\u00e1gua.<\/p>\n<\/li>\n<li data-start=\"237\" data-end=\"342\">\n<p data-start=\"240\" data-end=\"342\"><strong data-start=\"240\" data-end=\"272\">Abrigo para barracas de mercado ao ar livre<\/strong><br data-start=\"272\" data-end=\"275\" \/>Oferece prote\u00e7\u00e3o contra chuva e sol, mantendo os produtos vis\u00edveis.<\/p>\n<\/li>\n<li data-start=\"344\" data-end=\"440\">\n<p data-start=\"347\" data-end=\"440\"><strong data-start=\"347\" data-end=\"378\">Coberturas\/portas externas<\/strong><br data-start=\"378\" data-end=\"381\" \/>Usadas como coberturas \u00e0 prova de chuva, vento ou simples guarda-s\u00f3is.<\/p>\n<\/li>\n<li data-start=\"442\" data-end=\"544\">\n<p data-start=\"445\" data-end=\"544\"><strong data-start=\"445\" data-end=\"477\">Prote\u00e7\u00e3o do canteiro de obras<\/strong><br data-start=\"477\" data-end=\"480\" \/>Bloqueia o vento, a chuva e a poeira; protege os materiais de constru\u00e7\u00e3o.<\/p>\n<\/li>\n<li data-start=\"546\" data-end=\"662\">\n<p data-start=\"549\" data-end=\"662\"><strong data-start=\"549\" data-end=\"597\">Barreiras contra vento e chuva para portas e janelas<\/strong><br data-start=\"597\" data-end=\"600\" \/>Prote\u00e7\u00f5es tempor\u00e1rias para varandas, entradas de f\u00e1bricas, etc.<\/p>\n<\/li>\n<li data-start=\"664\" data-end=\"821\">\n<p data-start=\"667\" data-end=\"821\"><strong data-start=\"667\" data-end=\"699\">Fazendas de gado e de mudas<\/strong><br data-start=\"699\" data-end=\"702\" \/>Garante o aquecimento, o controle da umidade e o isolamento da contamina\u00e7\u00e3o - adequado para aves, aquicultura e viveiros.<\/p>\n<\/li>\n<li data-start=\"823\" data-end=\"923\">\n<p data-start=\"826\" data-end=\"923\"><strong data-start=\"826\" data-end=\"856\">Armaz\u00e9m\/Cobertura de mercadorias<\/strong><br data-start=\"856\" data-end=\"859\" \/>Protege m\u00e1quinas e materiais contra poeira, \u00e1gua e envelhecimento.<\/p>\n<\/li>\n<li data-start=\"925\" data-end=\"1036\">\n<p data-start=\"928\" data-end=\"1036\"><strong data-start=\"928\" data-end=\"955\">Lona para eventos ao ar livre<\/strong><br data-start=\"955\" data-end=\"958\" \/>Serve como sombra ou abrigo contra chuva para acampamentos, barracas, banquetes ao ar livre, etc.<\/p>\n<\/li>\n<li data-start=\"1038\" data-end=\"1164\">\n<p data-start=\"1041\" data-end=\"1164\"><strong data-start=\"1041\" data-end=\"1094\">Cortinas contra poeira industrial\/divis\u00f3rias transparentes<\/strong><br data-start=\"1094\" data-end=\"1097\" \/>Funciona como divis\u00f3rias claras para espa\u00e7os de trabalho, minimizando a contamina\u00e7\u00e3o.<\/p>\n<\/li>\n<\/ol>\n<h2 data-start=\"90\" data-end=\"138\"><strong data-start=\"96\" data-end=\"138\">Vantagens da lona de PE transparente<\/strong><\/h2>\n<ul data-start=\"140\" data-end=\"955\">\n<li data-start=\"140\" data-end=\"250\">\n<p data-start=\"143\" data-end=\"250\"><strong data-start=\"143\" data-end=\"164\">Alta transpar\u00eancia<\/strong>-Permite a passagem de luz natural, ideal para estufas e displays de produtos.<\/p>\n<\/li>\n<li data-start=\"251\" data-end=\"317\">\n<p data-start=\"254\" data-end=\"317\"><strong data-start=\"254\" data-end=\"268\">\u00c0 prova d'\u00e1gua<\/strong>-Bloqueia eficazmente a chuva, a neve e a umidade.<\/p>\n<\/li>\n<li data-start=\"318\" data-end=\"416\">\n<p data-start=\"321\" data-end=\"416\"><strong data-start=\"321\" data-end=\"349\">Dur\u00e1vel e resistente a rasgos<\/strong>-Fabricado com material PE refor\u00e7ado para desempenho duradouro.<\/p>\n<\/li>\n<li data-start=\"417\" data-end=\"487\">\n<p data-start=\"420\" data-end=\"487\"><strong data-start=\"420\" data-end=\"446\">Leve e port\u00e1til<\/strong>-F\u00e1cil de carregar, transportar e armazenar.<\/p>\n<\/li>\n<li data-start=\"488\" data-end=\"567\">\n<p data-start=\"491\" data-end=\"567\"><strong data-start=\"491\" data-end=\"507\">Resistente a UV<\/strong>-Protege contra a exposi\u00e7\u00e3o prejudicial ao sol e retarda o envelhecimento.<\/p>\n<\/li>\n<li data-start=\"568\" data-end=\"661\">\n<p data-start=\"571\" data-end=\"661\"><strong data-start=\"571\" data-end=\"599\">Ecologicamente correto e sem odor<\/strong>-Fabricado com filme pl\u00e1stico PE at\u00f3xico e inodoro.<\/p>\n<\/li>\n<li data-start=\"662\" data-end=\"742\">\n<p data-start=\"665\" data-end=\"742\"><strong data-start=\"665\" data-end=\"684\">Macio e flex\u00edvel<\/strong>-F\u00e1cil de instalar, dobrar e adaptar a v\u00e1rias superf\u00edcies.<\/p>\n<\/li>\n<li data-start=\"743\" data-end=\"839\">\n<p data-start=\"746\" data-end=\"839\"><strong data-start=\"746\" data-end=\"775\">Tamanho e formato personaliz\u00e1veis<\/strong>-Pode ser adaptado para atender a estruturas e requisitos especiais.<\/p>\n<\/li>\n<li data-start=\"840\" data-end=\"955\">\n<p data-start=\"843\" data-end=\"955\"><strong data-start=\"843\" data-end=\"868\">Aplica\u00e7\u00e3o vers\u00e1til<\/strong>-Amplamente utilizado na agricultura, constru\u00e7\u00e3o, log\u00edstica, eventos e abrigos tempor\u00e1rios.<\/p>\n<\/li>\n<\/ul>\n<h2><a href=\"https:\/\/toprisesafety.com\/pt\/categoria-produto\/outdoor-goods\/tarpaulin\/\">Saiba mais sobre a lona TOPRISE PE<\/a>. Podemos personalizar cores e tamanhos.<\/h2>\n<p>&nbsp;<\/p>\n<ol>\n<li style=\"list-style-type: none;\"><\/li>\n<\/ol>\n<p>&nbsp;<\/p>","protected":false},"excerpt":{"rendered":"<p><strong><b>N\u00ba do art.<\/b><\/strong>: PET02<\/p>\n<p><strong><b>Material<\/b><\/strong>: PE<\/p>\n<p><strong><b>Peso<\/b><\/strong> : 60 g\/m\u00b2 ou g\/m\u00b2<\/p>\n<p><strong><b>Espessura: 0,08 mm, 0,10 mm<\/b><\/strong><\/p>\n<p><strong><b>Tamanho<\/b><\/strong>: veja a folha de tamanho abaixo ou conforme a exig\u00eancia do cliente<\/p>\n<p><strong><b>Cor<\/b><\/strong>: claro<\/p>\n<p>&nbsp;<\/p>","protected":false},"featured_media":14015,"template":"","meta":{"_acf_changed":false},"product_brand":[],"product_cat":[319],"product_tag":[317],"class_list":{"0":"post-14008","1":"product","2":"type-product","3":"status-publish","4":"has-post-thumbnail","6":"product_cat-tarpaulin","7":"product_tag-pe-tarpaulin","9":"first","10":"instock","11":"product-type-simple"},"acf":[],"_links":{"self":[{"href":"https:\/\/toprisesafety.com\/pt\/wp-json\/wp\/v2\/product\/14008"}],"collection":[{"href":"https:\/\/toprisesafety.com\/pt\/wp-json\/wp\/v2\/product"}],"about":[{"href":"https:\/\/toprisesafety.com\/pt\/wp-json\/wp\/v2\/types\/product"}],"wp:featuredmedia":[{"embeddable":true,"href":"https:\/\/toprisesafety.com\/pt\/wp-json\/wp\/v2\/media\/14015"}],"wp:attachment":[{"href":"https:\/\/toprisesafety.com\/pt\/wp-json\/wp\/v2\/media?parent=14008"}],"wp:term":[{"taxonomy":"product_brand","embeddable":true,"href":"https:\/\/toprisesafety.com\/pt\/wp-json\/wp\/v2\/product_brand?post=14008"},{"taxonomy":"product_cat","embeddable":true,"href":"https:\/\/toprisesafety.com\/pt\/wp-json\/wp\/v2\/product_cat?post=14008"},{"taxonomy":"product_tag","embeddable":true,"href":"https:\/\/toprisesafety.com\/pt\/wp-json\/wp\/v2\/product_tag?post=14008"}],"curies":[{"name":"wp","href":"https:\/\/api.w.org\/{rel}","templated":true}]}}