{"id":13155,"date":"2025-06-12T07:06:39","date_gmt":"2025-06-12T07:06:39","guid":{"rendered":"https:\/\/toprisesafety.com\/?post_type=product&#038;p=13155"},"modified":"2025-06-12T07:06:39","modified_gmt":"2025-06-12T07:06:39","slug":"security-polo-shirt-pant","status":"publish","type":"product","link":"https:\/\/toprisesafety.com\/pt\/produto\/security-polo-shirt-pant\/","title":{"rendered":"Camisa polo de seguran\u00e7a Cal\u00e7a"},"content":{"rendered":"<h2>Camisa polo de seguran\u00e7a Cal\u00e7a<\/h2>\n<p>A Ningbo Toprise \u00e9 especializada na produ\u00e7\u00e3o de uniformes de seguran\u00e7a de alta qualidade. Oferecemos servi\u00e7os personalizados de customiza\u00e7\u00e3o, incluindo estilos, logotipos, tamanhos, cores e embalagens. Empregamos t\u00e9cnicas de produ\u00e7\u00e3o avan\u00e7adas e tecidos de alta qualidade para garantir o conforto e a durabilidade dos uniformes. Seja para personaliza\u00e7\u00e3o empresarial ou para requisitos de grupos, podemos oferecer solu\u00e7\u00f5es sob medida para atender \u00e0s necessidades de diferentes clientes. Com vasta experi\u00eancia e servi\u00e7os profissionais, garantimos que todos os uniformes atendam aos altos padr\u00f5es.<\/p>\n<p>Como solicitar nossos uniformes de seguran\u00e7a?<\/p>\n<ul>\n<li>Informe-nos suas necessidades, incluindo estilo, cor, quantidade, design do logotipo e especifica\u00e7\u00f5es de embalagem.<\/li>\n<li>Oferecemos cota\u00e7\u00f5es. Fornecemos pre\u00e7os detalhados com base em suas necessidades.<\/li>\n<li>Suporte para provas: Forneceremos amostras para voc\u00ea garantir que atendam aos seus requisitos.<\/li>\n<li>Fazer um pedido para produ\u00e7\u00e3o: Ap\u00f3s a confirma\u00e7\u00e3o da amostra, voc\u00ea pode fazer o pedido oficial. Concluiremos a produ\u00e7\u00e3o no prazo e a entregaremos.<\/li>\n<\/ul>\n<table style=\"height: 522px;\" width=\"785\">\n<tbody>\n<tr>\n<td colspan=\"2\" width=\"748\"><strong><b>S\u00e9rie de tecidos<\/b><\/strong><\/td>\n<\/tr>\n<tr>\n<td width=\"105\">Composi\u00e7\u00e3o do tecido<\/td>\n<td width=\"643\">100% algod\u00e3o, 150g\/170g\/200g\/240g\/260g\/280g\/310g\/330g\/360g\/400g\/420g para escolha<\/td>\n<\/tr>\n<tr>\n<td width=\"105\"><\/td>\n<td width=\"643\">100% algod\u00e3o, 150g\/170g\/200g\/240g\/260g\/280g\/310g\/330g\/360g\/400g\/420g para escolha<\/td>\n<\/tr>\n<tr>\n<td width=\"105\"><\/td>\n<td width=\"643\">Tecido de poli\u00e9ster\/algod\u00e3o (80\/20 ou 65\/35 ou 90\/10), 90\/10), 150g\/170g\/200g\/240g\/260g\/280g\/310g\/330g\/360g\/400g\/420g para escolha<\/td>\n<\/tr>\n<tr>\n<td width=\"105\"><\/td>\n<td width=\"643\">Fibra de aramida, 120g\/150g\/180g\/210g\/260g\/300g<\/td>\n<\/tr>\n<tr>\n<td width=\"105\">Cores diferentes para escolher<\/td>\n<td width=\"643\"><img decoding=\"async\" class=\"alignnone size-medium wp-image-13105\" src=\"https:\/\/toprisesafety.com\/wp-content\/uploads\/2025\/06\/color-300x24.png\" alt=\"\" width=\"300\" height=\"24\" srcset=\"https:\/\/toprisesafety.com\/wp-content\/uploads\/2025\/06\/color-300x24.png 300w, https:\/\/toprisesafety.com\/wp-content\/uploads\/2025\/06\/color-600x49.png 600w, https:\/\/toprisesafety.com\/wp-content\/uploads\/2025\/06\/color.png 712w\" sizes=\"(max-width: 300px) 100vw, 300px\" \/><\/td>\n<\/tr>\n<tr>\n<td colspan=\"2\" width=\"748\"><strong><b>S\u00e9rie Workwear<\/b><\/strong><\/td>\n<\/tr>\n<tr>\n<td width=\"105\">S\u00e9rie principal<\/td>\n<td width=\"643\">Roupas retardantes de chamas, roupas antiest\u00e1ticas, roupas para soldadores, roupas contra inc\u00eandio, roupas de emerg\u00eancia, roupas de prote\u00e7\u00e3o contra \u00e1cidos e \u00e1lcalis e roupas multifuncionais. Suporte \u00e0 personaliza\u00e7\u00e3o.<\/td>\n<\/tr>\n<tr>\n<td width=\"105\">Principais fun\u00e7\u00f5es<\/td>\n<td width=\"643\">Retardante de chamas, antiest\u00e1tico, anti\u00f3leo, anti\u00e1cido, antialcalino, anti-mosquito, anti-UV<\/td>\n<\/tr>\n<tr>\n<td width=\"105\">\u00c1reas de aplica\u00e7\u00e3o<\/td>\n<td width=\"643\">Preven\u00e7\u00e3o de inc\u00eandios florestais, petroqu\u00edmica, g\u00e1s natural, reparo de autom\u00f3veis, energia el\u00e9trica, minera\u00e7\u00e3o, soldagem, uso de seguran\u00e7a e outros setores<\/td>\n<\/tr>\n<tr>\n<td width=\"105\">Mercado de exporta\u00e7\u00e3o<\/td>\n<td width=\"643\">Europa, Am\u00e9rica do Norte, \u00c1frica, \u00c1frica do Sul, Am\u00e9rica do Sul<\/td>\n<\/tr>\n<\/tbody>\n<\/table>\n<p>&nbsp;<\/p>","protected":false},"excerpt":{"rendered":"<p>N\u00ba art. SP09<\/p>\n<p>Material: 100%Cotton, T\/C 80\/20, T\/C 65\/35, 100%Polyester<\/p>\n<p>Peso: 120-420G\/SQM ou personalizado<\/p>\n<p>Cor: cores diferentes para escolha.<\/p>\n<p>Tamanho: S-XXXL (Suporte a personaliza\u00e7\u00e3o\uff09<\/p>\n<p>MOQ: 1000 PCS.<\/p>","protected":false},"featured_media":13159,"template":"","meta":{"_acf_changed":false},"product_brand":[],"product_cat":[402],"product_tag":[],"class_list":{"0":"post-13155","1":"product","2":"type-product","3":"status-publish","4":"has-post-thumbnail","6":"product_cat-security-uniform","8":"first","9":"instock","10":"shipping-taxable","11":"product-type-simple"},"acf":[],"_links":{"self":[{"href":"https:\/\/toprisesafety.com\/pt\/wp-json\/wp\/v2\/product\/13155"}],"collection":[{"href":"https:\/\/toprisesafety.com\/pt\/wp-json\/wp\/v2\/product"}],"about":[{"href":"https:\/\/toprisesafety.com\/pt\/wp-json\/wp\/v2\/types\/product"}],"wp:featuredmedia":[{"embeddable":true,"href":"https:\/\/toprisesafety.com\/pt\/wp-json\/wp\/v2\/media\/13159"}],"wp:attachment":[{"href":"https:\/\/toprisesafety.com\/pt\/wp-json\/wp\/v2\/media?parent=13155"}],"wp:term":[{"taxonomy":"product_brand","embeddable":true,"href":"https:\/\/toprisesafety.com\/pt\/wp-json\/wp\/v2\/product_brand?post=13155"},{"taxonomy":"product_cat","embeddable":true,"href":"https:\/\/toprisesafety.com\/pt\/wp-json\/wp\/v2\/product_cat?post=13155"},{"taxonomy":"product_tag","embeddable":true,"href":"https:\/\/toprisesafety.com\/pt\/wp-json\/wp\/v2\/product_tag?post=13155"}],"curies":[{"name":"wp","href":"https:\/\/api.w.org\/{rel}","templated":true}]}}