{"id":12961,"date":"2025-06-04T07:05:31","date_gmt":"2025-06-04T07:05:31","guid":{"rendered":"https:\/\/toprisesafety.com\/?post_type=product&#038;p=12961"},"modified":"2025-06-05T06:26:32","modified_gmt":"2025-06-05T06:26:32","slug":"custom-waterproof-car-cover","status":"publish","type":"product","link":"https:\/\/toprisesafety.com\/pt\/produto\/custom-waterproof-car-cover\/","title":{"rendered":"Capa de carro personalizada \u00e0 prova d'\u00e1gua"},"content":{"rendered":"<h2>Capa de carro personalizada \u00e0 prova d'\u00e1gua<\/h2>\n<p><strong><b>Capa de carro personalizada \u00e0 prova d'\u00e1gua<\/b><\/strong><strong><b>\u00a0<\/b><\/strong><strong><b>Caracter\u00edsticas: <\/b><\/strong><\/p>\n<ul>\n<li>Prote\u00e7\u00e3o solar: Bloqueia eficazmente os raios ultravioleta, protegendo a pintura do carro contra o desbotamento.<\/li>\n<li>\u00c0 prova d'\u00e1gua: Evita a entrada de \u00e1gua, protegendo a carroceria do ve\u00edculo contra umidade.<\/li>\n<li>Preven\u00e7\u00e3o contra poeira: Evite a entrada de part\u00edculas de poeira e areia; mantenha o ve\u00edculo limpo.<\/li>\n<li>\u00c0 prova de intemp\u00e9ries: Protege eficazmente o carro contra os efeitos do tempo chuvoso e da neve.<\/li>\n<li>Anti-incrustante: Evita a contamina\u00e7\u00e3o da carroceria do ve\u00edculo por \u00f3leo, resina, etc.<\/li>\n<li>Antiest\u00e1tico: Reduz o ac\u00famulo de eletricidade est\u00e1tica e mant\u00e9m o interior e o exterior do ve\u00edculo limpos.<\/li>\n<li>Anti-congelamento: Protege o carro contra os efeitos do clima frio.<\/li>\n<li>Resistente a arranh\u00f5es: alta resist\u00eancia ao desgaste, evitando efetivamente arranh\u00f5es.<\/li>\n<li>Servi\u00e7o personalizado: Voc\u00ea pode personalizar o tamanho, a cor, o tecido, o logotipo e a embalagem.<\/li>\n<\/ul>\n<div style=\"width: 800px;\" class=\"wp-video\"><!--[if lt IE 9]><script>document.createElement('video');<\/script><![endif]-->\n<video class=\"wp-video-shortcode\" id=\"video-12961-1\" width=\"800\" height=\"450\" preload=\"metadata\" controls=\"controls\"><source type=\"video\/mp4\" src=\"https:\/\/toprisesafety.com\/wp-content\/uploads\/2025\/06\/waterproof-car-cover.mp4?_=1\" \/><a href=\"https:\/\/toprisesafety.com\/wp-content\/uploads\/2025\/06\/waterproof-car-cover.mp4\">https:\/\/toprisesafety.com\/wp-content\/uploads\/2025\/06\/waterproof-car-cover.mp4<\/a><\/video><\/div>\n<table>\n<tbody>\n<tr>\n<td width=\"284\">ART NO.<\/td>\n<td width=\"284\">CC01<\/td>\n<\/tr>\n<tr>\n<td width=\"284\">Material<\/td>\n<td width=\"284\">210D\u00a0\/420D Oxford fabric with PA coated or 190T \/210T polyester with silver coated customized<\/td>\n<\/tr>\n<tr>\n<td width=\"284\">Tamanho<\/td>\n<td width=\"284\">carro de passeio 3S\/3M\/3L\/3XL\/3XXL, carro SUV YM\/YL\/YXL\/YXXXL, caminhonete S\/M\/L\/XL\/XXL ou personalizado de acordo com o modelo do ve\u00edculo<\/p>\n<p>&nbsp;<\/td>\n<\/tr>\n<tr>\n<td width=\"284\">Cor<\/td>\n<td width=\"284\">Preto ou personalizado<\/td>\n<\/tr>\n<tr>\n<td width=\"284\">Impress\u00e3o de logotipo<\/td>\n<td width=\"284\">dispon\u00edvel<\/td>\n<\/tr>\n<tr>\n<td width=\"284\">Embalagem<\/td>\n<td width=\"284\">1 unidade por embalagem de saco do mesmo material ou personalizada<\/td>\n<\/tr>\n<tr>\n<td width=\"284\">MOQ<\/td>\n<td width=\"284\">100 PE\u00c7AS<\/td>\n<\/tr>\n<tr>\n<td width=\"284\">Design personalizado<\/td>\n<td width=\"284\">Suporte<\/td>\n<\/tr>\n<\/tbody>\n<\/table>\n<p><strong><b>Capa de carro personalizada \u00e0 prova d'\u00e1gua<\/b><\/strong><strong><b>\u00a0Aplicativo<\/b><\/strong><strong><b>\u00a0Campos: <\/b><\/strong><\/p>\n<ul>\n<li>Estacionamento urbano: Prote\u00e7\u00e3o dos ve\u00edculos contra fatores externos, como poeira, chuva e raios ultravioleta.<\/li>\n<li>O estacionamento de longo prazo visa proteger a carroceria do ve\u00edculo contra contamina\u00e7\u00e3o, arranh\u00f5es ou envelhecimento por longos per\u00edodos.<\/li>\n<li>Estacionamento ao ar livre: Adequado para estacionamentos ao ar livre ou sem supervis\u00e3o e estacionamentos na beira da estrada.<\/li>\n<li>Transporte de ve\u00edculos: Usado para proteger a apar\u00eancia do ve\u00edculo durante o transporte para evitar danos causados por areia, vento, chuva e neve.<\/li>\n<li>Exposi\u00e7\u00e3o comercial: Em locais como sal\u00f5es de autom\u00f3veis e feiras comerciais, proteja os ve\u00edculos expostos de influ\u00eancias externas.<\/li>\n<li>Prote\u00e7\u00e3o sazonal: Medidas para prote\u00e7\u00e3o contra o frio no inverno e contra a exposi\u00e7\u00e3o ao sol no ver\u00e3o, abordando as necessidades de prote\u00e7\u00e3o para diferentes esta\u00e7\u00f5es.<\/li>\n<li>Armazenamento de carros usados: Proteger a apar\u00eancia dos carros \u00e0 venda e manter seu valor<\/li>\n<li>Manuten\u00e7\u00e3o e servi\u00e7os: O propriet\u00e1rio o utiliza durante o processo de reparo para proteger a carroceria do ve\u00edculo contra a entrada de poeira e sujeira.<\/li>\n<\/ul>\n<p>A NINGBO TOPRISE \u00e9 uma f\u00e1brica profissional especializada na produ\u00e7\u00e3o de<a href=\"https:\/\/toprisesafety.com\/pt\/categoria-produto\/outdoor-goods\/waterproof-cover\/\"> capas imperme\u00e1veis de alta qualidade<\/a>A empresa, que tem como objetivo fornecer aos clientes v\u00e1rias solu\u00e7\u00f5es de prote\u00e7\u00e3o personalizadas, \u00e9 uma das maiores do mundo. Com equipamentos de produ\u00e7\u00e3o avan\u00e7ados e vasta experi\u00eancia no setor, nossos produtos abrangem uma ampla variedade de tipos, como capas para motocicletas, capas para carros, capas para m\u00f3veis e capas para bicicletas. Todas as capas \u00e0 prova d'\u00e1gua s\u00e3o feitas de tecidos \u00e0 prova d'\u00e1gua de alta qualidade, como o tecido Oxford 420D e o tecido Oxford 210D, com v\u00e1rias fun\u00e7\u00f5es, incluindo impermeabiliza\u00e7\u00e3o, prote\u00e7\u00e3o contra raios UV, preven\u00e7\u00e3o contra poeira, resist\u00eancia ao vento e resist\u00eancia a arranh\u00f5es, o que pode proteger seu equipamento de forma eficaz contra influ\u00eancias ambientais externas.<br \/>\nNossa f\u00e1brica tem tr\u00eas linhas de produ\u00e7\u00e3o altamente eficientes, cada uma delas equipada com equipamentos automatizados avan\u00e7ados, o que nos permite produzir v\u00e1rias coberturas \u00e0 prova d'\u00e1gua com alta efici\u00eancia e estabilidade. Atualmente, a f\u00e1brica tem aproximadamente 150 funcion\u00e1rios, incluindo t\u00e9cnicos, operadores, inspetores de qualidade e uma equipe de suporte para log\u00edstica. Podemos fornecer servi\u00e7os personalizados em termos de v\u00e1rios tamanhos, cores e tecidos, de acordo com as necessidades do cliente. Al\u00e9m disso, oferecemos impress\u00e3o de LOGOTIPO e embalagens personalizadas para atender \u00e0s necessidades de diferentes setores e mercados. Todos os produtos passam por rigorosas inspe\u00e7\u00f5es de qualidade para garantir que atendam aos altos padr\u00f5es e possam satisfazer as diversas necessidades dos clientes.<br \/>\nSempre aderimos ao princ\u00edpio de \"qualidade em primeiro lugar e servi\u00e7o acima de tudo\" e temos o compromisso de nos tornarmos um fornecedor confi\u00e1vel de coberturas \u00e0 prova d'\u00e1gua para clientes em todo o mundo.<br \/>\nSe voc\u00ea tiver alguma d\u00favida sobre coberturas \u00e0 prova d'\u00e1gua, <a href=\"https:\/\/toprisesafety.com\/pt\/contact-us\/\">entre em contato conosco livremente.<\/a><\/p>","protected":false},"excerpt":{"rendered":"<p>Art No.CC01<\/p>\n<p>Material:\u00a0210D\u00a0\/420D Oxford fabric with PA coated or 190T \/210T polyester with silver coated customized<\/p>\n<p>Tamanho: carro de passeio 3S\/3M\/3L\/3XL\/3XXL, carro SUV YM\/YL\/YXL\/YXXXL, caminhonete S\/M\/L\/XL\/XXL ou personalizado de acordo com o modelo do ve\u00edculo<\/p>\n<p>Cor: preto ou personalizado<\/p>\n<p>Impress\u00e3o do logotipo: dispon\u00edvel<\/p>\n<p>MOQ: 300PCS<\/p>","protected":false},"featured_media":12963,"template":"","meta":{"_acf_changed":false},"product_brand":[],"product_cat":[371,401],"product_tag":[],"class_list":{"0":"post-12961","1":"product","2":"type-product","3":"status-publish","4":"has-post-thumbnail","6":"product_cat-outdoor-goods","7":"product_cat-waterproof-cover","9":"first","10":"instock","11":"shipping-taxable","12":"product-type-simple"},"acf":[],"_links":{"self":[{"href":"https:\/\/toprisesafety.com\/pt\/wp-json\/wp\/v2\/product\/12961"}],"collection":[{"href":"https:\/\/toprisesafety.com\/pt\/wp-json\/wp\/v2\/product"}],"about":[{"href":"https:\/\/toprisesafety.com\/pt\/wp-json\/wp\/v2\/types\/product"}],"wp:featuredmedia":[{"embeddable":true,"href":"https:\/\/toprisesafety.com\/pt\/wp-json\/wp\/v2\/media\/12963"}],"wp:attachment":[{"href":"https:\/\/toprisesafety.com\/pt\/wp-json\/wp\/v2\/media?parent=12961"}],"wp:term":[{"taxonomy":"product_brand","embeddable":true,"href":"https:\/\/toprisesafety.com\/pt\/wp-json\/wp\/v2\/product_brand?post=12961"},{"taxonomy":"product_cat","embeddable":true,"href":"https:\/\/toprisesafety.com\/pt\/wp-json\/wp\/v2\/product_cat?post=12961"},{"taxonomy":"product_tag","embeddable":true,"href":"https:\/\/toprisesafety.com\/pt\/wp-json\/wp\/v2\/product_tag?post=12961"}],"curies":[{"name":"wp","href":"https:\/\/api.w.org\/{rel}","templated":true}]}}