{"id":12919,"date":"2025-06-04T06:11:57","date_gmt":"2025-06-04T06:11:57","guid":{"rendered":"https:\/\/toprisesafety.com\/?post_type=product&#038;p=12919"},"modified":"2025-06-05T06:31:00","modified_gmt":"2025-06-05T06:31:00","slug":"bike-cover","status":"publish","type":"product","link":"https:\/\/toprisesafety.com\/pt\/produto\/bike-cover\/","title":{"rendered":"Capa para bicicleta"},"content":{"rendered":"<h2>Capa para bicicleta<\/h2>\n<p><strong><b>Capa para bicicleta <\/b><\/strong><strong><b>Caracter\u00edsticas: <\/b><\/strong><\/p>\n<ul>\n<li>The high-density material can effectively prevent dust from entering the interior of the locomotive and the internal components of the locomotive machinery.<\/li>\n<li>Anti-ultraviolet fabric effectively blocks the ultraviolet rays from the sun from penetrating onto the surface and interior decorations of the off-road vehicle, providing a certain level of protection.<\/li>\n<li>Waterproof fabric, effectively preventing rainwater from entering the vehicle body and keeping the locomotive body clean.<\/li>\n<li>It can protect the surface of the locomotive from being scratched or rubbed by external sharp objects.<\/li>\n<li>High flexibility material, which will not cause friction damage to the motorcycle&#8217;s paint due to the movement of the protective cover.<\/li>\n<li>The bottom of the car cover is designed with a stretchable belt, which can firmly fit the cover, and there is no need to worry about the cover being blown off by strong winds. It is easy to use and quick to operate. It is small in size and convenient to carry and is more user-friendly compared to the traditional lock-hole and rope-tying design.<\/li>\n<li>It is particularly suitable for environments with significant temperature variations. It won&#8217;t age even after long-term use in cold conditions. In the scorching sun, it can effectively block the sun&#8217;s rays, providing excellent protection for your car. You no longer have to suffer from the car seat getting too hot from the sun. 8. The silver coating enhances the high-intensity reflection of ultraviolet rays, which can prevent the depreciation of your car due to ultraviolet radiation.<\/li>\n<li>Suitable for all kinds of bicycles.<\/li>\n<\/ul>\n<table>\n<tbody>\n<tr>\n<td width=\"284\">ART NO.<\/td>\n<td width=\"284\">BC01<\/td>\n<\/tr>\n<tr>\n<td width=\"284\">Material<\/td>\n<td width=\"284\">170T\/210T polyester with silver coated or 210D or 420 D oxford with silver coated or customized<\/td>\n<\/tr>\n<tr>\n<td width=\"284\">Tamanho<\/td>\n<td width=\"284\">185X63X110CM\u00a0or customized<\/td>\n<\/tr>\n<tr>\n<td width=\"284\">Cor<\/td>\n<td width=\"284\">Black ,grey, blue or customized<\/td>\n<\/tr>\n<tr>\n<td width=\"284\">Impress\u00e3o de logotipo<\/td>\n<td width=\"284\">dispon\u00edvel<\/td>\n<\/tr>\n<tr>\n<td width=\"284\">Embalagem<\/td>\n<td width=\"284\">1 unidade por embalagem de saco do mesmo material ou personalizada<\/td>\n<\/tr>\n<tr>\n<td width=\"284\">MOQ<\/td>\n<td width=\"284\">100 PE\u00c7AS<\/td>\n<\/tr>\n<tr>\n<td width=\"284\">Design personalizado<\/td>\n<td width=\"284\">Suporte<\/td>\n<\/tr>\n<\/tbody>\n<\/table>\n<p><strong><b>Bike Cover Application<\/b><\/strong><strong><b>\u00a0Campos: <\/b><\/strong><\/p>\n<ul>\n<li>Outdoor parking protection: Preventing bicycles from being damaged by rain, snow, dust, and ultraviolet rays.<\/li>\n<li>Long-term storage: Preventing rust and external damage for bicycles that have not been used for a long time<\/li>\n<li>Public area parking: Protecting bicycles from environmental factors when parking in public places<\/li>\n<li>Travel and Camping: When traveling or camping, protect your bicycle from damage.<\/li>\n<li>Maintenance and servicing: Prevent dust, oil, and other substances from entering the vehicle body during the repair process.<\/li>\n<li>Seasonal storage: Used to protect bicycles during winter or in humid weather.<\/li>\n<li>Outdoor activities: After the outdoor activities are over, this is used to protect the bicycle from being exposed to harsh weather conditions.<\/li>\n<\/ul>\n<p>A NINGBO TOPRISE \u00e9 uma f\u00e1brica profissional especializada na produ\u00e7\u00e3o de<a href=\"https:\/\/toprisesafety.com\/pt\/categoria-produto\/outdoor-goods\/waterproof-cover\/\"> capas imperme\u00e1veis de alta qualidade<\/a>A empresa, que tem como objetivo fornecer aos clientes v\u00e1rias solu\u00e7\u00f5es de prote\u00e7\u00e3o personalizadas, \u00e9 uma das maiores do mundo. Com equipamentos de produ\u00e7\u00e3o avan\u00e7ados e vasta experi\u00eancia no setor, nossos produtos abrangem uma ampla variedade de tipos, como capas para motocicletas, capas para carros, capas para m\u00f3veis e capas para bicicletas. Todas as capas \u00e0 prova d'\u00e1gua s\u00e3o feitas de tecidos \u00e0 prova d'\u00e1gua de alta qualidade, como o tecido Oxford 420D e o tecido Oxford 210D, com v\u00e1rias fun\u00e7\u00f5es, incluindo impermeabiliza\u00e7\u00e3o, prote\u00e7\u00e3o contra raios UV, preven\u00e7\u00e3o contra poeira, resist\u00eancia ao vento e resist\u00eancia a arranh\u00f5es, o que pode proteger seu equipamento de forma eficaz contra influ\u00eancias ambientais externas.<br \/>\nNossa f\u00e1brica tem tr\u00eas linhas de produ\u00e7\u00e3o altamente eficientes, cada uma delas equipada com equipamentos automatizados avan\u00e7ados, o que nos permite produzir v\u00e1rias coberturas \u00e0 prova d'\u00e1gua com alta efici\u00eancia e estabilidade. Atualmente, a f\u00e1brica tem aproximadamente 150 funcion\u00e1rios, incluindo t\u00e9cnicos, operadores, inspetores de qualidade e uma equipe de suporte para log\u00edstica. Podemos fornecer servi\u00e7os personalizados em termos de v\u00e1rios tamanhos, cores e tecidos, de acordo com as necessidades do cliente. Al\u00e9m disso, oferecemos impress\u00e3o de LOGOTIPO e embalagens personalizadas para atender \u00e0s necessidades de diferentes setores e mercados. Todos os produtos passam por rigorosas inspe\u00e7\u00f5es de qualidade para garantir que atendam aos altos padr\u00f5es e possam satisfazer as diversas necessidades dos clientes.<br \/>\nSempre aderimos ao princ\u00edpio de \"qualidade em primeiro lugar e servi\u00e7o acima de tudo\" e temos o compromisso de nos tornarmos um fornecedor confi\u00e1vel de coberturas \u00e0 prova d'\u00e1gua para clientes em todo o mundo.<br \/>\nSe voc\u00ea tiver alguma d\u00favida sobre coberturas \u00e0 prova d'\u00e1gua, <a href=\"https:\/\/toprisesafety.com\/pt\/contact-us\/\">entre em contato conosco livremente.<\/a><\/p>","protected":false},"excerpt":{"rendered":"<p>Art No.BC01<\/p>\n<p>Material:\u00a0170T\/210T polyester with silver coated or 210D or 420 D oxford with silver coated or customized<\/p>\n<p>Size:\u00a0185X63X110CM\u00a0or customized<\/p>\n<p>Color:Black ,grey, blue or customized<\/p>\n<p>Impress\u00e3o do logotipo: dispon\u00edvel<\/p>\n<p>MOQ: 300PCS<\/p>","protected":false},"featured_media":12925,"template":"","meta":{"_acf_changed":false},"product_brand":[],"product_cat":[371,401],"product_tag":[],"class_list":{"0":"post-12919","1":"product","2":"type-product","3":"status-publish","4":"has-post-thumbnail","6":"product_cat-outdoor-goods","7":"product_cat-waterproof-cover","9":"first","10":"instock","11":"shipping-taxable","12":"product-type-simple"},"acf":[],"_links":{"self":[{"href":"https:\/\/toprisesafety.com\/pt\/wp-json\/wp\/v2\/product\/12919"}],"collection":[{"href":"https:\/\/toprisesafety.com\/pt\/wp-json\/wp\/v2\/product"}],"about":[{"href":"https:\/\/toprisesafety.com\/pt\/wp-json\/wp\/v2\/types\/product"}],"wp:featuredmedia":[{"embeddable":true,"href":"https:\/\/toprisesafety.com\/pt\/wp-json\/wp\/v2\/media\/12925"}],"wp:attachment":[{"href":"https:\/\/toprisesafety.com\/pt\/wp-json\/wp\/v2\/media?parent=12919"}],"wp:term":[{"taxonomy":"product_brand","embeddable":true,"href":"https:\/\/toprisesafety.com\/pt\/wp-json\/wp\/v2\/product_brand?post=12919"},{"taxonomy":"product_cat","embeddable":true,"href":"https:\/\/toprisesafety.com\/pt\/wp-json\/wp\/v2\/product_cat?post=12919"},{"taxonomy":"product_tag","embeddable":true,"href":"https:\/\/toprisesafety.com\/pt\/wp-json\/wp\/v2\/product_tag?post=12919"}],"curies":[{"name":"wp","href":"https:\/\/api.w.org\/{rel}","templated":true}]}}