{"id":12912,"date":"2025-06-04T06:02:09","date_gmt":"2025-06-04T06:02:09","guid":{"rendered":"https:\/\/toprisesafety.com\/?post_type=product&#038;p=12912"},"modified":"2025-06-05T06:32:23","modified_gmt":"2025-06-05T06:32:23","slug":"patio-furniture-cover","status":"publish","type":"product","link":"https:\/\/toprisesafety.com\/pt\/produto\/patio-furniture-cover\/","title":{"rendered":"Cobertura para m\u00f3veis de p\u00e1tio"},"content":{"rendered":"<h2>Cobertura para m\u00f3veis de p\u00e1tio<\/h2>\n<p><strong><b>Cobertura para m\u00f3veis de p\u00e1tio <\/b><\/strong><strong><b>Recursos<\/b><\/strong><strong><b>:<\/b><\/strong><\/p>\n<ul>\n<li>Ele \u00e9 feito de tecido Oxford 420D e \u00e9 revestido com prata, proporcionando excelentes propriedades de prote\u00e7\u00e3o solar e \u00e0 prova d'\u00e1gua.<\/li>\n<li>Anti-ultravioleta, protegendo os m\u00f3veis contra o desbotamento e o envelhecimento.<\/li>\n<li>O material \u00e9 resistente ao desgaste, robusto e dur\u00e1vel, e adequado para v\u00e1rios ambientes externos.<\/li>\n<li>A parte inferior \u00e9 equipada com uma corda de tensionamento, com design \u00e0 prova de vento e antiderrapante.<\/li>\n<li>Suporte \u00e0 personaliza\u00e7\u00e3o de cores, tamanhos, logotipos e estilos para atender a diversas necessidades.<\/li>\n<li>A instala\u00e7\u00e3o \u00e9 simples e \u00e9 conveniente para armazenamento e transporte.<\/li>\n<\/ul>\n<div style=\"width: 800px;\" class=\"wp-video\"><!--[if lt IE 9]><script>document.createElement('video');<\/script><![endif]-->\n<video class=\"wp-video-shortcode\" id=\"video-12912-1\" width=\"800\" height=\"459\" preload=\"metadata\" controls=\"controls\"><source type=\"video\/mp4\" src=\"https:\/\/toprisesafety.com\/wp-content\/uploads\/2025\/06\/Furniture-cover.mp4?_=1\" \/><a href=\"https:\/\/toprisesafety.com\/wp-content\/uploads\/2025\/06\/Furniture-cover.mp4\">https:\/\/toprisesafety.com\/wp-content\/uploads\/2025\/06\/Furniture-cover.mp4<\/a><\/video><\/div>\n<table>\n<tbody>\n<tr>\n<td width=\"284\">ART NO.<\/td>\n<td width=\"284\">FC14<\/td>\n<\/tr>\n<tr>\n<td width=\"284\">Material<\/td>\n<td width=\"284\">Tecido Oxford 420D com revestimento de prata ou personalizado ou personalizado<\/td>\n<\/tr>\n<tr>\n<td width=\"284\">Tamanho<\/td>\n<td width=\"284\">Veja a tabela de tamanhos abaixo ou personalizada<\/td>\n<\/tr>\n<tr>\n<td width=\"284\">Cor<\/td>\n<td width=\"284\">Preto ou personalizado<\/td>\n<\/tr>\n<tr>\n<td width=\"284\">Impress\u00e3o de logotipo<\/td>\n<td width=\"284\">dispon\u00edvel<\/td>\n<\/tr>\n<tr>\n<td width=\"284\">Embalagem<\/td>\n<td width=\"284\">1 unidade por embalagem de saco do mesmo material ou personalizada<\/td>\n<\/tr>\n<tr>\n<td width=\"284\">MOQ<\/td>\n<td width=\"284\">300 PE\u00c7AS<\/td>\n<\/tr>\n<tr>\n<td width=\"284\">Design personalizado<\/td>\n<td width=\"284\">Suporte<\/td>\n<\/tr>\n<\/tbody>\n<\/table>\n<p><img fetchpriority=\"high\" decoding=\"async\" class=\"alignnone size-medium wp-image-12914\" src=\"https:\/\/toprisesafety.com\/wp-content\/uploads\/2025\/06\/Patio-Furniture-Cover-2-300x300.jpg\" alt=\"\" width=\"300\" height=\"300\" srcset=\"https:\/\/toprisesafety.com\/wp-content\/uploads\/2025\/06\/Patio-Furniture-Cover-2-300x300.jpg 300w, https:\/\/toprisesafety.com\/wp-content\/uploads\/2025\/06\/Patio-Furniture-Cover-2-150x150.jpg 150w, https:\/\/toprisesafety.com\/wp-content\/uploads\/2025\/06\/Patio-Furniture-Cover-2-600x600.jpg 600w, https:\/\/toprisesafety.com\/wp-content\/uploads\/2025\/06\/Patio-Furniture-Cover-2-100x100.jpg 100w, https:\/\/toprisesafety.com\/wp-content\/uploads\/2025\/06\/Patio-Furniture-Cover-2.jpg 720w\" sizes=\"(max-width: 300px) 100vw, 300px\" \/> <img decoding=\"async\" class=\"alignnone size-medium wp-image-12915\" src=\"https:\/\/toprisesafety.com\/wp-content\/uploads\/2025\/06\/Patio-Furniture-Cover-3-300x300.jpg\" alt=\"\" width=\"300\" height=\"300\" srcset=\"https:\/\/toprisesafety.com\/wp-content\/uploads\/2025\/06\/Patio-Furniture-Cover-3-300x300.jpg 300w, https:\/\/toprisesafety.com\/wp-content\/uploads\/2025\/06\/Patio-Furniture-Cover-3-150x150.jpg 150w, https:\/\/toprisesafety.com\/wp-content\/uploads\/2025\/06\/Patio-Furniture-Cover-3-768x768.jpg 768w, https:\/\/toprisesafety.com\/wp-content\/uploads\/2025\/06\/Patio-Furniture-Cover-3-600x600.jpg 600w, https:\/\/toprisesafety.com\/wp-content\/uploads\/2025\/06\/Patio-Furniture-Cover-3-100x100.jpg 100w, https:\/\/toprisesafety.com\/wp-content\/uploads\/2025\/06\/Patio-Furniture-Cover-3.jpg 1000w\" sizes=\"(max-width: 300px) 100vw, 300px\" \/> <img decoding=\"async\" class=\"alignnone size-medium wp-image-12916\" src=\"https:\/\/toprisesafety.com\/wp-content\/uploads\/2025\/06\/Patio-Furniture-Cover-4-300x300.jpg\" alt=\"\" width=\"300\" height=\"300\" srcset=\"https:\/\/toprisesafety.com\/wp-content\/uploads\/2025\/06\/Patio-Furniture-Cover-4-300x300.jpg 300w, https:\/\/toprisesafety.com\/wp-content\/uploads\/2025\/06\/Patio-Furniture-Cover-4-150x150.jpg 150w, https:\/\/toprisesafety.com\/wp-content\/uploads\/2025\/06\/Patio-Furniture-Cover-4-768x768.jpg 768w, https:\/\/toprisesafety.com\/wp-content\/uploads\/2025\/06\/Patio-Furniture-Cover-4-600x600.jpg 600w, https:\/\/toprisesafety.com\/wp-content\/uploads\/2025\/06\/Patio-Furniture-Cover-4-100x100.jpg 100w, https:\/\/toprisesafety.com\/wp-content\/uploads\/2025\/06\/Patio-Furniture-Cover-4.jpg 1000w\" sizes=\"(max-width: 300px) 100vw, 300px\" \/> <img loading=\"lazy\" decoding=\"async\" class=\"alignnone size-medium wp-image-12917\" src=\"https:\/\/toprisesafety.com\/wp-content\/uploads\/2025\/06\/Patio-Furniture-Cover-5-300x300.jpg\" alt=\"\" width=\"300\" height=\"300\" srcset=\"https:\/\/toprisesafety.com\/wp-content\/uploads\/2025\/06\/Patio-Furniture-Cover-5-300x300.jpg 300w, https:\/\/toprisesafety.com\/wp-content\/uploads\/2025\/06\/Patio-Furniture-Cover-5-150x150.jpg 150w, https:\/\/toprisesafety.com\/wp-content\/uploads\/2025\/06\/Patio-Furniture-Cover-5-600x600.jpg 600w, https:\/\/toprisesafety.com\/wp-content\/uploads\/2025\/06\/Patio-Furniture-Cover-5-100x100.jpg 100w, https:\/\/toprisesafety.com\/wp-content\/uploads\/2025\/06\/Patio-Furniture-Cover-5.jpg 720w\" sizes=\"(max-width: 300px) 100vw, 300px\" \/> <img loading=\"lazy\" decoding=\"async\" class=\"alignnone size-medium wp-image-12918\" src=\"https:\/\/toprisesafety.com\/wp-content\/uploads\/2025\/06\/Patio-Furniture-Cover-6-300x258.jpg\" alt=\"\" width=\"300\" height=\"258\" srcset=\"https:\/\/toprisesafety.com\/wp-content\/uploads\/2025\/06\/Patio-Furniture-Cover-6-300x258.jpg 300w, https:\/\/toprisesafety.com\/wp-content\/uploads\/2025\/06\/Patio-Furniture-Cover-6-1024x879.jpg 1024w, https:\/\/toprisesafety.com\/wp-content\/uploads\/2025\/06\/Patio-Furniture-Cover-6-768x659.jpg 768w, https:\/\/toprisesafety.com\/wp-content\/uploads\/2025\/06\/Patio-Furniture-Cover-6-600x515.jpg 600w, https:\/\/toprisesafety.com\/wp-content\/uploads\/2025\/06\/Patio-Furniture-Cover-6.jpg 1500w\" sizes=\"(max-width: 300px) 100vw, 300px\" \/><\/p>\n<h2><strong><b>Tamanho, peso e embalagem Dimens\u00f5es:<\/b><\/strong><\/h2>\n<table>\n<tbody>\n<tr>\n<td width=\"192\"><strong><b>Dimens\u00f5es (cm)<\/b><\/strong><\/td>\n<td width=\"192\"><strong><b>Peso<\/b><\/strong><\/td>\n<td width=\"192\"><strong><b>Tamanho da embalagem (cm)<\/b><\/strong><\/td>\n<\/tr>\n<tr>\n<td width=\"192\">120*120*74cm<\/td>\n<td width=\"192\">450g<\/td>\n<td width=\"192\">23*22*8cm<\/td>\n<\/tr>\n<tr>\n<td width=\"192\">126*126*74cm<\/td>\n<td width=\"192\">480g<\/td>\n<td width=\"192\">20*20*10cm<\/td>\n<\/tr>\n<tr>\n<td width=\"192\">200*160*70cm<\/td>\n<td width=\"192\">680g<\/td>\n<td width=\"192\">29*23*10cm<\/td>\n<\/tr>\n<tr>\n<td width=\"192\">213*132*74cm<\/td>\n<td width=\"192\">700g<\/td>\n<td width=\"192\">29*23*10cm<\/td>\n<\/tr>\n<tr>\n<td width=\"192\">242*162*100cm<\/td>\n<td width=\"192\">1100g<\/td>\n<td width=\"192\">22*22*10cm<\/td>\n<\/tr>\n<tr>\n<td width=\"192\">250*250*90cm<\/td>\n<td width=\"192\">1300g<\/td>\n<td width=\"192\">25*24*7cm<\/td>\n<\/tr>\n<tr>\n<td width=\"192\">270*180*89cm<\/td>\n<td width=\"192\">1300g<\/td>\n<td width=\"192\">22*22*10cm<\/td>\n<\/tr>\n<tr>\n<td width=\"192\">123*123*74cm<\/td>\n<td width=\"192\">450g<\/td>\n<td width=\"192\">23*22*8cm<\/td>\n<\/tr>\n<tr>\n<td width=\"192\">135*135*75cm<\/td>\n<td width=\"192\">500g<\/td>\n<td width=\"192\">23*22*8cm<\/td>\n<\/tr>\n<tr>\n<td width=\"192\">170*94*70cm<\/td>\n<td width=\"192\">400g<\/td>\n<td width=\"192\">24*23*7cm<\/td>\n<\/tr>\n<tr>\n<td width=\"192\">308*138*98cm<\/td>\n<td width=\"192\">1100g<\/td>\n<td width=\"192\">25*24*9cm<\/td>\n<\/tr>\n<tr>\n<td width=\"192\">325*208*58cm<\/td>\n<td width=\"192\">1050g<\/td>\n<td width=\"192\">25*24*14cm<\/td>\n<\/tr>\n<tr>\n<td width=\"192\">180*120*74cm<\/td>\n<td width=\"192\">670g<\/td>\n<td width=\"192\">24*23*7cm<\/td>\n<\/tr>\n<tr>\n<td width=\"192\">315*160*74cm<\/td>\n<td width=\"192\">980g<\/td>\n<td width=\"192\">23*22*8cm<\/td>\n<\/tr>\n<tr>\n<td width=\"192\">127*127*74cm<\/td>\n<td width=\"192\">450g<\/td>\n<td width=\"192\">24*23*7cm<\/td>\n<\/tr>\n<tr>\n<td width=\"192\">350*260*90cm<\/td>\n<td width=\"192\">1850g<\/td>\n<td width=\"192\">25*24*14cm<\/td>\n<\/tr>\n<\/tbody>\n<\/table>\n<p><strong><b>Cobertura para m\u00f3veis de p\u00e1tio<\/b><\/strong><strong><b>\u00a0Campos: <\/b><\/strong><\/p>\n<ul>\n<li>Prote\u00e7\u00e3o de m\u00f3veis externos em p\u00e1tios e varandas familiares<\/li>\n<li>Cobertura de m\u00f3veis nas \u00e1reas de lazer externas de hot\u00e9is e resorts<\/li>\n<li>Prote\u00e7\u00e3o de mesas e assentos ao ar livre para restaurantes<\/li>\n<li>Prote\u00e7\u00e3o de m\u00f3veis de lazer p\u00fablicos ao ar livre em parques e \u00e1reas c\u00eanicas<\/li>\n<li>A \u00e1rea da villa e os m\u00f3veis do jardim s\u00e3o \u00e0 prova de poeira e sol.<\/li>\n<li>Prote\u00e7\u00e3o tempor\u00e1ria de m\u00f3veis para complexos comerciais e locais de eventos<\/li>\n<\/ul>\n<p>A NINGBO TOPRISE \u00e9 uma f\u00e1brica profissional especializada na produ\u00e7\u00e3o de<a href=\"https:\/\/toprisesafety.com\/pt\/categoria-produto\/outdoor-goods\/waterproof-cover\/\"> capas imperme\u00e1veis de alta qualidade<\/a>A empresa, que tem como objetivo fornecer aos clientes v\u00e1rias solu\u00e7\u00f5es de prote\u00e7\u00e3o personalizadas, \u00e9 uma das maiores do mundo. Com equipamentos de produ\u00e7\u00e3o avan\u00e7ados e vasta experi\u00eancia no setor, nossos produtos abrangem uma ampla variedade de tipos, como capas para motocicletas, capas para carros, capas para m\u00f3veis e capas para bicicletas. Todas as capas \u00e0 prova d'\u00e1gua s\u00e3o feitas de tecidos \u00e0 prova d'\u00e1gua de alta qualidade, como o tecido Oxford 420D e o tecido Oxford 210D, com v\u00e1rias fun\u00e7\u00f5es, incluindo impermeabiliza\u00e7\u00e3o, prote\u00e7\u00e3o contra raios UV, preven\u00e7\u00e3o contra poeira, resist\u00eancia ao vento e resist\u00eancia a arranh\u00f5es, o que pode proteger seu equipamento de forma eficaz contra influ\u00eancias ambientais externas.<br \/>\nNossa f\u00e1brica tem tr\u00eas linhas de produ\u00e7\u00e3o altamente eficientes, cada uma delas equipada com equipamentos automatizados avan\u00e7ados, o que nos permite produzir v\u00e1rias coberturas \u00e0 prova d'\u00e1gua com alta efici\u00eancia e estabilidade. Atualmente, a f\u00e1brica tem aproximadamente 150 funcion\u00e1rios, incluindo t\u00e9cnicos, operadores, inspetores de qualidade e uma equipe de suporte para log\u00edstica. Podemos fornecer servi\u00e7os personalizados em termos de v\u00e1rios tamanhos, cores e tecidos, de acordo com as necessidades do cliente. Al\u00e9m disso, oferecemos impress\u00e3o de LOGOTIPO e embalagens personalizadas para atender \u00e0s necessidades de diferentes setores e mercados. Todos os produtos passam por rigorosas inspe\u00e7\u00f5es de qualidade para garantir que atendam aos altos padr\u00f5es e possam satisfazer as diversas necessidades dos clientes.<br \/>\nSempre aderimos ao princ\u00edpio de \"qualidade em primeiro lugar e servi\u00e7o acima de tudo\" e temos o compromisso de nos tornarmos um fornecedor confi\u00e1vel de coberturas \u00e0 prova d'\u00e1gua para clientes em todo o mundo.<br \/>\nSe voc\u00ea tiver alguma d\u00favida sobre coberturas \u00e0 prova d'\u00e1gua, <a href=\"https:\/\/toprisesafety.com\/pt\/contact-us\/\">entre em contato conosco livremente.<\/a><\/p>","protected":false},"excerpt":{"rendered":"<p>N\u00ba art. FC14<\/p>\n<p>Material: Tecido Oxford 420D com revestimento de prata ou personalizado ou personalizado<\/p>\n<p>Tamanho: Veja a tabela de tamanhos abaixo ou personalizada<\/p>\n<p>Cor: preto ou personalizado<\/p>\n<p>Impress\u00e3o do logotipo: dispon\u00edvel<\/p>\n<p>MOQ: 300PCS<\/p>","protected":false},"featured_media":12916,"template":"","meta":{"_acf_changed":false},"product_brand":[],"product_cat":[371,401],"product_tag":[],"class_list":{"0":"post-12912","1":"product","2":"type-product","3":"status-publish","4":"has-post-thumbnail","6":"product_cat-outdoor-goods","7":"product_cat-waterproof-cover","9":"first","10":"instock","11":"shipping-taxable","12":"product-type-simple"},"acf":[],"_links":{"self":[{"href":"https:\/\/toprisesafety.com\/pt\/wp-json\/wp\/v2\/product\/12912"}],"collection":[{"href":"https:\/\/toprisesafety.com\/pt\/wp-json\/wp\/v2\/product"}],"about":[{"href":"https:\/\/toprisesafety.com\/pt\/wp-json\/wp\/v2\/types\/product"}],"wp:featuredmedia":[{"embeddable":true,"href":"https:\/\/toprisesafety.com\/pt\/wp-json\/wp\/v2\/media\/12916"}],"wp:attachment":[{"href":"https:\/\/toprisesafety.com\/pt\/wp-json\/wp\/v2\/media?parent=12912"}],"wp:term":[{"taxonomy":"product_brand","embeddable":true,"href":"https:\/\/toprisesafety.com\/pt\/wp-json\/wp\/v2\/product_brand?post=12912"},{"taxonomy":"product_cat","embeddable":true,"href":"https:\/\/toprisesafety.com\/pt\/wp-json\/wp\/v2\/product_cat?post=12912"},{"taxonomy":"product_tag","embeddable":true,"href":"https:\/\/toprisesafety.com\/pt\/wp-json\/wp\/v2\/product_tag?post=12912"}],"curies":[{"name":"wp","href":"https:\/\/api.w.org\/{rel}","templated":true}]}}