{"id":12906,"date":"2025-06-04T05:48:47","date_gmt":"2025-06-04T05:48:47","guid":{"rendered":"https:\/\/toprisesafety.com\/?post_type=product&#038;p=12906"},"modified":"2025-06-05T06:33:12","modified_gmt":"2025-06-05T06:33:12","slug":"waterproof-motorcycle-cover","status":"publish","type":"product","link":"https:\/\/toprisesafety.com\/pt\/produto\/waterproof-motorcycle-cover\/","title":{"rendered":"Capa de motocicleta \u00e0 prova d'\u00e1gua"},"content":{"rendered":"<h2>Capa de motocicleta \u00e0 prova d'\u00e1gua<\/h2>\n<p><strong><b>Capa de motocicleta \u00e0 prova d'\u00e1gua<\/b><\/strong><strong><b>\u00a0Recursos<\/b><\/strong><strong><b>:<\/b><\/strong><\/p>\n<ul>\n<li>Usando tecido imperme\u00e1vel de alta qualidade, ele evita efetivamente a chuva e a umidade.<\/li>\n<li>O design \u00e9 altamente protetor, cobrindo e protegendo todo o corpo da motocicleta.<\/li>\n<li>A parte inferior \u00e9 equipada com uma corda, que pode ser ajustada para evitar o movimento induzido pelo vento.<\/li>\n<li>V\u00e1rias op\u00e7\u00f5es de cores para atender \u00e0s necessidades personalizadas.<\/li>\n<li>O material anti-ultravioleta prolonga a vida \u00fatil das motocicletas.<\/li>\n<li>Adequado para v\u00e1rios modelos de ve\u00edculos e f\u00e1cil de instalar rapidamente<\/li>\n<\/ul>\n<div style=\"width: 800px;\" class=\"wp-video\"><!--[if lt IE 9]><script>document.createElement('video');<\/script><![endif]-->\n<video class=\"wp-video-shortcode\" id=\"video-12906-1\" width=\"800\" height=\"450\" preload=\"metadata\" controls=\"controls\"><source type=\"video\/mp4\" src=\"https:\/\/toprisesafety.com\/wp-content\/uploads\/2025\/06\/Waterproof-Motorcycle-Cover.mp4?_=1\" \/><a href=\"https:\/\/toprisesafety.com\/wp-content\/uploads\/2025\/06\/Waterproof-Motorcycle-Cover.mp4\">https:\/\/toprisesafety.com\/wp-content\/uploads\/2025\/06\/Waterproof-Motorcycle-Cover.mp4<\/a><\/video><\/div>\n<h1><\/h1>\n<table>\n<tbody>\n<tr>\n<td width=\"284\">ART NO.<\/td>\n<td width=\"284\">MC13<\/td>\n<\/tr>\n<tr>\n<td width=\"284\">Material<\/td>\n<td width=\"284\">Poli\u00e9ster 190T\/210T com revestimento de prata ou tecido Oxford 210D \/420D com revestimento de prata ou personalizado<\/td>\n<\/tr>\n<tr>\n<td width=\"284\">Tamanho<\/td>\n<td width=\"284\">S-XXXXL ou personalizado<\/td>\n<\/tr>\n<tr>\n<td width=\"284\">Cor<\/td>\n<td width=\"284\">Preto ou personalizado<\/td>\n<\/tr>\n<tr>\n<td width=\"284\">Impress\u00e3o de logotipo<\/td>\n<td width=\"284\">dispon\u00edvel<\/td>\n<\/tr>\n<tr>\n<td width=\"284\">Embalagem<\/td>\n<td width=\"284\">1 unidade por embalagem de saco do mesmo material ou personalizada<\/td>\n<\/tr>\n<tr>\n<td width=\"284\">MOQ<\/td>\n<td width=\"284\">300 PE\u00c7AS<\/td>\n<\/tr>\n<tr>\n<td width=\"284\">Design personalizado<\/td>\n<td width=\"284\">Suporte<\/td>\n<\/tr>\n<\/tbody>\n<\/table>\n<p><img fetchpriority=\"high\" decoding=\"async\" class=\"alignnone size-medium wp-image-12908\" src=\"https:\/\/toprisesafety.com\/wp-content\/uploads\/2025\/06\/waterproof-motorcycle-cover-1-300x300.jpg\" alt=\"\" width=\"300\" height=\"300\" srcset=\"https:\/\/toprisesafety.com\/wp-content\/uploads\/2025\/06\/waterproof-motorcycle-cover-1-300x300.jpg 300w, https:\/\/toprisesafety.com\/wp-content\/uploads\/2025\/06\/waterproof-motorcycle-cover-1-150x150.jpg 150w, https:\/\/toprisesafety.com\/wp-content\/uploads\/2025\/06\/waterproof-motorcycle-cover-1-768x768.jpg 768w, https:\/\/toprisesafety.com\/wp-content\/uploads\/2025\/06\/waterproof-motorcycle-cover-1-600x600.jpg 600w, https:\/\/toprisesafety.com\/wp-content\/uploads\/2025\/06\/waterproof-motorcycle-cover-1-100x100.jpg 100w, https:\/\/toprisesafety.com\/wp-content\/uploads\/2025\/06\/waterproof-motorcycle-cover-1.jpg 800w\" sizes=\"(max-width: 300px) 100vw, 300px\" \/> <img decoding=\"async\" class=\"alignnone size-medium wp-image-12909\" src=\"https:\/\/toprisesafety.com\/wp-content\/uploads\/2025\/06\/waterproof-motorcycle-cover-2-300x300.jpg\" alt=\"\" width=\"300\" height=\"300\" srcset=\"https:\/\/toprisesafety.com\/wp-content\/uploads\/2025\/06\/waterproof-motorcycle-cover-2-300x300.jpg 300w, https:\/\/toprisesafety.com\/wp-content\/uploads\/2025\/06\/waterproof-motorcycle-cover-2-150x150.jpg 150w, https:\/\/toprisesafety.com\/wp-content\/uploads\/2025\/06\/waterproof-motorcycle-cover-2-768x768.jpg 768w, https:\/\/toprisesafety.com\/wp-content\/uploads\/2025\/06\/waterproof-motorcycle-cover-2-600x600.jpg 600w, https:\/\/toprisesafety.com\/wp-content\/uploads\/2025\/06\/waterproof-motorcycle-cover-2-100x100.jpg 100w, https:\/\/toprisesafety.com\/wp-content\/uploads\/2025\/06\/waterproof-motorcycle-cover-2.jpg 1000w\" sizes=\"(max-width: 300px) 100vw, 300px\" \/> <img decoding=\"async\" class=\"alignnone size-medium wp-image-12910\" src=\"https:\/\/toprisesafety.com\/wp-content\/uploads\/2025\/06\/waterproof-motorcycle-cover-3-300x300.jpg\" alt=\"\" width=\"300\" height=\"300\" srcset=\"https:\/\/toprisesafety.com\/wp-content\/uploads\/2025\/06\/waterproof-motorcycle-cover-3-300x300.jpg 300w, https:\/\/toprisesafety.com\/wp-content\/uploads\/2025\/06\/waterproof-motorcycle-cover-3-150x150.jpg 150w, https:\/\/toprisesafety.com\/wp-content\/uploads\/2025\/06\/waterproof-motorcycle-cover-3-768x768.jpg 768w, https:\/\/toprisesafety.com\/wp-content\/uploads\/2025\/06\/waterproof-motorcycle-cover-3-600x600.jpg 600w, https:\/\/toprisesafety.com\/wp-content\/uploads\/2025\/06\/waterproof-motorcycle-cover-3-100x100.jpg 100w, https:\/\/toprisesafety.com\/wp-content\/uploads\/2025\/06\/waterproof-motorcycle-cover-3.jpg 800w\" sizes=\"(max-width: 300px) 100vw, 300px\" \/> <img loading=\"lazy\" decoding=\"async\" class=\"alignnone size-medium wp-image-12911\" src=\"https:\/\/toprisesafety.com\/wp-content\/uploads\/2025\/06\/waterproof-motorcycle-cover-4-300x300.jpg\" alt=\"\" width=\"300\" height=\"300\" srcset=\"https:\/\/toprisesafety.com\/wp-content\/uploads\/2025\/06\/waterproof-motorcycle-cover-4-300x300.jpg 300w, https:\/\/toprisesafety.com\/wp-content\/uploads\/2025\/06\/waterproof-motorcycle-cover-4-150x150.jpg 150w, https:\/\/toprisesafety.com\/wp-content\/uploads\/2025\/06\/waterproof-motorcycle-cover-4-768x768.jpg 768w, https:\/\/toprisesafety.com\/wp-content\/uploads\/2025\/06\/waterproof-motorcycle-cover-4-600x600.jpg 600w, https:\/\/toprisesafety.com\/wp-content\/uploads\/2025\/06\/waterproof-motorcycle-cover-4-100x100.jpg 100w, https:\/\/toprisesafety.com\/wp-content\/uploads\/2025\/06\/waterproof-motorcycle-cover-4.jpg 800w\" sizes=\"(max-width: 300px) 100vw, 300px\" \/><\/p>\n<h1><strong><b>Tabela de tamanhos de capa de motocicleta<\/b><\/strong><\/h1>\n<table>\n<tbody>\n<tr>\n<td width=\"192\"><strong><b>Tamanho<\/b><\/strong><\/td>\n<td width=\"192\"><strong><b>Comprimento * Largura * Altura (CM)<\/b><\/strong><\/td>\n<td width=\"192\"><strong><b>Tipo de ve\u00edculo adequado<\/b><\/strong><\/td>\n<\/tr>\n<tr>\n<td width=\"192\">S<\/td>\n<td width=\"192\">190 * 80 * 115<\/td>\n<td width=\"192\">Bicicleta el\u00e9trica com cerca de 1,75 metros de comprimento<\/td>\n<\/tr>\n<tr>\n<td width=\"192\">M<\/td>\n<td width=\"192\">200 * 90 * 100<\/td>\n<td width=\"192\">Scooter el\u00e9trica com cerca de 1,8 metros de comprimento, scooter de 50CC<\/td>\n<\/tr>\n<tr>\n<td width=\"192\">L<\/td>\n<td width=\"192\">220 * 95 * 110<\/td>\n<td width=\"192\">Scooter com cerca de 2 metros de comprimento<\/td>\n<\/tr>\n<tr>\n<td width=\"192\">XL<\/td>\n<td width=\"192\">230 * 95 * 125<\/td>\n<td width=\"192\">Motocicleta 125CC-150CC (sem caixa traseira)<\/td>\n<\/tr>\n<tr>\n<td width=\"192\">XXL<\/td>\n<td width=\"192\">245 * 105 * 125<\/td>\n<td width=\"192\">Motocicleta 125CC-150CC (com caixa traseira)<\/td>\n<\/tr>\n<tr>\n<td width=\"192\">XXXL<\/td>\n<td width=\"192\">265 * 105 * 125<\/td>\n<td width=\"192\">Cruiser 250CC, ciclomotor grande<\/td>\n<\/tr>\n<tr>\n<td width=\"192\">XXXXL<\/td>\n<td width=\"192\">295 * 110 * 140<\/td>\n<td width=\"192\">Motocicleta 400CC-1000CC, motocicleta importada de grande deslocamento<\/td>\n<\/tr>\n<\/tbody>\n<\/table>\n<p><strong><b>Capa de motocicleta \u00e0 prova d'\u00e1gua<\/b><\/strong><strong><b>\u00a0Campos: <\/b><\/strong><\/p>\n<ul>\n<li>Prote\u00e7\u00e3o do estacionamento urbano di\u00e1rio de motocicletas<\/li>\n<li>Estacionamento externo com prote\u00e7\u00e3o contra chuva e poeira<\/li>\n<li>Manuten\u00e7\u00e3o e prote\u00e7\u00e3o do armazenamento da motocicleta<\/li>\n<li>Estacionamento externo de longa dura\u00e7\u00e3o ao ar livre com prote\u00e7\u00e3o UV<\/li>\n<li>Coberturas de prote\u00e7\u00e3o para neg\u00f3cios de aluguel e venda de motocicletas<\/li>\n<li>Prote\u00e7\u00e3o durante o transporte da motocicleta<\/li>\n<li>Equipamento de prote\u00e7\u00e3o para viagens e atividades ao ar livre<\/li>\n<\/ul>\n<p>A NINGBO TOPRISE \u00e9 uma f\u00e1brica profissional especializada na produ\u00e7\u00e3o de<a href=\"https:\/\/toprisesafety.com\/pt\/categoria-produto\/outdoor-goods\/waterproof-cover\/\"> capas imperme\u00e1veis de alta qualidade<\/a>A empresa, que tem como objetivo fornecer aos clientes v\u00e1rias solu\u00e7\u00f5es de prote\u00e7\u00e3o personalizadas, \u00e9 uma das maiores do mundo. Com equipamentos de produ\u00e7\u00e3o avan\u00e7ados e vasta experi\u00eancia no setor, nossos produtos abrangem uma ampla variedade de tipos, como capas para motocicletas, capas para carros, capas para m\u00f3veis e capas para bicicletas. Todas as capas \u00e0 prova d'\u00e1gua s\u00e3o feitas de tecidos \u00e0 prova d'\u00e1gua de alta qualidade, como o tecido Oxford 420D e o tecido Oxford 210D, com v\u00e1rias fun\u00e7\u00f5es, incluindo impermeabiliza\u00e7\u00e3o, prote\u00e7\u00e3o contra raios UV, preven\u00e7\u00e3o contra poeira, resist\u00eancia ao vento e resist\u00eancia a arranh\u00f5es, o que pode proteger seu equipamento de forma eficaz contra influ\u00eancias ambientais externas.<br \/>\nNossa f\u00e1brica tem tr\u00eas linhas de produ\u00e7\u00e3o altamente eficientes, cada uma delas equipada com equipamentos automatizados avan\u00e7ados, o que nos permite produzir v\u00e1rias coberturas \u00e0 prova d'\u00e1gua com alta efici\u00eancia e estabilidade. Atualmente, a f\u00e1brica tem aproximadamente 150 funcion\u00e1rios, incluindo t\u00e9cnicos, operadores, inspetores de qualidade e uma equipe de suporte para log\u00edstica. Podemos fornecer servi\u00e7os personalizados em termos de v\u00e1rios tamanhos, cores e tecidos, de acordo com as necessidades do cliente. Al\u00e9m disso, oferecemos impress\u00e3o de LOGOTIPO e embalagens personalizadas para atender \u00e0s necessidades de diferentes setores e mercados. Todos os produtos passam por rigorosas inspe\u00e7\u00f5es de qualidade para garantir que atendam aos altos padr\u00f5es e possam satisfazer as diversas necessidades dos clientes.<br \/>\nSempre aderimos ao princ\u00edpio de \"qualidade em primeiro lugar e servi\u00e7o acima de tudo\" e temos o compromisso de nos tornarmos um fornecedor confi\u00e1vel de coberturas \u00e0 prova d'\u00e1gua para clientes em todo o mundo.<br \/>\nSe voc\u00ea tiver alguma d\u00favida sobre coberturas \u00e0 prova d'\u00e1gua, <a href=\"https:\/\/toprisesafety.com\/pt\/contact-us\/\">entre em contato conosco livremente.<\/a><\/p>","protected":false},"excerpt":{"rendered":"<p>N\u00ba art. MC13<\/p>\n<p>Material: Poli\u00e9ster 190T\/210T com revestimento de prata ou tecido Oxford 210D\/420D com revestimento de prata ou personalizado<\/p>\n<p>Tamanho: uma pessoa: S-XXXXL ou personalizado<\/p>\n<p>Cor: preto ou personalizado<\/p>\n<p>Impress\u00e3o do logotipo: dispon\u00edvel<\/p>\n<p>MOQ: 300PCS<\/p>","protected":false},"featured_media":12908,"template":"","meta":{"_acf_changed":false},"product_brand":[],"product_cat":[371,401],"product_tag":[],"class_list":{"0":"post-12906","1":"product","2":"type-product","3":"status-publish","4":"has-post-thumbnail","6":"product_cat-outdoor-goods","7":"product_cat-waterproof-cover","9":"first","10":"instock","11":"shipping-taxable","12":"product-type-simple"},"acf":[],"_links":{"self":[{"href":"https:\/\/toprisesafety.com\/pt\/wp-json\/wp\/v2\/product\/12906"}],"collection":[{"href":"https:\/\/toprisesafety.com\/pt\/wp-json\/wp\/v2\/product"}],"about":[{"href":"https:\/\/toprisesafety.com\/pt\/wp-json\/wp\/v2\/types\/product"}],"wp:featuredmedia":[{"embeddable":true,"href":"https:\/\/toprisesafety.com\/pt\/wp-json\/wp\/v2\/media\/12908"}],"wp:attachment":[{"href":"https:\/\/toprisesafety.com\/pt\/wp-json\/wp\/v2\/media?parent=12906"}],"wp:term":[{"taxonomy":"product_brand","embeddable":true,"href":"https:\/\/toprisesafety.com\/pt\/wp-json\/wp\/v2\/product_brand?post=12906"},{"taxonomy":"product_cat","embeddable":true,"href":"https:\/\/toprisesafety.com\/pt\/wp-json\/wp\/v2\/product_cat?post=12906"},{"taxonomy":"product_tag","embeddable":true,"href":"https:\/\/toprisesafety.com\/pt\/wp-json\/wp\/v2\/product_tag?post=12906"}],"curies":[{"name":"wp","href":"https:\/\/api.w.org\/{rel}","templated":true}]}}