{"id":12901,"date":"2025-06-04T04:48:57","date_gmt":"2025-06-04T04:48:57","guid":{"rendered":"https:\/\/toprisesafety.com\/?post_type=product&#038;p=12901"},"modified":"2025-06-05T06:34:49","modified_gmt":"2025-06-05T06:34:49","slug":"waterproof-chair-cover","status":"publish","type":"product","link":"https:\/\/toprisesafety.com\/pt\/produto\/waterproof-chair-cover\/","title":{"rendered":"Capa de cadeira \u00e0 prova d'\u00e1gua"},"content":{"rendered":"<h2>Capa de cadeira \u00e0 prova d'\u00e1gua<\/h2>\n<p><strong><b>Cadeira \u00e0 prova d'\u00e1gua <\/b><\/strong><strong><b>Capa<\/b><\/strong><strong><b>\u00a0Recursos<\/b><\/strong><strong><b>:<\/b><\/strong><\/p>\n<ul>\n<li>Usando tecido revestido de prata 210D Oxford, ele \u00e9 mais resistente a rasgos e dur\u00e1vel.<\/li>\n<li>Protetor solar com revestimento de prata e prote\u00e7\u00e3o UV, que evita o desbotamento e o envelhecimento da cadeira<\/li>\n<li>\u00c0 prova d'\u00e1gua e de poeira, ele pode oferecer prote\u00e7\u00e3o abrangente mesmo em tempo chuvoso e com neve.<\/li>\n<li>Antimofo e anticorros\u00e3o, adequado para uso prolongado em ambientes externos<\/li>\n<li>Leve e f\u00e1cil de armazenar, conveniente de usar e n\u00e3o ocupa muito espa\u00e7o.<\/li>\n<li>O design de fixa\u00e7\u00e3o com cord\u00e3o de puxar evita que o vento o leve e garante a estabilidade.<\/li>\n<li>Adequado para cadeiras empilh\u00e1veis, economizando espa\u00e7o de armazenamento<\/li>\n<li>Suporte \u00e0 personaliza\u00e7\u00e3o de cores, tamanhos e logotipos.<\/li>\n<\/ul>\n<table>\n<tbody>\n<tr>\n<td width=\"284\">ART NO.<\/td>\n<td width=\"284\">WC05<\/td>\n<\/tr>\n<tr>\n<td width=\"284\">Material<\/td>\n<td width=\"284\">Tecido Oxford 210D com revestimento de prata ou personalizado ou personalizado<\/td>\n<\/tr>\n<tr>\n<td width=\"284\">Press\u00e3o da \u00e1gua<\/td>\n<td width=\"284\">1500-2000<\/td>\n<\/tr>\n<tr>\n<td width=\"284\">Tamanho<\/td>\n<td width=\"284\">65*65*80\/120cm, cadeira para dois lugares 134*66*63\/89cm, cadeira para tr\u00eas pessoas ou personalizada<\/td>\n<\/tr>\n<tr>\n<td width=\"284\">Cor<\/td>\n<td width=\"284\">Preto ou personalizado<\/td>\n<\/tr>\n<tr>\n<td width=\"284\">Impress\u00e3o de logotipo<\/td>\n<td width=\"284\">dispon\u00edvel<\/td>\n<\/tr>\n<tr>\n<td width=\"284\">Embalagem<\/td>\n<td width=\"284\">1 unidade por embalagem de saco do mesmo material ou personalizada<\/td>\n<\/tr>\n<tr>\n<td width=\"284\">MOQ<\/td>\n<td width=\"284\">300 PE\u00c7AS<\/td>\n<\/tr>\n<tr>\n<td width=\"284\">Design personalizado<\/td>\n<td width=\"284\">Suporte<\/td>\n<\/tr>\n<\/tbody>\n<\/table>\n<p><strong><b>Cadeira \u00e0 prova d'\u00e1gua <\/b><\/strong><strong><b>Capa<\/b><\/strong><strong><b>\u00a0Campos: <\/b><\/strong><\/p>\n<ul>\n<li><b><\/b><strong><b>P\u00e1tio da fam\u00edlia<\/b><\/strong>: Proteja as cadeiras externas do sol e da chuva.<\/li>\n<li><b><\/b><strong><b>Terra\u00e7o com varanda<\/b><\/strong>: \u00c0 prova de poeira e umidade, mantendo as cadeiras limpas<\/li>\n<li><b><\/b><strong><b>Cafeteria\/restaurante ao ar livre<\/b><\/strong>: Gerenciamento uniforme de cadeiras empilh\u00e1veis para melhorar a imagem<\/li>\n<li><b><\/b><strong><b>\u00c1rea da piscina do hotel<\/b><\/strong>: Protege as cadeiras contra corros\u00e3o e desbotamento.<\/li>\n<li><b><\/b><strong><b>Gin\u00e1sio\/Clube \u00c1rea externa<\/b><\/strong>: Prolongar a vida \u00fatil das cadeiras<\/li>\n<li><b><\/b><strong><b>\u00c1rea de camping\/piquenique<\/b><\/strong>: Cadeiras empilhadas temporariamente para prote\u00e7\u00e3o e uso<\/li>\n<li><b><\/b><strong><b>Empresa de aluguel de cadeiras<\/b><\/strong>: Facilita a prote\u00e7\u00e3o durante o transporte e o armazenamento<\/li>\n<li><b><\/b><strong><b>Armazenamento em dep\u00f3sito<\/b><\/strong>: Para evitar que as cadeiras fiquem empoeiradas e mofadas ap\u00f3s um longo per\u00edodo de empilhamento<\/li>\n<\/ul>\n<p>A NINGBO TOPRISE \u00e9 uma f\u00e1brica profissional especializada na produ\u00e7\u00e3o de<a href=\"https:\/\/toprisesafety.com\/pt\/categoria-produto\/outdoor-goods\/waterproof-cover\/\"> capas imperme\u00e1veis de alta qualidade<\/a>A empresa, que tem como objetivo fornecer aos clientes v\u00e1rias solu\u00e7\u00f5es de prote\u00e7\u00e3o personalizadas, \u00e9 uma das maiores do mundo. Com equipamentos de produ\u00e7\u00e3o avan\u00e7ados e vasta experi\u00eancia no setor, nossos produtos abrangem uma ampla variedade de tipos, como capas para motocicletas, capas para carros, capas para m\u00f3veis e capas para bicicletas. Todas as capas \u00e0 prova d'\u00e1gua s\u00e3o feitas de tecidos \u00e0 prova d'\u00e1gua de alta qualidade, como o tecido Oxford 420D e o tecido Oxford 210D, com v\u00e1rias fun\u00e7\u00f5es, incluindo impermeabiliza\u00e7\u00e3o, prote\u00e7\u00e3o contra raios UV, preven\u00e7\u00e3o contra poeira, resist\u00eancia ao vento e resist\u00eancia a arranh\u00f5es, o que pode proteger seu equipamento de forma eficaz contra influ\u00eancias ambientais externas.<br \/>\nNossa f\u00e1brica tem tr\u00eas linhas de produ\u00e7\u00e3o altamente eficientes, cada uma delas equipada com equipamentos automatizados avan\u00e7ados, o que nos permite produzir v\u00e1rias coberturas \u00e0 prova d'\u00e1gua com alta efici\u00eancia e estabilidade. Atualmente, a f\u00e1brica tem aproximadamente 150 funcion\u00e1rios, incluindo t\u00e9cnicos, operadores, inspetores de qualidade e uma equipe de suporte para log\u00edstica. Podemos fornecer servi\u00e7os personalizados em termos de v\u00e1rios tamanhos, cores e tecidos, de acordo com as necessidades do cliente. Al\u00e9m disso, oferecemos impress\u00e3o de LOGOTIPO e embalagens personalizadas para atender \u00e0s necessidades de diferentes setores e mercados. Todos os produtos passam por rigorosas inspe\u00e7\u00f5es de qualidade para garantir que atendam aos altos padr\u00f5es e possam satisfazer as diversas necessidades dos clientes.<br \/>\nSempre aderimos ao princ\u00edpio de \"qualidade em primeiro lugar e servi\u00e7o acima de tudo\" e temos o compromisso de nos tornarmos um fornecedor confi\u00e1vel de coberturas \u00e0 prova d'\u00e1gua para clientes em todo o mundo.<br \/>\nSe voc\u00ea tiver alguma d\u00favida sobre coberturas \u00e0 prova d'\u00e1gua, <a href=\"https:\/\/toprisesafety.com\/pt\/contact-us\/\">entre em contato conosco livremente.<\/a><\/p>","protected":false},"excerpt":{"rendered":"<p>N\u00ba art. WC05<\/p>\n<p>Material: tecido Oxford 210D com revestimento de prata ou personalizado ou personalizado<\/p>\n<p>Press\u00e3o da \u00e1gua: 1500 - 2000<\/p>\n<p>Tamanho: para uma pessoa: 65*65*80\/120cm, cadeira para duas pessoas 134*66*63\/89cm, cadeira para tr\u00eas pessoas ou personalizada<\/p>\n<p>Cor: preto ou personalizado<\/p>\n<p>Impress\u00e3o do logotipo: dispon\u00edvel<\/p>\n<p>MOQ: 300PCS<\/p>","protected":false},"featured_media":12905,"template":"","meta":{"_acf_changed":false},"product_brand":[],"product_cat":[371,401],"product_tag":[],"class_list":{"0":"post-12901","1":"product","2":"type-product","3":"status-publish","4":"has-post-thumbnail","6":"product_cat-outdoor-goods","7":"product_cat-waterproof-cover","9":"first","10":"instock","11":"shipping-taxable","12":"product-type-simple"},"acf":[],"_links":{"self":[{"href":"https:\/\/toprisesafety.com\/pt\/wp-json\/wp\/v2\/product\/12901"}],"collection":[{"href":"https:\/\/toprisesafety.com\/pt\/wp-json\/wp\/v2\/product"}],"about":[{"href":"https:\/\/toprisesafety.com\/pt\/wp-json\/wp\/v2\/types\/product"}],"wp:featuredmedia":[{"embeddable":true,"href":"https:\/\/toprisesafety.com\/pt\/wp-json\/wp\/v2\/media\/12905"}],"wp:attachment":[{"href":"https:\/\/toprisesafety.com\/pt\/wp-json\/wp\/v2\/media?parent=12901"}],"wp:term":[{"taxonomy":"product_brand","embeddable":true,"href":"https:\/\/toprisesafety.com\/pt\/wp-json\/wp\/v2\/product_brand?post=12901"},{"taxonomy":"product_cat","embeddable":true,"href":"https:\/\/toprisesafety.com\/pt\/wp-json\/wp\/v2\/product_cat?post=12901"},{"taxonomy":"product_tag","embeddable":true,"href":"https:\/\/toprisesafety.com\/pt\/wp-json\/wp\/v2\/product_tag?post=12901"}],"curies":[{"name":"wp","href":"https:\/\/api.w.org\/{rel}","templated":true}]}}