{"id":12884,"date":"2025-06-04T04:26:35","date_gmt":"2025-06-04T04:26:35","guid":{"rendered":"https:\/\/toprisesafety.com\/?post_type=product&#038;p=12884"},"modified":"2025-06-05T06:38:27","modified_gmt":"2025-06-05T06:38:27","slug":"round-pool-cover","status":"publish","type":"product","link":"https:\/\/toprisesafety.com\/pt\/produto\/round-pool-cover\/","title":{"rendered":"Cobertura de piscina redonda"},"content":{"rendered":"<h2>Cobertura de piscina redonda<\/h2>\n<p><strong><b>Cobertura de piscina redonda<\/b><\/strong><strong><b>\u00a0Recursos<\/b><\/strong><strong><b>:<\/b><\/strong><\/p>\n<ul>\n<li>Made of 420D Oxford fabric, it is thick, durable, and not easy to tear.<\/li>\n<li>Highly efficient waterproofing, preventing rainwater seepage and protecting the swimming pool.<\/li>\n<li>Anti-ultraviolet, reducing the impact of sunlight on the water quality of swimming pools.<\/li>\n<li>Wind-resistant and cold-resistant, suitable for use in various climate conditions.<\/li>\n<li>Customize size, color, and style to meet individual needs.<\/li>\n<li>Easy to install and disassemble, convenient and time-saving.<\/li>\n<li>Dust-proof and dirt-proof, keeping the swimming pool clean and hygienic.<\/li>\n<li>Extend the service life of the swimming pool and reduce maintenance costs.<\/li>\n<\/ul>\n<table>\n<tbody>\n<tr>\n<td width=\"284\">ART NO.<\/td>\n<td width=\"284\">PC07<\/td>\n<\/tr>\n<tr>\n<td width=\"284\">Material<\/td>\n<td width=\"284\">Tecido Oxford 420D com revestimento de prata ou personalizado ou personalizado<\/td>\n<\/tr>\n<tr>\n<td width=\"284\">Tamanho<\/td>\n<td width=\"284\">6\/8\/10\/12\/15\/18FT or\u00a0customized<\/td>\n<\/tr>\n<tr>\n<td width=\"284\">Cor<\/td>\n<td width=\"284\">Preto ou personalizado<\/td>\n<\/tr>\n<tr>\n<td width=\"284\">Impress\u00e3o de logotipo<\/td>\n<td width=\"284\">dispon\u00edvel<\/td>\n<\/tr>\n<tr>\n<td width=\"284\">Embalagem<\/td>\n<td width=\"284\">1 unidade por embalagem de saco do mesmo material ou personalizada<\/td>\n<\/tr>\n<tr>\n<td width=\"284\">MOQ<\/td>\n<td width=\"284\">300 PE\u00c7AS<\/td>\n<\/tr>\n<tr>\n<td width=\"284\">Design personalizado<\/td>\n<td width=\"284\">Suporte<\/td>\n<\/tr>\n<\/tbody>\n<\/table>\n<p><strong><b>Cobertura de piscina redonda<\/b><\/strong><strong><b>\u00a0\u00c1reas de aplica\u00e7\u00e3o<\/b><\/strong><strong><b>\u00a0<\/b><\/strong><strong><b>: <\/b><\/strong><\/p>\n<ul>\n<li>Home private swimming pool protection, preventing impurities and rainwater from entering.<\/li>\n<li>Seasonal Covering of Community and Residential Complex Public Swimming Pools<\/li>\n<li>Hotel and Resort Pool Maintenance and Protection<\/li>\n<li>For outdoor hot spring pools or SPA pools protection use<\/li>\n<li>Outdoor Sports Club Swimming Pool Protection<\/li>\n<li>Amusement park and water park swimming pool coverage<\/li>\n<li>Commercial swimming pool maintenance, reducing cleaning and repair costs<\/li>\n<li>Safety precautions for the swimming pool during its suspension of use<\/li>\n<\/ul>\n<p>A NINGBO TOPRISE \u00e9 uma f\u00e1brica profissional especializada na produ\u00e7\u00e3o de<a href=\"https:\/\/toprisesafety.com\/pt\/categoria-produto\/outdoor-goods\/waterproof-cover\/\"> capas imperme\u00e1veis de alta qualidade<\/a>A empresa, que tem como objetivo fornecer aos clientes v\u00e1rias solu\u00e7\u00f5es de prote\u00e7\u00e3o personalizadas, \u00e9 uma das maiores do mundo. Com equipamentos de produ\u00e7\u00e3o avan\u00e7ados e vasta experi\u00eancia no setor, nossos produtos abrangem uma ampla variedade de tipos, como capas para motocicletas, capas para carros, capas para m\u00f3veis e capas para bicicletas. Todas as capas \u00e0 prova d'\u00e1gua s\u00e3o feitas de tecidos \u00e0 prova d'\u00e1gua de alta qualidade, como o tecido Oxford 420D e o tecido Oxford 210D, com v\u00e1rias fun\u00e7\u00f5es, incluindo impermeabiliza\u00e7\u00e3o, prote\u00e7\u00e3o contra raios UV, preven\u00e7\u00e3o contra poeira, resist\u00eancia ao vento e resist\u00eancia a arranh\u00f5es, o que pode proteger seu equipamento de forma eficaz contra influ\u00eancias ambientais externas.<br \/>\nNossa f\u00e1brica tem tr\u00eas linhas de produ\u00e7\u00e3o altamente eficientes, cada uma delas equipada com equipamentos automatizados avan\u00e7ados, o que nos permite produzir v\u00e1rias coberturas \u00e0 prova d'\u00e1gua com alta efici\u00eancia e estabilidade. Atualmente, a f\u00e1brica tem aproximadamente 150 funcion\u00e1rios, incluindo t\u00e9cnicos, operadores, inspetores de qualidade e uma equipe de suporte para log\u00edstica. Podemos fornecer servi\u00e7os personalizados em termos de v\u00e1rios tamanhos, cores e tecidos, de acordo com as necessidades do cliente. Al\u00e9m disso, oferecemos impress\u00e3o de LOGOTIPO e embalagens personalizadas para atender \u00e0s necessidades de diferentes setores e mercados. Todos os produtos passam por rigorosas inspe\u00e7\u00f5es de qualidade para garantir que atendam aos altos padr\u00f5es e possam satisfazer as diversas necessidades dos clientes.<br \/>\nSempre aderimos ao princ\u00edpio de \"qualidade em primeiro lugar e servi\u00e7o acima de tudo\" e temos o compromisso de nos tornarmos um fornecedor confi\u00e1vel de coberturas \u00e0 prova d'\u00e1gua para clientes em todo o mundo.<br \/>\nSe voc\u00ea tiver alguma d\u00favida sobre coberturas \u00e0 prova d'\u00e1gua, <a href=\"https:\/\/toprisesafety.com\/pt\/contact-us\/\">entre em contato conosco livremente.<\/a><\/p>","protected":false},"excerpt":{"rendered":"<p>Art No.PC07<\/p>\n<p>Material: Tecido Oxford 420D com revestimento de prata ou personalizado ou personalizado<\/p>\n<p>Size:\u00a0single person\uff1a6\/8\/10\/12\/15\/18FT or\u00a0customized<\/p>\n<p>Cor: preto ou personalizado<\/p>\n<p>Impress\u00e3o do logotipo: dispon\u00edvel<\/p>\n<p>MOQ: 300PCS<\/p>","protected":false},"featured_media":12892,"template":"","meta":{"_acf_changed":false},"product_brand":[],"product_cat":[401,371],"product_tag":[],"class_list":{"0":"post-12884","1":"product","2":"type-product","3":"status-publish","4":"has-post-thumbnail","6":"product_cat-waterproof-cover","7":"product_cat-outdoor-goods","9":"first","10":"instock","11":"shipping-taxable","12":"product-type-simple"},"acf":[],"_links":{"self":[{"href":"https:\/\/toprisesafety.com\/pt\/wp-json\/wp\/v2\/product\/12884"}],"collection":[{"href":"https:\/\/toprisesafety.com\/pt\/wp-json\/wp\/v2\/product"}],"about":[{"href":"https:\/\/toprisesafety.com\/pt\/wp-json\/wp\/v2\/types\/product"}],"wp:featuredmedia":[{"embeddable":true,"href":"https:\/\/toprisesafety.com\/pt\/wp-json\/wp\/v2\/media\/12892"}],"wp:attachment":[{"href":"https:\/\/toprisesafety.com\/pt\/wp-json\/wp\/v2\/media?parent=12884"}],"wp:term":[{"taxonomy":"product_brand","embeddable":true,"href":"https:\/\/toprisesafety.com\/pt\/wp-json\/wp\/v2\/product_brand?post=12884"},{"taxonomy":"product_cat","embeddable":true,"href":"https:\/\/toprisesafety.com\/pt\/wp-json\/wp\/v2\/product_cat?post=12884"},{"taxonomy":"product_tag","embeddable":true,"href":"https:\/\/toprisesafety.com\/pt\/wp-json\/wp\/v2\/product_tag?post=12884"}],"curies":[{"name":"wp","href":"https:\/\/api.w.org\/{rel}","templated":true}]}}