{"id":12879,"date":"2025-06-04T03:44:21","date_gmt":"2025-06-04T03:44:21","guid":{"rendered":"https:\/\/toprisesafety.com\/?post_type=product&#038;p=12879"},"modified":"2025-06-05T06:40:20","modified_gmt":"2025-06-05T06:40:20","slug":"reflective-round-table-cover","status":"publish","type":"product","link":"https:\/\/toprisesafety.com\/pt\/produto\/reflective-round-table-cover\/","title":{"rendered":"Capa refletiva para mesa redonda"},"content":{"rendered":"<h2>Capa refletiva para mesa redonda<\/h2>\n<p><strong><b>Capa refletiva para mesa redonda <\/b><\/strong><strong><b>Recursos<\/b><\/strong><strong><b>:<\/b><\/strong><\/p>\n<ul>\n<li>Revestido com tecido Oxford 210D, altamente dur\u00e1vel e resistente a rasgos<\/li>\n<li>O design refletivo aumenta a seguran\u00e7a \u00e0 noite.<\/li>\n<li>Altamente resistente \u00e0 \u00e1gua e \u00e0 poeira, protegendo a \u00e1rea de trabalho da sujeira.<\/li>\n<li>Anti-ultravioleta, evitando o desbotamento e o envelhecimento<\/li>\n<li>A corda de seguran\u00e7a inferior impede o vento de soprar, tornando a fixa\u00e7\u00e3o mais segura.<\/li>\n<li>Suporte \u00e0 personaliza\u00e7\u00e3o de estilos, cores, tamanhos e logotipos.<\/li>\n<li>Adequado para v\u00e1rias mesas externas redondas, com grande versatilidade<\/li>\n<li>Prolongar a vida \u00fatil dos m\u00f3veis e aprimorar a imagem da marca.<\/li>\n<\/ul>\n<table>\n<tbody>\n<tr>\n<td width=\"284\">ART NO.<\/td>\n<td width=\"284\">RC11<\/td>\n<\/tr>\n<tr>\n<td width=\"284\">Material<\/td>\n<td width=\"284\">Tecido Oxford 210D com revestimento de prata ou personalizado ou personalizado<\/td>\n<\/tr>\n<tr>\n<td width=\"284\">Tamanho<\/td>\n<td width=\"284\">128*71cm, 125*71cm, 180*71cm, 190* 71cm, 170*71cm, 280*71cm ou personalizado<\/td>\n<\/tr>\n<tr>\n<td width=\"284\">Cor<\/td>\n<td width=\"284\">Preto ou personalizado<\/td>\n<\/tr>\n<tr>\n<td width=\"284\">Impress\u00e3o de logotipo<\/td>\n<td width=\"284\">dispon\u00edvel<\/td>\n<\/tr>\n<tr>\n<td width=\"284\">Embalagem<\/td>\n<td width=\"284\">1 unidade por embalagem de saco do mesmo material ou personalizada<\/td>\n<\/tr>\n<tr>\n<td width=\"284\">MOQ<\/td>\n<td width=\"284\">300 PE\u00c7AS<\/td>\n<\/tr>\n<tr>\n<td width=\"284\">Design personalizado<\/td>\n<td width=\"284\">Suporte<\/td>\n<\/tr>\n<\/tbody>\n<\/table>\n<p><strong><b>Capa refletiva para mesa redonda<\/b><\/strong><strong><b>\u00a0\u00c1reas<\/b><\/strong><strong><b>\u00a0<\/b><\/strong><strong><b>: <\/b><\/strong><\/p>\n<ul>\n<li>Prote\u00e7\u00e3o para mesas redondas externas em p\u00e1tios e varandas familiares<\/li>\n<li>\u00c1reas de refei\u00e7\u00f5es ao ar livre de hot\u00e9is e resorts<\/li>\n<li>\u00c1reas de estar ao ar livre do restaurante e da cafeteria<\/li>\n<li>Mob\u00edlia externa em parques e \u00e1reas p\u00fablicas de recrea\u00e7\u00e3o<\/li>\n<li>Cobertura tempor\u00e1ria de exposi\u00e7\u00f5es comerciais e locais de eventos<\/li>\n<li>Prote\u00e7\u00e3o de m\u00f3veis em locais de acampamento e piquenique ao ar livre<\/li>\n<li>Armazenamento ao ar livre e armazenamento de m\u00f3veis sazonais<\/li>\n<li>Aumentar a seguran\u00e7a e a visibilidade em \u00e1reas p\u00fablicas durante a noite<\/li>\n<\/ul>\n<p>A NINGBO TOPRISE \u00e9 uma f\u00e1brica profissional especializada na produ\u00e7\u00e3o de<a href=\"https:\/\/toprisesafety.com\/pt\/categoria-produto\/outdoor-goods\/waterproof-cover\/\"> capas imperme\u00e1veis de alta qualidade<\/a>A empresa, que tem como objetivo fornecer aos clientes v\u00e1rias solu\u00e7\u00f5es de prote\u00e7\u00e3o personalizadas, \u00e9 uma das maiores do mundo. Com equipamentos de produ\u00e7\u00e3o avan\u00e7ados e vasta experi\u00eancia no setor, nossos produtos abrangem uma ampla variedade de tipos, como capas para motocicletas, capas para carros, capas para m\u00f3veis e capas para bicicletas. Todas as capas \u00e0 prova d'\u00e1gua s\u00e3o feitas de tecidos \u00e0 prova d'\u00e1gua de alta qualidade, como o tecido Oxford 420D e o tecido Oxford 210D, com v\u00e1rias fun\u00e7\u00f5es, incluindo impermeabiliza\u00e7\u00e3o, prote\u00e7\u00e3o contra raios UV, preven\u00e7\u00e3o contra poeira, resist\u00eancia ao vento e resist\u00eancia a arranh\u00f5es, o que pode proteger seu equipamento de forma eficaz contra influ\u00eancias ambientais externas.<br \/>\nNossa f\u00e1brica tem tr\u00eas linhas de produ\u00e7\u00e3o altamente eficientes, cada uma delas equipada com equipamentos automatizados avan\u00e7ados, o que nos permite produzir v\u00e1rias coberturas \u00e0 prova d'\u00e1gua com alta efici\u00eancia e estabilidade. Atualmente, a f\u00e1brica tem aproximadamente 150 funcion\u00e1rios, incluindo t\u00e9cnicos, operadores, inspetores de qualidade e uma equipe de suporte para log\u00edstica. Podemos fornecer servi\u00e7os personalizados em termos de v\u00e1rios tamanhos, cores e tecidos, de acordo com as necessidades do cliente. Al\u00e9m disso, oferecemos impress\u00e3o de LOGOTIPO e embalagens personalizadas para atender \u00e0s necessidades de diferentes setores e mercados. Todos os produtos passam por rigorosas inspe\u00e7\u00f5es de qualidade para garantir que atendam aos altos padr\u00f5es e possam satisfazer as diversas necessidades dos clientes.<br \/>\nSempre aderimos ao princ\u00edpio de \"qualidade em primeiro lugar e servi\u00e7o acima de tudo\" e temos o compromisso de nos tornarmos um fornecedor confi\u00e1vel de coberturas \u00e0 prova d'\u00e1gua para clientes em todo o mundo.<br \/>\nSe voc\u00ea tiver alguma d\u00favida sobre coberturas \u00e0 prova d'\u00e1gua, <a href=\"https:\/\/toprisesafety.com\/pt\/contact-us\/\">entre em contato conosco livremente.<\/a><\/p>","protected":false},"excerpt":{"rendered":"<p>N\u00ba art. RC11<\/p>\n<p>Material: tecido Oxford 210D com revestimento de prata ou personalizado ou personalizado<\/p>\n<p>Tamanho: pessoa \u00fanica: 128*71cm, 125*71cm, 180*71cm, 190* 71cm, 170*71cm, 280*71cm ou personalizado<\/p>\n<p>Cor: preto ou personalizado<\/p>\n<p>Impress\u00e3o do logotipo: dispon\u00edvel<\/p>\n<p>MOQ: 300PCS<\/p>","protected":false},"featured_media":12883,"template":"","meta":{"_acf_changed":false},"product_brand":[],"product_cat":[371,401],"product_tag":[],"class_list":{"0":"post-12879","1":"product","2":"type-product","3":"status-publish","4":"has-post-thumbnail","6":"product_cat-outdoor-goods","7":"product_cat-waterproof-cover","9":"first","10":"instock","11":"shipping-taxable","12":"product-type-simple"},"acf":[],"_links":{"self":[{"href":"https:\/\/toprisesafety.com\/pt\/wp-json\/wp\/v2\/product\/12879"}],"collection":[{"href":"https:\/\/toprisesafety.com\/pt\/wp-json\/wp\/v2\/product"}],"about":[{"href":"https:\/\/toprisesafety.com\/pt\/wp-json\/wp\/v2\/types\/product"}],"wp:featuredmedia":[{"embeddable":true,"href":"https:\/\/toprisesafety.com\/pt\/wp-json\/wp\/v2\/media\/12883"}],"wp:attachment":[{"href":"https:\/\/toprisesafety.com\/pt\/wp-json\/wp\/v2\/media?parent=12879"}],"wp:term":[{"taxonomy":"product_brand","embeddable":true,"href":"https:\/\/toprisesafety.com\/pt\/wp-json\/wp\/v2\/product_brand?post=12879"},{"taxonomy":"product_cat","embeddable":true,"href":"https:\/\/toprisesafety.com\/pt\/wp-json\/wp\/v2\/product_cat?post=12879"},{"taxonomy":"product_tag","embeddable":true,"href":"https:\/\/toprisesafety.com\/pt\/wp-json\/wp\/v2\/product_tag?post=12879"}],"curies":[{"name":"wp","href":"https:\/\/api.w.org\/{rel}","templated":true}]}}