{"id":12839,"date":"2025-06-03T03:33:26","date_gmt":"2025-06-03T03:33:26","guid":{"rendered":"https:\/\/toprisesafety.com\/?post_type=product&#038;p=12839"},"modified":"2025-06-05T06:48:24","modified_gmt":"2025-06-05T06:48:24","slug":"kettle-grill-cover","status":"publish","type":"product","link":"https:\/\/toprisesafety.com\/pt\/produto\/kettle-grill-cover\/","title":{"rendered":"Tampa da Chaleira El\u00e9trica"},"content":{"rendered":"<p>Tampa da Chaleira El\u00e9trica<\/p>\n<p><strong><b>Caracter\u00edsticas da capa da Kettle Grill:<\/b><\/strong><\/p>\n<ul>\n<li>Tecido Oxford 210D, robusto e resistente a rasgos<\/li>\n<li>O revestimento prateado reflete a luz solar e protege contra os raios ultravioleta.<\/li>\n<li>\u00c0 prova d'\u00e1gua e de poeira, n\u00e3o se preocupe com tempo chuvoso e com neve.<\/li>\n<li>Resistente ao mofo e ao envelhecimento, n\u00e3o desbota nem se deforma facilmente.<\/li>\n<li>Leve e f\u00e1cil de armazenar, conveniente para transportar<\/li>\n<li>Design de corda de amarra\u00e7\u00e3o inferior, mais est\u00e1vel contra o vento<\/li>\n<li>Altamente vers\u00e1til, compat\u00edvel com v\u00e1rios fornos<\/li>\n<li>Suporte \u00e0 personaliza\u00e7\u00e3o de estilos, tamanhos e logotipos<\/li>\n<\/ul>\n<table>\n<tbody>\n<tr>\n<td width=\"284\">ART NO.<\/td>\n<td width=\"284\">KGC02<\/td>\n<\/tr>\n<tr>\n<td width=\"284\">Material<\/td>\n<td width=\"284\">Tecido Oxford 210D com revestimento de prata ou personalizado, 80g\/m\u00b2 ou personalizado<\/td>\n<\/tr>\n<tr>\n<td width=\"284\">Press\u00e3o da \u00e1gua<\/td>\n<td width=\"284\">1500 &#8211; 2000<\/td>\n<\/tr>\n<tr>\n<td width=\"284\">Tamanho<\/td>\n<td width=\"284\">62\u00d7105 CM, 66\u00d770 CM, 70\u00d790 CM, 71\u00d765 CM, 77\u00d758 CM ou personalizado<\/td>\n<\/tr>\n<tr>\n<td width=\"284\">Cor<\/td>\n<td width=\"284\">Preto ou personalizado<\/td>\n<\/tr>\n<tr>\n<td width=\"284\">Impress\u00e3o de logotipo<\/td>\n<td width=\"284\">dispon\u00edvel<\/td>\n<\/tr>\n<tr>\n<td width=\"284\">Embalagem<\/td>\n<td width=\"284\">1 unidade por embalagem de saco do mesmo material ou personalizada<\/td>\n<\/tr>\n<tr>\n<td width=\"284\">MOQ<\/td>\n<td width=\"284\">300 PE\u00c7AS<\/td>\n<\/tr>\n<tr>\n<td width=\"284\">Design personalizado<\/td>\n<td width=\"284\">Suporte<\/td>\n<\/tr>\n<\/tbody>\n<\/table>\n<p><strong><b>O Kettle Grill abrange campos amplamente aplicados: <\/b><\/strong><\/p>\n<ul>\n<li><b><\/b><strong><b>P\u00e1tio da fam\u00edlia<\/b><\/strong>: Prote\u00e7\u00e3o de churrasqueiras externas para prolongar sua vida \u00fatil<\/li>\n<li><b><\/b><strong><b>Acampamento com fogueira<\/b><\/strong>: port\u00e1til, \u00e0 prova de poeira e de chuva, adequado para uso externo.<\/li>\n<li><b><\/b><strong><b>Barracas de churrasco comerciais<\/b><\/strong>: Aprimore a imagem profissional do equipamento, ofere\u00e7a suporte ao design de logotipo personalizado<\/li>\n<li><b><\/b><strong><b>Churrasco na varanda<\/b><\/strong>: Proteja-se do sol e da poeira e mantenha o equipamento limpo.<\/li>\n<li><b><\/b><strong><b>Hotel\/Motel Courtyard<\/b><\/strong>: Mantenha o equipamento da churrasqueira limpo e atraente.<\/li>\n<li><b><\/b><strong><b>Local para festas ao ar livre<\/b><\/strong>: Conveniente para cobrir e proteger v\u00e1rios tipos de churrasqueiras<\/li>\n<\/ul>\n<p>A NINGBO TOPRISE \u00e9 uma f\u00e1brica profissional especializada na produ\u00e7\u00e3o de<a href=\"https:\/\/toprisesafety.com\/pt\/categoria-produto\/outdoor-goods\/waterproof-cover\/\"> capas imperme\u00e1veis de alta qualidade<\/a>A empresa, que tem como objetivo fornecer aos clientes v\u00e1rias solu\u00e7\u00f5es de prote\u00e7\u00e3o personalizadas, \u00e9 uma das maiores do mundo. Com equipamentos de produ\u00e7\u00e3o avan\u00e7ados e vasta experi\u00eancia no setor, nossos produtos abrangem uma ampla variedade de tipos, como capas para motocicletas, capas para carros, capas para m\u00f3veis e capas para bicicletas. Todas as capas \u00e0 prova d'\u00e1gua s\u00e3o feitas de tecidos \u00e0 prova d'\u00e1gua de alta qualidade, como o tecido Oxford 420D e o tecido Oxford 210D, com v\u00e1rias fun\u00e7\u00f5es, incluindo impermeabiliza\u00e7\u00e3o, prote\u00e7\u00e3o contra raios UV, preven\u00e7\u00e3o contra poeira, resist\u00eancia ao vento e resist\u00eancia a arranh\u00f5es, o que pode proteger seu equipamento de forma eficaz contra influ\u00eancias ambientais externas.<br \/>\nNossa f\u00e1brica tem tr\u00eas linhas de produ\u00e7\u00e3o altamente eficientes, cada uma delas equipada com equipamentos automatizados avan\u00e7ados, o que nos permite produzir v\u00e1rias coberturas \u00e0 prova d'\u00e1gua com alta efici\u00eancia e estabilidade. Atualmente, a f\u00e1brica tem aproximadamente 150 funcion\u00e1rios, incluindo t\u00e9cnicos, operadores, inspetores de qualidade e uma equipe de suporte para log\u00edstica. Podemos fornecer servi\u00e7os personalizados em termos de v\u00e1rios tamanhos, cores e tecidos, de acordo com as necessidades do cliente. Al\u00e9m disso, oferecemos impress\u00e3o de LOGOTIPO e embalagens personalizadas para atender \u00e0s necessidades de diferentes setores e mercados. Todos os produtos passam por rigorosas inspe\u00e7\u00f5es de qualidade para garantir que atendam aos altos padr\u00f5es e possam satisfazer as diversas necessidades dos clientes.<br \/>\nSempre aderimos ao princ\u00edpio de \"qualidade em primeiro lugar e servi\u00e7o acima de tudo\" e temos o compromisso de nos tornarmos um fornecedor confi\u00e1vel de coberturas \u00e0 prova d'\u00e1gua para clientes em todo o mundo.<br \/>\nSe voc\u00ea tiver alguma d\u00favida sobre coberturas \u00e0 prova d'\u00e1gua, <a href=\"https:\/\/toprisesafety.com\/pt\/contact-us\/\">entre em contato conosco livremente.<\/a><\/p>","protected":false},"excerpt":{"rendered":"<p>N\u00ba do art.: KGC02<\/p>\n<p>Material: tecido Oxford 210D com revestimento de prata ou personalizado, 80g\/m\u00b2 ou personalizado<\/p>\n<p>Press\u00e3o da \u00e1gua: 1500 - 2000<\/p>\n<p>Tamanho: 62\u00d7105 CM, 66\u00d770 CM, 70\u00d790 CM, 71\u00d765 CM, 77\u00d758 CM ou personalizado<\/p>\n<p>Cor: preto ou personalizado<\/p>\n<p>Impress\u00e3o do logotipo: dispon\u00edvel<\/p>\n<p>MOQ: 300PCS<\/p>","protected":false},"featured_media":12841,"template":"","meta":{"_acf_changed":false},"product_brand":[],"product_cat":[371,401],"product_tag":[],"class_list":{"0":"post-12839","1":"product","2":"type-product","3":"status-publish","4":"has-post-thumbnail","6":"product_cat-outdoor-goods","7":"product_cat-waterproof-cover","9":"first","10":"instock","11":"shipping-taxable","12":"product-type-simple"},"acf":[],"_links":{"self":[{"href":"https:\/\/toprisesafety.com\/pt\/wp-json\/wp\/v2\/product\/12839"}],"collection":[{"href":"https:\/\/toprisesafety.com\/pt\/wp-json\/wp\/v2\/product"}],"about":[{"href":"https:\/\/toprisesafety.com\/pt\/wp-json\/wp\/v2\/types\/product"}],"wp:featuredmedia":[{"embeddable":true,"href":"https:\/\/toprisesafety.com\/pt\/wp-json\/wp\/v2\/media\/12841"}],"wp:attachment":[{"href":"https:\/\/toprisesafety.com\/pt\/wp-json\/wp\/v2\/media?parent=12839"}],"wp:term":[{"taxonomy":"product_brand","embeddable":true,"href":"https:\/\/toprisesafety.com\/pt\/wp-json\/wp\/v2\/product_brand?post=12839"},{"taxonomy":"product_cat","embeddable":true,"href":"https:\/\/toprisesafety.com\/pt\/wp-json\/wp\/v2\/product_cat?post=12839"},{"taxonomy":"product_tag","embeddable":true,"href":"https:\/\/toprisesafety.com\/pt\/wp-json\/wp\/v2\/product_tag?post=12839"}],"curies":[{"name":"wp","href":"https:\/\/api.w.org\/{rel}","templated":true}]}}