{"id":12833,"date":"2025-06-03T03:23:11","date_gmt":"2025-06-03T03:23:11","guid":{"rendered":"https:\/\/toprisesafety.com\/?post_type=product&#038;p=12833"},"modified":"2025-06-05T06:50:04","modified_gmt":"2025-06-05T06:50:04","slug":"patio-egg-chair-cover","status":"publish","type":"product","link":"https:\/\/toprisesafety.com\/pt\/produto\/patio-egg-chair-cover\/","title":{"rendered":"Capa para cadeira Patio Egg"},"content":{"rendered":"<h2>Capa para cadeira Patio Egg<\/h2>\n<p><strong><b>Capa para cadeira Patio Egg<\/b><\/strong><strong><b>\u00a0F<\/b><\/strong><strong><b>eatures:<\/b><\/strong><\/p>\n<ul>\n<li>Using 210D Oxford silver-coated fabric, it is sturdy and durable.<\/li>\n<li>Silver coating provides UV protection and reduces aging and fading.<\/li>\n<li>Highly water-resistant and dust-proof, protecting the chair from dirt and stains.<\/li>\n<li>Resistant to tearing and weathering, prolonging the service life<\/li>\n<li>Bottom drawstring design, ensuring a more secure windproof fixation<\/li>\n<li>Easy to assemble and disassemble, convenient for folding and storage, saving space.<\/li>\n<li>Suitable for use in various scenarios such as courtyards and balconies.<\/li>\n<li>Support customization of colors, sizes, and logos, highlighting individuality.<\/li>\n<\/ul>\n<table>\n<tbody>\n<tr>\n<td width=\"284\">ART NO.<\/td>\n<td width=\"284\">PEC03<\/td>\n<\/tr>\n<tr>\n<td width=\"284\">Material<\/td>\n<td width=\"284\">Tecido Oxford 210D com revestimento de prata ou personalizado ou personalizado<\/td>\n<\/tr>\n<tr>\n<td width=\"284\">Press\u00e3o da \u00e1gua<\/td>\n<td width=\"284\">1500 &#8211; 2000<\/td>\n<\/tr>\n<tr>\n<td width=\"284\">Tamanho<\/td>\n<td width=\"284\">single seat 190\u00d7115\u00a0CM, double seats 230\u00d7200 CM\u00a0or\u00a0customized<\/td>\n<\/tr>\n<tr>\n<td width=\"284\">Cor<\/td>\n<td width=\"284\">Preto ou personalizado<\/td>\n<\/tr>\n<tr>\n<td width=\"284\">Impress\u00e3o de logotipo<\/td>\n<td width=\"284\">dispon\u00edvel<\/td>\n<\/tr>\n<tr>\n<td width=\"284\">Embalagem<\/td>\n<td width=\"284\">1 unidade por embalagem de saco do mesmo material ou personalizada<\/td>\n<\/tr>\n<tr>\n<td width=\"284\">MOQ<\/td>\n<td width=\"284\">300 PE\u00c7AS<\/td>\n<\/tr>\n<tr>\n<td width=\"284\">Design personalizado<\/td>\n<td width=\"284\">Suporte<\/td>\n<\/tr>\n<\/tbody>\n<\/table>\n<p><strong><b>Capa para cadeira Patio Egg<\/b><\/strong><strong><b>\u00a0<\/b><\/strong><strong><b>Widely Applied Fields: <\/b><\/strong><\/p>\n<ul>\n<li><b><\/b><strong><b>P\u00e1tio da fam\u00edlia<\/b><\/strong>: Protect the egg chair from wind, sun, and rain.<\/li>\n<li><b><\/b><strong><b>Balcony space<\/b><\/strong>: Dust-proof and moisture-proof, keeping the chairs clean and attractive<\/li>\n<li><b><\/b><strong><b>Outdoor camping<\/b><\/strong>: Portable and easy to use, suitable for temporary covering and protection.<\/li>\n<li><b><\/b><strong><b>Resort\/Bed and Breakfas<\/b><\/strong>t: Enhancing the Overall Image of Outdoor Furniture<\/li>\n<li><b><\/b><strong><b>Commercial outdoor spaces<\/b><\/strong>: Egg-shaped chairs for protection in coffee shops and leisure areas<\/li>\n<li><b><\/b><strong><b>Indoor storage for idle items<\/b><\/strong>: Prevent dust accumulation and wear and tear.<\/li>\n<li><b><\/b><strong><b>Outdoor swimming pool area<\/b><\/strong>: Protects the egg chairs from sunlight and moisture.<\/li>\n<\/ul>\n<p>A NINGBO TOPRISE \u00e9 uma f\u00e1brica profissional especializada na produ\u00e7\u00e3o de<a href=\"https:\/\/toprisesafety.com\/pt\/categoria-produto\/outdoor-goods\/waterproof-cover\/\"> capas imperme\u00e1veis de alta qualidade<\/a>A empresa, que tem como objetivo fornecer aos clientes v\u00e1rias solu\u00e7\u00f5es de prote\u00e7\u00e3o personalizadas, \u00e9 uma das maiores do mundo. Com equipamentos de produ\u00e7\u00e3o avan\u00e7ados e vasta experi\u00eancia no setor, nossos produtos abrangem uma ampla variedade de tipos, como capas para motocicletas, capas para carros, capas para m\u00f3veis e capas para bicicletas. Todas as capas \u00e0 prova d'\u00e1gua s\u00e3o feitas de tecidos \u00e0 prova d'\u00e1gua de alta qualidade, como o tecido Oxford 420D e o tecido Oxford 210D, com v\u00e1rias fun\u00e7\u00f5es, incluindo impermeabiliza\u00e7\u00e3o, prote\u00e7\u00e3o contra raios UV, preven\u00e7\u00e3o contra poeira, resist\u00eancia ao vento e resist\u00eancia a arranh\u00f5es, o que pode proteger seu equipamento de forma eficaz contra influ\u00eancias ambientais externas.<br \/>\nNossa f\u00e1brica tem tr\u00eas linhas de produ\u00e7\u00e3o altamente eficientes, cada uma delas equipada com equipamentos automatizados avan\u00e7ados, o que nos permite produzir v\u00e1rias coberturas \u00e0 prova d'\u00e1gua com alta efici\u00eancia e estabilidade. Atualmente, a f\u00e1brica tem aproximadamente 150 funcion\u00e1rios, incluindo t\u00e9cnicos, operadores, inspetores de qualidade e uma equipe de suporte para log\u00edstica. Podemos fornecer servi\u00e7os personalizados em termos de v\u00e1rios tamanhos, cores e tecidos, de acordo com as necessidades do cliente. Al\u00e9m disso, oferecemos impress\u00e3o de LOGOTIPO e embalagens personalizadas para atender \u00e0s necessidades de diferentes setores e mercados. Todos os produtos passam por rigorosas inspe\u00e7\u00f5es de qualidade para garantir que atendam aos altos padr\u00f5es e possam satisfazer as diversas necessidades dos clientes.<br \/>\nSempre aderimos ao princ\u00edpio de \"qualidade em primeiro lugar e servi\u00e7o acima de tudo\" e temos o compromisso de nos tornarmos um fornecedor confi\u00e1vel de coberturas \u00e0 prova d'\u00e1gua para clientes em todo o mundo.<br \/>\nSe voc\u00ea tiver alguma d\u00favida sobre coberturas \u00e0 prova d'\u00e1gua, <a href=\"https:\/\/toprisesafety.com\/pt\/contact-us\/\">entre em contato conosco livremente.<\/a><\/p>","protected":false},"excerpt":{"rendered":"<p>Art No.:PEC03<\/p>\n<p>Material: tecido Oxford 210D com revestimento de prata ou personalizado ou personalizado<\/p>\n<p>Press\u00e3o da \u00e1gua: 1500 - 2000<\/p>\n<p>Size:\u00a0single seat 190\u00d7115\u00a0CM, double seats 230\u00d7200 CM\u00a0or\u00a0customized<\/p>\n<p>Cor: preto ou personalizado<\/p>\n<p>Impress\u00e3o do logotipo: dispon\u00edvel<\/p>\n<p>MOQ: 300PCS<\/p>","protected":false},"featured_media":12838,"template":"","meta":{"_acf_changed":false},"product_brand":[],"product_cat":[371,401],"product_tag":[],"class_list":{"0":"post-12833","1":"product","2":"type-product","3":"status-publish","4":"has-post-thumbnail","6":"product_cat-outdoor-goods","7":"product_cat-waterproof-cover","9":"first","10":"instock","11":"shipping-taxable","12":"product-type-simple"},"acf":[],"_links":{"self":[{"href":"https:\/\/toprisesafety.com\/pt\/wp-json\/wp\/v2\/product\/12833"}],"collection":[{"href":"https:\/\/toprisesafety.com\/pt\/wp-json\/wp\/v2\/product"}],"about":[{"href":"https:\/\/toprisesafety.com\/pt\/wp-json\/wp\/v2\/types\/product"}],"wp:featuredmedia":[{"embeddable":true,"href":"https:\/\/toprisesafety.com\/pt\/wp-json\/wp\/v2\/media\/12838"}],"wp:attachment":[{"href":"https:\/\/toprisesafety.com\/pt\/wp-json\/wp\/v2\/media?parent=12833"}],"wp:term":[{"taxonomy":"product_brand","embeddable":true,"href":"https:\/\/toprisesafety.com\/pt\/wp-json\/wp\/v2\/product_brand?post=12833"},{"taxonomy":"product_cat","embeddable":true,"href":"https:\/\/toprisesafety.com\/pt\/wp-json\/wp\/v2\/product_cat?post=12833"},{"taxonomy":"product_tag","embeddable":true,"href":"https:\/\/toprisesafety.com\/pt\/wp-json\/wp\/v2\/product_tag?post=12833"}],"curies":[{"name":"wp","href":"https:\/\/api.w.org\/{rel}","templated":true}]}}