{"id":12824,"date":"2025-05-29T07:29:45","date_gmt":"2025-05-29T07:29:45","guid":{"rendered":"https:\/\/toprisesafety.com\/?post_type=product&#038;p=12824"},"modified":"2025-06-03T03:08:58","modified_gmt":"2025-06-03T03:08:58","slug":"waterproof-bbq-grill-cover","status":"publish","type":"product","link":"https:\/\/toprisesafety.com\/pt\/produto\/waterproof-bbq-grill-cover\/","title":{"rendered":"Capa para churrasqueira \u00e0 prova d'\u00e1gua"},"content":{"rendered":"<h2>Capa para churrasqueira \u00e0 prova d'\u00e1gua<\/h2>\n<p><strong><b>Caracter\u00edsticas da cobertura imperme\u00e1vel para churrasqueiras:<\/b><\/strong><\/p>\n<ul>\n<li>Imperme\u00e1vel e \u00e0 prova de sol: tecido Oxford 210D com revestimento prateado, que protege a churrasqueira contra ferrugem e desbotamento, al\u00e9m de resistir \u00e0 chuva e aos raios UV.<\/li>\n<li>Resistente \u00e0 tra\u00e7\u00e3o e dur\u00e1vel: Tecido de alta densidade, altamente dur\u00e1vel e resistente a danos<\/li>\n<li>Adequado para todas as quatro esta\u00e7\u00f5es: protege contra chuva, neve, poeira e vento, garantindo um uso sem problemas em ambientes externos<\/li>\n<li>Borda el\u00e1stica + design com velcro: Ajuste seguro, n\u00e3o afetado por ventos fortes<\/li>\n<li>Oferece suporte \u00e0 personaliza\u00e7\u00e3o de OEM: Estilos, tamanhos, cores e logotipos podem ser personalizados de acordo com os requisitos, atendendo \u00e0s necessidades de vendas em v\u00e1rios cen\u00e1rios.<\/li>\n<\/ul>\n<table>\n<tbody>\n<tr>\n<td width=\"284\">ART NO.<\/td>\n<td width=\"284\">BGC01<\/td>\n<\/tr>\n<tr>\n<td width=\"284\">Material<\/td>\n<td width=\"284\">Tecido Oxford 210D com revestimento de prata ou personalizado, 80g\/m\u00b2 ou personalizado<\/td>\n<\/tr>\n<tr>\n<td width=\"284\">Press\u00e3o da \u00e1gua<\/td>\n<td width=\"284\">1500 &#8211; 2000<\/td>\n<\/tr>\n<tr>\n<td width=\"284\">Tamanho<\/td>\n<td width=\"284\">S-XXL ou personalizado<\/td>\n<\/tr>\n<tr>\n<td width=\"284\">Cor<\/td>\n<td width=\"284\">Preto\/Bege\/Caf\u00e9\/Cinza ou personalizado<\/td>\n<\/tr>\n<tr>\n<td width=\"284\">Impress\u00e3o de logotipo<\/td>\n<td width=\"284\">dispon\u00edvel<\/td>\n<\/tr>\n<tr>\n<td width=\"284\">Embalagem<\/td>\n<td width=\"284\">1 unidade por embalagem de saco do mesmo material ou personalizada<\/td>\n<\/tr>\n<tr>\n<td width=\"284\">MOQ<\/td>\n<td width=\"284\">300 PE\u00c7AS<\/td>\n<\/tr>\n<tr>\n<td width=\"284\">Design personalizado<\/td>\n<td width=\"284\">Suporte<\/td>\n<\/tr>\n<\/tbody>\n<\/table>\n<p>&nbsp;<\/p>\n<p><img fetchpriority=\"high\" decoding=\"async\" class=\"alignnone size-medium wp-image-12825\" src=\"https:\/\/toprisesafety.com\/wp-content\/uploads\/2025\/05\/Measurement--300x300.jpg\" alt=\"\" width=\"300\" height=\"300\" srcset=\"https:\/\/toprisesafety.com\/wp-content\/uploads\/2025\/05\/Measurement--300x300.jpg 300w, https:\/\/toprisesafety.com\/wp-content\/uploads\/2025\/05\/Measurement--1024x1024.jpg 1024w, https:\/\/toprisesafety.com\/wp-content\/uploads\/2025\/05\/Measurement--150x150.jpg 150w, https:\/\/toprisesafety.com\/wp-content\/uploads\/2025\/05\/Measurement--768x768.jpg 768w, https:\/\/toprisesafety.com\/wp-content\/uploads\/2025\/05\/Measurement--1536x1536.jpg 1536w, https:\/\/toprisesafety.com\/wp-content\/uploads\/2025\/05\/Measurement--2048x2048.jpg 2048w, https:\/\/toprisesafety.com\/wp-content\/uploads\/2025\/05\/Measurement--600x600.jpg 600w, https:\/\/toprisesafety.com\/wp-content\/uploads\/2025\/05\/Measurement--100x100.jpg 100w\" sizes=\"(max-width: 300px) 100vw, 300px\" \/> <img decoding=\"async\" class=\"alignnone size-medium wp-image-12826\" src=\"https:\/\/toprisesafety.com\/wp-content\/uploads\/2025\/05\/waterproof-BBQ-Grill-Cove-Material-300x300.jpg\" alt=\"\" width=\"300\" height=\"300\" srcset=\"https:\/\/toprisesafety.com\/wp-content\/uploads\/2025\/05\/waterproof-BBQ-Grill-Cove-Material-300x300.jpg 300w, https:\/\/toprisesafety.com\/wp-content\/uploads\/2025\/05\/waterproof-BBQ-Grill-Cove-Material-1024x1024.jpg 1024w, https:\/\/toprisesafety.com\/wp-content\/uploads\/2025\/05\/waterproof-BBQ-Grill-Cove-Material-150x150.jpg 150w, https:\/\/toprisesafety.com\/wp-content\/uploads\/2025\/05\/waterproof-BBQ-Grill-Cove-Material-768x768.jpg 768w, https:\/\/toprisesafety.com\/wp-content\/uploads\/2025\/05\/waterproof-BBQ-Grill-Cove-Material-600x600.jpg 600w, https:\/\/toprisesafety.com\/wp-content\/uploads\/2025\/05\/waterproof-BBQ-Grill-Cove-Material-100x100.jpg 100w, https:\/\/toprisesafety.com\/wp-content\/uploads\/2025\/05\/waterproof-BBQ-Grill-Cove-Material.jpg 1200w\" sizes=\"(max-width: 300px) 100vw, 300px\" \/> <img decoding=\"async\" class=\"alignnone size-medium wp-image-12827\" src=\"https:\/\/toprisesafety.com\/wp-content\/uploads\/2025\/05\/Waterproof-BBQ-Grill-Cover-1-300x300.jpg\" alt=\"\" width=\"300\" height=\"300\" srcset=\"https:\/\/toprisesafety.com\/wp-content\/uploads\/2025\/05\/Waterproof-BBQ-Grill-Cover-1-300x300.jpg 300w, https:\/\/toprisesafety.com\/wp-content\/uploads\/2025\/05\/Waterproof-BBQ-Grill-Cover-1-1024x1024.jpg 1024w, https:\/\/toprisesafety.com\/wp-content\/uploads\/2025\/05\/Waterproof-BBQ-Grill-Cover-1-150x150.jpg 150w, https:\/\/toprisesafety.com\/wp-content\/uploads\/2025\/05\/Waterproof-BBQ-Grill-Cover-1-768x768.jpg 768w, https:\/\/toprisesafety.com\/wp-content\/uploads\/2025\/05\/Waterproof-BBQ-Grill-Cover-1-1536x1536.jpg 1536w, https:\/\/toprisesafety.com\/wp-content\/uploads\/2025\/05\/Waterproof-BBQ-Grill-Cover-1-600x600.jpg 600w, https:\/\/toprisesafety.com\/wp-content\/uploads\/2025\/05\/Waterproof-BBQ-Grill-Cover-1-100x100.jpg 100w, https:\/\/toprisesafety.com\/wp-content\/uploads\/2025\/05\/Waterproof-BBQ-Grill-Cover-1.jpg 1796w\" sizes=\"(max-width: 300px) 100vw, 300px\" \/> <img loading=\"lazy\" decoding=\"async\" class=\"alignnone size-medium wp-image-12828\" src=\"https:\/\/toprisesafety.com\/wp-content\/uploads\/2025\/05\/Waterproof-BBQ-Grill-Cover-1-1-255x300.jpg\" alt=\"\" width=\"255\" height=\"300\" srcset=\"https:\/\/toprisesafety.com\/wp-content\/uploads\/2025\/05\/Waterproof-BBQ-Grill-Cover-1-1-255x300.jpg 255w, https:\/\/toprisesafety.com\/wp-content\/uploads\/2025\/05\/Waterproof-BBQ-Grill-Cover-1-1.jpg 595w\" sizes=\"(max-width: 255px) 100vw, 255px\" \/> <img loading=\"lazy\" decoding=\"async\" class=\"alignnone size-medium wp-image-12829\" src=\"https:\/\/toprisesafety.com\/wp-content\/uploads\/2025\/05\/Waterproof-BBQ-Grill-Cover-2-300x300.jpg\" alt=\"\" width=\"300\" height=\"300\" srcset=\"https:\/\/toprisesafety.com\/wp-content\/uploads\/2025\/05\/Waterproof-BBQ-Grill-Cover-2-300x300.jpg 300w, https:\/\/toprisesafety.com\/wp-content\/uploads\/2025\/05\/Waterproof-BBQ-Grill-Cover-2-1024x1024.jpg 1024w, https:\/\/toprisesafety.com\/wp-content\/uploads\/2025\/05\/Waterproof-BBQ-Grill-Cover-2-150x150.jpg 150w, https:\/\/toprisesafety.com\/wp-content\/uploads\/2025\/05\/Waterproof-BBQ-Grill-Cover-2-768x768.jpg 768w, https:\/\/toprisesafety.com\/wp-content\/uploads\/2025\/05\/Waterproof-BBQ-Grill-Cover-2-600x600.jpg 600w, https:\/\/toprisesafety.com\/wp-content\/uploads\/2025\/05\/Waterproof-BBQ-Grill-Cover-2-100x100.jpg 100w, https:\/\/toprisesafety.com\/wp-content\/uploads\/2025\/05\/Waterproof-BBQ-Grill-Cover-2.jpg 1520w\" sizes=\"(max-width: 300px) 100vw, 300px\" \/> <img loading=\"lazy\" decoding=\"async\" class=\"alignnone size-medium wp-image-12830\" src=\"https:\/\/toprisesafety.com\/wp-content\/uploads\/2025\/05\/Waterproof-BBQ-Grill-Cover-3-300x300.jpg\" alt=\"\" width=\"300\" height=\"300\" srcset=\"https:\/\/toprisesafety.com\/wp-content\/uploads\/2025\/05\/Waterproof-BBQ-Grill-Cover-3-300x300.jpg 300w, https:\/\/toprisesafety.com\/wp-content\/uploads\/2025\/05\/Waterproof-BBQ-Grill-Cover-3-1024x1024.jpg 1024w, https:\/\/toprisesafety.com\/wp-content\/uploads\/2025\/05\/Waterproof-BBQ-Grill-Cover-3-150x150.jpg 150w, https:\/\/toprisesafety.com\/wp-content\/uploads\/2025\/05\/Waterproof-BBQ-Grill-Cover-3-768x768.jpg 768w, https:\/\/toprisesafety.com\/wp-content\/uploads\/2025\/05\/Waterproof-BBQ-Grill-Cover-3-600x600.jpg 600w, https:\/\/toprisesafety.com\/wp-content\/uploads\/2025\/05\/Waterproof-BBQ-Grill-Cover-3-100x100.jpg 100w, https:\/\/toprisesafety.com\/wp-content\/uploads\/2025\/05\/Waterproof-BBQ-Grill-Cover-3.jpg 1500w\" sizes=\"(max-width: 300px) 100vw, 300px\" \/> <img loading=\"lazy\" decoding=\"async\" class=\"alignnone size-medium wp-image-12831\" src=\"https:\/\/toprisesafety.com\/wp-content\/uploads\/2025\/05\/Waterproof-BBQ-Grill-Cover-4-300x300.jpg\" alt=\"\" width=\"300\" height=\"300\" srcset=\"https:\/\/toprisesafety.com\/wp-content\/uploads\/2025\/05\/Waterproof-BBQ-Grill-Cover-4-300x300.jpg 300w, https:\/\/toprisesafety.com\/wp-content\/uploads\/2025\/05\/Waterproof-BBQ-Grill-Cover-4-150x150.jpg 150w, https:\/\/toprisesafety.com\/wp-content\/uploads\/2025\/05\/Waterproof-BBQ-Grill-Cover-4-600x600.jpg 600w, https:\/\/toprisesafety.com\/wp-content\/uploads\/2025\/05\/Waterproof-BBQ-Grill-Cover-4-100x100.jpg 100w, https:\/\/toprisesafety.com\/wp-content\/uploads\/2025\/05\/Waterproof-BBQ-Grill-Cover-4.jpg 750w\" sizes=\"(max-width: 300px) 100vw, 300px\" \/><\/p>\n<table>\n<tbody>\n<tr>\n<td width=\"142\"><strong><b>Tamanho<\/b><\/strong><\/td>\n<td width=\"142\"><strong><b>Comprimento<\/b><\/strong><\/td>\n<td width=\"142\"><strong><b>Largura<\/b><\/strong><\/td>\n<td width=\"142\"><strong><b>Altura<\/b><\/strong><\/td>\n<\/tr>\n<tr>\n<td width=\"142\">S<\/td>\n<td width=\"142\">800 mm<\/td>\n<td width=\"142\">660 mm<\/td>\n<td width=\"142\">1000 mm<\/td>\n<\/tr>\n<tr>\n<td width=\"142\">M<\/td>\n<td width=\"142\">1000 mm<\/td>\n<td width=\"142\">600 mm<\/td>\n<td width=\"142\">1500 mm<\/td>\n<\/tr>\n<tr>\n<td width=\"142\">L<\/td>\n<td width=\"142\">1450 mm<\/td>\n<td width=\"142\">610 mm<\/td>\n<td width=\"142\">1170 mm<\/td>\n<\/tr>\n<tr>\n<td width=\"142\">XL<\/td>\n<td width=\"142\">1700 mm<\/td>\n<td width=\"142\">610 mm<\/td>\n<td width=\"142\">1170 mm<\/td>\n<\/tr>\n<tr>\n<td width=\"142\">XXL<\/td>\n<td width=\"142\">1900 mm<\/td>\n<td width=\"142\">710 mm<\/td>\n<td width=\"142\">1170 mm<\/td>\n<\/tr>\n<tr>\n<td colspan=\"4\" width=\"568\">Suporte a design, tamanho, cor e logotipos personalizados.<\/td>\n<\/tr>\n<\/tbody>\n<\/table>\n<p><strong><b>Churrasqueira \u00e0 prova d'\u00e1gua Campos de aplica\u00e7\u00e3o ampla: <\/b><\/strong><\/p>\n<ul>\n<li><b><\/b><strong><b>Quintal da casa<\/b><\/strong>p\u00e1tio, terra\u00e7o, varanda - essencial para churrascos di\u00e1rios ao ar livre<\/li>\n<li><b><\/b><strong><b>Fogueira e piquenique<\/b><\/strong>: Ao lado da barraca, na mesa do acampamento - mais seguro com prote\u00e7\u00e3o contra poeira e chuva<\/li>\n<li><b><\/b><strong><b>Conv\u00e9s do iate<\/b><\/strong>: Abrigo costeiro, resistente \u00e0 n\u00e9voa salina e \u00e0 corros\u00e3o<\/li>\n<li><b><\/b><strong><b>Cozinha de buf\u00ea<\/b><\/strong>: Manuten\u00e7\u00e3o de equipamentos para restaurantes e churrascarias, reduzindo os custos de manuten\u00e7\u00e3o<\/li>\n<li><b><\/b><strong><b>Display de supermercado<\/b><\/strong>: Exposi\u00e7\u00e3o de utens\u00edlios em supermercados e feiras de produtores rurais, mantendo-os limpos e em boas condi\u00e7\u00f5es.<\/li>\n<li><b><\/b><strong><b>Atividades ao ar livre<\/b><\/strong>Cobertura tempor\u00e1ria de churrasqueiras para festas, comemora\u00e7\u00f5es, exposi\u00e7\u00f5es, etc.<\/li>\n<li><b><\/b><strong><b>Piquenique no parque<\/b><\/strong>: \u00c1rea de churrasco ao ar livre no parque ou \u00e1rea c\u00eanica, preven\u00e7\u00e3o de excrementos de p\u00e1ssaros, preven\u00e7\u00e3o de folhas<\/li>\n<li><b><\/b><strong><b>Pesca e acampamento<\/b><\/strong>: \u00c0 beira do rio ou do lago, \u00e0 prova de umidade e mofo, prolongando a vida \u00fatil do equipamento<\/li>\n<\/ul>","protected":false},"excerpt":{"rendered":"<p>N\u00ba do art.: BGC01<\/p>\n<p>Material: tecido Oxford 210D com revestimento de prata ou personalizado, 80g\/m\u00b2 ou personalizado<\/p>\n<p>Press\u00e3o da \u00e1gua: 1500 - 2000<\/p>\n<p>Tamanho: S-XXL ou personalizado<\/p>\n<p>Cor: preto\/bege\/caf\u00e9\/cinza ou personalizado<\/p>\n<p>Impress\u00e3o do logotipo: dispon\u00edvel<\/p>\n<p>MOQ: 300PCS<\/p>","protected":false},"featured_media":12831,"template":"","meta":{"_acf_changed":false},"product_brand":[],"product_cat":[401,371],"product_tag":[],"class_list":{"0":"post-12824","1":"product","2":"type-product","3":"status-publish","4":"has-post-thumbnail","6":"product_cat-waterproof-cover","7":"product_cat-outdoor-goods","9":"first","10":"instock","11":"shipping-taxable","12":"product-type-simple"},"acf":[],"_links":{"self":[{"href":"https:\/\/toprisesafety.com\/pt\/wp-json\/wp\/v2\/product\/12824"}],"collection":[{"href":"https:\/\/toprisesafety.com\/pt\/wp-json\/wp\/v2\/product"}],"about":[{"href":"https:\/\/toprisesafety.com\/pt\/wp-json\/wp\/v2\/types\/product"}],"wp:featuredmedia":[{"embeddable":true,"href":"https:\/\/toprisesafety.com\/pt\/wp-json\/wp\/v2\/media\/12831"}],"wp:attachment":[{"href":"https:\/\/toprisesafety.com\/pt\/wp-json\/wp\/v2\/media?parent=12824"}],"wp:term":[{"taxonomy":"product_brand","embeddable":true,"href":"https:\/\/toprisesafety.com\/pt\/wp-json\/wp\/v2\/product_brand?post=12824"},{"taxonomy":"product_cat","embeddable":true,"href":"https:\/\/toprisesafety.com\/pt\/wp-json\/wp\/v2\/product_cat?post=12824"},{"taxonomy":"product_tag","embeddable":true,"href":"https:\/\/toprisesafety.com\/pt\/wp-json\/wp\/v2\/product_tag?post=12824"}],"curies":[{"name":"wp","href":"https:\/\/api.w.org\/{rel}","templated":true}]}}