{"id":12695,"date":"2025-05-21T06:37:59","date_gmt":"2025-05-21T06:37:59","guid":{"rendered":"https:\/\/toprisesafety.com\/?post_type=product&#038;p=12695"},"modified":"2025-05-21T08:01:27","modified_gmt":"2025-05-21T08:01:27","slug":"round-fiberglass-flower-pot","status":"publish","type":"product","link":"https:\/\/toprisesafety.com\/pt\/produto\/round-fiberglass-flower-pot\/","title":{"rendered":"Vaso de flores redondo de fibra de vidro"},"content":{"rendered":"<h1>Vaso de flores redondo de fibra de vidro<\/h1>\n<ul>\n<li>Formato exclusivo: O design circular \u00e9 simples e moderno, adequado para v\u00e1rios ambientes internos e externos.<\/li>\n<li>Material resistente: O pl\u00e1stico refor\u00e7ado com fibra de vidro \u00e9 leve, dur\u00e1vel e altamente resistente a impactos.<\/li>\n<li>\u00c0 prova d'\u00e1gua e resistente \u00e0 corros\u00e3o: adequado para diferentes condi\u00e7\u00f5es clim\u00e1ticas e pode ser usado por um longo per\u00edodo.<\/li>\n<li>F\u00e1cil de limpar: A superf\u00edcie \u00e9 lisa, n\u00e3o \u00e9 propensa ao ac\u00famulo de poeira e \u00e9 conveniente para a limpeza di\u00e1ria.<\/li>\n<li>Op\u00e7\u00f5es coloridas: Uma variedade de cores est\u00e1 dispon\u00edvel para atender \u00e0s necessidades de diferentes estilos de decora\u00e7\u00e3o.<\/li>\n<\/ul>\n<table>\n<tbody>\n<tr>\n<td width=\"284\">ART NO.<\/td>\n<td width=\"284\">FP08<\/td>\n<\/tr>\n<tr>\n<td width=\"284\">MATERIAL<\/td>\n<td width=\"284\">Fibra de vidro<\/td>\n<\/tr>\n<tr>\n<td width=\"284\">TAMANHO<\/td>\n<td width=\"284\">veja a foto do tamanho abaixo ou personalizada<\/td>\n<\/tr>\n<tr>\n<td width=\"284\">MOQ<\/td>\n<td width=\"284\">3 PC<\/td>\n<\/tr>\n<tr>\n<td colspan=\"2\" width=\"568\">Oferecemos suporte a designs, tamanhos e cores personalizados. Se voc\u00ea tiver o seu design, podemos produzi-lo de acordo.<\/td>\n<\/tr>\n<\/tbody>\n<\/table>\n<p>A TOPRISE oferece suporte a v\u00e1rios estilos de personaliza\u00e7\u00e3o de plantadores de fibra de vidro; clique para <a href=\"https:\/\/toprisesafety.com\/pt\/categoria-produto\/frp-products\/fiberglass-planter\/\">veja mais estilos de plantadores de fibra de vidro.<\/a><\/p>\n<p>Se voc\u00ea n\u00e3o encontrar as jardineiras de fibra de vidro necess\u00e1rias, <a href=\"https:\/\/toprisesafety.com\/pt\/contact-us\/\">Entre em contato conosco;<\/a> Oferecemos suporte \u00e0 personaliza\u00e7\u00e3o especial com baixo MOQ.<\/p>","protected":false},"excerpt":{"rendered":"<p>&nbsp;<\/p>\n<p>ART NO. FP08<\/p>\n<p>MATERIAL: Fibra de vidro<\/p>\n<p>Tamanho: veja a foto do tamanho abaixo ou personalizado<\/p>\n<p>Cor: branco, preto ou personalizado<\/p>\n<p>MOQ: 3 PCS<\/p>","protected":false},"featured_media":12696,"template":"","meta":{"_acf_changed":false},"product_brand":[],"product_cat":[398,399],"product_tag":[],"class_list":{"0":"post-12695","1":"product","2":"type-product","3":"status-publish","4":"has-post-thumbnail","6":"product_cat-frp-products","7":"product_cat-fiberglass-planter","9":"first","10":"instock","11":"shipping-taxable","12":"product-type-simple"},"acf":[],"_links":{"self":[{"href":"https:\/\/toprisesafety.com\/pt\/wp-json\/wp\/v2\/product\/12695"}],"collection":[{"href":"https:\/\/toprisesafety.com\/pt\/wp-json\/wp\/v2\/product"}],"about":[{"href":"https:\/\/toprisesafety.com\/pt\/wp-json\/wp\/v2\/types\/product"}],"wp:featuredmedia":[{"embeddable":true,"href":"https:\/\/toprisesafety.com\/pt\/wp-json\/wp\/v2\/media\/12696"}],"wp:attachment":[{"href":"https:\/\/toprisesafety.com\/pt\/wp-json\/wp\/v2\/media?parent=12695"}],"wp:term":[{"taxonomy":"product_brand","embeddable":true,"href":"https:\/\/toprisesafety.com\/pt\/wp-json\/wp\/v2\/product_brand?post=12695"},{"taxonomy":"product_cat","embeddable":true,"href":"https:\/\/toprisesafety.com\/pt\/wp-json\/wp\/v2\/product_cat?post=12695"},{"taxonomy":"product_tag","embeddable":true,"href":"https:\/\/toprisesafety.com\/pt\/wp-json\/wp\/v2\/product_tag?post=12695"}],"curies":[{"name":"wp","href":"https:\/\/api.w.org\/{rel}","templated":true}]}}