{"id":12687,"date":"2025-05-21T06:24:20","date_gmt":"2025-05-21T06:24:20","guid":{"rendered":"https:\/\/toprisesafety.com\/?post_type=product&#038;p=12687"},"modified":"2025-05-21T08:01:49","modified_gmt":"2025-05-21T08:01:49","slug":"black-square-planter-box","status":"publish","type":"product","link":"https:\/\/toprisesafety.com\/pt\/produto\/black-square-planter-box\/","title":{"rendered":"Caixa de plantio quadrada preta"},"content":{"rendered":"<h1>Caixa de plantio quadrada preta<\/h1>\n<ul>\n<li>Alta durabilidade: O material \u00e9 s\u00f3lido, resistente a impactos e n\u00e3o \u00e9 f\u00e1cil de quebrar.<\/li>\n<li>\u00c0 prova d'\u00e1gua e anticorros\u00e3o: Adequado para ambientes internos e externos, resistente \u00e0 \u00e1gua e \u00e0 umidade.<\/li>\n<li>Leve e f\u00e1cil de transportar: Leve, \u00e9 f\u00e1cil de mover e reorganizar.<\/li>\n<li>Apar\u00eancia moderna: Design e cor exclusivos, adapt\u00e1veis a v\u00e1rios estilos de decora\u00e7\u00e3o moderna.<\/li>\n<li>F\u00e1cil de limpar: superf\u00edcie lisa, f\u00e1cil de limpar e n\u00e3o propensa ao ac\u00famulo de poeira.<\/li>\n<\/ul>\n<p>Personaliza\u00e7\u00e3o de pequenos lotes: Oferece suporte \u00e0 customiza\u00e7\u00e3o personalizada com uma quantidade m\u00ednima de pedidos para atender a diferentes necessidades.<\/p>\n<table>\n<tbody>\n<tr>\n<td width=\"284\">ART NO.<\/td>\n<td width=\"284\">FP06<\/td>\n<\/tr>\n<tr>\n<td width=\"284\">MATERIAL<\/td>\n<td width=\"284\">Fibra de vidro<\/td>\n<\/tr>\n<tr>\n<td width=\"284\">TAMANHO<\/td>\n<td width=\"284\">veja a foto do tamanho abaixo ou personalizada<\/td>\n<\/tr>\n<tr>\n<td width=\"284\">MOQ<\/td>\n<td width=\"284\">3 PC<\/td>\n<\/tr>\n<tr>\n<td colspan=\"2\" width=\"568\">Oferecemos suporte a designs, tamanhos e cores personalizados. Se voc\u00ea tiver o seu design, podemos produzi-lo de acordo.<\/td>\n<\/tr>\n<\/tbody>\n<\/table>\n<p>A TOPRISE oferece suporte a v\u00e1rios estilos de personaliza\u00e7\u00e3o de plantadores de fibra de vidro; clique para <a href=\"https:\/\/toprisesafety.com\/pt\/categoria-produto\/frp-products\/fiberglass-planter\/\">veja mais estilos de plantadores de fibra de vidro.<\/a><\/p>\n<p>Se voc\u00ea n\u00e3o encontrar as jardineiras de fibra de vidro necess\u00e1rias, <a href=\"https:\/\/toprisesafety.com\/pt\/contact-us\/\">Entre em contato conosco;<\/a> Oferecemos suporte \u00e0 personaliza\u00e7\u00e3o especial com baixo MOQ.<\/p>","protected":false},"excerpt":{"rendered":"<p>ART NO. FP06<\/p>\n<p>MATERIAL: Fibra de vidro<\/p>\n<p>Tamanho: veja a foto do tamanho abaixo ou personalizado<\/p>\n<p>Cor: branco, preto ou personalizado<\/p>\n<p>MOQ: 3 PCS<\/p>","protected":false},"featured_media":12688,"template":"","meta":{"_acf_changed":false},"product_brand":[],"product_cat":[398,399],"product_tag":[],"class_list":{"0":"post-12687","1":"product","2":"type-product","3":"status-publish","4":"has-post-thumbnail","6":"product_cat-frp-products","7":"product_cat-fiberglass-planter","9":"first","10":"instock","11":"shipping-taxable","12":"product-type-simple"},"acf":[],"_links":{"self":[{"href":"https:\/\/toprisesafety.com\/pt\/wp-json\/wp\/v2\/product\/12687"}],"collection":[{"href":"https:\/\/toprisesafety.com\/pt\/wp-json\/wp\/v2\/product"}],"about":[{"href":"https:\/\/toprisesafety.com\/pt\/wp-json\/wp\/v2\/types\/product"}],"wp:featuredmedia":[{"embeddable":true,"href":"https:\/\/toprisesafety.com\/pt\/wp-json\/wp\/v2\/media\/12688"}],"wp:attachment":[{"href":"https:\/\/toprisesafety.com\/pt\/wp-json\/wp\/v2\/media?parent=12687"}],"wp:term":[{"taxonomy":"product_brand","embeddable":true,"href":"https:\/\/toprisesafety.com\/pt\/wp-json\/wp\/v2\/product_brand?post=12687"},{"taxonomy":"product_cat","embeddable":true,"href":"https:\/\/toprisesafety.com\/pt\/wp-json\/wp\/v2\/product_cat?post=12687"},{"taxonomy":"product_tag","embeddable":true,"href":"https:\/\/toprisesafety.com\/pt\/wp-json\/wp\/v2\/product_tag?post=12687"}],"curies":[{"name":"wp","href":"https:\/\/api.w.org\/{rel}","templated":true}]}}