{"id":12665,"date":"2025-05-21T05:52:50","date_gmt":"2025-05-21T05:52:50","guid":{"rendered":"https:\/\/toprisesafety.com\/?post_type=product&#038;p=12665"},"modified":"2025-05-21T08:02:29","modified_gmt":"2025-05-21T08:02:29","slug":"fiberglass-plant-pots","status":"publish","type":"product","link":"https:\/\/toprisesafety.com\/pt\/produto\/fiberglass-plant-pots\/","title":{"rendered":"Vasos de fibra de vidro para plantas"},"content":{"rendered":"<h1>Vasos de fibra de vidro para plantas<\/h1>\n<ul>\n<li>Leve e f\u00e1cil de transportar: Os vasos de flores de PRFV s\u00e3o leves, o que os torna f\u00e1ceis de mover e ajustar.<\/li>\n<li>Forte resist\u00eancia \u00e0 corros\u00e3o: Esses potes s\u00e3o resistentes \u00e0 \u00e1gua e \u00e0 umidade, o que os torna adequados para uso externo.<\/li>\n<li>Alta resist\u00eancia: N\u00e3o \u00e9 f\u00e1cil de quebrar, tem forte resist\u00eancia a impactos e longa vida \u00fatil.<\/li>\n<li>Diversas formas: pode ser projetado em diferentes formas e cores, de acordo com os requisitos, para se adaptar a v\u00e1rios ambientes.<\/li>\n<li>F\u00e1cil de limpar: Superf\u00edcie lisa, simples de limpar e manter.<\/li>\n<li>Ecologicamente correto: Feito de materiais ecologicamente corretos, \u00e9 inofensivo ao meio ambiente.<\/li>\n<li>Forte capacidade de personaliza\u00e7\u00e3o: A customiza\u00e7\u00e3o personalizada pode ser realizada de acordo com as necessidades do cliente, e a quantidade m\u00ednima de pedido \u00e9 relativamente baixa.<\/li>\n<\/ul>\n<table>\n<tbody>\n<tr>\n<td width=\"284\">ART NO.<\/td>\n<td width=\"284\">FP02<\/td>\n<\/tr>\n<tr>\n<td width=\"284\">MATERIAL<\/td>\n<td width=\"284\">Fibra de vidro<\/td>\n<\/tr>\n<tr>\n<td width=\"284\">TAMANHO<\/td>\n<td width=\"284\">50\u00d750\u00d748 cm, 50\u00d750\u00d768 cm, 50\u00d750\u00d7100 cm ou personalizado<\/td>\n<\/tr>\n<tr>\n<td width=\"284\">MOQ<\/td>\n<td width=\"284\">3 PC<\/td>\n<\/tr>\n<tr>\n<td colspan=\"2\" width=\"568\">Oferecemos suporte a designs, tamanhos e cores personalizados. Se voc\u00ea tiver o seu design, podemos produzi-lo de acordo.<\/td>\n<\/tr>\n<\/tbody>\n<\/table>\n<p>A TOPRISE oferece suporte a v\u00e1rios estilos de personaliza\u00e7\u00e3o de plantadores de fibra de vidro; clique para <a href=\"https:\/\/toprisesafety.com\/pt\/categoria-produto\/frp-products\/fiberglass-planter\/\">veja mais estilos de plantadores de fibra de vidro.<\/a><\/p>\n<p>Se voc\u00ea n\u00e3o encontrar as jardineiras de fibra de vidro necess\u00e1rias, <a href=\"https:\/\/toprisesafety.com\/pt\/contact-us\/\">Entre em contato conosco;<\/a> Oferecemos suporte \u00e0 personaliza\u00e7\u00e3o especial com baixo MOQ.<\/p>","protected":false},"excerpt":{"rendered":"<p>ART NO. FP02<\/p>\n<p>MATERIAL: Fibra de vidro<\/p>\n<p>Tamanho: 50\u00d750\u00d748 cm, 50\u00d750\u00d768 cm, 50\u00d750\u00d7100 cm ou personalizado<\/p>\n<p>Cor: branco, preto ou personalizado<\/p>\n<p>MOQ: 3 PCS<\/p>","protected":false},"featured_media":12666,"template":"","meta":{"_acf_changed":false},"product_brand":[],"product_cat":[398,399],"product_tag":[],"class_list":{"0":"post-12665","1":"product","2":"type-product","3":"status-publish","4":"has-post-thumbnail","6":"product_cat-frp-products","7":"product_cat-fiberglass-planter","9":"first","10":"instock","11":"shipping-taxable","12":"product-type-simple"},"acf":[],"_links":{"self":[{"href":"https:\/\/toprisesafety.com\/pt\/wp-json\/wp\/v2\/product\/12665"}],"collection":[{"href":"https:\/\/toprisesafety.com\/pt\/wp-json\/wp\/v2\/product"}],"about":[{"href":"https:\/\/toprisesafety.com\/pt\/wp-json\/wp\/v2\/types\/product"}],"wp:featuredmedia":[{"embeddable":true,"href":"https:\/\/toprisesafety.com\/pt\/wp-json\/wp\/v2\/media\/12666"}],"wp:attachment":[{"href":"https:\/\/toprisesafety.com\/pt\/wp-json\/wp\/v2\/media?parent=12665"}],"wp:term":[{"taxonomy":"product_brand","embeddable":true,"href":"https:\/\/toprisesafety.com\/pt\/wp-json\/wp\/v2\/product_brand?post=12665"},{"taxonomy":"product_cat","embeddable":true,"href":"https:\/\/toprisesafety.com\/pt\/wp-json\/wp\/v2\/product_cat?post=12665"},{"taxonomy":"product_tag","embeddable":true,"href":"https:\/\/toprisesafety.com\/pt\/wp-json\/wp\/v2\/product_tag?post=12665"}],"curies":[{"name":"wp","href":"https:\/\/api.w.org\/{rel}","templated":true}]}}