{"id":12625,"date":"2025-05-20T05:38:43","date_gmt":"2025-05-20T05:38:43","guid":{"rendered":"https:\/\/toprisesafety.com\/?post_type=product&#038;p=12625"},"modified":"2025-05-21T07:03:55","modified_gmt":"2025-05-21T07:03:55","slug":"special-shaped-bonos-bench","status":"publish","type":"product","link":"https:\/\/toprisesafety.com\/pt\/produto\/special-shaped-bonos-bench\/","title":{"rendered":"Banco Bonos com formato especial"},"content":{"rendered":"<h1>Banco Bonos com formato especial<\/h1>\n<ul>\n<li>Design criativo: Forma \u00f3ssea exclusiva, cheia de divers\u00e3o e modernidade, que chama a aten\u00e7\u00e3o.<\/li>\n<li>Servi\u00e7o de personaliza\u00e7\u00e3o: Oferece suporte \u00e0 customiza\u00e7\u00e3o personalizada em estilo, cor e tamanho para atender a diferentes necessidades.<\/li>\n<li>Grande durabilidade: O material pl\u00e1stico refor\u00e7ado com fibra de vidro \u00e9 robusto e resistente \u00e0 corros\u00e3o, adequado para uso em v\u00e1rios ambientes.<\/li>\n<li>Leve e f\u00e1cil de mover: Em compara\u00e7\u00e3o com os materiais tradicionais, os bancos de PRFV s\u00e3o leves e f\u00e1ceis de movimentar.<\/li>\n<li>Experi\u00eancia de conforto: O design est\u00e1 em conformidade com a ergonomia, proporcionando uma experi\u00eancia confort\u00e1vel ao sentar.<\/li>\n<\/ul>\n<table>\n<tbody>\n<tr>\n<td width=\"284\">ART NO.<\/td>\n<td width=\"284\">FB19<\/td>\n<\/tr>\n<tr>\n<td width=\"284\">MATERIAL<\/td>\n<td width=\"284\">Fibra de vidro<\/td>\n<\/tr>\n<tr>\n<td width=\"284\">TAMANHO<\/td>\n<td width=\"284\">1800\u00d7600\u00d7400 mm ou personalizado<\/td>\n<\/tr>\n<tr>\n<td width=\"284\">MOQ<\/td>\n<td width=\"284\">1 PC<\/td>\n<\/tr>\n<tr>\n<td colspan=\"2\" width=\"568\">Oferecemos suporte a designs, tamanhos e cores personalizados. Se voc\u00ea tiver o seu design, podemos produzi-lo de acordo.<\/td>\n<\/tr>\n<\/tbody>\n<\/table>\n<p><img fetchpriority=\"high\" decoding=\"async\" class=\"alignnone wp-image-12627\" src=\"https:\/\/toprisesafety.com\/wp-content\/uploads\/2025\/05\/special-shaped-bench-300x300.jpg\" alt=\"\" width=\"586\" height=\"586\" srcset=\"https:\/\/toprisesafety.com\/wp-content\/uploads\/2025\/05\/special-shaped-bench-300x300.jpg 300w, https:\/\/toprisesafety.com\/wp-content\/uploads\/2025\/05\/special-shaped-bench-1024x1024.jpg 1024w, https:\/\/toprisesafety.com\/wp-content\/uploads\/2025\/05\/special-shaped-bench-150x150.jpg 150w, https:\/\/toprisesafety.com\/wp-content\/uploads\/2025\/05\/special-shaped-bench-768x768.jpg 768w, https:\/\/toprisesafety.com\/wp-content\/uploads\/2025\/05\/special-shaped-bench-1536x1536.jpg 1536w, https:\/\/toprisesafety.com\/wp-content\/uploads\/2025\/05\/special-shaped-bench-2048x2048.jpg 2048w, https:\/\/toprisesafety.com\/wp-content\/uploads\/2025\/05\/special-shaped-bench-600x600.jpg 600w, https:\/\/toprisesafety.com\/wp-content\/uploads\/2025\/05\/special-shaped-bench-100x100.jpg 100w\" sizes=\"(max-width: 586px) 100vw, 586px\" \/><\/p>\n<div style=\"width: 720px;\" class=\"wp-video\"><video class=\"wp-video-shortcode\" id=\"video-12625-1\" width=\"720\" height=\"960\" preload=\"metadata\" controls=\"controls\"><source type=\"video\/mp4\" src=\"https:\/\/toprisesafety.com\/wp-content\/uploads\/2025\/05\/Special-Shaped-Bonos-Bench.mp4?_=1\" \/><a href=\"https:\/\/toprisesafety.com\/wp-content\/uploads\/2025\/05\/Special-Shaped-Bonos-Bench.mp4\">https:\/\/toprisesafety.com\/wp-content\/uploads\/2025\/05\/Special-Shaped-Bonos-Bench.mp4<\/a><\/video><\/div>\n<p>A TOPRISE oferece suporte a v\u00e1rios estilos de personaliza\u00e7\u00e3o de bancos e cadeiras de fibra de vidro; clique para <a href=\"https:\/\/toprisesafety.com\/pt\/categoria-produto\/outdoor-goods\/fiberglass-bench\/\">veja mais estilos de bancos e cadeiras de fibra de vidro.<\/a><\/p>\n<p>Se voc\u00ea n\u00e3o encontrar os bancos e cadeiras de fibra de vidro que deseja, <a href=\"https:\/\/toprisesafety.com\/pt\/contact-us\/\">Entre em contato conosco; <\/a>Oferecemos suporte \u00e0 personaliza\u00e7\u00e3o especial com baixo MOQ.<\/p>","protected":false},"excerpt":{"rendered":"<p>ART NO. FB19<\/p>\n<p>MATERIAL: Fibra de vidro<\/p>\n<p>Tamanho: 1800\u00d7600\u00d7400 mm ou personalizado<\/p>\n<p>Cor: personalizada<\/p>\n<p>MOQ: 1 PC<\/p>","protected":false},"featured_media":12626,"template":"","meta":{"_acf_changed":false},"product_brand":[],"product_cat":[397,398],"product_tag":[],"class_list":{"0":"post-12625","1":"product","2":"type-product","3":"status-publish","4":"has-post-thumbnail","6":"product_cat-fiberglass-bench","7":"product_cat-frp-products","9":"first","10":"instock","11":"shipping-taxable","12":"product-type-simple"},"acf":[],"_links":{"self":[{"href":"https:\/\/toprisesafety.com\/pt\/wp-json\/wp\/v2\/product\/12625","targetHints":{"allow":["GET"]}}],"collection":[{"href":"https:\/\/toprisesafety.com\/pt\/wp-json\/wp\/v2\/product"}],"about":[{"href":"https:\/\/toprisesafety.com\/pt\/wp-json\/wp\/v2\/types\/product"}],"wp:featuredmedia":[{"embeddable":true,"href":"https:\/\/toprisesafety.com\/pt\/wp-json\/wp\/v2\/media\/12626"}],"wp:attachment":[{"href":"https:\/\/toprisesafety.com\/pt\/wp-json\/wp\/v2\/media?parent=12625"}],"wp:term":[{"taxonomy":"product_brand","embeddable":true,"href":"https:\/\/toprisesafety.com\/pt\/wp-json\/wp\/v2\/product_brand?post=12625"},{"taxonomy":"product_cat","embeddable":true,"href":"https:\/\/toprisesafety.com\/pt\/wp-json\/wp\/v2\/product_cat?post=12625"},{"taxonomy":"product_tag","embeddable":true,"href":"https:\/\/toprisesafety.com\/pt\/wp-json\/wp\/v2\/product_tag?post=12625"}],"curies":[{"name":"wp","href":"https:\/\/api.w.org\/{rel}","templated":true}]}}