{"id":12619,"date":"2025-05-20T04:49:16","date_gmt":"2025-05-20T04:49:16","guid":{"rendered":"https:\/\/toprisesafety.com\/?post_type=product&#038;p=12619"},"modified":"2025-05-21T07:04:29","modified_gmt":"2025-05-21T07:04:29","slug":"fiberglass-bench-stool-with-flower-pot","status":"publish","type":"product","link":"https:\/\/toprisesafety.com\/pt\/produto\/fiberglass-bench-stool-with-flower-pot\/","title":{"rendered":"Banqueta de fibra de vidro com vaso de flores"},"content":{"rendered":"<h1>Banqueta de fibra de vidro com vaso de flores<\/h1>\n<ul>\n<li>Design criativo: Combinando vasos de flores e bancos, apresenta praticidade e est\u00e9tica.<\/li>\n<li>Servi\u00e7os personalizados: Suporte \u00e0 customiza\u00e7\u00e3o personalizada em estilo, tamanho, cor etc., para atender a diferentes necessidades.<\/li>\n<li>Grande durabilidade: O material FRP tem excelente resist\u00eancia \u00e0 corros\u00e3o e \u00e9 adequado para uso externo.<\/li>\n<li>Materiais ecologicamente corretos: Utiliza\u00e7\u00e3o de materiais pl\u00e1sticos refor\u00e7ados com fibra de vidro ecologicamente corretos, de acordo com o conceito de desenvolvimento sustent\u00e1vel.<\/li>\n<li>Experi\u00eancia de conforto: O design do banco est\u00e1 em conformidade com a ergonomia, proporcionando uma experi\u00eancia de assento confort\u00e1vel.<\/li>\n<\/ul>\n<table>\n<tbody>\n<tr>\n<td width=\"284\">ART NO.<\/td>\n<td width=\"284\">FB16<\/td>\n<\/tr>\n<tr>\n<td width=\"284\">MATERIAL<\/td>\n<td width=\"284\">Fibra de vidro<\/td>\n<\/tr>\n<tr>\n<td width=\"284\">TAMANHO<\/td>\n<td width=\"284\">Personalizado<\/td>\n<\/tr>\n<tr>\n<td width=\"284\">MOQ<\/td>\n<td width=\"284\">1 PC<\/td>\n<\/tr>\n<tr>\n<td colspan=\"2\" width=\"568\">Oferecemos suporte a designs, tamanhos e cores personalizados. Se voc\u00ea tiver o seu design, podemos produzi-lo de acordo.<\/td>\n<\/tr>\n<\/tbody>\n<\/table>\n<p>A TOPRISE oferece suporte a v\u00e1rios estilos de personaliza\u00e7\u00e3o de bancos e cadeiras de fibra de vidro; clique para <a href=\"https:\/\/toprisesafety.com\/pt\/categoria-produto\/outdoor-goods\/fiberglass-bench\/\">veja mais estilos de bancos e cadeiras de fibra de vidro.<\/a><\/p>\n<p>Se voc\u00ea n\u00e3o encontrar os bancos e cadeiras de fibra de vidro que deseja, <a href=\"https:\/\/toprisesafety.com\/pt\/contact-us\/\">Entre em contato conosco; <\/a>Oferecemos suporte \u00e0 personaliza\u00e7\u00e3o especial com baixo MOQ.<\/p>","protected":false},"excerpt":{"rendered":"<p>ART NO. FB16<\/p>\n<p>MATERIAL: Fibra de vidro<\/p>\n<p>Tamanho: Personalizado<\/p>\n<p>Cor: personalizada<\/p>\n<p>MOQ: 1 PC<\/p>","protected":false},"featured_media":12620,"template":"","meta":{"_acf_changed":false},"product_brand":[],"product_cat":[397,398],"product_tag":[],"class_list":{"0":"post-12619","1":"product","2":"type-product","3":"status-publish","4":"has-post-thumbnail","6":"product_cat-fiberglass-bench","7":"product_cat-frp-products","9":"first","10":"instock","11":"shipping-taxable","12":"product-type-simple"},"acf":[],"_links":{"self":[{"href":"https:\/\/toprisesafety.com\/pt\/wp-json\/wp\/v2\/product\/12619"}],"collection":[{"href":"https:\/\/toprisesafety.com\/pt\/wp-json\/wp\/v2\/product"}],"about":[{"href":"https:\/\/toprisesafety.com\/pt\/wp-json\/wp\/v2\/types\/product"}],"wp:featuredmedia":[{"embeddable":true,"href":"https:\/\/toprisesafety.com\/pt\/wp-json\/wp\/v2\/media\/12620"}],"wp:attachment":[{"href":"https:\/\/toprisesafety.com\/pt\/wp-json\/wp\/v2\/media?parent=12619"}],"wp:term":[{"taxonomy":"product_brand","embeddable":true,"href":"https:\/\/toprisesafety.com\/pt\/wp-json\/wp\/v2\/product_brand?post=12619"},{"taxonomy":"product_cat","embeddable":true,"href":"https:\/\/toprisesafety.com\/pt\/wp-json\/wp\/v2\/product_cat?post=12619"},{"taxonomy":"product_tag","embeddable":true,"href":"https:\/\/toprisesafety.com\/pt\/wp-json\/wp\/v2\/product_tag?post=12619"}],"curies":[{"name":"wp","href":"https:\/\/api.w.org\/{rel}","templated":true}]}}