{"id":12612,"date":"2025-05-20T04:35:49","date_gmt":"2025-05-20T04:35:49","guid":{"rendered":"https:\/\/toprisesafety.com\/?post_type=product&#038;p=12612"},"modified":"2025-05-21T07:04:43","modified_gmt":"2025-05-21T07:04:43","slug":"horn-antlers-sex-chair","status":"publish","type":"product","link":"https:\/\/toprisesafety.com\/pt\/produto\/horn-antlers-sex-chair\/","title":{"rendered":"Cadeira sexual Horn Antlers"},"content":{"rendered":"<h1>Cadeira sexual Horn Antlers<\/h1>\n<ul>\n<li>Design criativo e exclusivo: O inovador formato de chifre rompe o design tradicional da cadeira e d\u00e1 um toque moderno.<\/li>\n<li>Durabilidade: O material FRP \u00e9 forte e resistente \u00e0 corros\u00e3o, adequado para v\u00e1rios ambientes internos e externos.<\/li>\n<li>Leve e f\u00e1cil de transportar: Mais leve do que os materiais tradicionais, \u00e9 f\u00e1cil de mover e organizar.<\/li>\n<li>Conforto: Ergonomicamente projetado para proporcionar uma \u00f3tima experi\u00eancia ao sentar.<\/li>\n<li>Materiais ecologicamente corretos: O material FRP atende aos requisitos de prote\u00e7\u00e3o ambiental e reduz o impacto sobre o meio ambiente.<\/li>\n<\/ul>\n<table>\n<tbody>\n<tr>\n<td width=\"284\">ART NO.<\/td>\n<td width=\"284\">FB15<\/td>\n<\/tr>\n<tr>\n<td width=\"284\">MATERIAL<\/td>\n<td width=\"284\">Fibra de vidro<\/td>\n<\/tr>\n<tr>\n<td width=\"284\">TAMANHO<\/td>\n<td width=\"284\">103 CM * 84 CM<\/td>\n<\/tr>\n<tr>\n<td width=\"284\">MOQ<\/td>\n<td width=\"284\">1 PC<\/td>\n<\/tr>\n<tr>\n<td colspan=\"2\" width=\"568\">Oferecemos suporte a designs, tamanhos e cores personalizados. Se voc\u00ea tiver o seu design, podemos produzi-lo de acordo.<\/td>\n<\/tr>\n<\/tbody>\n<\/table>\n<p><img fetchpriority=\"high\" decoding=\"async\" class=\"alignnone size-medium wp-image-12616\" src=\"https:\/\/toprisesafety.com\/wp-content\/uploads\/2025\/05\/Horn-Antlers-Sex-Chair-1-300x300.jpg\" alt=\"\" width=\"300\" height=\"300\" srcset=\"https:\/\/toprisesafety.com\/wp-content\/uploads\/2025\/05\/Horn-Antlers-Sex-Chair-1-300x300.jpg 300w, https:\/\/toprisesafety.com\/wp-content\/uploads\/2025\/05\/Horn-Antlers-Sex-Chair-1-1024x1024.jpg 1024w, https:\/\/toprisesafety.com\/wp-content\/uploads\/2025\/05\/Horn-Antlers-Sex-Chair-1-150x150.jpg 150w, https:\/\/toprisesafety.com\/wp-content\/uploads\/2025\/05\/Horn-Antlers-Sex-Chair-1-768x768.jpg 768w, https:\/\/toprisesafety.com\/wp-content\/uploads\/2025\/05\/Horn-Antlers-Sex-Chair-1-1536x1536.jpg 1536w, https:\/\/toprisesafety.com\/wp-content\/uploads\/2025\/05\/Horn-Antlers-Sex-Chair-1-2048x2048.jpg 2048w, https:\/\/toprisesafety.com\/wp-content\/uploads\/2025\/05\/Horn-Antlers-Sex-Chair-1-600x600.jpg 600w, https:\/\/toprisesafety.com\/wp-content\/uploads\/2025\/05\/Horn-Antlers-Sex-Chair-1-100x100.jpg 100w\" sizes=\"(max-width: 300px) 100vw, 300px\" \/> <img decoding=\"async\" class=\"alignnone size-medium wp-image-12617\" src=\"https:\/\/toprisesafety.com\/wp-content\/uploads\/2025\/05\/Horn-Antlers-Sex-Chair-4-300x300.png\" alt=\"\" width=\"300\" height=\"300\" srcset=\"https:\/\/toprisesafety.com\/wp-content\/uploads\/2025\/05\/Horn-Antlers-Sex-Chair-4-300x300.png 300w, https:\/\/toprisesafety.com\/wp-content\/uploads\/2025\/05\/Horn-Antlers-Sex-Chair-4-150x150.png 150w, https:\/\/toprisesafety.com\/wp-content\/uploads\/2025\/05\/Horn-Antlers-Sex-Chair-4-600x598.png 600w, https:\/\/toprisesafety.com\/wp-content\/uploads\/2025\/05\/Horn-Antlers-Sex-Chair-4-100x100.png 100w, https:\/\/toprisesafety.com\/wp-content\/uploads\/2025\/05\/Horn-Antlers-Sex-Chair-4.png 761w\" sizes=\"(max-width: 300px) 100vw, 300px\" \/><\/p>\n<p>A TOPRISE oferece suporte a v\u00e1rios estilos de personaliza\u00e7\u00e3o de bancos e cadeiras de fibra de vidro; clique para <a href=\"https:\/\/toprisesafety.com\/pt\/categoria-produto\/outdoor-goods\/fiberglass-bench\/\">veja mais estilos de bancos e cadeiras de fibra de vidro.<\/a><\/p>\n<p>Se voc\u00ea n\u00e3o encontrar os bancos e cadeiras de fibra de vidro que deseja, <a href=\"https:\/\/toprisesafety.com\/pt\/contact-us\/\">Entre em contato conosco; <\/a>Oferecemos suporte \u00e0 personaliza\u00e7\u00e3o especial com baixo MOQ.<\/p>","protected":false},"excerpt":{"rendered":"<p>ART NO. FB15<\/p>\n<p>MATERIAL: Fibra de vidro<\/p>\n<p>Size: 103 CM * 84 CM<\/p>\n<p>Cor: personalizada<\/p>\n<p>MOQ: 1 PC<\/p>","protected":false},"featured_media":12613,"template":"","meta":{"_acf_changed":false},"product_brand":[],"product_cat":[397,398],"product_tag":[],"class_list":{"0":"post-12612","1":"product","2":"type-product","3":"status-publish","4":"has-post-thumbnail","6":"product_cat-fiberglass-bench","7":"product_cat-frp-products","9":"first","10":"instock","11":"shipping-taxable","12":"product-type-simple"},"acf":[],"_links":{"self":[{"href":"https:\/\/toprisesafety.com\/pt\/wp-json\/wp\/v2\/product\/12612","targetHints":{"allow":["GET"]}}],"collection":[{"href":"https:\/\/toprisesafety.com\/pt\/wp-json\/wp\/v2\/product"}],"about":[{"href":"https:\/\/toprisesafety.com\/pt\/wp-json\/wp\/v2\/types\/product"}],"wp:featuredmedia":[{"embeddable":true,"href":"https:\/\/toprisesafety.com\/pt\/wp-json\/wp\/v2\/media\/12613"}],"wp:attachment":[{"href":"https:\/\/toprisesafety.com\/pt\/wp-json\/wp\/v2\/media?parent=12612"}],"wp:term":[{"taxonomy":"product_brand","embeddable":true,"href":"https:\/\/toprisesafety.com\/pt\/wp-json\/wp\/v2\/product_brand?post=12612"},{"taxonomy":"product_cat","embeddable":true,"href":"https:\/\/toprisesafety.com\/pt\/wp-json\/wp\/v2\/product_cat?post=12612"},{"taxonomy":"product_tag","embeddable":true,"href":"https:\/\/toprisesafety.com\/pt\/wp-json\/wp\/v2\/product_tag?post=12612"}],"curies":[{"name":"wp","href":"https:\/\/api.w.org\/{rel}","templated":true}]}}