{"id":12606,"date":"2025-05-20T04:09:03","date_gmt":"2025-05-20T04:09:03","guid":{"rendered":"https:\/\/toprisesafety.com\/?post_type=product&#038;p=12606"},"modified":"2025-05-21T07:04:56","modified_gmt":"2025-05-21T07:04:56","slug":"twist-fiberglass-long-benches","status":"publish","type":"product","link":"https:\/\/toprisesafety.com\/pt\/produto\/twist-fiberglass-long-benches\/","title":{"rendered":"Bancos longos de fibra de vidro Twist"},"content":{"rendered":"<h1>Bancos longos de fibra de vidro Twist<\/h1>\n<ul>\n<li>Design moderno e exclusivo: formato curvil\u00edneo moderno, adequado para espa\u00e7os modernos.<\/li>\n<li>Servi\u00e7os personalizados: Suporte \u00e0 personaliza\u00e7\u00e3o de estilos, tamanhos e cores de acordo com as necessidades do cliente.<\/li>\n<li>Alta durabilidade: O material FRP tem excelente resist\u00eancia \u00e0 corros\u00e3o e \u00e9 adequado para uma variedade de ambientes.<\/li>\n<li>Leve e f\u00e1cil de mover: Em compara\u00e7\u00e3o com os materiais tradicionais, o banco \u00e9 leve e f\u00e1cil de mover.<\/li>\n<li>Conforto: O design est\u00e1 em conformidade com a ergonomia, proporcionando uma experi\u00eancia confort\u00e1vel ao usu\u00e1rio.<\/li>\n<\/ul>\n<table>\n<tbody>\n<tr>\n<td width=\"284\">ART NO.<\/td>\n<td width=\"284\">FB14<\/td>\n<\/tr>\n<tr>\n<td width=\"284\">MATERIAL<\/td>\n<td width=\"284\">Fibra de vidro<\/td>\n<\/tr>\n<tr>\n<td width=\"284\">TAMANHO<\/td>\n<td width=\"284\">Personalizado<\/td>\n<\/tr>\n<tr>\n<td width=\"284\">MOQ<\/td>\n<td width=\"284\">1 PC<\/td>\n<\/tr>\n<tr>\n<td colspan=\"2\" width=\"568\">Oferecemos suporte a designs, tamanhos e cores personalizados. Se voc\u00ea tiver o seu design, podemos produzi-lo de acordo.<\/td>\n<\/tr>\n<\/tbody>\n<\/table>\n<div style=\"width: 800px;\" class=\"wp-video\"><video class=\"wp-video-shortcode\" id=\"video-12606-1\" width=\"800\" height=\"450\" preload=\"metadata\" controls=\"controls\"><source type=\"video\/mp4\" src=\"https:\/\/toprisesafety.com\/wp-content\/uploads\/2025\/05\/Twist-Fiberglass-Long-Benches.mp4?_=1\" \/><a href=\"https:\/\/toprisesafety.com\/wp-content\/uploads\/2025\/05\/Twist-Fiberglass-Long-Benches.mp4\">https:\/\/toprisesafety.com\/wp-content\/uploads\/2025\/05\/Twist-Fiberglass-Long-Benches.mp4<\/a><\/video><\/div>\n<p>A TOPRISE oferece suporte a v\u00e1rios estilos de personaliza\u00e7\u00e3o de bancos e cadeiras de fibra de vidro; clique para <a href=\"https:\/\/toprisesafety.com\/pt\/categoria-produto\/outdoor-goods\/fiberglass-bench\/\">veja mais estilos de bancos e cadeiras de fibra de vidro.<\/a><\/p>\n<p>Se voc\u00ea n\u00e3o encontrar os bancos e cadeiras de fibra de vidro que deseja, <a href=\"https:\/\/toprisesafety.com\/pt\/contact-us\/\">Entre em contato conosco; <\/a>Oferecemos suporte \u00e0 personaliza\u00e7\u00e3o especial com baixo MOQ.<\/p>","protected":false},"excerpt":{"rendered":"<p>ART NO. FB14<\/p>\n<p>MATERIAL: Fibra de vidro<\/p>\n<p>Tamanho: Personalizado<\/p>\n<p>Cor: personalizada<\/p>\n<p>MOQ: 1 PC<\/p>","protected":false},"featured_media":12610,"template":"","meta":{"_acf_changed":false},"product_brand":[],"product_cat":[397,398],"product_tag":[],"class_list":{"0":"post-12606","1":"product","2":"type-product","3":"status-publish","4":"has-post-thumbnail","6":"product_cat-fiberglass-bench","7":"product_cat-frp-products","9":"first","10":"instock","11":"shipping-taxable","12":"product-type-simple"},"acf":[],"_links":{"self":[{"href":"https:\/\/toprisesafety.com\/pt\/wp-json\/wp\/v2\/product\/12606","targetHints":{"allow":["GET"]}}],"collection":[{"href":"https:\/\/toprisesafety.com\/pt\/wp-json\/wp\/v2\/product"}],"about":[{"href":"https:\/\/toprisesafety.com\/pt\/wp-json\/wp\/v2\/types\/product"}],"wp:featuredmedia":[{"embeddable":true,"href":"https:\/\/toprisesafety.com\/pt\/wp-json\/wp\/v2\/media\/12610"}],"wp:attachment":[{"href":"https:\/\/toprisesafety.com\/pt\/wp-json\/wp\/v2\/media?parent=12606"}],"wp:term":[{"taxonomy":"product_brand","embeddable":true,"href":"https:\/\/toprisesafety.com\/pt\/wp-json\/wp\/v2\/product_brand?post=12606"},{"taxonomy":"product_cat","embeddable":true,"href":"https:\/\/toprisesafety.com\/pt\/wp-json\/wp\/v2\/product_cat?post=12606"},{"taxonomy":"product_tag","embeddable":true,"href":"https:\/\/toprisesafety.com\/pt\/wp-json\/wp\/v2\/product_tag?post=12606"}],"curies":[{"name":"wp","href":"https:\/\/api.w.org\/{rel}","templated":true}]}}