{"id":12600,"date":"2025-05-20T03:09:28","date_gmt":"2025-05-20T03:09:28","guid":{"rendered":"https:\/\/toprisesafety.com\/?post_type=product&#038;p=12600"},"modified":"2025-05-21T07:05:16","modified_gmt":"2025-05-21T07:05:16","slug":"fiberglass-leisure-chair","status":"publish","type":"product","link":"https:\/\/toprisesafety.com\/pt\/produto\/fiberglass-leisure-chair\/","title":{"rendered":"Cadeira de lazer em fibra de vidro"},"content":{"rendered":"<h1>Cadeira de lazer em fibra de vidro<\/h1>\n<ul>\n<li>Design moderno: Forma exclusiva e apar\u00eancia moderna, adequada para decora\u00e7\u00e3o moderna de ambientes internos e externos.<\/li>\n<li>Op\u00e7\u00f5es de personaliza\u00e7\u00e3o: Os estilos, tamanhos e cores podem ser personalizados de acordo com as necessidades do cliente para atender \u00e0s exig\u00eancias de diferentes ambientes.<\/li>\n<li>Alta durabilidade: Os materiais de PRFV t\u00eam excelente resist\u00eancia \u00e0 corros\u00e3o e \u00e0s intemp\u00e9ries, o que os torna adequados para uma ampla gama de ambientes.<\/li>\n<li>Grande conforto: O design do assento est\u00e1 em conformidade com a ergonomia, proporcionando uma experi\u00eancia confort\u00e1vel ao usu\u00e1rio.<\/li>\n<li>Leve e conveniente: Leve e resistente, \u00e9 f\u00e1cil de mover e instalar.<\/li>\n<\/ul>\n<table>\n<tbody>\n<tr>\n<td width=\"284\">ART NO.<\/td>\n<td width=\"284\">FB12<\/td>\n<\/tr>\n<tr>\n<td width=\"284\">MATERIAL<\/td>\n<td width=\"284\">Fibra de vidro<\/td>\n<\/tr>\n<tr>\n<td width=\"284\">TAMANHO<\/td>\n<td width=\"284\">Personalizado<\/td>\n<\/tr>\n<tr>\n<td width=\"284\">MOQ<\/td>\n<td width=\"284\">1 PC<\/td>\n<\/tr>\n<tr>\n<td colspan=\"2\" width=\"568\">Oferecemos suporte a designs, tamanhos e cores personalizados. Se voc\u00ea tiver o seu design, podemos produzi-lo de acordo.<\/td>\n<\/tr>\n<\/tbody>\n<\/table>\n<p>A TOPRISE oferece suporte a v\u00e1rios estilos de personaliza\u00e7\u00e3o de bancos e cadeiras de fibra de vidro; clique para <a href=\"https:\/\/toprisesafety.com\/pt\/categoria-produto\/outdoor-goods\/fiberglass-bench\/\">veja mais estilos de bancos e cadeiras de fibra de vidro.<\/a><\/p>\n<p>Se voc\u00ea n\u00e3o encontrar os bancos e cadeiras de fibra de vidro que deseja, <a href=\"https:\/\/toprisesafety.com\/pt\/contact-us\/\">Entre em contato conosco; <\/a>Oferecemos suporte \u00e0 personaliza\u00e7\u00e3o especial com baixo MOQ.<\/p>","protected":false},"excerpt":{"rendered":"<p>ART NO. FB12<\/p>\n<p>MATERIAL: Fibra de vidro<\/p>\n<p>Tamanho: Personalizado<\/p>\n<p>Cor: personalizada<\/p>\n<p>MOQ: 1 PC<\/p>","protected":false},"featured_media":12601,"template":"","meta":{"_acf_changed":false},"product_brand":[],"product_cat":[397,398],"product_tag":[],"class_list":{"0":"post-12600","1":"product","2":"type-product","3":"status-publish","4":"has-post-thumbnail","6":"product_cat-fiberglass-bench","7":"product_cat-frp-products","9":"first","10":"instock","11":"shipping-taxable","12":"product-type-simple"},"acf":[],"_links":{"self":[{"href":"https:\/\/toprisesafety.com\/pt\/wp-json\/wp\/v2\/product\/12600"}],"collection":[{"href":"https:\/\/toprisesafety.com\/pt\/wp-json\/wp\/v2\/product"}],"about":[{"href":"https:\/\/toprisesafety.com\/pt\/wp-json\/wp\/v2\/types\/product"}],"wp:featuredmedia":[{"embeddable":true,"href":"https:\/\/toprisesafety.com\/pt\/wp-json\/wp\/v2\/media\/12601"}],"wp:attachment":[{"href":"https:\/\/toprisesafety.com\/pt\/wp-json\/wp\/v2\/media?parent=12600"}],"wp:term":[{"taxonomy":"product_brand","embeddable":true,"href":"https:\/\/toprisesafety.com\/pt\/wp-json\/wp\/v2\/product_brand?post=12600"},{"taxonomy":"product_cat","embeddable":true,"href":"https:\/\/toprisesafety.com\/pt\/wp-json\/wp\/v2\/product_cat?post=12600"},{"taxonomy":"product_tag","embeddable":true,"href":"https:\/\/toprisesafety.com\/pt\/wp-json\/wp\/v2\/product_tag?post=12600"}],"curies":[{"name":"wp","href":"https:\/\/api.w.org\/{rel}","templated":true}]}}